{"id":11557,"date":"2019-07-26T12:01:30","date_gmt":"2019-07-26T05:01:30","guid":{"rendered":"https:\/\/havamall.vn\/?post_type=product&#038;p=11557"},"modified":"2021-06-24T15:38:15","modified_gmt":"2021-06-24T08:38:15","slug":"tra-hoa-qua-meco-vi-buoi-dao-peach-and-pink-grapefruit-tea-400ml","status":"publish","type":"product","link":"https:\/\/havamall.vn\/en\/shop\/tra-hoa-qua-meco-vi-buoi-dao-peach-and-pink-grapefruit-tea-400ml\/","title":{"rendered":"Tr\u00e0 Hoa Qu\u1ea3 Meco V\u1ecb B\u01b0\u1edfi \u0110\u00e0o &#8211; Peach And Pink Grapefruit Tea 400ml"},"content":{"rendered":"<div>Tr\u00e0 Hoa Qu\u1ea3 Meco<strong>\u00a0<\/strong>v\u1edbi h\u1ed3ng tr\u00e0 Assam c\u1ee7a \u1ea4n \u0110\u1ed9 v\u00e0 ngu\u1ed3n tr\u00e1i c\u00e2y t\u01b0\u01a1i ngon. S\u1ea3n ph\u1ea9m s\u1eed d\u1ee5ng ph\u01b0\u01a1ng ph\u00e1p \u0111\u00f3ng g\u00f3i b\u1eb1ng thi\u1ebft b\u1ecb v\u00f4 tr\u00f9ng ti\u00ean ti\u1ebfn c\u1ee7a c\u00e1c n\u01b0\u1edbc ch\u00e2u \u00c2u nh\u01b0 \u0110\u1ee9c v\u00e0 Th\u1ee5y S\u0129, \u0111\u01b0\u1ee3c \u0111i\u1ec1u ch\u1ebf m\u1ed9t c\u00e1ch t\u1ec9 m\u1ec9, \u0111\u1ea3m b\u1ea3o \u0111\u01b0\u1ee3c \u0111\u1ed9 dung h\u00f2a ho\u00e0n h\u1ea3o gi\u1eefa h\u1ed3ng tr\u00e0 v\u00e0 s\u1eefa b\u00f2, h\u01b0\u01a1ng s\u1eefa n\u1ed3ng \u0111\u01b0\u1ee3m, m\u00f9i v\u1ecb nguy\u00ean ch\u1ea5t tinh khi\u1ebft, l\u00e0 m\u1ed9t s\u1ea3n ph\u1ea9m hi\u1ebfm hoi v\u1edbi ch\u1ea5t l\u01b0\u1ee3ng an to\u00e0n cho s\u1ee9c kh\u1ecfe cao.<\/div>\n<div><\/div>\n<div><img fetchpriority=\"high\" decoding=\"async\" class=\"size-full wp-image-11558 aligncenter\" src=\"https:\/\/havamall.vn\/wp-content\/uploads\/2019\/07\/4f7c86ddd9904a1f96c1161a715039be.jpg\" alt=\"\" width=\"774\" height=\"774\" srcset=\"https:\/\/havamall.vn\/wp-content\/uploads\/2019\/07\/4f7c86ddd9904a1f96c1161a715039be.jpg 774w, https:\/\/havamall.vn\/wp-content\/uploads\/2019\/07\/4f7c86ddd9904a1f96c1161a715039be-430x430.jpg 430w, https:\/\/havamall.vn\/wp-content\/uploads\/2019\/07\/4f7c86ddd9904a1f96c1161a715039be-150x150.jpg 150w, https:\/\/havamall.vn\/wp-content\/uploads\/2019\/07\/4f7c86ddd9904a1f96c1161a715039be-700x700.jpg 700w\" sizes=\"(max-width: 774px) 100vw, 774px\" \/><\/div>\n<div><\/div>\n<div><\/div>\n<div>V\u1edbi thi\u1ebft k\u1ebf h\u1ed9p ti\u1ec7n l\u1ee3i, n\u1eafp nh\u1ef1a PP ch\u1eafc ch\u1eafn. Nguy\u00ean li\u1ec7u l\u00e0m h\u1ed9p gi\u1ea5y \u0111\u01b0\u1ee3c s\u1ea3n xu\u1ea5t 100% t\u1eeb b\u00e3 m\u00eda, gi\u1ea5y d\u00e0y \u0111\u1ed9 c\u1ee9ng cao khi \u0111\u1ed5 n\u01b0\u1edbc n\u00f3ng v\u00e0o ho\u00e0n to\u00e0n kh\u00f4ng b\u1ecb m\u1ec1m hay bi\u1ebfn d\u1ea1ng, s\u1ea3n xu\u1ea5t theo c\u00f4ng ngh\u1ec7 th\u00e2n thi\u1ec7n v\u1edbi m\u00f4i tr\u01b0\u1eddng. S\u1ea3n ph\u1ea9m c\u00f3 th\u1ec3 mang theo trong nh\u1eefng chuy\u1ebfn du l\u1ecbch, d\u00e3 ngo\u1ea1i ngo\u00e0i tr\u1eddi \u0111\u1ec3 th\u01b0\u1edfng th\u1ee9c c\u00f9ng gia \u0111\u00ecnh, b\u1ea1n b\u00e8.<\/div>\n<div><img decoding=\"async\" class=\"size-full wp-image-11559 aligncenter\" src=\"https:\/\/havamall.vn\/wp-content\/uploads\/2019\/07\/7d439bdd7045932de59cc3feedfad849.jpg\" alt=\"\" width=\"960\" height=\"960\" srcset=\"https:\/\/havamall.vn\/wp-content\/uploads\/2019\/07\/7d439bdd7045932de59cc3feedfad849.jpg 960w, https:\/\/havamall.vn\/wp-content\/uploads\/2019\/07\/7d439bdd7045932de59cc3feedfad849-430x430.jpg 430w, https:\/\/havamall.vn\/wp-content\/uploads\/2019\/07\/7d439bdd7045932de59cc3feedfad849-150x150.jpg 150w, https:\/\/havamall.vn\/wp-content\/uploads\/2019\/07\/7d439bdd7045932de59cc3feedfad849-700x700.jpg 700w\" sizes=\"(max-width: 960px) 100vw, 960px\" \/><\/div>\n<p>Nh\u1eefng l\u1ee3i \u00edch kh\u00f4ng ng\u1edd c\u1ee7a vi\u1ec7c u\u1ed1ng h\u1ed3ng tr\u00e0:<\/p>\n<p>T\u00e1c d\u1ee5ng c\u1ee7a h\u1ed3ng tr\u00e0 ch\u00ednh l\u00e0 h\u1ed7 tr\u1ee3 tr\u1ecb b\u1ec7nh ti\u1ec3u \u0111\u01b0\u1eddng, \u0111i\u1ec1u tr\u1ecb tim m\u1ea1ch, ch\u1ed1ng ung th\u01b0, b\u1ea3o v\u1ec7 r\u0103ng mi\u1ec7ng, \u0111\u1eb7c bi\u1ec7t h\u01a1n n\u1eefa l\u00e0 l\u00e0m \u0111\u1eb9p nh\u00e9. B\u00ean c\u1ea1nh \u0111\u00f3 DOTEA gi\u1ea3i th\u00edch chi ti\u1ebft 5 th\u1eddi \u0111i\u1ec3m kh\u00f4ng n\u00ean u\u1ed1ng h\u1ed3ng tr\u00e0.<\/p>\n<p>H\u1ed7 tr\u1ee3 \u0111i\u1ec1u tr\u1ecb b\u1ec7nh ti\u1ec3u \u0111\u01b0\u1eddng:\u00a0Polysaccharide l\u00e0 m\u1ed9t lo\u1ea1i carbohydrate c\u00f3 nhi\u1ec1u trong ch\u1ea5t b\u1ed9t c\u00f3 t\u00e1c d\u1ee5ng l\u00e0m ch\u1eadm qu\u00e1 tr\u00ecnh h\u1ea5p th\u1ee5 \u0111\u01b0\u1eddng c\u1ee7a c\u01a1 th\u1ec3, \u0111\u1eb7c bi\u1ec7t l\u00e0 glucose.<\/p>\n<p>H\u1ed7 tr\u1ee3 \u0111i\u1ec1u tr\u1ecb b\u1ec7nh tim m\u1ea1ch: C\u00e1c h\u1ee3p ch\u1ea5t ch\u1ed1ng \u00f4xy h\u00f3a flavonoid trong h\u1ed3ng tr\u00e0 c\u00f3 t\u00e1c d\u1ee5ng gi\u1ea3m cholesterol x\u1ea5u, t\u0103ng cholesterol t\u1ed1t, ng\u0103n ng\u1eeba h\u00ecnh th\u00e0nh m\u00e1u \u0111\u1ed9ng, h\u1ea1n ch\u1ebf c\u00e1c b\u1ec7nh tim m\u1ea1ch nh\u01b0 m\u00e1u nhi\u1ec5m nh\u1edb, nh\u1ed3i m\u00e1u c\u01a1 tim.<\/p>\n<p>Gi\u00fap ch\u1ed1ng ung th\u01b0: \u0110\u1eb7c bi\u1ec7t, ch\u1ea5t EGCG trong h\u1ed3ng tr\u00e0 \u0111\u01b0\u1ee3c cho l\u00e0 c\u00f3 c\u00f4ng d\u1ee5ng h\u1ed7 tr\u1ee3 ph\u00f2ng ng\u1eefa ung th\u01b0. Ngo\u00e0i tr\u00e0 \u0111en, EGCG c\u00f2n c\u00f3 r\u1ea5t nhi\u1ec1u trong tr\u00e0 xanh v\u00e0 tr\u00e0 \u00d4 long<\/p>\n<p>Ch\u1ed1ng s\u00e2u r\u0103ng: Florua trong h\u1ed3ng tr\u00e0 c\u00f3 t\u00e1c d\u1ee5ng ch\u1ed1ng s\u00e2u r\u0103ng v\u00e0 l\u00e0m ch\u1eafc men r\u0103ng. Tannin trong tr\u00e0 c\u0169ng l\u00e0 ch\u1ea5t kh\u00e1ng khu\u1ea9n c\u1ef1c m\u1ea1nh. N\u00f3 c\u00f3 r\u1ea5t nhi\u1ec1u trong c\u00e1c n\u01b0\u1edbc s\u00fac mi\u1ec7ng, kh\u00f4ng ch\u1ec9 di\u1ec7t khu\u1ea9n m\u00e0 c\u00f2n l\u00e0m th\u01a1m mi\u1ec7ng. \u0110\u00f3 l\u00e0 l\u00fd do ch\u00fang ta th\u01b0\u1eddng xuy\u00ean u\u1ed1ng tr\u00e0 sau b\u1eefa \u0103n.<\/p>\n<p>L\u00e0m \u0111\u1eb9p v\u1edbi h\u1ed3ng tr\u00e0: H\u1ed3ng tr\u00e0 r\u1ea5t \u0111\u01b0\u1ee3c gi\u1edbi n\u1eef \u01b0a chu\u1ed9ng ngo\u00e0i vi\u1ec7c ti\u00eau m\u1ee1 gi\u1ea3m b\u00e9o, tr\u00e0 c\u0169ng cung c\u1ea5p r\u1ea5t nhi\u1ec1u vitamin gi\u00fap ch\u1ed1ng l\u00e3o h\u00f3a. M\u1ed9t \u0111i\u1ec1u n\u1eefa, b\u1ea1n c\u00f2n c\u00f3 th\u1ec3 l\u00e0m su\u00f4n m\u1ec1m, m\u01b0\u1ee3t v\u00e0 \u0111en t\u00f3c v\u1edbi tr\u00e0 \u0111en. C\u00e1c ch\u1ea5t tannin, axit trong tr\u00e0 th\u00edch \u1ee9ng v\u1edbi t\u00f3c l\u00e0m t\u00f3c ch\u1eafc kh\u1ecfe h\u01a1n v\u00e0 \u0111\u1eb9p h\u01a1n.<\/p>","protected":false},"excerpt":{"rendered":"<ul>\n<li>\u0110\u01b0\u1ee3c l\u00e0m t\u1eeb H\u1ed3ng tr\u00e0 Assam \u1ea4n \u0110\u1ed9 k\u1ebft h\u1ee3p n\u01b0\u1edbc \u00e9p tr\u00e1i c\u00e2y t\u01b0\u01a1i.B\u1ea3o qu\u1ea3n n\u01a1i kh\u00f4 r\u00e1o, tho\u00e1ng m\u00e1t, tr\u00e1nh \u1ea9m \u01b0\u1edbt v\u00e0 tr\u00e1nh \u00e1nh n\u1eafng tr\u1ef1c ti\u1ebfp.S\u1ea3n ph\u1ea9m \u0111\u01b0\u1ee3c thi\u1ebft k\u1ebf d\u1ea1ng c\u1ed1c nh\u1ef1a PP \u0111\u1ea3m b\u1ea3o an to\u00e0n v\u1ec7 sinh th\u1ef1c ph\u1ea9m v\u1edbi c\u00f4ng ngh\u1ec7 s\u1ea3n xu\u1ea5t chi\u1ebft r\u00f3t ti\u1ec7t tr\u00f9ng, k\u00e8m theo \u1ed1ng h\u00fat nh\u1ecf g\u1ecdn, ti\u1ec7n l\u1ee3i d\u1ec5 d\u00e0ng mang \u0111i du l\u1ecbch, d\u00e3 ngo\u1ea1i,..Bao b\u00ec kh\u00e1c nhau tu\u1ef3 \u0111\u1ee3t nh\u1eadp h\u00e0ng.<\/li>\n<\/ul>","protected":false},"featured_media":11560,"comment_status":"open","ping_status":"closed","template":"","meta":[],"product_brand":[],"product_cat":[135],"product_tag":[],"class_list":{"0":"post-11557","1":"product","2":"type-product","3":"status-publish","4":"has-post-thumbnail","6":"product_cat-sua-do-uong","7":"pa_brand-meco","9":"first","10":"outofstock","11":"sale","12":"shipping-taxable","13":"purchasable","14":"product-type-simple"},"_links":{"self":[{"href":"https:\/\/havamall.vn\/en\/wp-json\/wp\/v2\/product\/11557"}],"collection":[{"href":"https:\/\/havamall.vn\/en\/wp-json\/wp\/v2\/product"}],"about":[{"href":"https:\/\/havamall.vn\/en\/wp-json\/wp\/v2\/types\/product"}],"replies":[{"embeddable":true,"href":"https:\/\/havamall.vn\/en\/wp-json\/wp\/v2\/comments?post=11557"}],"version-history":[{"count":0,"href":"https:\/\/havamall.vn\/en\/wp-json\/wp\/v2\/product\/11557\/revisions"}],"wp:featuredmedia":[{"embeddable":true,"href":"https:\/\/havamall.vn\/en\/wp-json\/wp\/v2\/media\/11560"}],"wp:attachment":[{"href":"https:\/\/havamall.vn\/en\/wp-json\/wp\/v2\/media?parent=11557"}],"wp:term":[{"taxonomy":"product_brand","embeddable":true,"href":"https:\/\/havamall.vn\/en\/wp-json\/wp\/v2\/product_brand?post=11557"},{"taxonomy":"product_cat","embeddable":true,"href":"https:\/\/havamall.vn\/en\/wp-json\/wp\/v2\/product_cat?post=11557"},{"taxonomy":"product_tag","embeddable":true,"href":"https:\/\/havamall.vn\/en\/wp-json\/wp\/v2\/product_tag?post=11557"}],"curies":[{"name":"wp","href":"https:\/\/api.w.org\/{rel}","templated":true}]}}