{"id":11530,"date":"2019-07-25T17:22:23","date_gmt":"2019-07-25T10:22:23","guid":{"rendered":"https:\/\/havamall.vn\/?post_type=product&#038;p=11530"},"modified":"2020-08-17T10:24:53","modified_gmt":"2020-08-17T03:24:53","slug":"ca-trich-ngam-dau-thuc-vat-sea-crown-sardines-in-vegetable-oil-125g","status":"publish","type":"product","link":"https:\/\/havamall.vn\/en\/shop\/ca-trich-ngam-dau-thuc-vat-sea-crown-sardines-in-vegetable-oil-125g\/","title":{"rendered":"C\u00e1 Tr\u00edch Ng\u00e2m D\u1ea7u Th\u1ef1c V\u1eadt Sea Crown \u2013 Sardines In Vegetable Oil 125g"},"content":{"rendered":"<p>C\u00e1 Tr\u00edch Ng\u00e2m D\u1ea7u Sea Crown (125g) &#8211;\u00a0S\u1ea3n ph\u1ea9m \u0111\u01b0\u1ee3c ch\u1ebf bi\u1ebfn t\u1eeb nh\u1eefng con c\u00e1 tr\u00edch t\u01b0\u01a1i ngon, \u0111\u01b0\u1ee3c ng\u00e2m c\u00f9ng d\u1ea7u th\u1ef1c v\u1eadt v\u00e0 t\u1ea9m \u01b0\u1edbp th\u00eam gia v\u1ecb v\u1eeba \u0103n, t\u1ea1o ra m\u00f3n \u0103n th\u01a1m ngon, h\u1ea5p d\u1eabn. S\u1ea3n ph\u1ea9m ph\u00f9 h\u1ee3p v\u1edbi kh\u1ea9u v\u1ecb c\u1ee7a nhi\u1ec1u ng\u01b0\u1eddi.<\/p>\n<p>Th\u1ecbt c\u00e1 m\u1ec1m ng\u1ecdt, h\u1ea5p d\u1eabn ng\u01b0\u1eddi \u0103n, kh\u00f4ng ch\u1ec9 l\u00e0 m\u00f3n \u0103n th\u01a1m ngon m\u00e0 c\u00f2n cung c\u1ea5p ch\u1ea5t \u0111\u1ea1m, b\u1ed5 sung canxi v\u00e0 omega 3 c\u1ea7n thi\u1ebft cho c\u01a1 th\u1ec3, l\u00e0 l\u1ef1a ch\u1ecdn th\u00edch h\u1ee3p d\u00e0nh cho nh\u1eefng ng\u01b0\u1eddi b\u1eadn r\u1ed9n.<\/p>\n<p><img decoding=\"async\" class=\"aligncenter\" src=\"https:\/\/havamall.vn\/wp-content\/uploads\/2019\/07\/6d7d91f2a98a46cc26dc0341b9c93561.jpg\" \/><\/p>\n<p>C\u00e1 tr\u00edch ng\u00e2m d\u1ea7u SeaCrown \u0111\u01b0\u1ee3c ch\u1ebf bi\u1ebfn theo c\u00f4ng ngh\u1ec7 hi\u1ec7n \u0111\u1ea1i, \u0111\u1ea3m b\u1ea3o v\u1ec7 sinh an to\u00e0n th\u1ef1c ph\u1ea9m, \u0111\u01b0\u1ee3c \u0111\u00f3ng lon ti\u1ec7n d\u1ee5ng, th\u00edch h\u1ee3p trong nh\u1eefng cu\u1ed9c d\u00e3 ngo\u1ea1i hay \u0111i ch\u01a1i xa m\u00e0 kh\u00f4ng c\u00f3 \u0111i\u1ec1u ki\u1ec7n n\u1ea5u n\u01b0\u1edbng.<\/p>\n<p>C\u00f3 th\u1ec3 d\u00f9ng ngay m\u00e0 kh\u00f4ng c\u1ea7n qua ch\u1ebf bi\u1ebfn, c\u00f3 th\u1ec3 d\u00f9ng c\u00e1 tr\u1ed9n chung v\u1edbi c\u00e1c m\u00f3n salad b\u1ed5 d\u01b0\u1ee1ng hay \u0103n k\u00e8m v\u1edbi b\u00e1nh m\u00ec \u0111\u1ec1u ngon.<\/p>\n<p><img fetchpriority=\"high\" decoding=\"async\" class=\"size-full wp-image-11531 aligncenter\" src=\"https:\/\/havamall.vn\/wp-content\/uploads\/2019\/07\/0bfc23769c1f1bf00dd6f1d39d5fd35c1.jpg\" alt=\"\" width=\"1200\" height=\"900\" srcset=\"https:\/\/havamall.vn\/wp-content\/uploads\/2019\/07\/0bfc23769c1f1bf00dd6f1d39d5fd35c1.jpg 1200w, https:\/\/havamall.vn\/wp-content\/uploads\/2019\/07\/0bfc23769c1f1bf00dd6f1d39d5fd35c1-430x323.jpg 430w, https:\/\/havamall.vn\/wp-content\/uploads\/2019\/07\/0bfc23769c1f1bf00dd6f1d39d5fd35c1-150x113.jpg 150w, https:\/\/havamall.vn\/wp-content\/uploads\/2019\/07\/0bfc23769c1f1bf00dd6f1d39d5fd35c1-700x525.jpg 700w\" sizes=\"(max-width: 1200px) 100vw, 1200px\" \/><\/p>\n<p>H\u01b0\u1edbng d\u1eabn s\u1eed d\u1ee5ng: \u0102n ngay. L\u00e0m n\u00f3ng l\u1ea1i ho\u1eb7c ch\u1ebf bi\u1ebfn th\u00e0nh c\u00e1c m\u00f3n \u0103n kh\u00e1c.B\u1ea3o qu\u1ea3n: \u0110\u1ec3 n\u01a1i kh\u00f4 tho\u00e1ng, tr\u00e1nh \u00e1nh n\u1eafng tr\u1ef1c ti\u1ebfp.<\/p>\n<p>Xu\u1ea5t x\u1ee9: Th\u00e1i Lan<\/p>\n<p>Ng\u00e0y s\u1ea3n xu\u1ea5t: In tr\u00ean bao b\u00ec s\u1ea3n ph\u1ea9m<\/p>\n<p>H\u1ea1n s\u1eed d\u1ee5ng: 3 n\u0103m k\u1ec3 t\u1eeb ng\u00e0y s\u1ea3n xu\u1ea5t.<\/p>","protected":false},"excerpt":{"rendered":"<ul class=\"\">\n<li class=\"\">B\u1ea1n c\u00f3 th\u1ec3 \u0103n ngay, ho\u1eb7c h\u00e2m n\u00f3ng t\u00f9y th\u00edch. B\u00ean c\u1ea1nh \u0111\u00f3, b\u1ea1n c\u00f3 th\u1ec3 ch\u1ebf bi\u1ebfn th\u00e0nh nhi\u1ec1u c\u00e1ch th\u01b0\u1edfng th\u1ee9c kh\u00e1c nhau. Th\u01a1m ngon, v\u00e0 b\u1ed5 d\u01b0\u1ee1ng h\u01a1n khi d\u00f9ng chung v\u1edbi rau c\u1ee7 qu\u1ea3.<\/li>\n<li class=\"\">S\u1ea3n xu\u1ea5t t\u1eeb ngu\u1ed3n nguy\u00ean li\u1ec7u \u0111\u01b0\u1ee3c tuy\u1ec3n ch\u1ecdn k\u1ef9 l\u01b0\u1ee1ng, \u0111\u1ea3m b\u1ea3o h\u01b0\u01a1ng v\u1ecb v\u00e0 s\u1ee9c kh\u1ecfe ng\u01b0\u1eddi ti\u00eau d\u00f9ng.<\/li>\n<\/ul>","protected":false},"featured_media":11532,"comment_status":"open","ping_status":"closed","template":"","meta":[],"product_brand":[],"product_cat":[626],"product_tag":[],"class_list":{"0":"post-11530","1":"product","2":"type-product","3":"status-publish","4":"has-post-thumbnail","6":"product_cat-het-hang","8":"first","9":"outofstock","10":"sale","11":"shipping-taxable","12":"purchasable","13":"product-type-simple"},"_links":{"self":[{"href":"https:\/\/havamall.vn\/en\/wp-json\/wp\/v2\/product\/11530"}],"collection":[{"href":"https:\/\/havamall.vn\/en\/wp-json\/wp\/v2\/product"}],"about":[{"href":"https:\/\/havamall.vn\/en\/wp-json\/wp\/v2\/types\/product"}],"replies":[{"embeddable":true,"href":"https:\/\/havamall.vn\/en\/wp-json\/wp\/v2\/comments?post=11530"}],"version-history":[{"count":0,"href":"https:\/\/havamall.vn\/en\/wp-json\/wp\/v2\/product\/11530\/revisions"}],"wp:featuredmedia":[{"embeddable":true,"href":"https:\/\/havamall.vn\/en\/wp-json\/wp\/v2\/media\/11532"}],"wp:attachment":[{"href":"https:\/\/havamall.vn\/en\/wp-json\/wp\/v2\/media?parent=11530"}],"wp:term":[{"taxonomy":"product_brand","embeddable":true,"href":"https:\/\/havamall.vn\/en\/wp-json\/wp\/v2\/product_brand?post=11530"},{"taxonomy":"product_cat","embeddable":true,"href":"https:\/\/havamall.vn\/en\/wp-json\/wp\/v2\/product_cat?post=11530"},{"taxonomy":"product_tag","embeddable":true,"href":"https:\/\/havamall.vn\/en\/wp-json\/wp\/v2\/product_tag?post=11530"}],"curies":[{"name":"wp","href":"https:\/\/api.w.org\/{rel}","templated":true}]}}