{"id":11506,"date":"2019-07-25T14:12:39","date_gmt":"2019-07-25T07:12:39","guid":{"rendered":"https:\/\/havamall.vn\/?post_type=product&#038;p=11506"},"modified":"2022-07-13T14:32:48","modified_gmt":"2022-07-13T07:32:48","slug":"thung-sua-dac-larosee-1kg-24lon","status":"publish","type":"product","link":"https:\/\/havamall.vn\/en\/shop\/thung-sua-dac-larosee-1kg-24lon\/","title":{"rendered":"Th\u00f9ng S\u1eefa \u0110\u1eb7c C\u00f3 \u0110\u01b0\u1eddng LaRos\u00e9e 1kg &#8211; 24lon"},"content":{"rendered":"<p>S\u1eefa \u0111\u1eb7c c\u00f3 \u0111\u01b0\u1eddng LaRos\u00e9e m\u1ed9t trong nh\u1eefng th\u01b0\u01a1ng hi\u1ec7u s\u1eefa \u0111\u1eb7c c\u1ee7a LaRos\u00e9e \u0111\u01b0\u1ee3c tin d\u00f9ng qua nhi\u1ec1u th\u1ebf h\u1ec7 ng\u01b0\u1eddi ti\u00eau d\u00f9ng t\u1ea1i Malaysia, s\u1eefa \u0111\u1eb7c c\u00f3 \u0111\u01b0\u1eddng LaRos\u00e9e \u0111\u01b0\u1ee3c s\u1eed d\u1ee5ng ph\u1ed5 bi\u1ebfn h\u1ea7u h\u1ebft t\u1ea1i c\u00e1c qu\u00e1n c\u00e0 ph\u00ea \u1edf Malaysia.<\/p>\n<p><img fetchpriority=\"high\" decoding=\"async\" class=\"wp-image-10248 aligncenter\" src=\"https:\/\/havamall.vn\/wp-content\/uploads\/2019\/03\/201811154739_e13023718bd86b8632c9.jpg\" alt=\"\" width=\"828\" height=\"573\" srcset=\"https:\/\/havamall.vn\/wp-content\/uploads\/2019\/03\/201811154739_e13023718bd86b8632c9.jpg 946w, https:\/\/havamall.vn\/wp-content\/uploads\/2019\/03\/201811154739_e13023718bd86b8632c9-430x297.jpg 430w, https:\/\/havamall.vn\/wp-content\/uploads\/2019\/03\/201811154739_e13023718bd86b8632c9-150x104.jpg 150w, https:\/\/havamall.vn\/wp-content\/uploads\/2019\/03\/201811154739_e13023718bd86b8632c9-700x484.jpg 700w\" sizes=\"(max-width: 828px) 100vw, 828px\" \/><\/p>\n<p>LaRos\u00e9e c\u00f3 m\u00e0u s\u1eafc tr\u1eafng ng\u00e0 c\u1ee7a s\u1eefa, m\u00f9i th\u01a1m \u0111\u1eb7c tr\u01b0ng, v\u1ecb ng\u1ecdt b\u00e9o nh\u01b0ng kh\u00f4ng ng\u1eady. Th\u00e0nh ph\u1ea7n g\u1ed3m b\u1ed9t s\u1eefa, \u0111\u01b0\u1eddng, n\u01b0\u1edbc tinh khi\u1ebft, vitamin ti\u00eau chu\u1ea9n ch\u1ea5t l\u01b0\u1ee3ng.<\/p>\n<p>Ngo\u00e0i ra c\u00f2n c\u00f3 h\u00e0m l\u01b0\u1ee3ng Protein 2-2,51g.<\/p>\n<p>H\u00e0m l\u01b0\u1ee3ng Lipit: 10,1%<\/p>\n<p>H\u00e0m l\u01b0\u1ee3ng Cacbonhydrat: 56,2%<\/p>\n<p><img decoding=\"async\" class=\"wp-image-10253 aligncenter\" src=\"https:\/\/havamall.vn\/wp-content\/uploads\/2019\/03\/img20180209104601148.jpg\" alt=\"\" width=\"803\" height=\"533\" srcset=\"https:\/\/havamall.vn\/wp-content\/uploads\/2019\/03\/img20180209104601148.jpg 1600w, https:\/\/havamall.vn\/wp-content\/uploads\/2019\/03\/img20180209104601148-430x285.jpg 430w, https:\/\/havamall.vn\/wp-content\/uploads\/2019\/03\/img20180209104601148-150x100.jpg 150w, https:\/\/havamall.vn\/wp-content\/uploads\/2019\/03\/img20180209104601148-700x465.jpg 700w\" sizes=\"(max-width: 803px) 100vw, 803px\" \/><\/p>\n<p><strong>C\u00f4ng d\u1ee5ng:<\/strong><\/p>\n<ul>\n<li>S\u1eefa \u0110\u1eb7c LaRos\u00e9e b\u1ed5 sung th\u00eam nhi\u1ec1u ch\u1ea5t dinh d\u01b0\u1ee1ng v\u00e0 n\u0103ng l\u01b0\u1ee3ng c\u1ea7n thi\u1ebft cho m\u1ed9t ng\u00e0y n\u0103ng \u0111\u1ed9ng.<\/li>\n<li>T\u0103ng c\u01b0\u1eddng m\u1eadt \u0111\u1ed9 x\u01b0\u01a1ng v\u00e0 gi\u00fap r\u0103ng ch\u1eafc kh\u1ecfe: S\u1eefa l\u00e0 m\u1ed9t ngu\u1ed3n gi\u00e0u canxi. Kho\u00e1ng ch\u1ea5t n\u00e0y r\u1ea5t c\u1ea7n thi\u1ebft \u0111\u1ec3 gi\u00fap cho x\u01b0\u01a1ng v\u00e0 r\u0103ng kh\u1ecfe m\u1ea1nh.<\/li>\n<li>Gi\u00e0u vitamin D: S\u1eefa l\u00e0 m\u1ed9t th\u1ef1c ph\u1ea9m r\u1ea5t gi\u00e0u vitamin D, n\u00f3 c\u00f3 t\u00e1c d\u1ee5ng l\u00e0m gi\u1ea3m vi\u00eam nhi\u1ec5m v\u00e0 t\u0103ng c\u01b0\u1eddng h\u1ec7 mi\u1ec5n d\u1ecbch.<\/li>\n<li>Gi\u00fap gi\u1eef n\u01b0\u1edbc: S\u1eefa l\u00e0 m\u1ed9t ngu\u1ed3n phong ph\u00fa c\u1ee7a n\u01b0\u1edbc. Sau khi t\u1eadp th\u1ec3 d\u1ee5c, m\u1ed9t ly s\u1eefa c\u00f3 th\u1ec3 gi\u00fap kh\u00f4i ph\u1ee5c n\u0103ng l\u01b0\u1ee3ng c\u1ee7a b\u1ea1n v\u00e0 \u0111\u1ed3ng th\u1eddi gi\u1eef \u1ea9m c\u01a1 th\u1ec3.<\/li>\n<li>S\u1eefa gi\u00fap b\u1ea1n l\u1ea5y l\u1ea1i n\u01b0\u1edbc cho c\u01a1 th\u1ec3 m\u00e0 b\u1ea1n b\u1ecb m\u1ea5t sau khi t\u1eadp th\u1ec3 d\u1ee5c, v\u00e0 l\u00e0m gi\u1ea3m \u0111au nh\u1ee9c c\u01a1 b\u1eafp.<\/li>\n<li>V\u1edbi v\u1ecb ng\u1ecdt v\u00e0 \u0111\u1ed9 b\u00e9o \u0111\u1eb7c tr\u01b0ng r\u1ea5t th\u00edch h\u1ee3p \u0111\u1ec3 pha c\u00e0 ph\u00ea.<\/li>\n<li>Gi\u00fap t\u1ea1o v\u1ecb ngon \u0111\u1eadm \u0111\u00e0, s\u00e1nh m\u1ecbn cho t\u1ea5t c\u1ea3 c\u00e1c th\u1ee9c u\u1ed1ng.<\/li>\n<\/ul>\n<p>S\u1ea3n ph\u1ea9m kh\u00f4ng ch\u1ee9a ch\u1ea5t b\u1ea3o qu\u1ea3n n\u00ean an to\u00e0n cho ng\u01b0\u1eddi s\u1eed d\u1ee5ng.<\/p>","protected":false},"excerpt":{"rendered":"<p>S\u1eefa \u0111\u1eb7c LaRos\u00e9e l\u00e0 m\u1ed9t s\u1ef1 l\u1ef1a ch\u1ecdn, l\u00e0m cho th\u1ee9c u\u1ed1ng &amp; b\u00e1nh c\u1ee7a b\u1ea1n c\u00f3 m\u00f9i v\u1ecb th\u01a1m ngon \u0111\u1eb7c tr\u01b0ng m\u00e0 kh\u00f4ng ph\u1ea3i lo\u1ea1i s\u1eefa \u0111\u1eb7c n\u00e0o c\u0169ng c\u00f3 th\u1ec3 mang l\u1ea1i.<\/p>","protected":false},"featured_media":19200,"comment_status":"open","ping_status":"closed","template":"","meta":[],"product_brand":[],"product_cat":[40,131,36,135],"product_tag":[],"class_list":{"0":"post-11506","1":"product","2":"type-product","3":"status-publish","4":"has-post-thumbnail","6":"product_cat-sieuthi-giasi","7":"product_cat-nguyen-lieu-lam-bep","8":"product_cat-thuc-pham-tieu-dung","9":"product_cat-sua-do-uong","10":"pa_brand-la-rosee","12":"first","13":"instock","14":"sale","15":"shipping-taxable","16":"purchasable","17":"product-type-simple"},"_links":{"self":[{"href":"https:\/\/havamall.vn\/en\/wp-json\/wp\/v2\/product\/11506"}],"collection":[{"href":"https:\/\/havamall.vn\/en\/wp-json\/wp\/v2\/product"}],"about":[{"href":"https:\/\/havamall.vn\/en\/wp-json\/wp\/v2\/types\/product"}],"replies":[{"embeddable":true,"href":"https:\/\/havamall.vn\/en\/wp-json\/wp\/v2\/comments?post=11506"}],"version-history":[{"count":0,"href":"https:\/\/havamall.vn\/en\/wp-json\/wp\/v2\/product\/11506\/revisions"}],"wp:featuredmedia":[{"embeddable":true,"href":"https:\/\/havamall.vn\/en\/wp-json\/wp\/v2\/media\/19200"}],"wp:attachment":[{"href":"https:\/\/havamall.vn\/en\/wp-json\/wp\/v2\/media?parent=11506"}],"wp:term":[{"taxonomy":"product_brand","embeddable":true,"href":"https:\/\/havamall.vn\/en\/wp-json\/wp\/v2\/product_brand?post=11506"},{"taxonomy":"product_cat","embeddable":true,"href":"https:\/\/havamall.vn\/en\/wp-json\/wp\/v2\/product_cat?post=11506"},{"taxonomy":"product_tag","embeddable":true,"href":"https:\/\/havamall.vn\/en\/wp-json\/wp\/v2\/product_tag?post=11506"}],"curies":[{"name":"wp","href":"https:\/\/api.w.org\/{rel}","templated":true}]}}