{"id":11448,"date":"2019-07-11T15:44:52","date_gmt":"2019-07-11T08:44:52","guid":{"rendered":"https:\/\/havamall.vn\/?post_type=product&#038;p=11448"},"modified":"2025-03-18T14:54:36","modified_gmt":"2025-03-18T07:54:36","slug":"mi-spaghetti-soi-det-fettucine-divella-so-12-500gr","status":"publish","type":"product","link":"https:\/\/havamall.vn\/en\/shop\/mi-spaghetti-soi-det-fettucine-divella-so-12-500gr\/","title":{"rendered":"M\u00ec Spaghetti S\u1ee3i D\u1eb9t Fettucine Divella S\u1ed1 12 &#8211; 500gr"},"content":{"rendered":"<div class=\"html-content pdp-product-highlights\">\n<p>Fettuccine l\u00e0 m\u1ed9t trong s\u1ed1 nh\u1eefng d\u1ea1ng ph\u1ed5 bi\u1ebfn nh\u1ea5t trong th\u1ebf gi\u1edbi pasta. N\u00f3 l\u00e0 m\u1ed9t lo\u1ea1i pasta d\u1eb9t d\u1ea1ng s\u1ee3i, \u0111\u01b0\u1ee3c l\u00e0m t\u1eeb tr\u1ee9ng v\u00e0 b\u1ed9t m\u00ec. C\u00e1i t\u00ean \u201cfettuccine\u201d d\u1ecbch sang ti\u1ebfng \u00dd c\u00f3 ngh\u0129a l\u00e0 \u201cnh\u1eefng d\u00e2y ruy-b\u0103ng nh\u1ecf\u201d. M\u00f3n fettuccine n\u1ed5i ti\u1ebfng nh\u1ea5t ch\u00ednh l\u00e0 Fettuccine Alfredo, \u0111\u01b0\u1ee3c \u0111\u1eb7t t\u00ean theo Alfredo Di Lelio, m\u1ed9t \u00f4ng ch\u1ee7 nh\u1eefng nh\u00e0 h\u00e0ng \u1edf th\u00e0nh ph\u1ed1 Rome trong nh\u1eefng n\u0103m \u0111\u1ea7u th\u1ebf k\u1ef7 20<\/p>\n<\/div>\n<div class=\"html-content detail-content\">\n<h5>M\u1ef3 \u00fd d\u1eb9t Fettuccine Pasta 500gr<\/h5>\n<p>M\u1ef3 \u00fd Fettuccine \u0111\u01b0\u1ee3c ch\u1ebf bi\u1ebft t\u1eeb b\u1ed9t l\u00faa m\u00ec ch\u1ecdn l\u1ecdc ph\u00eda nam n\u01b0\u1edbc \u00dd v\u1edbi c\u00e1ch th\u1ee9c truy\u1ec1n th\u1ed1ng v\u00e0 \u00e1p d\u1ee5ng c\u00f4ng ngh\u1ec7 ch\u1ebf bi\u1ebft hi\u1ec7n \u0111\u1ea1i gi\u00fap s\u1ee3i m\u1ef3 d\u1eb9p Fettuccine c\u1ee7a Divella c\u00f3\u00a0s\u1ee3i m\u00ec \u00f3ng m\u01b0\u1ee3t, dai v\u00e0 m\u1ec1m tan trong mi\u1ec7ng.<\/p>\n<div><img fetchpriority=\"high\" decoding=\"async\" class=\"wp-image-12495 aligncenter\" src=\"https:\/\/havamall.vn\/wp-content\/uploads\/2025\/03\/huong-dan-cach-lam-mi-y-sot-kem-ga-nam-beo-ngay-tai-nha11516382513-300x194.jpg\" alt=\"\" width=\"499\" height=\"323\" \/><\/div>\n<div><\/div>\n<div>Tuy\u1ec7t v\u1eddi h\u01a1n l\u00e0 th\u01b0\u1edfng th\u1ee9c m\u00f3n m\u00ec n\u00e0y v\u1edbi s\u1ed1t th\u1ecbt g\u00e0 ho\u1eb7c h\u1ea3i s\u1ea3n. Ngo\u00e0i ra b\u1ea1n c\u00f3 th\u1ec3 d\u00f9ng s\u1ed1t b\u01a1 c\u0169ng r\u1ea5t ph\u00f9 h\u1ee3p. Nh\u1eefng lo\u1ea1i s\u1ed1t l\u1ecfng s\u1ebd r\u1ea5t th\u00edch h\u1ee3p v\u1edbi Fettucine v\u00ec lo\u1ea1i m\u00ec n\u00e0y d\u00e0i v\u00e0 ng\u1ea5m \u0111\u1eadm v\u1edbi h\u01b0\u01a1ng v\u1ecb c\u1ee7a n\u01b0\u1edbc s\u1ed1t.<\/div>\n<div><\/div>\n<div>\u0110\u01b0\u1ee3c s\u1ea3n xu\u1ea5t tr\u00ean quy tr\u00ecnh c\u00f4ng ngh\u1ec7 hi\u1ec7n \u0111\u1ea1i, kh\u00e9p k\u00edn c\u1ee7a th\u01b0\u01a1ng hi\u1ec7u m\u00ec s\u1ee3i n\u1ed5i ti\u1ebfng \u2013 Divella, m\u00ec Spaghetti Divella cam k\u1ebft \u0111\u1ea3m b\u1ea3o v\u1ec7 sinh an to\u00e0n th\u1ef1c ph\u1ea9m cho m\u1ecdi kh\u00e1ch h\u00e0ng. V\u1edbi th\u00e0nh ph\u1ea7n l\u00e0 l\u00faa m\u00ec c\u1ee9ng c\u1ee7a Semolina gi\u00fap s\u1ee3i m\u00ec c\u00f3 \u0111\u1ed9 dai ngon ho\u00e0n h\u1ea3o, \u0111\u1ea3m b\u1ea3o gi\u1eef \u0111\u01b0\u1ee3c h\u01b0\u01a1ng v\u1ecb th\u01a1m ngon t\u1ef1 nhi\u00ean cho m\u00f3n m\u00ec.chu\u1ea9n v\u1ecb \u00dd, gi\u00fap cho c\u00e1c m\u00f3n \u0103n c\u1ee7a b\u1ea1n th\u00eam ph\u1ea7n th\u01a1m ngon h\u1ea5p d\u1eabn, h\u1ec7t nh\u01b0 \u0111i \u0103n t\u1ea1i nh\u1eefng nh\u00e0 h\u00e0ng \u0111\u1eaft ti\u1ec1n.<\/div>\n<div>B\u01b0\u1edbc 1: Lu\u1ed9c m\u00ec<\/div>\n<div>\u2013 B\u1ea1n \u0111ong n\u01b0\u1edbc theo t\u1ec9 l\u1ec7: c\u1ee9 100 g m\u00ec th\u00ec d\u00f9ng 1L n\u01b0\u1edbc. \u0110un n\u01b0\u1edbc cho \u0111\u1ebfn khi s\u00f4i, b\u1ea1n ti\u1ebfn h\u00e0nh b\u1ecf mu\u1ed1i v\u00e0o theo t\u1ec9 l\u1ec7: c\u1ee9 1L n\u01b0\u1edbc th\u00ec t\u01b0\u01a1ng \u1ee9ng 5g mu\u1ed1i. Mu\u1ed1i tan, b\u1eadt b\u1ebfp to \u0111\u1ec3 n\u01b0\u1edbc s\u00f4i b\u00f9ng l\u00ean r\u1ed3i th\u1ea3 m\u00ec v\u00e0o.<br \/>\nTh\u1eddi gian n\u1ea5u t\u1eeb 7-9 ph\u00fat<\/div>\n<div>\u2013 Khi n\u00e0o s\u1ee3i m\u00ec c\u1eafn h\u01a1i d\u1ebbo, kh\u00f4ng b\u1ecb s\u01b0\u1ee3ng l\u00e0 \u0111<\/div>\n<div>\u00e3 ch\u00edn t\u1edbi. B\u1ea1n v\u1edbt ra \u0111\u1ec3 r\u00e1o.<\/div>\n<div>B\u01b0\u1edbc 2: Ch\u1ebf bi\u1ebfn n\u01b0\u1edbc s\u1ed1t<\/div>\n<div>\u2013 T\u00f9y theo kh\u1ea9u v\u1ecb c\u1ee7a gia \u0111\u00ecnh, c\u00e1c b\u1ea1n c\u00f3 th\u1ec3 pha ch\u1ebf c\u00e1c lo\u1ea1i s\u1ed1t m\u00ec \u00dd quen thu\u1ed9c nh\u01b0: s\u1ed1t b\u00f2 b\u0103m, s\u1ed1t kem, s\u1ed1t h\u1ea3i s\u1ea3n,\u2026 tr\u1ed9n l\u00ean v\u1edbi M\u00ec Divella Spaghetti \u0111\u00e3 lu\u1ed9c \u1edf tr\u00ean l\u00e0 \u0111\u00e3 ho\u00e0n th\u00e0nh m\u00f3n m\u00ec \u00dd ngon \u0111\u00fang chu\u1ea9n r\u1ed3i \u0111\u00f3 \u1ea1.<\/div>\n<p><img decoding=\"async\" class=\"size-full wp-image-11452 aligncenter\" src=\"https:\/\/havamall.vn\/wp-content\/uploads\/2025\/03\/a73ac124e98ba2a290b46888d846b794.jpg\" alt=\"\" width=\"384\" height=\"512\" \/><\/p>\n<\/div>\n<div><strong>M\u1ed9t s\u1ed1 l\u01b0u \u00fd khi ch\u1ebf bi\u1ebfn m\u00ec \u00dd:<\/strong><\/div>\n<div>\u2013 Sau khi m\u00ec \u0111\u1ec3 r\u00e1o n\u01b0\u1edbc, b\u1ea1n c\u00f3 th\u1ec3 tr\u1ed9n m\u00ec v\u1edbi m\u1ed9t \u00edt d\u1ea7u \u00f4 liu ho\u1eb7c \u1ee7 m\u00ec v\u1edbi m\u1ed9t ch\u00fat b\u01a1, s\u1ee3i m\u00ec s\u1ebd r\u00e1o h\u01a1n, th\u01a1m h\u01a1n.<\/div>\n<div>\u2013 N\u1ebfu kh\u00f4ng may lu\u1ed9c m\u00ec qu\u00e1 k\u0129, b\u1ea1n c\u00f3 th\u1ec3 d\u1ed9i m\u00ec qua n\u01b0\u1edbc l\u1ea1nh, s\u1ee3i m\u00ec s\u1ebd c\u1ee9ng h\u01a1n.<\/div>\n<div>\u2013 Ngo\u00e0i ra, M\u00ec Divella Spaghetti 500g c\u00f3 \u0111\u1ed9 n\u1edf kh\u00e1 l\u1edbn n\u00ean c\u1ea7n \u0111\u1ecbnh l\u01b0\u1ee3ng k\u0129 l\u01b0\u1ee3ng c\u1ea7n n\u1ea5u t\u00f9y theo s\u1ee9c \u0103n c\u1ee7a m\u1ed7i ng\u01b0\u1eddi \u0111\u1ec3 b\u1ecb th\u1eeba, b\u1ecf ph\u00ed. Kinh nghi\u1ec7m \u0111\u1ed1i v\u1edbi ch\u00e2u \u00c1, m\u1ed7i ng\u01b0\u1eddi c\u00f3 th\u1ec3 ti\u00eau th\u1ee5 \u0111\u01b0\u1ee3c kho\u1ea3ng 80g m\u00ec\/b\u1eefa trong khi v\u1edbi ng\u01b0\u1eddi Ch\u00e2u \u00c2u \u2013 M\u1ef9 con s\u1ed1 n\u00e0y v\u00e0o kho\u1ea3ng 120g. \u0110\u00e2y l\u00e0 kh\u1ed1i l\u01b0\u1ee3ng m\u00ec kh\u00f4, b\u1ea1n c\u00f3 th\u1ec3 c\u00e2n tr\u01b0\u1edbc khi n\u1ea5u.<\/div>\n<p>&nbsp;<\/p>\n<p>&nbsp;<\/p>","protected":false},"excerpt":{"rendered":"<p>Fettuccine l\u00e0 m\u1ed9t trong s\u1ed1 nh\u1eefng d\u1ea1ng ph\u1ed5 bi\u1ebfn nh\u1ea5t trong th\u1ebf gi\u1edbi pasta. N\u00f3 l\u00e0 m\u1ed9t lo\u1ea1i pasta d\u1eb9t<\/p>","protected":false},"featured_media":11449,"comment_status":"open","ping_status":"closed","template":"","meta":[],"product_brand":[],"product_cat":[672,36,134],"product_tag":[],"class_list":{"0":"post-11448","1":"product","2":"type-product","3":"status-publish","4":"has-post-thumbnail","6":"product_cat-nhap-khau-y","7":"product_cat-thuc-pham-tieu-dung","8":"product_cat-thucpham-saykho","9":"pa_brand-divella","11":"first","12":"instock","13":"sale","14":"shipping-taxable","15":"purchasable","16":"product-type-simple"},"_links":{"self":[{"href":"https:\/\/havamall.vn\/en\/wp-json\/wp\/v2\/product\/11448"}],"collection":[{"href":"https:\/\/havamall.vn\/en\/wp-json\/wp\/v2\/product"}],"about":[{"href":"https:\/\/havamall.vn\/en\/wp-json\/wp\/v2\/types\/product"}],"replies":[{"embeddable":true,"href":"https:\/\/havamall.vn\/en\/wp-json\/wp\/v2\/comments?post=11448"}],"version-history":[{"count":0,"href":"https:\/\/havamall.vn\/en\/wp-json\/wp\/v2\/product\/11448\/revisions"}],"wp:featuredmedia":[{"embeddable":true,"href":"https:\/\/havamall.vn\/en\/wp-json\/wp\/v2\/media\/11449"}],"wp:attachment":[{"href":"https:\/\/havamall.vn\/en\/wp-json\/wp\/v2\/media?parent=11448"}],"wp:term":[{"taxonomy":"product_brand","embeddable":true,"href":"https:\/\/havamall.vn\/en\/wp-json\/wp\/v2\/product_brand?post=11448"},{"taxonomy":"product_cat","embeddable":true,"href":"https:\/\/havamall.vn\/en\/wp-json\/wp\/v2\/product_cat?post=11448"},{"taxonomy":"product_tag","embeddable":true,"href":"https:\/\/havamall.vn\/en\/wp-json\/wp\/v2\/product_tag?post=11448"}],"curies":[{"name":"wp","href":"https:\/\/api.w.org\/{rel}","templated":true}]}}