{"id":11440,"date":"2019-07-11T12:18:03","date_gmt":"2019-07-11T05:18:03","guid":{"rendered":"https:\/\/havamall.vn\/?post_type=product&#038;p=11440"},"modified":"2023-07-03T16:47:40","modified_gmt":"2023-07-03T09:47:40","slug":"sinh-to-dao-1000ml-peach-concentrate-1000ml","status":"publish","type":"product","link":"https:\/\/havamall.vn\/en\/shop\/sinh-to-dao-1000ml-peach-concentrate-1000ml\/","title":{"rendered":"Sinh T\u1ed1 \u0110\u00e0o D\u1ea7m &#8211; Peach Concentrate 1000ml"},"content":{"rendered":"<p>Sinh T\u1ed1 \u0110\u00e0o Golden Farm 1l\u00edt l\u00e0m ra nh\u1eefng \u0111\u1ed3 u\u1ed1ng mang h\u01b0\u01a1ng v\u1ecb \u0111\u1eadm \u0111\u00e0 c\u1ee7a \u0111\u00e0o s\u1ebd tr\u1edf n\u00ean \u0111\u01a1n gi\u1ea3n h\u01a1n bao gi\u1edd h\u1ebft.<\/p>\n<p><img fetchpriority=\"high\" decoding=\"async\" class=\"wp-image-11447 aligncenter\" src=\"https:\/\/havamall.vn\/wp-content\/uploads\/2019\/07\/picturemessage_0bssnifj.cpt_.jpg\" alt=\"\" width=\"521\" height=\"293\" srcset=\"https:\/\/havamall.vn\/wp-content\/uploads\/2019\/07\/picturemessage_0bssnifj.cpt_.jpg 1920w, https:\/\/havamall.vn\/wp-content\/uploads\/2019\/07\/picturemessage_0bssnifj.cpt_-430x242.jpg 430w, https:\/\/havamall.vn\/wp-content\/uploads\/2019\/07\/picturemessage_0bssnifj.cpt_-150x84.jpg 150w, https:\/\/havamall.vn\/wp-content\/uploads\/2019\/07\/picturemessage_0bssnifj.cpt_-700x394.jpg 700w\" sizes=\"(max-width: 521px) 100vw, 521px\" \/><\/p>\n<p>\u0110\u1eb7c \u0111i\u1ec3m n\u1ed5i b\u1eadt c\u1ee7a s\u1ea3n ph\u1ea9m:<br \/>\nS\u1ea3n ph\u1ea9m thu\u1ed9c c\u00f4ng ty Golden Farm &#8211; n\u01a1i chuy\u00ean s\u1ea3n xu\u1ea5t c\u00e1c lo\u1ea1i th\u1ef1c ph\u1ea9m qu\u1ed1c t\u1ebf v\u1edbi ti\u00eau ch\u00ed &#8220;An to\u00e0n, b\u1ed5 d\u01b0\u1ee1ng, ti\u1ec7n l\u1ee3i&#8221;. Sinh t\u1ed1 \u0111\u00e0o Golden Farm 500ml \u0111\u01b0\u1ee3c s\u1ea3n xu\u1ea5t tr\u00ean d\u00e2y chuy\u1ec1n c\u00f4ng ngh\u1ec7 hi\u1ec7n \u0111\u1ea1i \u0111\u01b0\u1ee3c ch\u1ee9ng nh\u1eadn v\u1edbi ti\u00eau chu\u1ea9n VSATTP Qu\u1ed1c t\u1ebf ISO 2000:2005, \u0111\u1ea3m b\u1ea3o mang \u0111\u1ebfn cho ng\u01b0\u1eddi ti\u00eau d\u00f9ng m\u1ed9t s\u1ea3n ph\u1ea9m ch\u1ea5t l\u01b0\u1ee3ng nh\u1ea5t.<br \/>\nSinh t\u1ed1 c\u00f3 d\u1ea1ng s\u1ec7t, mang h\u01b0\u01a1ng v\u1ecb ng\u1ecdt \u0111\u1eadm \u0111\u00e0 v\u00e0 chua t\u1ef1 nhi\u00ean c\u1ee7a tr\u00e1i \u0111\u00e0o. Mi\u1ebfng \u0111\u00e0o t\u01b0\u01a1i \u0111\u01b0\u1ee3c c\u1eaft nh\u1ecf v\u00e0 v\u1eabn gi\u1eef \u0111\u01b0\u1ee3c \u0111\u1ed9 t\u01b0\u01a1i nh\u1ea5t \u0111\u1ecbnh, \u0111\u1ea3m b\u1ea3o v\u1ec1 ch\u1ea5t l\u01b0\u1ee3ng c\u1ee7a s\u1ea3n ph\u1ea9m.<\/p>\n<p><img decoding=\"async\" class=\"wp-image-11442 aligncenter\" src=\"https:\/\/havamall.vn\/wp-content\/uploads\/2019\/07\/sinh-to-golden-farm-dao-1l_jpg-32.jpg\" alt=\"\" width=\"501\" height=\"282\" srcset=\"https:\/\/havamall.vn\/wp-content\/uploads\/2019\/07\/sinh-to-golden-farm-dao-1l_jpg-32.jpg 1280w, https:\/\/havamall.vn\/wp-content\/uploads\/2019\/07\/sinh-to-golden-farm-dao-1l_jpg-32-430x242.jpg 430w, https:\/\/havamall.vn\/wp-content\/uploads\/2019\/07\/sinh-to-golden-farm-dao-1l_jpg-32-150x84.jpg 150w, https:\/\/havamall.vn\/wp-content\/uploads\/2019\/07\/sinh-to-golden-farm-dao-1l_jpg-32-700x394.jpg 700w\" sizes=\"(max-width: 501px) 100vw, 501px\" \/><br \/>\nV\u1edbi thi\u1ebft k\u1ebf \u0111\u00f3ng chai c\u00f3 n\u1eafp \u0111\u1eady ti\u1ec7n l\u1ee3i, b\u1ea1n c\u00f3 th\u1ec3 d\u1ec5 d\u00e0ng b\u1ea3o qu\u1ea3n s\u1ea3n ph\u1ea9m b\u1eb1ng c\u00e1ch xo\u00e1y ch\u1eb7t n\u1eafp v\u00e0 \u0111\u1ec3 trong t\u1ee7 l\u1ea1nh.<br \/>\nS\u1ea3n ph\u1ea9m cam k\u1ebft kh\u00f4ng s\u1eed d\u1ee5ng \u0111\u01b0\u1eddng h\u00f3a h\u1ecdc, \u0111\u1ea3m b\u1ea3o v\u1ec7 sinh an to\u00e0n th\u1ef1c ph\u1ea9m v\u00e0 s\u1ee9c kh\u1ecfe cho ng\u01b0\u1eddi ti\u00eau d\u00f9ng.<br \/>\nB\u1ea1n c\u00f3 th\u1ec3 s\u1eed d\u1ee5ng sinh t\u1ed1 \u0111\u00e0o \u0111\u1ec3 l\u00e0m sinh t\u1ed1, n\u01b0\u1edbc tr\u00e1i c\u00e2y ho\u1eb7c d\u00f9ng \u0111\u1ec3 trang tr\u00ed l\u1edbp ph\u1ee7 ngo\u00e0i b\u00e1nh kem, l\u00e0m nh\u00e2n b\u00e1nh&#8230;<\/p>\n<p><img decoding=\"async\" class=\"wp-image-11443 aligncenter\" src=\"https:\/\/havamall.vn\/wp-content\/uploads\/2019\/07\/17991908_1873134719593561_7813687651884500539_n-1.jpg\" alt=\"\" width=\"492\" height=\"738\" srcset=\"https:\/\/havamall.vn\/wp-content\/uploads\/2019\/07\/17991908_1873134719593561_7813687651884500539_n-1.jpg 640w, https:\/\/havamall.vn\/wp-content\/uploads\/2019\/07\/17991908_1873134719593561_7813687651884500539_n-1-430x645.jpg 430w, https:\/\/havamall.vn\/wp-content\/uploads\/2019\/07\/17991908_1873134719593561_7813687651884500539_n-1-150x225.jpg 150w\" sizes=\"(max-width: 492px) 100vw, 492px\" \/><br \/>\nTh\u00f4ng tin chi ti\u1ebft:<br \/>\n&#8211; Th\u01b0\u01a1ng hi\u1ec7u: Golden Farm<br \/>\n&#8211; Xu\u1ea5t x\u1ee9: Vi\u1ec7t Nam<br \/>\n&#8211; Th\u1ec3 t\u00edch: 1000ml<br \/>\n&#8211; Th\u00e0nh ph\u1ea7n: Tr\u00e1i \u0111\u00e0o (50%), \u0111\u01b0\u1eddng m\u00eda, siro b\u1eafp, n\u01b0\u1edbc, h\u01b0\u01a1ng \u0111\u00e0o t\u1ed5ng h\u1ee3p,&#8230;.<br \/>\n&#8211; C\u00f4ng d\u1ee5ng: d\u00f9ng l\u00e0m sinh t\u1ed1, n\u01b0\u1edbc tr\u00e1i c\u00e2y, trang tr\u00ed b\u00e1nh kem l\u1edbp ph\u1ee7, l\u00e0m b\u00e1nh&#8230;<br \/>\n&#8211; Ng\u00e0y s\u1ea3n xu\u1ea5t: In tr\u00ean bao b\u00ec s\u1ea3n ph\u1ea9m.<br \/>\n&#8211; H\u1ea1n s\u1eed d\u1ee5ng: 2 n\u0103m k\u1ec3 t\u1eeb ng\u00e0y s\u1ea3n xu\u1ea5t.<\/p>\n<p>&nbsp;<\/p>","protected":false},"excerpt":{"rendered":"<p>Sinh T\u1ed1 \u0110\u00e0o Golden Farm 1l\u00edt l\u00e0m ra nh\u1eefng \u0111\u1ed3 u\u1ed1ng mang h\u01b0\u01a1ng v\u1ecb \u0111\u1eadm \u0111\u00e0 c\u1ee7a \u0111\u00e0o s\u1ebd tr\u1edf<\/p>","protected":false},"featured_media":11444,"comment_status":"open","ping_status":"closed","template":"","meta":[],"product_brand":[],"product_cat":[36,135],"product_tag":[],"class_list":{"0":"post-11440","1":"product","2":"type-product","3":"status-publish","4":"has-post-thumbnail","6":"product_cat-thuc-pham-tieu-dung","7":"product_cat-sua-do-uong","9":"first","10":"instock","11":"sale","12":"shipping-taxable","13":"purchasable","14":"product-type-simple"},"_links":{"self":[{"href":"https:\/\/havamall.vn\/en\/wp-json\/wp\/v2\/product\/11440"}],"collection":[{"href":"https:\/\/havamall.vn\/en\/wp-json\/wp\/v2\/product"}],"about":[{"href":"https:\/\/havamall.vn\/en\/wp-json\/wp\/v2\/types\/product"}],"replies":[{"embeddable":true,"href":"https:\/\/havamall.vn\/en\/wp-json\/wp\/v2\/comments?post=11440"}],"version-history":[{"count":0,"href":"https:\/\/havamall.vn\/en\/wp-json\/wp\/v2\/product\/11440\/revisions"}],"wp:featuredmedia":[{"embeddable":true,"href":"https:\/\/havamall.vn\/en\/wp-json\/wp\/v2\/media\/11444"}],"wp:attachment":[{"href":"https:\/\/havamall.vn\/en\/wp-json\/wp\/v2\/media?parent=11440"}],"wp:term":[{"taxonomy":"product_brand","embeddable":true,"href":"https:\/\/havamall.vn\/en\/wp-json\/wp\/v2\/product_brand?post=11440"},{"taxonomy":"product_cat","embeddable":true,"href":"https:\/\/havamall.vn\/en\/wp-json\/wp\/v2\/product_cat?post=11440"},{"taxonomy":"product_tag","embeddable":true,"href":"https:\/\/havamall.vn\/en\/wp-json\/wp\/v2\/product_tag?post=11440"}],"curies":[{"name":"wp","href":"https:\/\/api.w.org\/{rel}","templated":true}]}}