{"id":11432,"date":"2019-07-25T12:02:20","date_gmt":"2019-07-25T05:02:20","guid":{"rendered":"https:\/\/havamall.vn\/?post_type=product&#038;p=11432"},"modified":"2021-06-24T15:38:27","modified_gmt":"2021-06-24T08:38:27","slug":"rong-bien-nuong-oliu-grilled-olive-seaweed","status":"publish","type":"product","link":"https:\/\/havamall.vn\/en\/shop\/rong-bien-nuong-oliu-grilled-olive-seaweed\/","title":{"rendered":"Rong Bi\u1ec3n N\u01b0\u1edbng Oliu &#8211; Grilled Olive Seaweed"},"content":{"rendered":"<div class=\"html-content pdp-product-highlights\">\n<p>Rong bi\u1ec3n n\u01b0\u1edbng d\u1ea7u oliu: Rong bi\u1ec3n (H\u00e0n Qu\u1ed1c) 61%, d\u1ea7u b\u1eafp (nh\u1eadp kh\u1ea9u) 20%, d\u1ea7u m\u00e8 8%, d\u1ea7u, Olive 9%, tinh ch\u1ebf mu\u1ed1i 2%<\/p>\n<\/div>\n<div class=\"html-content detail-content\">\n<div>Rong bi\u1ec3n \u0111\u01b0\u1ee3c bi\u1ebft nh\u01b0 m\u1ed9t lo\u1ea1i th\u1ef1c ph\u1ea9m gi\u00e0u protein v\u00e0 c\u00f3 nhi\u1ec1u ch\u1ea5t kho\u00e1ng. Trong rong bi\u1ec3n c\u00f3 ch\u1ee9a fertile clement, ch\u1ea5t c\u00f3 t\u00e1c d\u1ee5ng trong vi\u1ec7c \u0111i\u1ec1u ti\u1ebft m\u00e1u l\u01b0u th\u00f4ng, lo\u1ea1i b\u1ecf c\u00e1c ch\u1ea5t \u0111\u1ed9c trong c\u01a1 th\u1ec3. \u0110\u00e2y c\u00f2n \u0111\u01b0\u1ee3c xem l\u00e0 lo\u1ea1i th\u1ee9c \u0103n t\u1ea1o n\u00ean s\u1ef1 d\u1ebbo dai, kh\u1ecfe m\u1ea1nh v\u1ec1 th\u1ec3 ch\u1ea5t l\u1eabn tinh th\u1ea7n.<\/div>\n<div><\/div>\n<div>\n<div><img decoding=\"async\" class=\"aligncenter\" src=\"https:\/\/havamall.vn\/wp-content\/uploads\/2019\/07\/83831771ab0920c4960b1d558b7465d9.jpg\" \/><\/div>\n<\/div>\n<div><\/div>\n<div>\u0110\u01b0\u1ee3c l\u00e0m t\u1eeb nh\u1eefng l\u00e1 rong bi\u1ec3n nguy\u00ean ch\u1ea5t \u0111\u01b0\u1ee3c s\u00e1y kh\u00f4 n\u00ean r\u1ea5t d\u1ec5 d\u00e0ng s\u1eed d\u1ee5ng v\u00e0 b\u1ea3o qu\u1ea3n \u1edf nhi\u1ec7t \u0111\u1ed9 th\u01b0\u1eddng.<\/div>\n<div>C\u00e1ch s\u1eed d\u1ee5ng: c\u00f3 th\u1ec3 d\u00f9ng tr\u1ef1c ti\u1ebfp ho\u1eb7c cu\u1ed9n c\u01a1m, l\u00e0m sushi n\u1ea5u canh rong bi\u1ec3n, ho\u1eb7c s\u00fap rong bi\u1ec3n, canh \u0111\u1eadu ph\u1ee5 non.<\/div>\n<\/div>","protected":false},"excerpt":{"rendered":"<p>Rong bi\u1ec3n n\u01b0\u1edbng d\u1ea7u oliu: Rong bi\u1ec3n (H\u00e0n Qu\u1ed1c) 61%, d\u1ea7u b\u1eafp (nh\u1eadp kh\u1ea9u) 20%, d\u1ea7u m\u00e8 8%, d\u1ea7u, Olive<\/p>","protected":false},"featured_media":11503,"comment_status":"open","ping_status":"closed","template":"","meta":[],"product_brand":[],"product_cat":[36,134],"product_tag":[],"class_list":{"0":"post-11432","1":"product","2":"type-product","3":"status-publish","4":"has-post-thumbnail","6":"product_cat-thuc-pham-tieu-dung","7":"product_cat-thucpham-saykho","9":"first","10":"outofstock","11":"sale","12":"shipping-taxable","13":"purchasable","14":"product-type-simple"},"_links":{"self":[{"href":"https:\/\/havamall.vn\/en\/wp-json\/wp\/v2\/product\/11432"}],"collection":[{"href":"https:\/\/havamall.vn\/en\/wp-json\/wp\/v2\/product"}],"about":[{"href":"https:\/\/havamall.vn\/en\/wp-json\/wp\/v2\/types\/product"}],"replies":[{"embeddable":true,"href":"https:\/\/havamall.vn\/en\/wp-json\/wp\/v2\/comments?post=11432"}],"version-history":[{"count":0,"href":"https:\/\/havamall.vn\/en\/wp-json\/wp\/v2\/product\/11432\/revisions"}],"wp:featuredmedia":[{"embeddable":true,"href":"https:\/\/havamall.vn\/en\/wp-json\/wp\/v2\/media\/11503"}],"wp:attachment":[{"href":"https:\/\/havamall.vn\/en\/wp-json\/wp\/v2\/media?parent=11432"}],"wp:term":[{"taxonomy":"product_brand","embeddable":true,"href":"https:\/\/havamall.vn\/en\/wp-json\/wp\/v2\/product_brand?post=11432"},{"taxonomy":"product_cat","embeddable":true,"href":"https:\/\/havamall.vn\/en\/wp-json\/wp\/v2\/product_cat?post=11432"},{"taxonomy":"product_tag","embeddable":true,"href":"https:\/\/havamall.vn\/en\/wp-json\/wp\/v2\/product_tag?post=11432"}],"curies":[{"name":"wp","href":"https:\/\/api.w.org\/{rel}","templated":true}]}}