{"id":11424,"date":"2019-07-03T13:36:49","date_gmt":"2019-07-03T06:36:49","guid":{"rendered":"https:\/\/havamall.vn\/?post_type=product&#038;p=11424"},"modified":"2021-06-10T11:02:48","modified_gmt":"2021-06-10T04:02:48","slug":"banh-gao-tuong-den-goi-yopokki-topbokki-black-soybean-sauce-rice-cake-120gr","status":"publish","type":"product","link":"https:\/\/havamall.vn\/en\/shop\/banh-gao-tuong-den-goi-yopokki-topbokki-black-soybean-sauce-rice-cake-120gr\/","title":{"rendered":"B\u00e1nh G\u1ea1o T\u01b0\u01a1ng \u0110en C\u1ed1c Yopokki \u2013 Topbokki Black Soybean Sauce Rice Cake 120gr"},"content":{"rendered":"<div class=\"html-content pdp-product-highlights\">\n<p>B\u00e1nh g\u1ea1o Tokbokki l\u00e0 m\u00f3n \u0103n truy\u1ec1n th\u1ed1ng r\u1ea5t n\u1ed5i ti\u1ebfng c\u1ee7a H\u00e0n Qu\u1ed1c. T\u1eebng mi\u1ebfng b\u00e1nh g\u1ea1o d\u1ebbo k\u1ebft h\u1ee3p v\u1edbi n\u01b0\u1edbc x\u1ed1t t\u01b0\u01a1ng \u0111en cho b\u1ea1n tr\u1ea3i nghi\u1ec7m tuy\u1ec7t v\u1eddi, nh\u1ea5t l\u00e0 v\u00e0o nh\u1eefng ng\u00e0y m\u01b0a hay m\u00f9a \u0111\u00f4ng.Trong g\u00f3i c\u00f3 s\u1eb5n b\u00e1nh g\u1ea1o v\u00e0 gia v\u1ecb; ch\u1ec9 c\u1ea7n th\u00eam n\u01b0\u1edbc l\u1ecdc v\u00e0o n\u1ea5u t\u1ea7m 5-10 l\u00e0 c\u00f3 th\u1ec3 \u0103n ngay. D\u00f9ng \u0111\u1ec3 \u0103n li\u1ec1n, mang \u0111i h\u1ecdc, c\u00f4ng t\u00e1c, d\u00e3 ngo\u1ea1i&#8230;C\u00f3 th\u1ec3 s\u1eed d\u1ee5ng cho ng\u01b0\u1eddi \u0103n chay<\/p>\n<p><img decoding=\"async\" class=\"aligncenter\" src=\"https:\/\/tea-2.lozi.vn\/v1\/images\/resized\/banh-gao-sot-tuong-den-1457600849-181730-1457600849?w=480&amp;type=o\" alt=\"K\u00e1\u00ba\u00bft qu\u00e1\u00ba\u00a3 h\u00c3\u00acnh \u00e1\u00ba\u00a3nh cho b\u00c3\u00a1nh g\u00e1\u00ba\u00a1o t\u00c6\u00b0\u00c6\u00a1ng \u00c4\u0091en\" \/><\/p>\n<\/div>\n<div class=\"html-content detail-content\">\n<div>Topokki l\u00e0 m\u00f3n b\u00e1nh g\u1ea1o r\u1ea5t ph\u1ed5 bi\u1ebfn v\u00e0 \u0111\u01b0\u1ee3c nhi\u1ec1u ng\u01b0\u1eddi y\u00eau th\u00edch t\u1ea1i H\u00e0n Qu\u1ed1c. Nh\u1eefng mi\u1ebfng b\u00e1nh d\u1ebbo h\u00f2a quy\u1ec7n c\u00f9ng n\u01b0\u1edbc s\u1ed1t \u0111\u1eadm \u0111\u00e0, ngon mi\u1ec7ng ch\u1eafc ch\u1eafn s\u1ebd l\u00e0m h\u00e0i l\u00f2ng b\u1ea5t c\u1ee9 ai khi l\u1ea7n \u0111\u1ea7u th\u01b0\u1edfng th\u1ee9c. Gi\u1edd \u0111\u00e2y v\u1edbi s\u1ea3n ph\u1ea9m B\u00e1nh g\u1ea1o Topokki v\u1ecb X\u1ed0T T\u01af\u01a0NG \u0110EN YOPOKKI b\u1ea1n c\u00f3 th\u1ec3 th\u01b0\u1edfng th\u1ee9c m\u00f3n b\u00e1nh n\u1ed5i ti\u1ebfng c\u1ee7a x\u1ee9 kim chi ngay t\u1ea1i nh\u00e0 v\u1edbi c\u00e1ch ch\u1ebf bi\u1ebfn r\u1ea5t \u0111\u01a1n gi\u1ea3n. Ch\u1ec9 c\u1ea7n m\u1ea5t t\u1eeb 5 &#8211; 7 ph\u00fat l\u00e0 b\u1ea1n \u0111\u00e3 c\u00f3 ngay m\u1ed9t t\u00f4 b\u00e1nh g\u1ea1o d\u1ebbo th\u01a1m l\u1eebng h\u00f2a quy\u1ec7n c\u00f9ng ph\u1ea7n s\u1ed1t ph\u00f4 mai th\u01a1m ng\u1eady.<\/div>\n<div><\/div>\n<div><img decoding=\"async\" class=\"aligncenter\" src=\"https:\/\/cf.shopee.vn\/file\/56b8b12ec83e27b3d3e935578c88782c\" alt=\"K\u00e1\u00ba\u00bft qu\u00e1\u00ba\u00a3 h\u00c3\u00acnh \u00e1\u00ba\u00a3nh cho b\u00c3\u00a1nh g\u00e1\u00ba\u00a1o t\u00c6\u00b0\u00c6\u00a1ng \u00c4\u0091en\" \/><\/div>\n<div>B\u1ea1n c\u00f3 th\u1ec3 d\u00f9ng B\u00e1nh g\u1ea1o Topokki v\u1ecb X\u1ed0T T\u01af\u01a0NG \u0110EN YOPOKKI k\u1ebft h\u1ee3p c\u00f9ng c\u00e1c nguy\u00ean li\u1ec7u kh\u00e1c nh\u01b0: ch\u1ea3 c\u00e1, mi\u1ebfn, tr\u1ee9ng, rau&#8230; \u0111\u1ec3 m\u00f3n \u0103n th\u00eam th\u01a1m ngon v\u00e0 b\u1ed5 d\u01b0\u1ee1ng h\u01a1n. B\u00e1nh g\u1ea1o Topokki YOPOKKI \u0111\u01b0\u1ee3c s\u1ea3n xu\u1ea5t tr\u00ean d\u00e2y chuy\u1ec1n c\u00f4ng ngh\u1ec7 hi\u1ec7n \u0111\u1ea1i c\u1ee7a H\u00e0n Qu\u1ed1c, \u0111\u1ea3m b\u1ea3o an to\u00e0n v\u1ec7 sinh cho s\u1ee9c kh\u1ecfe c\u1ee7a ng\u01b0\u1eddi s\u1eed d\u1ee5ng.<\/div>\n<div><\/div>\n<div>&#8211; C\u00e1ch s\u1eed d\u1ee5ng:<\/div>\n<div>*N\u1ea5u b\u1eb1ng ch\u1ea3o*: Sau khi b\u1ecf b\u00e1nh g\u1ea1o Topokki v\u00e0o ch\u1ea3o, b\u1ecf n\u01b0\u1edbc s\u1ed1t ho\u1eb7c b\u1ed9t phomai c\u00f9ng 100ml n\u01b0\u1edbc. Khi b\u1eaft \u0111\u1ea7u s\u00f4i, v\u1eb7n nh\u1ecf l\u1eeda v\u00e0 n\u1ea5u t\u1ea7m 5 ph\u00fat. T\u00f9y v\u00e0o kh\u1ea9u v\u1ecb c\u00f3 th\u1ec3 th\u00eam tr\u1ee9ng, x\u00fac x\u00edch, th\u1ecbt b\u00f2, c\u1ea3i th\u1ea3o,..v..v<\/div>\n<div>*N\u1ea5u b\u1eb1ng l\u00f2 vi s\u00f3ng*: Sau khi b\u1ecf b\u00e1nh g\u1ea1o Topokki v\u00e0o c\u1ed1c, b\u1ecf n\u01b0\u1edbc s\u1ed1t ho\u1eb7c b\u1ed9t phomai c\u00f9ng 20ml n\u01b0\u1edbc, tr\u1ed9n \u0111\u1ec1u r\u1ed3i \u0111\u1eady n\u1eafp h\u1edd ho\u1eb7c d\u00f9ng gi\u1ea5y warp cho v\u00e0o l\u00f2 vi s\u00f3ng. N\u1ea5u 1&#8217;30s v\u1edbi l\u00f2 vi s\u00f3ng 1000w v\u00e0 2&#8217;30s v\u1edbi l\u00f2 vi s\u00f3ng 700w.<\/div>\n<div>&#8211; C\u00f4ng d\u1ee5ng: \u0102n chay, qu\u00e0 t\u1eb7ng, m\u00f3n \u0103n nhanh (fastfood).<\/div>\n<div>&#8211; \u0110\u1eb7c \u0111i\u1ec3m n\u1ed5i b\u1eadt: Kh\u00f4ng cay, th\u00edch h\u1ee3p cho ng\u01b0\u1eddi kh\u00f4ng \u0103n \u0111\u01b0\u1ee3c cay. V\u1ecb gi\u1ed1ng m\u00ec t\u01b0\u01a1ng \u0111en. C\u00f3 th\u1ec3 d\u00f9ng cho ng\u01b0\u1eddi \u0103n chay.<\/div>\n<div>&#8211; Xu\u1ea5t x\u1ee9: H\u00e0n Qu\u1ed1c.<\/div>\n<div>&#8211; H\u1ea1n S\u1eed D\u1ee5ng: 12 th\u00e1ng k\u1ec3 t\u1eeb ng\u00e0y s\u1ea3n xu\u1ea5t (Xem tr\u00ean bao b\u00ec).<\/div>\n<\/div>\n<p>&nbsp;<\/p>","protected":false},"excerpt":{"rendered":"<p>B\u00e1nh g\u1ea1o Tokbokki l\u00e0 m\u00f3n \u0103n truy\u1ec1n th\u1ed1ng r\u1ea5t n\u1ed5i ti\u1ebfng c\u1ee7a H\u00e0n Qu\u1ed1c. T\u1eebng mi\u1ebfng b\u00e1nh g\u1ea1o d\u1ebbo k\u1ebft h\u1ee3p v\u1edbi n\u01b0\u1edbc s\u1ed1t t\u01b0\u01a1ng \u0111en cho b\u1ea1n tr\u1ea3i nghi\u1ec7m tuy\u1ec7t v\u1eddi, nh\u1ea5t l\u00e0 v\u00e0o nh\u1eefng ng\u00e0y m\u01b0a hay m\u00f9a \u0111\u00f4ng. Trong g\u00f3i c\u00f3 s\u1eb5n b\u00e1nh g\u1ea1o v\u00e0 gia v\u1ecb; ch\u1ec9 c\u1ea7n th\u00eam n\u01b0\u1edbc l\u1ecdc v\u00e0o n\u1ea5u t\u1ea7m 5-10 l\u00e0 c\u00f3 th\u1ec3 \u0103n ngay. D\u00f9ng \u0111\u1ec3 \u0103n li\u1ec1n, mang \u0111i h\u1ecdc, c\u00f4ng t\u00e1c, d\u00e3 ngo\u1ea1i\u2026C\u00f3 th\u1ec3 s\u1eed d\u1ee5ng cho ng\u01b0\u1eddi \u0103n chay<\/p>","protected":false},"featured_media":11425,"comment_status":"open","ping_status":"closed","template":"","meta":[],"product_brand":[],"product_cat":[133],"product_tag":[],"class_list":{"0":"post-11424","1":"product","2":"type-product","3":"status-publish","4":"has-post-thumbnail","6":"product_cat-banh-keo-chocolate","7":"pa_brand-yopokki","9":"first","10":"outofstock","11":"sale","12":"shipping-taxable","13":"purchasable","14":"product-type-simple"},"_links":{"self":[{"href":"https:\/\/havamall.vn\/en\/wp-json\/wp\/v2\/product\/11424"}],"collection":[{"href":"https:\/\/havamall.vn\/en\/wp-json\/wp\/v2\/product"}],"about":[{"href":"https:\/\/havamall.vn\/en\/wp-json\/wp\/v2\/types\/product"}],"replies":[{"embeddable":true,"href":"https:\/\/havamall.vn\/en\/wp-json\/wp\/v2\/comments?post=11424"}],"version-history":[{"count":0,"href":"https:\/\/havamall.vn\/en\/wp-json\/wp\/v2\/product\/11424\/revisions"}],"wp:featuredmedia":[{"embeddable":true,"href":"https:\/\/havamall.vn\/en\/wp-json\/wp\/v2\/media\/11425"}],"wp:attachment":[{"href":"https:\/\/havamall.vn\/en\/wp-json\/wp\/v2\/media?parent=11424"}],"wp:term":[{"taxonomy":"product_brand","embeddable":true,"href":"https:\/\/havamall.vn\/en\/wp-json\/wp\/v2\/product_brand?post=11424"},{"taxonomy":"product_cat","embeddable":true,"href":"https:\/\/havamall.vn\/en\/wp-json\/wp\/v2\/product_cat?post=11424"},{"taxonomy":"product_tag","embeddable":true,"href":"https:\/\/havamall.vn\/en\/wp-json\/wp\/v2\/product_tag?post=11424"}],"curies":[{"name":"wp","href":"https:\/\/api.w.org\/{rel}","templated":true}]}}