{"id":11419,"date":"2019-07-03T13:27:54","date_gmt":"2019-07-03T06:27:54","guid":{"rendered":"https:\/\/havamall.vn\/?post_type=product&#038;p=11419"},"modified":"2021-06-10T11:03:02","modified_gmt":"2021-06-10T04:03:02","slug":"banh-gao-yopbokki-sot-bo-hanh-coc-golden-onion-butter-rice-cake-120gr","status":"publish","type":"product","link":"https:\/\/havamall.vn\/en\/shop\/banh-gao-yopbokki-sot-bo-hanh-coc-golden-onion-butter-rice-cake-120gr\/","title":{"rendered":"B\u00e1nh G\u1ea1o Yopbokki S\u1ed1t B\u01a1 H\u00e0nh C\u1ed1c \u2013 Golden Onion Butter Rice Cake 120gr"},"content":{"rendered":"<div class=\"html-content pdp-product-highlights\">\n<p>B\u00e1nh g\u1ea1o Tokbokki l\u00e0 m\u00f3n \u0103n truy\u1ec1n th\u1ed1ng r\u1ea5t n\u1ed5i ti\u1ebfng c\u1ee7a H\u00e0n Qu\u1ed1cT\u1eebng mi\u1ebfng b\u00e1nh g\u1ea1o d\u1ebbo k\u1ebft h\u1ee3p v\u1edbi n\u01b0\u1edbc x\u1ed1t b\u01a1 h\u00e0nh cho b\u1ea1n tr\u1ea3i nghi\u1ec7m tuy\u1ec7t v\u1eddi, nh\u1ea5t l\u00e0 v\u00e0o nh\u1eefng ng\u00e0y m\u01b0a hay m\u00f9a \u0111\u00f4ng.Trong g\u00f3i c\u00f3 s\u1eb5n b\u00e1nh g\u1ea1o v\u00e0 gia v\u1ecb; ch\u1ec9 c\u1ea7n th\u00eam n\u01b0\u1edbc l\u1ecdc v\u00e0o n\u1ea5u t\u1ea7m 5-10 l\u00e0 c\u00f3 th\u1ec3 \u0103n ngayD\u00f9ng \u0111\u1ec3 \u0103n li\u1ec1n, mang \u0111i h\u1ecdc, c\u00f4ng t\u00e1c, d\u00e3 ngo\u1ea1i&#8230;C\u00f3 th\u1ec3 s\u1eed d\u1ee5ng cho ng\u01b0\u1eddi \u0103n chay<\/p>\n<p><img fetchpriority=\"high\" decoding=\"async\" class=\"wp-image-12459 aligncenter\" src=\"https:\/\/havamall.vn\/wp-content\/uploads\/2019\/04\/tokbokki-300x200.jpg\" alt=\"\" width=\"512\" height=\"341\" srcset=\"https:\/\/havamall.vn\/wp-content\/uploads\/2019\/04\/tokbokki-300x200.jpg 300w, https:\/\/havamall.vn\/wp-content\/uploads\/2019\/04\/tokbokki-430x287.jpg 430w, https:\/\/havamall.vn\/wp-content\/uploads\/2019\/04\/tokbokki-150x100.jpg 150w, https:\/\/havamall.vn\/wp-content\/uploads\/2019\/04\/tokbokki.jpg 600w\" sizes=\"(max-width: 512px) 100vw, 512px\" \/><\/p>\n<\/div>\n<div class=\"html-content detail-content\">\n<div>Topokki l\u00e0 m\u00f3n b\u00e1nh g\u1ea1o r\u1ea5t ph\u1ed5 bi\u1ebfn v\u00e0 \u0111\u01b0\u1ee3c nhi\u1ec1u ng\u01b0\u1eddi y\u00eau th\u00edch t\u1ea1i H\u00e0n Qu\u1ed1c. Nh\u1eefng mi\u1ebfng b\u00e1nh d\u1ebbo h\u00f2a quy\u1ec7n c\u00f9ng n\u01b0\u1edbc s\u1ed1t \u0111\u1eadm \u0111\u00e0, ngon mi\u1ec7ng ch\u1eafc ch\u1eafn s\u1ebd l\u00e0m h\u00e0i l\u00f2ng b\u1ea5t c\u1ee9 ai khi l\u1ea7n \u0111\u1ea7u th\u01b0\u1edfng th\u1ee9c. Gi\u1edd \u0111\u00e2y v\u1edbi s\u1ea3n ph\u1ea9m B\u00e1nh g\u1ea1o Topokki Yopokki x\u1ed1t b\u01a1 h\u00e0nh,\u200b\u200b\u200b b\u1ea1n c\u00f3 th\u1ec3 th\u01b0\u1edfng th\u1ee9c m\u00f3n b\u00e1nh n\u1ed5i ti\u1ebfng c\u1ee7a x\u1ee9 H\u00e0n ngay t\u1ea1i nh\u00e0 v\u1edbi c\u00e1ch ch\u1ebf bi\u1ebfn r\u1ea5t \u0111\u01a1n gi\u1ea3n. Ch\u1ec9 c\u1ea7n m\u1ea5t t\u1eeb 5 &#8211; 7 ph\u00fat l\u00e0 b\u1ea1n \u0111\u00e3 c\u00f3 ngay m\u00f3n b\u00e1nh g\u1ea1o\u200b d\u1ebbo th\u01a1m, mang l\u1ea1i nh\u1eefng tr\u1ea3i nghi\u1ec7m th\u00fa v\u1ecb cho ng\u01b0\u1eddi th\u01b0\u1edfng th\u1ee9c.<img decoding=\"async\" class=\"wp-image-12467 aligncenter\" src=\"https:\/\/havamall.vn\/wp-content\/uploads\/2019\/04\/b0b3a66680e2ca2cbcce180eb31e8fda-200x300.jpg\" alt=\"\" width=\"341\" height=\"512\" srcset=\"https:\/\/havamall.vn\/wp-content\/uploads\/2019\/04\/b0b3a66680e2ca2cbcce180eb31e8fda-200x300.jpg 200w, https:\/\/havamall.vn\/wp-content\/uploads\/2019\/04\/b0b3a66680e2ca2cbcce180eb31e8fda-430x645.jpg 430w, https:\/\/havamall.vn\/wp-content\/uploads\/2019\/04\/b0b3a66680e2ca2cbcce180eb31e8fda-150x225.jpg 150w, https:\/\/havamall.vn\/wp-content\/uploads\/2019\/04\/b0b3a66680e2ca2cbcce180eb31e8fda-700x1050.jpg 700w, https:\/\/havamall.vn\/wp-content\/uploads\/2019\/04\/b0b3a66680e2ca2cbcce180eb31e8fda-768x1152.jpg 768w, https:\/\/havamall.vn\/wp-content\/uploads\/2019\/04\/b0b3a66680e2ca2cbcce180eb31e8fda-683x1024.jpg 683w, https:\/\/havamall.vn\/wp-content\/uploads\/2019\/04\/b0b3a66680e2ca2cbcce180eb31e8fda-1200x1800.jpg 1200w, https:\/\/havamall.vn\/wp-content\/uploads\/2019\/04\/b0b3a66680e2ca2cbcce180eb31e8fda-600x900.jpg 600w, https:\/\/havamall.vn\/wp-content\/uploads\/2019\/04\/b0b3a66680e2ca2cbcce180eb31e8fda-scaled.jpg 1707w\" sizes=\"(max-width: 341px) 100vw, 341px\" \/><\/div>\n<div><\/div>\n<div>B\u00e1nh g\u1ea1o Topokki Yopokki l\u00e0 s\u1ea3n ph\u1ea9m \u0103n li\u1ec1n hi\u1ec7n \u0111\u1ea1i, ti\u1ec7n l\u1ee3i v\u1edbi h\u01b0\u01a1ng v\u1ecb th\u01a1m ngon, c\u00f3 th\u1ec3 k\u1ebft h\u1ee3p c\u00f9ng c\u00e1c nguy\u00ean li\u1ec7u kh\u00e1c nh\u01b0: ch\u1ea3 c\u00e1, mi\u1ebfn, tr\u1ee9ng, rau&#8230; \u0111\u1ec3 m\u00f3n \u0103n th\u00eam h\u1ea5p d\u1eabn v\u00e0 b\u1ed5 d\u01b0\u1ee1ng h\u01a1n. S\u1ea3n ph\u1ea9m \u0111\u01b0\u1ee3c s\u1ea3n xu\u1ea5t theo c\u00f4ng ngh\u1ec7 ti\u00ean ti\u1ebfn v\u00e0 quy tr\u00ecnh kh\u00e9p k\u00edn, \u0111\u1ea3m b\u1ea3o ch\u1ea5t l\u01b0\u1ee3ng s\u1ea3n ph\u1ea9m v\u00e0 an to\u00e0n cho s\u1ee9c kh\u1ecfe.<\/div>\n<div><strong>C\u00e1ch n\u1ea5u:<\/strong><\/div>\n<div>*Trong l\u00f2 vi s\u00f3ng:<\/div>\n<div>Sau khi m\u1edf n\u1eafp, b\u00f3c b\u00e1nh g\u1ea1o c\u00f3 trong t\u00fai nilon v\u00e0 b\u1ed9t gia v\u1ecb ra<\/div>\n<div>B\u1ecf b\u00e1nh g\u1ea1o v\u00e0 b\u1ed9t gia v\u1ecb v\u00e0o h\u1ed9p sau \u0111\u00f3 cho 20ml n\u01b0\u1edbc, l\u1eafc k\u1ef9 v\u00e0 \u0111\u1eady h\u00e9 n\u1eafp l\u1ea1i r\u1ed3i b\u1ecf v\u00e0o l\u00f2 vi s\u00f3ng<\/div>\n<div>N\u1ea5u trong l\u00f2 vi s\u00f3ng t\u1eeb 1 ph\u00fat \u0111\u1ebfn 1 ph\u00fat 30 gi\u00e2y (1000W), 2 ph\u00fat \u0111\u1ebfn 2 ph\u00fat 30 gi\u00e2y (700W) r\u1ed3i m\u1edbi \u0103n<\/div>\n<div>\n<p><strong>*Khi n\u1ea5u b\u1eb1ng ch\u1ea3o:<\/strong><\/p>\n<div>Sau khi b\u1ecf b\u00e1nh g\u1ea1o topokki v\u00e0o trong ch\u1ea3o, b\u1ecf n\u01b0\u1edbc s\u1ed1t v\u00e0 100ml n\u01b0\u1edbc v\u00e0o<\/div>\n<div>Khi b\u1eaft \u0111\u1ea7u s\u00f4i \u0111i\u1ec1u ch\u1ec9nh l\u1eeda \u0111un t\u1ea7m 5 ph\u00fat<\/div>\n<\/div>\n<p>T\u00f9y thu\u1ed9c v\u00e0o m\u1ecdi ng\u01b0\u1eddi c\u00f3 th\u1ec3 b\u1ecf th\u00eam ch\u1ea3 c\u00e1, mi\u1ebfn, tr\u1ee9ng, rau&#8230; v\u00e0o \u0111\u1ec3 \u0111\u01b0\u1ee3c m\u00f3n topokki ngon mi\u1ec7ng h\u01a1n<\/p>\n<div>H\u1ea1n s\u1eed d\u1ee5ng: 12 th\u00e1ng k\u1ec3 t\u1eeb ng\u00e0y s\u1ea3n xu\u1ea5t<\/div>\n<\/div>\n<p>&nbsp;<\/p>\n<p>&nbsp;<\/p>","protected":false},"excerpt":{"rendered":"<p>B\u00e1nh g\u1ea1o Topbokki l\u00e0 m\u00f3n \u0103n truy\u1ec1n th\u1ed1ng r\u1ea5t n\u1ed5i ti\u1ebfng c\u1ee7a H\u00e0n Qu\u1ed1c. T\u1eebng mi\u1ebfng b\u00e1nh g\u1ea1o d\u1ebbo k\u1ebft h\u1ee3p v\u1edbi n\u01b0\u1edbc s\u1ed1t b\u01a1 h\u00e0nh cho b\u1ea1n tr\u1ea3i nghi\u1ec7m tuy\u1ec7t v\u1eddi, nh\u1ea5t l\u00e0 v\u00e0o nh\u1eefng ng\u00e0y m\u01b0a hay m\u00f9a \u0111\u00f4ng. Trong h\u1ed9p c\u00f3 s\u1eb5n b\u00e1nh g\u1ea1o v\u00e0 gia v\u1ecb; ch\u1ec9 c\u1ea7n th\u00eam n\u01b0\u1edbc l\u1ecdc v\u00e0o n\u1ea5u t\u1ea7m 5-10 l\u00e0 c\u00f3 th\u1ec3 \u0103n ngay. D\u00f9ng \u0111\u1ec3 \u0103n li\u1ec1n, mang \u0111i h\u1ecdc, c\u00f4ng t\u00e1c, d\u00e3 ngo\u1ea1i\u2026C\u00f3 th\u1ec3 s\u1eed d\u1ee5ng cho ng\u01b0\u1eddi \u0103n chay<\/p>","protected":false},"featured_media":11420,"comment_status":"open","ping_status":"closed","template":"","meta":[],"product_brand":[],"product_cat":[133],"product_tag":[],"class_list":{"0":"post-11419","1":"product","2":"type-product","3":"status-publish","4":"has-post-thumbnail","6":"product_cat-banh-keo-chocolate","7":"pa_brand-yopokki","9":"first","10":"outofstock","11":"sale","12":"shipping-taxable","13":"purchasable","14":"product-type-simple"},"_links":{"self":[{"href":"https:\/\/havamall.vn\/en\/wp-json\/wp\/v2\/product\/11419"}],"collection":[{"href":"https:\/\/havamall.vn\/en\/wp-json\/wp\/v2\/product"}],"about":[{"href":"https:\/\/havamall.vn\/en\/wp-json\/wp\/v2\/types\/product"}],"replies":[{"embeddable":true,"href":"https:\/\/havamall.vn\/en\/wp-json\/wp\/v2\/comments?post=11419"}],"version-history":[{"count":0,"href":"https:\/\/havamall.vn\/en\/wp-json\/wp\/v2\/product\/11419\/revisions"}],"wp:featuredmedia":[{"embeddable":true,"href":"https:\/\/havamall.vn\/en\/wp-json\/wp\/v2\/media\/11420"}],"wp:attachment":[{"href":"https:\/\/havamall.vn\/en\/wp-json\/wp\/v2\/media?parent=11419"}],"wp:term":[{"taxonomy":"product_brand","embeddable":true,"href":"https:\/\/havamall.vn\/en\/wp-json\/wp\/v2\/product_brand?post=11419"},{"taxonomy":"product_cat","embeddable":true,"href":"https:\/\/havamall.vn\/en\/wp-json\/wp\/v2\/product_cat?post=11419"},{"taxonomy":"product_tag","embeddable":true,"href":"https:\/\/havamall.vn\/en\/wp-json\/wp\/v2\/product_tag?post=11419"}],"curies":[{"name":"wp","href":"https:\/\/api.w.org\/{rel}","templated":true}]}}