{"id":11410,"date":"2019-07-01T17:27:55","date_gmt":"2019-07-01T10:27:55","guid":{"rendered":"https:\/\/havamall.vn\/?post_type=product&#038;p=11410"},"modified":"2025-03-20T16:45:27","modified_gmt":"2025-03-20T09:45:27","slug":"qua-olive-den-tach-hat-la-rambla-black-pitted-olives-235gr-2","status":"publish","type":"product","link":"https:\/\/havamall.vn\/en\/shop\/qua-olive-den-tach-hat-la-rambla-black-pitted-olives-235gr-2\/","title":{"rendered":"Qu\u1ea3 Olive \u0110en T\u00e1ch H\u1ea1t &#8211; La Rambla Black Pitted Olives 235gr"},"content":{"rendered":"<table>\n<tbody>\n<tr>\n<td class=\"specs-table__property\">Kh\u1ed1i l\u01b0\u1ee3ng<\/td>\n<td class=\"specs-table__value\">235g<\/td>\n<\/tr>\n<tr>\n<td class=\"specs-table__property\">Th\u01b0\u01a1ng hi\u1ec7u<\/td>\n<td class=\"specs-table__value\">La Rambla<\/td>\n<\/tr>\n<tr>\n<td class=\"specs-table__property\">H\u1ea1n s\u1eed d\u1ee5ng<\/td>\n<td class=\"specs-table__value\">3 n\u0103m k\u1ec3 t\u1eeb ng\u00e0y s\u1ea3n xu\u1ea5t<\/td>\n<\/tr>\n<tr>\n<td class=\"specs-table__property\">H\u01b0\u1edbng d\u1eabn s\u1eed d\u1ee5ng<\/td>\n<td class=\"specs-table__value\">D\u00f9ng \u0103n tr\u1ef1c ti\u1ebfp ho\u1eb7c ch\u1ebf bi\u1ebfn c\u00e1c m\u00f3n salad, khai v\u1ecb, n\u1ea5u chung v\u1edbi b\u00f2, g\u00e0 hay m\u00ec \u00dd, pizza,\u2026<\/td>\n<\/tr>\n<tr>\n<td class=\"specs-table__property\">H\u01b0\u1edbng d\u1eabn b\u1ea3o qu\u1ea3n<\/td>\n<td class=\"specs-table__value\">B\u1ea3o qu\u1ea3n \u1edf nhi\u1ec7t \u0111\u1ed9 th\u01b0\u1eddng, gi\u1eef l\u1ea1nh sau khi m\u1edf n\u1eafp<\/td>\n<\/tr>\n<tr>\n<td class=\"specs-table__property\">Th\u00e0nh ph\u1ea7n nguy\u00ean li\u1ec7u<\/td>\n<td class=\"specs-table__value\">Qu\u1ea3 \u00f4 liu ch\u00edn, mu\u1ed1i bi\u1ec3n, n\u01b0\u1edbc<\/td>\n<\/tr>\n<tr>\n<td class=\"specs-table__property\">Xu\u1ea5t X\u1ee9<\/td>\n<td class=\"specs-table__value\">T\u00e2y Ban Nha<\/td>\n<\/tr>\n<\/tbody>\n<\/table>\n<p>Qu\u1ea3 Olive \u0110en T\u00e1ch H\u1ea1t La Rambla Black Pitted Olives 235g c\u00f3 th\u00e0nh ph\u1ea7n ch\u00ednh l\u00e0 qu\u1ea3 Olive ch\u00edn m\u1ecdng Manzanilla, m\u1ed9t trong nh\u1eefng lo\u1ea1i Olive n\u1ed5i ti\u1ebfng tr\u00ean to\u00e0n th\u1ebf gi\u1edbi. S\u1ea3n ph\u1ea9m \u0111\u01b0\u1ee3c nh\u1eadp kh\u1ea9u tr\u1ef1c ti\u1ebfp t\u1eeb T\u00e2y Ban Nha. Olive \u0111en t\u00e1ch h\u1ea1t La Rambla v\u1eeba l\u00e0 nguy\u00ean li\u1ec7u h\u1ea5p d\u1eabn d\u00f9ng trong c\u00e1c m\u00f3n \u0103n, v\u1eeba c\u00f3 nhi\u1ec1u c\u00f4ng d\u1ee5ng t\u1ed1t cho s\u1ee9c kh\u1ecfe.<\/p>\n<p><img fetchpriority=\"high\" decoding=\"async\" class=\"wp-image-20665 aligncenter\" src=\"https:\/\/havamall.vn\/wp-content\/uploads\/2025\/03\/38205964_270525093746103_3624783889077108736_n-300x225.png\" alt=\"\" width=\"677\" height=\"507\" \/><\/p>\n<p>Qu\u1ea3 Olive \u0110en T\u00e1ch H\u1ea1t La Rambla c\u00f3 th\u00e0nh ph\u1ea7n ch\u00ednh l\u00e0 qu\u1ea3 Olive ch\u00edn m\u1ecdng Manzanilla T\u00e2y Ban Nha. \u0110\u00e2y l\u00e0 m\u1ed9t trong nh\u1eefng lo\u1ea1i Olive n\u1ed5i ti\u1ebfng tr\u00ean to\u00e0n th\u1ebf gi\u1edbi. Olive \u0111en l\u00e0 nh\u1eefng qu\u1ea3 Olive \u0111\u01b0\u1ee3c thu ho\u1ea1ch khi \u0111\u00e3 ch\u00edn, qu\u1ea3 m\u1ec1m v\u00e0 c\u00f3 v\u1ecb \u0111\u1eadm h\u01a1n so v\u1edbi qu\u1ea3 Olive xanh.<\/p>\n<p><img decoding=\"async\" class=\"wp-image-20658 aligncenter\" src=\"https:\/\/havamall.vn\/wp-content\/uploads\/2025\/03\/0abf07b00-300x200.png\" alt=\"\" width=\"673\" height=\"448\" \/><\/p>\n<p>Olive \u0111en Manzanilla \u0111\u00e3 \u0111\u01b0\u1ee3c t\u00e1ch h\u1ea1t v\u00e0 ng\u00e2m trong n\u01b0\u1edbc mu\u1ed1i. Sau \u0111\u00f3 \u0111\u01b0\u1ee3c \u0111\u00f3ng g\u00f3i \u0111\u1ea1t quy chu\u1ea9n \u0111\u1ec3 lu\u00f4n gi\u1eef \u0111\u01b0\u1ee3c m\u00f9i v\u1ecb th\u01a1m ngon, h\u1ea5p d\u1eabn nh\u01b0 ban \u0111\u1ea7u.<\/p>\n<p><img decoding=\"async\" class=\"wp-image-20659 aligncenter\" src=\"https:\/\/havamall.vn\/wp-content\/uploads\/2025\/03\/cach-lam-salad-giam-300x200.png\" alt=\"\" width=\"682\" height=\"454\" \/><\/p>\n<p>\u00d4 liu t\u00e1ch h\u1ea1t La Rambla<strong>\u200b\u00a0<\/strong>\u0111\u00e3 \u0111\u01b0\u1ee3c s\u01a1 ch\u1ebf, l\u00e0m s\u1ea1ch v\u00e0 \u0111\u00f3ng h\u1ed9p\u00a0\u0111\u1eb9p m\u1eaft, h\u1ee3p v\u1ec7 sinh r\u1ea5t ti\u1ec7n l\u1ee3i cho vi\u1ec7c s\u1eed d\u1ee5ng v\u00e0 b\u1ea3o qu\u1ea3n l\u00e2u. V\u1edbi nh\u1eefng tr\u00e1i \u00f4 liu\u00a0b\u1ea1n c\u00f3 th\u1ec3 \u0103n nh\u01b0 m\u1ed9t m\u00f3n khai v\u1ecb hay cho th\u00eam ch\u00fang v\u00e0o m\u00f3n n\u01b0\u1edbng, c\u00e1c m\u00f3n salad, b\u00e1nh m\u00ec, n\u01b0\u1edbc s\u1ed1t c\u00e1, l\u00e0m nh\u00e2n b\u00e1nh pizza\u2026 \u0111\u1ec1u r\u1ea5t th\u01a1m ngon, b\u1ed5 d\u01b0\u1ee1ng.<\/p>\n<p><img loading=\"lazy\" decoding=\"async\" class=\"wp-image-20660 aligncenter\" src=\"https:\/\/havamall.vn\/wp-content\/uploads\/2025\/03\/Spanish-Blac-300x300.png\" alt=\"\" width=\"682\" height=\"682\" \/><\/p>\n<p>\u00d4 liu\u00a0kh\u00f4ng ch\u1ec9 l\u00e0 m\u1ed9t m\u00f3n \u0103n ngon m\u00e0 c\u00f2n l\u00e0 lo\u1ea1i th\u1ef1c ph\u1ea9m ch\u1ee9a nhi\u1ec1u ch\u1ea5t b\u00e9o kh\u00f4ng b\u00e3o h\u00f2a, l\u00e0m gi\u1ea3m \u0111\u01b0\u1ee3c l\u01b0\u1ee3ng cholesterol trong c\u01a1 th\u1ec3. Qu\u1ea3 \u00f4 liu r\u1ea5t gi\u00e0u vitanmin E v\u00e0 c\u00f3 ch\u1ea5t ch\u1ed1ng oxy h\u00f3a cao gi\u00fap ch\u1ed1ng l\u00e3o h\u00f3a, ng\u0103n ng\u1eeba c\u00e1c b\u1ec7nh v\u1ec1 tim m\u1ea1ch, h\u1ea1 huy\u1ebft \u00e1p, ng\u0103n ng\u1eeba ung th\u01b0, \u0111\u1eb7c bi\u1ec7t c\u00f2n r\u1ea5t t\u1ed1t cho s\u1eafc \u0111\u1eb9p c\u1ee7a ch\u1ecb em ph\u1ee5 n\u1eef.<\/p>\n<p><img loading=\"lazy\" decoding=\"async\" class=\"size-full wp-image-11411 aligncenter\" src=\"https:\/\/havamall.vn\/wp-content\/uploads\/2025\/03\/oliu-1431939974597.jpg\" alt=\"\" width=\"640\" height=\"499\" \/><\/p>\n<h4><strong>C\u00f4ng d\u1ee5ng c\u1ee7a s\u1ea3n ph\u1ea9m:<\/strong><\/h4>\n<p>&#8211; Th\u00e0nh ph\u1ea7n: Qu\u1ea3 \u00f4 liu\u0111en, n\u01b0\u1edbc, mu\u1ed1i, ferrous gluconate.<\/p>\n<p>&#8211; Qu\u1ea3 Olive \u0111en cung c\u1ea5p l\u01b0\u1ee3ng dinh d\u01b0\u1ee1ng l\u1edbn, l\u00e0 th\u1ef1c ph\u1ea9m c\u00f3 l\u1ee3i cho s\u1ee9c kh\u1ecfe<\/p>\n<p>&#8211; Qu\u1ea3 Olive ch\u1ee9a Clo c\u00f3 th\u1ec3 c\u1ea3i thi\u1ec7n ch\u1ee9c n\u0103ng gan, cho ph\u00e9p lo\u1ea1i b\u1ecf ch\u1ea5t th\u1ea3i ra kh\u1ecfi c\u01a1 th\u1ec3.<\/p>\n<p>&#8211; Vitamin A, D, E, v\u00e0 K gi\u00fap t\u0103ng tr\u01b0\u1edfng x\u01b0\u01a1ng.<\/p>\n<p>&#8211; H\u01b0\u01a1ng v\u1ecb \u0111\u1eb7c tr\u01b0ng v\u00e0 h\u01b0\u01a1ng th\u01a1m t\u1ef1 nhi\u00ean c\u1ee7a Olive \u0111\u01b0\u1ee3c t\u1ea1o n\u00ean t\u1eeb Polyphenol, ch\u1ea5t n\u00e0y c\u00f3 l\u1ee3i trong vi\u1ec7c ch\u1ed1ng l\u1ea1i ung th\u01b0, kh\u00e1ng vi\u00eam t\u1ed1t.<\/p>\n<p>&#8211; Qu\u1ea3 Olive ch\u1ee9a vitamin E v\u00e0 c\u00e1c ch\u1ea5t ch\u1ed1ng oxy h\u00f3a, l\u00e0m gi\u1ea3m nguy c\u01a1 t\u1ed5n th\u01b0\u01a1ng t\u1ebf b\u00e0o, gi\u00fap l\u00e0m da m\u1ecbn m\u00e0ng v\u00e0 t\u01b0\u01a1i tr\u1ebb.<\/p>\n<p>S\u1ea3n ph\u1ea9m hi\u1ec7n \u0111\u00e3 c\u00f3 m\u1eb7t t\u1ea1i Havamall.<\/p>","protected":false},"excerpt":{"rendered":"<p>Kh\u1ed1i l\u01b0\u1ee3ng 235g Th\u01b0\u01a1ng hi\u1ec7u La Rambla H\u1ea1n s\u1eed d\u1ee5ng 3 n\u0103m k\u1ec3 t\u1eeb ng\u00e0y s\u1ea3n xu\u1ea5t H\u01b0\u1edbng d\u1eabn s\u1eed<\/p>","protected":false},"featured_media":11407,"comment_status":"open","ping_status":"closed","template":"","meta":[],"product_brand":[],"product_cat":[683,36,143],"product_tag":[],"class_list":{"0":"post-11410","1":"product","2":"type-product","3":"status-publish","4":"has-post-thumbnail","6":"product_cat-nhap-khau-tay-ban-nha","7":"product_cat-thuc-pham-tieu-dung","8":"product_cat-thuc-pham-dong-hop","10":"first","11":"instock","12":"sale","13":"shipping-taxable","14":"purchasable","15":"product-type-simple"},"_links":{"self":[{"href":"https:\/\/havamall.vn\/en\/wp-json\/wp\/v2\/product\/11410"}],"collection":[{"href":"https:\/\/havamall.vn\/en\/wp-json\/wp\/v2\/product"}],"about":[{"href":"https:\/\/havamall.vn\/en\/wp-json\/wp\/v2\/types\/product"}],"replies":[{"embeddable":true,"href":"https:\/\/havamall.vn\/en\/wp-json\/wp\/v2\/comments?post=11410"}],"version-history":[{"count":0,"href":"https:\/\/havamall.vn\/en\/wp-json\/wp\/v2\/product\/11410\/revisions"}],"wp:featuredmedia":[{"embeddable":true,"href":"https:\/\/havamall.vn\/en\/wp-json\/wp\/v2\/media\/11407"}],"wp:attachment":[{"href":"https:\/\/havamall.vn\/en\/wp-json\/wp\/v2\/media?parent=11410"}],"wp:term":[{"taxonomy":"product_brand","embeddable":true,"href":"https:\/\/havamall.vn\/en\/wp-json\/wp\/v2\/product_brand?post=11410"},{"taxonomy":"product_cat","embeddable":true,"href":"https:\/\/havamall.vn\/en\/wp-json\/wp\/v2\/product_cat?post=11410"},{"taxonomy":"product_tag","embeddable":true,"href":"https:\/\/havamall.vn\/en\/wp-json\/wp\/v2\/product_tag?post=11410"}],"curies":[{"name":"wp","href":"https:\/\/api.w.org\/{rel}","templated":true}]}}