{"id":11397,"date":"2019-07-01T17:27:13","date_gmt":"2019-07-01T10:27:13","guid":{"rendered":"https:\/\/havamall.vn\/?post_type=product&#038;p=11397"},"modified":"2023-01-31T16:54:43","modified_gmt":"2023-01-31T09:54:43","slug":"dau-extra-virgin-olive-oil-la-rambla","status":"publish","type":"product","link":"https:\/\/havamall.vn\/en\/shop\/dau-extra-virgin-olive-oil-la-rambla\/","title":{"rendered":"D\u1ea7u Extra Virgin Olive Oil La Rambla 250gr &#8211; La Rambla Extra Virgin Olive Oil  250gr"},"content":{"rendered":"<p><strong>D\u1ea7u Extra Virgin Olive Oil La Rambla (250ml)\u00a0<\/strong>\u0111\u01b0\u1ee3c nh\u1eadp kh\u1ea9u tr\u1ef1c ti\u1ebfp t\u1eeb T\u00e2y Ban Nha v\u1edbi th\u00e0nh ph\u1ea7n 100% d\u1ea7u Olive nguy\u00ean ch\u1ea5t. D\u1ea7u \u0111\u01b0\u1ee3c d\u00f9ng \u0111\u1ec3 ch\u1ebf bi\u1ebfn m\u00f3n \u0103n l\u00e0m t\u0103ng h\u01b0\u01a1ng v\u1ecb, t\u1ed1t cho s\u1ee9c kh\u1ecfe. D\u1ea7u Olive c\u0169ng l\u00e0 m\u1ed9t s\u1ea3n ph\u1ea9m l\u00e0m \u0111\u1eb9p c\u1ef1c k\u1ef3 \u01b0a th\u00edch c\u1ee7a ch\u1ecb em, v\u1edbi nhi\u1ec1u c\u00f4ng d\u1ee5ng t\u1ed1t cho da v\u00e0 t\u00f3c.<\/p>\n<p><img fetchpriority=\"high\" decoding=\"async\" class=\"wp-image-12701 aligncenter\" src=\"https:\/\/havamall.vn\/wp-content\/uploads\/2019\/07\/AN257-Pouring-Olive-Oil-732x549-thumb-300x225.jpg\" alt=\"\" width=\"559\" height=\"419\" srcset=\"https:\/\/havamall.vn\/wp-content\/uploads\/2019\/07\/AN257-Pouring-Olive-Oil-732x549-thumb-300x225.jpg 300w, https:\/\/havamall.vn\/wp-content\/uploads\/2019\/07\/AN257-Pouring-Olive-Oil-732x549-thumb-430x323.jpg 430w, https:\/\/havamall.vn\/wp-content\/uploads\/2019\/07\/AN257-Pouring-Olive-Oil-732x549-thumb-150x113.jpg 150w, https:\/\/havamall.vn\/wp-content\/uploads\/2019\/07\/AN257-Pouring-Olive-Oil-732x549-thumb-700x525.jpg 700w, https:\/\/havamall.vn\/wp-content\/uploads\/2019\/07\/AN257-Pouring-Olive-Oil-732x549-thumb-600x450.jpg 600w, https:\/\/havamall.vn\/wp-content\/uploads\/2019\/07\/AN257-Pouring-Olive-Oil-732x549-thumb.jpg 732w\" sizes=\"(max-width: 559px) 100vw, 559px\" \/><\/p>\n<p>&nbsp;<\/p>\n<p><strong>Th\u00f4ng tin s\u1ea3n ph\u1ea9m<\/strong><\/p>\n<p><strong>S\u1ea3n ph\u1ea9m ch\u1ea5t l\u01b0\u1ee3ng, an to\u00e0n cho s\u1ee9c kh\u1ecfe<\/strong><\/p>\n<p>D\u1ea7u Extra Virgin Olive Oil La Rambla 250ml \u0111\u01b0\u1ee3c nh\u1eadp kh\u1ea9u tr\u1ef1c ti\u1ebfp t\u1eeb T\u00e2y Ban Nha, \u0111\u00e3 qua ki\u1ec3m \u0111\u1ecbnh v\u1ec1 v\u1ec7 sinh an to\u00e0n th\u1ef1c ph\u1ea9m.<\/p>\n<p>D\u1ea7u \u0111\u01b0\u1ee3c \u00e9p ngu\u1ed9i tr\u1ef1c ti\u1ebfp t\u1eeb nh\u1eefng tr\u00e1i Olive t\u01b0\u01a1i xanh, kh\u00f4ng pha tr\u1ed9n b\u1ea5t c\u1ee9 th\u00e0nh ph\u1ea7n n\u00e0o kh\u00e1c. \u0110\u00e2y l\u00e0 s\u1ea3n ph\u1ea9m d\u1ea7u Olive th\u01b0\u1ee3ng h\u1ea1ng, duy tr\u00ec ch\u00ednh x\u00e1c h\u01b0\u01a1ng v\u1ecb c\u1ee7a qu\u1ea3 Olive.<\/p>\n<p><strong>D\u1ea7u Olive<\/strong>\u00a0<strong>cung c\u1ea5p l\u01b0\u1ee3ng dinh d\u01b0\u1ee1ng l\u1edbn, l\u00e0 th\u1ef1c ph\u1ea9m c\u00f3 l\u1ee3i cho s\u1ee9c kh\u1ecfe<\/strong><\/p>\n<p>D\u1ea7u Olive l\u00e0 m\u1ed9t ch\u1ea5t b\u00e9o r\u1ea5t c\u00f3 l\u1ee3i cho c\u01a1 th\u1ec3, ch\u1ee9a nhi\u1ec1u lo\u1ea1i Vitamin\u00a0A, D, D, F, K, Vitamin dung ho\u00e0 ch\u1ea5t b\u00e9o v\u00e0 ch\u1ea5t ch\u1ed1ng oxy ho\u00e1 nh\u01b0ng l\u1ea1i kh\u00f4ng Cholesterol\u00a0\u00a0n\u00ean kh\u1ea3 n\u0103ng h\u1ea5p th\u1ee5 v\u00e0 ti\u00eau ho\u00e1 v\u00e0o trong c\u01a1 th\u1ec3 l\u00e0 r\u1ea5t l\u1edbn.<\/p>\n<p>D\u1ea7u Olive c\u00f3 th\u1ec3 ph\u00f2ng ng\u1eeba c\u00e1c ch\u1ee9ng b\u1ec7nh nh\u01b0 x\u01a1 c\u1ee9ng \u0111\u1ed9ng m\u1ea1ch, cao huy\u1ebft \u00e1p,\u00a0\u00a0b\u1ec7nh tim, th\u1eadn\u00a0suy y\u1ebfu, xu\u1ea5t huy\u1ebft n\u00e3o th\u00f4ng qua vi\u1ec7c th\u00fac \u0111\u1ea9y tu\u1ea7n ho\u00e0n m\u00e1u.<\/p>\n<p>D\u1ea7u Olive gi\u00fap t\u0103ng c\u01b0\u1eddng ch\u1ee9c n\u0103ng trao \u0111\u1ed5i ch\u1ea5t, th\u00fac \u0111\u1ea9y h\u1ec7 x\u01b0\u01a1ng ph\u00e1t tri\u1ec3n, gi\u1ea3m nguy c\u01a1 h\u00ecnh th\u00e0nh lo\u00e3ng x\u01b0\u01a1ng, ch\u1ed1ng ung th\u01b0, ch\u1ed1ng tia ph\u00f3ng x\u1ea1 v\u00e0 ph\u00f2ng b\u1ec7nh tim m\u1ea1ch.<\/p>\n<p>&nbsp;<\/p>\n<p>&nbsp;<\/p>\n<p>&nbsp;<\/p>\n<p>&nbsp;<\/p>\n<p>&nbsp;<\/p>\n<p>&nbsp;<\/p>","protected":false},"excerpt":{"rendered":"<p>D\u1ea7u \u00f4 liu Extra Virgin l\u00e0 lo\u1ea1i ch\u1ea5t b\u00e9o duy nh\u1ea5t \u0111\u01b0\u1ee3c chi\u1ebft xu\u1ea5t t\u1eeb tr\u00e1i c\u00e2y t\u01b0\u01a1i v\u00e0 kh\u00f4ng c\u00f3 ch\u1ea5t ph\u1ee5 gia trong qu\u00e1 tr\u00ecnh chi\u1ebft xu\u1ea5t . Nh\u1edd v\u00e0o \u0111\u00f3, n\u00f3 gi\u1eef l\u1ea1i \u0111\u01b0\u1ee3c to\u00e0n b\u1ed9 nh\u1eefng ch\u1ea5t dinh d\u01b0\u1ee1ng v\u00e0 vi ch\u1ea5t c\u00f3 trong tr\u00e1i \u00f4 liu t\u01b0\u01a1i. V\u00ec v\u1eady, n\u00f3 l\u00e0 lo\u1ea1i d\u1ea7u r\u1ea5t c\u00f3 l\u1ee3i cho c\u01a1 th\u1ec3, d\u1ea7u \u00f4 liu ch\u1ee9a nhi\u1ec1u lo\u1ea1i vitamin A, D, D, F, K, ch\u1ea5t carotine, vitamin dung ho\u00e0 ch\u1ea5t b\u00e9o v\u00e0 ch\u1ea5t ch\u1ed1ng oxy ho\u00e1, n\u00ean kh\u1ea3 n\u0103ng h\u1ea5p th\u1ee5 v\u00e0 ti\u00eau ho\u00e1 v\u00e0o trong c\u01a1 th\u1ec3 l\u00e0 r\u1ea5t l\u1edbn.<\/p>\n<p>&nbsp;<\/p>","protected":false},"featured_media":11409,"comment_status":"open","ping_status":"closed","template":"","meta":[],"product_brand":[],"product_cat":[36,143],"product_tag":[],"class_list":{"0":"post-11397","1":"product","2":"type-product","3":"status-publish","4":"has-post-thumbnail","6":"product_cat-thuc-pham-tieu-dung","7":"product_cat-thuc-pham-dong-hop","8":"pa_brand-la-rambla","10":"first","11":"outofstock","12":"sale","13":"shipping-taxable","14":"purchasable","15":"product-type-simple"},"_links":{"self":[{"href":"https:\/\/havamall.vn\/en\/wp-json\/wp\/v2\/product\/11397"}],"collection":[{"href":"https:\/\/havamall.vn\/en\/wp-json\/wp\/v2\/product"}],"about":[{"href":"https:\/\/havamall.vn\/en\/wp-json\/wp\/v2\/types\/product"}],"replies":[{"embeddable":true,"href":"https:\/\/havamall.vn\/en\/wp-json\/wp\/v2\/comments?post=11397"}],"version-history":[{"count":0,"href":"https:\/\/havamall.vn\/en\/wp-json\/wp\/v2\/product\/11397\/revisions"}],"wp:featuredmedia":[{"embeddable":true,"href":"https:\/\/havamall.vn\/en\/wp-json\/wp\/v2\/media\/11409"}],"wp:attachment":[{"href":"https:\/\/havamall.vn\/en\/wp-json\/wp\/v2\/media?parent=11397"}],"wp:term":[{"taxonomy":"product_brand","embeddable":true,"href":"https:\/\/havamall.vn\/en\/wp-json\/wp\/v2\/product_brand?post=11397"},{"taxonomy":"product_cat","embeddable":true,"href":"https:\/\/havamall.vn\/en\/wp-json\/wp\/v2\/product_cat?post=11397"},{"taxonomy":"product_tag","embeddable":true,"href":"https:\/\/havamall.vn\/en\/wp-json\/wp\/v2\/product_tag?post=11397"}],"curies":[{"name":"wp","href":"https:\/\/api.w.org\/{rel}","templated":true}]}}