{"id":11385,"date":"2019-06-26T14:16:05","date_gmt":"2019-06-26T07:16:05","guid":{"rendered":"https:\/\/havamall.vn\/?post_type=product&#038;p=11385"},"modified":"2025-03-18T15:46:45","modified_gmt":"2025-03-18T08:46:45","slug":"ot-chung-dau-dau-den-280gr","status":"publish","type":"product","link":"https:\/\/havamall.vn\/en\/shop\/ot-chung-dau-dau-den-280gr\/","title":{"rendered":"\u1edat Ch\u01b0ng V\u1ecb T\u00e0u X\u00ec Laoganma &#8211; Laoganma Chili Oil Sauce_Black Bean 280gr"},"content":{"rendered":"<div><\/div>\n<div>\n<h2><strong>TH\u00d4NG TIN CHUNG<\/strong><\/h2>\n<div>\n<table border=\"2\">\n<tbody>\n<tr>\n<td><strong>Th\u01b0\u01a1ng hi\u1ec7u<\/strong><\/td>\n<td>Laoganma<\/td>\n<\/tr>\n<tr>\n<td><strong>Xu\u1ea5t x\u1ee9<\/strong><\/td>\n<td>Trung Qu\u1ed1c<\/td>\n<\/tr>\n<tr>\n<td><strong>Th\u00e0nh ph\u1ea7n<\/strong><\/td>\n<td>D\u1ea7u \u0111\u1eadu n\u00e0nh 45%, t\u00e0u x\u00ec (\u0111\u1eadu n\u00e0nh, n\u01b0\u1edbc, mu\u1ed1i \u0103n) 26%, \u1edbt 23.5%, \u0111\u01b0\u1eddng c\u00e1t 3.5%, b\u1ed9t n\u00eam 2%<\/td>\n<\/tr>\n<tr>\n<td><strong>Quy c\u00e1ch<\/strong><\/td>\n<td>G\u00f3i 280g<\/td>\n<\/tr>\n<tr>\n<td><strong>B\u1ea3o qu\u1ea3n<\/strong><\/td>\n<td>N\u01a1i kh\u00f4 r\u00e1o, tho\u00e1ng m\u00e1t v\u00e0 tr\u00e1nh \u00e1nh n\u1eafng m\u1eb7t tr\u1eddi, gi\u1eef trong t\u1ee7 l\u1ea1nh sau khi m\u1edf n\u1eafp.<\/td>\n<\/tr>\n<tr>\n<td><strong>H\u1ea1n s\u1eed d\u1ee5ng<\/strong><\/td>\n<td>18 th\u00e1ng k\u1ec3 t\u1eeb ng\u00e0y s\u1ea3n xu\u1ea5t<\/td>\n<\/tr>\n<\/tbody>\n<\/table>\n<\/div>\n<\/div>\n<div><\/div>\n<div class=\"short-description\">\u1edat ch\u01b0ng d\u1ea7u\u00a0kh\u00f4ng ch\u1ec9 \u0111\u01b0\u1ee3c d\u00f9ng nh\u01b0 m\u1ed9t lo\u1ea1i gia v\u1ecb t\u1ea9m \u01b0\u1edbp \u0111\u1ebfn t\u1eeb\u00a0Lao Gan Ma.\u00a0\u1edat ch\u01b0ng d\u1ea7u v\u1ecb t\u00e0u x\u00ec Lao Gan Ma h\u0169 280g\u00a0l\u00e0 s\u1ef1 k\u1ebft h\u1ee3p gi\u1eefa h\u01b0\u01a1ng \u1edbt cay n\u1ed3ng v\u00e0 v\u1ecb \u0111\u1eadm \u0111\u00e0 c\u1ee7a t\u00e0u x\u00ec l\u00e0m t\u1eeb \u0111\u1eadu n\u00e0nh,\u00a0l\u00e0m t\u0103ng th\u00eam h\u01b0\u01a1ng v\u1ecb v\u00e0 m\u00e0u s\u1eafc cho c\u00e1c m\u00f3n \u0103n.<\/div>\n<div><img fetchpriority=\"high\" decoding=\"async\" class=\"wp-image-31266 aligncenter\" src=\"https:\/\/havamall.vn\/wp-content\/uploads\/2025\/03\/cl0koa0kn00aj10njajeje2ky-desktop-300x191.png\" alt=\"\" width=\"653\" height=\"416\" \/><\/div>\n<div class=\"description show-moreinfo\">\n<p>Trong \u1ea9m th\u1ef1c Trung Hoa,\u00a0\u1edbt sa t\u1ebf (hay c\u00f2n g\u1ecdi l\u00e0 \u1edbt ch\u01b0ng d\u1ea7u)\u00a0l\u00e0 lo\u1ea1i gia v\u1ecb ph\u1ed5 bi\u1ebfn trong vi\u1ec7c\u00a0t\u1ea9m \u01b0\u1edbp, n\u00eam n\u1ebfm ho\u1eb7c x\u00e0o n\u1ea5u th\u1ee9c \u0103n.<br \/>\n\u1edat ch\u01b0ng d\u1ea7u v\u1ecb t\u00e0u x\u00ec Lao Gan Ma\u00a0l\u00e0 s\u1ef1 k\u1ebft h\u1ee3p gi\u1eefa h\u01b0\u01a1ng \u1edbt cay n\u1ed3ng v\u00e0 v\u1ecb \u0111\u1eadm \u0111\u00e0 c\u1ee7a t\u00e0u x\u00ec l\u00e0m t\u1eeb \u0111\u1eadu n\u00e0nh. \u0110\u00e2y\u00a0l\u00e0 lo\u1ea1i gia v\u1ecb \u0111\u1eb7c tr\u01b0ng \u0111\u1ebfn t\u1eeb\u00a0th\u01b0\u01a1ng hi\u1ec7u Lao Gan Ma\u00a0c\u1ee7a\u00a0Trung Qu\u1ed1c, \u0111\u01b0\u1ee3c y\u00eau th\u00edch t\u1ea1i nhi\u1ec1u n\u01a1i tr\u00ean th\u1ebf gi\u1edbi nh\u1edd h\u01b0\u01a1ng v\u1ecb \u0111\u1ed9c \u0111\u00e1o v\u00e0 ch\u1ea5t l\u01b0\u1ee3ng h\u1ea3o h\u1ea1ng.<\/p>\n<p><img decoding=\"async\" class=\"wp-image-31264 aligncenter\" src=\"https:\/\/havamall.vn\/wp-content\/uploads\/2025\/03\/61132bfc6e83cd52d806c83e6c12a5fa-300x300.jpg\" alt=\"\" width=\"640\" height=\"640\" \/><\/p>\n<p><strong>T\u00e0u x\u00ec (hay c\u00f2n g\u1ecdi l\u00e0\u00a0\u0111\u1eadu n\u00e0nh \/ \u0111\u1eadu \u0111en mu\u1ed1i)<\/strong>\u00a0l\u00e0 m\u00f3n \u0103n k\u00e8m kh\u00e1 ph\u1ed5 bi\u1ebfn t\u1ea1i Trung Qu\u1ed1c, khi k\u1ebft h\u1ee3p v\u1edbi \u1edbt ch\u01b0ng d\u1ea7u,\u00a0<strong>t\u00e0u x\u00ec \u0111\u1ee1 &#8220;m\u1eb7n m\u00e0&#8221;\u00a0<\/strong>h\u01a1n v\u00e0\u00a0<strong>gi\u00fap k\u00edch th\u00edch v\u1ecb gi\u00e1c<\/strong>\u00a0c\u1ee7a b\u1ea1n\u00a0<strong>khi \u0103n k\u00e8m c\u00e1c &#8220;nh\u1ea1t&#8221;<\/strong>\u00a0nh\u01b0 th\u1ecbt lu\u1ed9c, s\u1ee7i c\u1ea3o, h\u1ea3i s\u1ea3n h\u1ea5p,&#8230;<\/p>\n<p>\u1edat ch\u01b0ng d\u1ea7u t\u00e0u x\u00ec kh\u00f4ng ch\u1ec9 \u0111\u01b0\u1ee3c d\u00f9ng nh\u01b0\u00a0<strong>m\u1ed9t lo\u1ea1i gia v\u1ecb t\u1ea9m \u01b0\u1edbp<\/strong>\u00a0m\u00e0 c\u00f2n<strong>\u00a0nguy\u00ean li\u1ec7u c\u1ea7n thi\u1ebft trong vi\u1ec7c\u00a0pha n\u01b0\u1edbc ch\u1ea5m, tr\u1ed9n salad<\/strong>,&#8230; \u0110\u1eb7c bi\u1ec7t, \u0111\u1ed1i v\u1edbi nh\u1eefng ng\u01b0\u1eddi th\u00edch \u0103n cay th\u00ec s\u1ea3n ph\u1ea9m c\u00f3 th\u1ec3 d\u00f9ng \u0111\u1ec3\u00a0<strong>ch\u1ea5m c\u00f9ng b\u00e1nh m\u00ec, b\u00e1nh qu\u1ea9y, b\u00e1nh x\u1ebfp,..<\/strong>.<\/p>\n<p><img decoding=\"async\" class=\"wp-image-31265 aligncenter\" src=\"https:\/\/havamall.vn\/wp-content\/uploads\/2025\/03\/0_P_1597452618643-1-225x300.jpg\" alt=\"\" width=\"640\" height=\"854\" \/><\/p>\n<p>N\u1ebfu l\u00e0 m\u1ed9t t\u00edn \u0111\u1ed3 \u0103n cay v\u00e0 kh\u00f4ng c\u00f3 nhi\u1ec1u th\u1eddi gian \u0111\u1ec3\u00a0ch\u1ebf bi\u1ebfn sa t\u1ebf th\u01a1m ngon t\u1ea1i nh\u00e0\u00a0cho ri\u00eang m\u00ecnh\u00a0th\u00ec h\u00e3y mua ngay nh\u1eefng d\u00f2ng s\u1ea3n ph\u1ea9m \u1edbt ch\u01b0ng d\u1ea7u c\u1ee7a Lao Gan Ma nh\u00e9, ch\u1eafc ch\u1eafn b\u1ea1n s\u1ebd th\u00edch m\u00ea ngay l\u1eadp t\u1ee9c.<\/p>\n<\/div>\n<p>Laoganma c\u00f3 th\u1ec3 d\u00f9ng l\u00e0m gia v\u1ecb s\u1ed1t, ch\u1ea5m, ch\u01b0ng,.. cho c\u00e1c m\u00f3n \u0103n: th\u1ecbt, c\u00e1, rau c\u1ee7, c\u00f3 th\u1ec3 d\u00f9ng tr\u1ed9n rau, salad,&#8230;, ho\u1eb7c \u0103n tr\u1ef1c ti\u1ebfp v\u1edbi c\u01a1m, m\u1ef3, b\u00fan, mi\u1ebfn. \u0110\u1eb7c bi\u1ec7t l\u00e0m gia v\u1ecb cho c\u00e1c m\u00f3n n\u01b0\u1edbng, l\u1ea9u, ho\u1eb7c tr\u1ed9n c\u00f9ng b\u00fan, ph\u1edf,&#8230;<\/p>\n<p><img loading=\"lazy\" decoding=\"async\" class=\"wp-image-31267 aligncenter\" src=\"https:\/\/havamall.vn\/wp-content\/uploads\/2025\/03\/O1CN01ovk3Yl1mqL6YLGDSI_2208057935005-221x300.jpg\" alt=\"\" width=\"642\" height=\"872\" \/><\/p>","protected":false},"excerpt":{"rendered":"<p>TH\u00d4NG TIN CHUNG Th\u01b0\u01a1ng hi\u1ec7u Laoganma Xu\u1ea5t x\u1ee9 Trung Qu\u1ed1c Th\u00e0nh ph\u1ea7n D\u1ea7u \u0111\u1eadu n\u00e0nh 45%, t\u00e0u x\u00ec (\u0111\u1eadu n\u00e0nh,<\/p>","protected":false},"featured_media":31269,"comment_status":"open","ping_status":"closed","template":"","meta":[],"product_brand":[],"product_cat":[674,143],"product_tag":[],"class_list":{"0":"post-11385","1":"product","2":"type-product","3":"status-publish","4":"has-post-thumbnail","6":"product_cat-nhap-khau-trung-quoc","7":"product_cat-thuc-pham-dong-hop","8":"pa_brand-laoganma","10":"first","11":"instock","12":"sale","13":"shipping-taxable","14":"purchasable","15":"product-type-simple"},"_links":{"self":[{"href":"https:\/\/havamall.vn\/en\/wp-json\/wp\/v2\/product\/11385"}],"collection":[{"href":"https:\/\/havamall.vn\/en\/wp-json\/wp\/v2\/product"}],"about":[{"href":"https:\/\/havamall.vn\/en\/wp-json\/wp\/v2\/types\/product"}],"replies":[{"embeddable":true,"href":"https:\/\/havamall.vn\/en\/wp-json\/wp\/v2\/comments?post=11385"}],"version-history":[{"count":0,"href":"https:\/\/havamall.vn\/en\/wp-json\/wp\/v2\/product\/11385\/revisions"}],"wp:featuredmedia":[{"embeddable":true,"href":"https:\/\/havamall.vn\/en\/wp-json\/wp\/v2\/media\/31269"}],"wp:attachment":[{"href":"https:\/\/havamall.vn\/en\/wp-json\/wp\/v2\/media?parent=11385"}],"wp:term":[{"taxonomy":"product_brand","embeddable":true,"href":"https:\/\/havamall.vn\/en\/wp-json\/wp\/v2\/product_brand?post=11385"},{"taxonomy":"product_cat","embeddable":true,"href":"https:\/\/havamall.vn\/en\/wp-json\/wp\/v2\/product_cat?post=11385"},{"taxonomy":"product_tag","embeddable":true,"href":"https:\/\/havamall.vn\/en\/wp-json\/wp\/v2\/product_tag?post=11385"}],"curies":[{"name":"wp","href":"https:\/\/api.w.org\/{rel}","templated":true}]}}