{"id":11367,"date":"2019-06-26T14:09:00","date_gmt":"2019-06-26T07:09:00","guid":{"rendered":"https:\/\/havamall.vn\/?post_type=product&#038;p=11367"},"modified":"2021-06-09T10:43:23","modified_gmt":"2021-06-09T03:43:23","slug":"tra-hoa-qua-meco-vi-chanh-thai-400ml","status":"publish","type":"product","link":"https:\/\/havamall.vn\/en\/shop\/tra-hoa-qua-meco-vi-chanh-thai-400ml\/","title":{"rendered":"Tr\u00e0 Hoa Qu\u1ea3 Meco V\u1ecb Chanh Th\u00e1i 400ml"},"content":{"rendered":"<p>\u0110\u01b0\u1ee3c l\u00e0m t\u1eeb H\u1ed3ng tr\u00e0 Assam \u1ea4n \u0110\u1ed9 k\u1ebft h\u1ee3p n\u01b0\u1edbc \u00e9p tr\u00e1i c\u00e2y t\u01b0\u01a1i.\u00a0B\u1ea3o qu\u1ea3n n\u01a1i kh\u00f4 r\u00e1o, tho\u00e1ng m\u00e1t, tr\u00e1nh \u1ea9m \u01b0\u1edbt v\u00e0 tr\u00e1nh \u00e1nh n\u1eafng tr\u1ef1c ti\u1ebfp. Sau khi m\u1edf c\u1ed1c c\u00f3 th\u1ec3 b\u1ea3o qu\u1ea3n \u0111\u01b0\u1ee3c 6 ti\u1ebfng \u1edf nhi\u1ec7t \u0111\u1ed9 0 &#8211; 6 \u0111\u1ed9 C.<\/p>\n<p><img fetchpriority=\"high\" decoding=\"async\" class=\"wp-image-12308 aligncenter\" src=\"https:\/\/havamall.vn\/wp-content\/uploads\/2019\/06\/1aa8-hqqzpku2910994_grande-300x300.jpg\" alt=\"\" width=\"487\" height=\"487\" srcset=\"https:\/\/havamall.vn\/wp-content\/uploads\/2019\/06\/1aa8-hqqzpku2910994_grande-300x300.jpg 300w, https:\/\/havamall.vn\/wp-content\/uploads\/2019\/06\/1aa8-hqqzpku2910994_grande-430x430.jpg 430w, https:\/\/havamall.vn\/wp-content\/uploads\/2019\/06\/1aa8-hqqzpku2910994_grande-150x150.jpg 150w, https:\/\/havamall.vn\/wp-content\/uploads\/2019\/06\/1aa8-hqqzpku2910994_grande.jpg 600w, https:\/\/havamall.vn\/wp-content\/uploads\/2019\/06\/1aa8-hqqzpku2910994_grande-100x100.jpg 100w\" sizes=\"(max-width: 487px) 100vw, 487px\" \/><\/p>\n<p>V\u1ecb Chanh th\u00e1i: Chanh Th\u00e1i th\u01a1m m\u00e1t, gi\u00fap thanh l\u1ecdc c\u01a1 th\u1ec3<\/p>\n<p>\u0110\u00f3ng c\u1ed1c nh\u1ef1a PP ti\u1ec7t tr\u00f9ng, size 400ml t\u01b0\u01a1ng \u0111\u01b0\u01a1ng Size L si\u00eau b\u1ef1, thi\u1ebft k\u1ebf \u0111\u1eb9p m\u1eaft, v\u1eeba nh\u1ecf g\u1ecdn l\u1ea1i si\u00eau ti\u1ec7n l\u1ee3i.<br \/>\nH\u1ea1n s\u1eed d\u1ee5ng \u0111\u1ebfn 12 th\u00e1ng, qu\u1ea3 l\u00e0 m\u1ed9t s\u1ef1 l\u1ef1a ch\u1ecdn \u0111\u00fang \u0111\u1eafn cho nh\u1eefng t\u00edn \u0111\u1ed3 m\u00ea tr\u00e0 tr\u00e1i c\u00e2y nh\u01b0ng l\u01b0\u1eddi ra kh\u1ecfi nh\u00e0 v\u00e0o nh\u1eefng ng\u00e0y n\u1eafng n\u00f3ng<\/p>\n<p><img decoding=\"async\" class=\"wp-image-12309 aligncenter\" src=\"https:\/\/havamall.vn\/wp-content\/uploads\/2019\/06\/15c4cd9f5f22d7869bb52422ad704031-273x300.jpg\" alt=\"\" width=\"493\" height=\"541\" srcset=\"https:\/\/havamall.vn\/wp-content\/uploads\/2019\/06\/15c4cd9f5f22d7869bb52422ad704031-273x300.jpg 273w, https:\/\/havamall.vn\/wp-content\/uploads\/2019\/06\/15c4cd9f5f22d7869bb52422ad704031-430x472.jpg 430w, https:\/\/havamall.vn\/wp-content\/uploads\/2019\/06\/15c4cd9f5f22d7869bb52422ad704031-150x165.jpg 150w, https:\/\/havamall.vn\/wp-content\/uploads\/2019\/06\/15c4cd9f5f22d7869bb52422ad704031-700x769.jpg 700w, https:\/\/havamall.vn\/wp-content\/uploads\/2019\/06\/15c4cd9f5f22d7869bb52422ad704031-768x844.jpg 768w, https:\/\/havamall.vn\/wp-content\/uploads\/2019\/06\/15c4cd9f5f22d7869bb52422ad704031-600x659.jpg 600w, https:\/\/havamall.vn\/wp-content\/uploads\/2019\/06\/15c4cd9f5f22d7869bb52422ad704031.jpg 790w\" sizes=\"(max-width: 493px) 100vw, 493px\" \/><\/p>\n<p>&nbsp;<\/p>","protected":false},"excerpt":{"rendered":"<p>\u0110\u01b0\u1ee3c l\u00e0m t\u1eeb H\u1ed3ng tr\u00e0 Assam \u1ea4n \u0110\u1ed9 k\u1ebft h\u1ee3p n\u01b0\u1edbc \u00e9p tr\u00e1i c\u00e2y t\u01b0\u01a1i.\u00a0B\u1ea3o qu\u1ea3n n\u01a1i kh\u00f4 r\u00e1o, tho\u00e1ng<\/p>","protected":false},"featured_media":11375,"comment_status":"open","ping_status":"closed","template":"","meta":[],"product_brand":[],"product_cat":[36,135,143],"product_tag":[],"class_list":{"0":"post-11367","1":"product","2":"type-product","3":"status-publish","4":"has-post-thumbnail","6":"product_cat-thuc-pham-tieu-dung","7":"product_cat-sua-do-uong","8":"product_cat-thuc-pham-dong-hop","9":"pa_brand-meco","11":"first","12":"outofstock","13":"sale","14":"shipping-taxable","15":"purchasable","16":"product-type-simple"},"_links":{"self":[{"href":"https:\/\/havamall.vn\/en\/wp-json\/wp\/v2\/product\/11367"}],"collection":[{"href":"https:\/\/havamall.vn\/en\/wp-json\/wp\/v2\/product"}],"about":[{"href":"https:\/\/havamall.vn\/en\/wp-json\/wp\/v2\/types\/product"}],"replies":[{"embeddable":true,"href":"https:\/\/havamall.vn\/en\/wp-json\/wp\/v2\/comments?post=11367"}],"version-history":[{"count":0,"href":"https:\/\/havamall.vn\/en\/wp-json\/wp\/v2\/product\/11367\/revisions"}],"wp:featuredmedia":[{"embeddable":true,"href":"https:\/\/havamall.vn\/en\/wp-json\/wp\/v2\/media\/11375"}],"wp:attachment":[{"href":"https:\/\/havamall.vn\/en\/wp-json\/wp\/v2\/media?parent=11367"}],"wp:term":[{"taxonomy":"product_brand","embeddable":true,"href":"https:\/\/havamall.vn\/en\/wp-json\/wp\/v2\/product_brand?post=11367"},{"taxonomy":"product_cat","embeddable":true,"href":"https:\/\/havamall.vn\/en\/wp-json\/wp\/v2\/product_cat?post=11367"},{"taxonomy":"product_tag","embeddable":true,"href":"https:\/\/havamall.vn\/en\/wp-json\/wp\/v2\/product_tag?post=11367"}],"curies":[{"name":"wp","href":"https:\/\/api.w.org\/{rel}","templated":true}]}}