{"id":11350,"date":"2019-06-26T13:43:02","date_gmt":"2019-06-26T06:43:02","guid":{"rendered":"https:\/\/havamall.vn\/?post_type=product&#038;p=11350"},"modified":"2021-06-08T17:50:21","modified_gmt":"2021-06-08T10:50:21","slug":"tra-sua-lan-fong-yuen-milk-tea-lan-fong-yuen-280ml","status":"publish","type":"product","link":"https:\/\/havamall.vn\/en\/shop\/tra-sua-lan-fong-yuen-milk-tea-lan-fong-yuen-280ml\/","title":{"rendered":"Tr\u00e0 S\u1eefa Lan Fong Yuen &#8211; Milk Tea Lan Fong Yuen 280ml"},"content":{"rendered":"<p>Ra \u0111\u1eddi t\u1eeb n\u0103m 1952, c\u00e1c c\u00f4ng \u0111o\u1ea1n pha ch\u1ebf ho\u00e0n to\u00e0n \u0111\u01b0\u1ee3c l\u00e0m th\u1ee7 c\u00f4ng t\u1eeb \u0111\u00f4i b\u00e0n tay kh\u00e9o l\u00e9o c\u1ee7a ng\u01b0\u1eddi ngh\u1ec7 nh\u00e2n t\u00e0i ba. \u1ede \u0111\u00e2y, ng\u01b0\u1eddi ta k\u1ebft h\u1ee3p nhi\u1ec1u lo\u1ea1i Tr\u00e0 \u0111en &#8220;H\u1ed3ng tr\u00e0&#8221; th\u01b0\u1ee3ng h\u1ea1ng \u0111\u1ec3 ch\u1ebf bi\u1ebfn&#8230;<\/p>\n<p><img fetchpriority=\"high\" decoding=\"async\" class=\"wp-image-12341 aligncenter\" src=\"https:\/\/havamall.vn\/wp-content\/uploads\/2019\/06\/lan-fong-yuen-milk-tea-1-300x169.jpg\" alt=\"\" width=\"605\" height=\"341\" srcset=\"https:\/\/havamall.vn\/wp-content\/uploads\/2019\/06\/lan-fong-yuen-milk-tea-1-300x169.jpg 300w, https:\/\/havamall.vn\/wp-content\/uploads\/2019\/06\/lan-fong-yuen-milk-tea-1-430x242.jpg 430w, https:\/\/havamall.vn\/wp-content\/uploads\/2019\/06\/lan-fong-yuen-milk-tea-1-150x84.jpg 150w, https:\/\/havamall.vn\/wp-content\/uploads\/2019\/06\/lan-fong-yuen-milk-tea-1-700x394.jpg 700w, https:\/\/havamall.vn\/wp-content\/uploads\/2019\/06\/lan-fong-yuen-milk-tea-1-768x432.jpg 768w, https:\/\/havamall.vn\/wp-content\/uploads\/2019\/06\/lan-fong-yuen-milk-tea-1-1024x576.jpg 1024w, https:\/\/havamall.vn\/wp-content\/uploads\/2019\/06\/lan-fong-yuen-milk-tea-1-1200x675.jpg 1200w, https:\/\/havamall.vn\/wp-content\/uploads\/2019\/06\/lan-fong-yuen-milk-tea-1-600x338.jpg 600w, https:\/\/havamall.vn\/wp-content\/uploads\/2019\/06\/lan-fong-yuen-milk-tea-1.jpg 1920w\" sizes=\"(max-width: 605px) 100vw, 605px\" \/><\/p>\n<div>L\u1ef1a ch\u1ecdn l\u00e1 tr\u00e0 \u0111\u1ebfn t\u1eeb Srilanka k\u1ebft h\u1ee3p v\u1edbi 4 lo\u1ea1i tr\u00e0 ch\u1ea5t l\u01b0\u1ee3ng, H\u1ed3ng tr\u00e0 kh\u00f4 \u0111\u01b0\u1ee3c c\u00e1c ngh\u1ec7 nh\u00e2n \u1ee7 b\u1eb1ng n\u01b0\u1edbc s\u00f4i trong m\u1ed9t chi\u1ebfc v\u1edb da qua ph\u01b0\u01a1ng ph\u00e1p k\u00e9o tr\u00e0. \u0110\u01b0\u1ee3c \u0111i\u1ec1u ch\u1ebf m\u1ed9t c\u00e1ch t\u1ec9 m\u1ec9, \u0111\u1ea3m b\u1ea3o \u0111\u01b0\u1ee3c \u0111\u1ed9 dung h\u00f2a ho\u00e0n h\u1ea3o gi\u1eefa h\u1ed3ng tr\u00e0 v\u00e0 s\u1eefa b\u00f2, h\u01b0\u01a1ng s\u1eefa n\u1ed3ng \u0111\u01b0\u1ee3m, m\u00f9i v\u1ecb nguy\u00ean ch\u1ea5t tinh khi\u1ebft, l\u00e0 m\u1ed9t s\u1ea3n ph\u1ea9m hi\u1ebfm hoi v\u1edbi ch\u1ea5t l\u01b0\u1ee3ng an to\u00e0n cho s\u1ee9c kh\u1ecfe cao.<\/div>\n<div><img decoding=\"async\" class=\"wp-image-12343 aligncenter\" src=\"https:\/\/havamall.vn\/wp-content\/uploads\/2019\/06\/Lan-Fong-Yuen-Milk-Tea-1-800x533-2-300x200.jpg\" alt=\"\" width=\"539\" height=\"359\" srcset=\"https:\/\/havamall.vn\/wp-content\/uploads\/2019\/06\/Lan-Fong-Yuen-Milk-Tea-1-800x533-2-300x200.jpg 300w, https:\/\/havamall.vn\/wp-content\/uploads\/2019\/06\/Lan-Fong-Yuen-Milk-Tea-1-800x533-2-430x286.jpg 430w, https:\/\/havamall.vn\/wp-content\/uploads\/2019\/06\/Lan-Fong-Yuen-Milk-Tea-1-800x533-2-150x100.jpg 150w, https:\/\/havamall.vn\/wp-content\/uploads\/2019\/06\/Lan-Fong-Yuen-Milk-Tea-1-800x533-2-700x466.jpg 700w, https:\/\/havamall.vn\/wp-content\/uploads\/2019\/06\/Lan-Fong-Yuen-Milk-Tea-1-800x533-2-768x512.jpg 768w, https:\/\/havamall.vn\/wp-content\/uploads\/2019\/06\/Lan-Fong-Yuen-Milk-Tea-1-800x533-2-600x400.jpg 600w, https:\/\/havamall.vn\/wp-content\/uploads\/2019\/06\/Lan-Fong-Yuen-Milk-Tea-1-800x533-2.jpg 800w\" sizes=\"(max-width: 539px) 100vw, 539px\" \/><\/div>\n<div><\/div>\n<div>N\u1ebfu m\u1ed9t l\u1ea7n \u0111i du l\u1ecbch Hong Kong, ch\u1eafc h\u1eb3n b\u1ea1n s\u1ebd kh\u00f4ng kh\u1ecfi ng\u1ea1c nhi\u00ean v\u1edbi nh\u1eefng &#8220;ti\u1ec7m tr\u00e0 s\u1eefa&#8221;, tuy nh\u1ecf v\u00e0 m\u1ed9c m\u1ea1c nh\u01b0ng l\u1ea1i v\u00f4 c\u00f9ng \u0111\u00f4ng \u0111\u00fac n\u1eb1m tr\u00ean kh\u1eafp c\u00e1c con ph\u1ed1 Hong Kong. Ti\u1ec7m tr\u00e0 s\u1eefa mang th\u01b0\u01a1ng hi\u1ec7u n\u1ed5i ti\u1ebfng t\u1eeb r\u1ea5t l\u00e2u \u0111\u1eddi &#8211; TR\u00c0 S\u1eeeA LAN PHONG YUEN<\/div>\n<div><\/div>\n<div><img decoding=\"async\" id=\"irc_mi\" class=\"aligncenter\" src=\"https:\/\/tea-1.lozi.vn\/v1\/images\/resized\/tra-sua-lan-fong-yuen-1530078764-1-6055569-1530078764?w=480&amp;type=s\" alt=\"H\u00ecnh \u1ea3nh c\u00f3 li\u00ean quan\" width=\"510\" height=\"510\" \/><\/div>\n<div><\/div>\n<div>Kh\u00f4ng gi\u1ed1ng nh\u01b0 \u0111a s\u1ed1 nh\u1eefng v\u1ecb tr\u00e0 s\u1eefa \u1edf Vi\u1ec7t Nam \u2013 ch\u1ee7 y\u1ebfu t\u1eeb ng\u1ecdt \u0111\u1ebfn r\u1ea5t ng\u1ecdt, nh\u1eefng ai kh\u00f4ng quen v\u1edbi ch\u1ea5t caffeine n\u00ean c\u00e2n nh\u1eafc m\u1ed9t ch\u00fat tr\u01b0\u1edbc khi th\u01b0\u1edfng th\u1ee9c c\u1ed1c tr\u00e0 s\u1eefa Hong Kong ch\u00ednh g\u1ed1c.<\/div>\n<div>\n<div>\n<ul>\n<li>S\u1ea3n ph\u1ea9m s\u1eed d\u1ee5ng ph\u01b0\u01a1ng ph\u00e1p \u0111\u00f3ng g\u00f3i b\u1eb1ng thi\u1ebft b\u1ecb v\u00f4 tr\u00f9ng ti\u00ean ti\u1ebfn\u00a0c\u1ee7a c\u00e1c n\u01b0\u1edbc Ch\u00e2u \u00c2u nh\u01b0 \u0110\u1ee9c v\u00e0 Th\u1ee5y S\u0129, kho b\u1ea3o qu\u1ea3n ti\u00eau chu\u1ea9n \u0111\u01b0\u1ee3c x\u00f4ng thu\u1ed1c ti\u1ec7t tr\u00f9ng si\u00eau s\u1ea1ch, v\u1edbi ti\u00eau chu\u1ea9n 5 kh\u00f4ng:<\/li>\n<li>KH\u00d4NG TH\u00caM KEM S\u1eeeA<\/li>\n<li>KH\u00d4NG TH\u00caM CH\u1ea4T B\u1ea2O QU\u1ea2N<\/li>\n<li>KH\u00d4NG TH\u00caM CH\u1ea4T \u0110I\u1ec0U M\u00d9I<\/li>\n<li>KH\u00d4NG TH\u00caM CH\u1ea4T L\u00c0M NG\u1eccT<\/li>\n<li>KH\u00d4NG CH\u1ee8A CH\u1ea4T B\u00c9O<\/li>\n<\/ul>\n<\/div>\n<\/div>\n<p>&nbsp;<\/p>\n<p>&nbsp;<\/p>\n<p>&nbsp;<\/p>\n<p>&nbsp;<\/p>\n<p>&nbsp;<\/p>\n<p>&nbsp;<\/p>\n<p>&nbsp;<\/p>","protected":false},"excerpt":{"rendered":"<p>Kh\u00f4ng gi\u1ed1ng nh\u01b0 \u0111a s\u1ed1 nh\u1eefng v\u1ecb tr\u00e0 s\u1eefa \u1edf Vi\u1ec7t Nam \u2013 ch\u1ee7 y\u1ebfu t\u1eeb ng\u1ecdt \u0111\u1ebfn r\u1ea5t ng\u1ecdt, nh\u1eefng ai kh\u00f4ng quen v\u1edbi ch\u1ea5t caffeine n\u00ean c\u00e2n nh\u1eafc m\u1ed9t ch\u00fat tr\u01b0\u1edbc khi th\u01b0\u1edfng th\u1ee9c c\u1ed1c tr\u00e0 s\u1eefa Hong Kong ch\u00ednh g\u1ed1c.<\/p>\n<p>&nbsp;<\/p>","protected":false},"featured_media":11357,"comment_status":"open","ping_status":"closed","template":"","meta":[],"product_brand":[],"product_cat":[626],"product_tag":[],"class_list":{"0":"post-11350","1":"product","2":"type-product","3":"status-publish","4":"has-post-thumbnail","6":"product_cat-het-hang","8":"first","9":"outofstock","10":"sale","11":"shipping-taxable","12":"purchasable","13":"product-type-simple"},"_links":{"self":[{"href":"https:\/\/havamall.vn\/en\/wp-json\/wp\/v2\/product\/11350"}],"collection":[{"href":"https:\/\/havamall.vn\/en\/wp-json\/wp\/v2\/product"}],"about":[{"href":"https:\/\/havamall.vn\/en\/wp-json\/wp\/v2\/types\/product"}],"replies":[{"embeddable":true,"href":"https:\/\/havamall.vn\/en\/wp-json\/wp\/v2\/comments?post=11350"}],"version-history":[{"count":0,"href":"https:\/\/havamall.vn\/en\/wp-json\/wp\/v2\/product\/11350\/revisions"}],"wp:featuredmedia":[{"embeddable":true,"href":"https:\/\/havamall.vn\/en\/wp-json\/wp\/v2\/media\/11357"}],"wp:attachment":[{"href":"https:\/\/havamall.vn\/en\/wp-json\/wp\/v2\/media?parent=11350"}],"wp:term":[{"taxonomy":"product_brand","embeddable":true,"href":"https:\/\/havamall.vn\/en\/wp-json\/wp\/v2\/product_brand?post=11350"},{"taxonomy":"product_cat","embeddable":true,"href":"https:\/\/havamall.vn\/en\/wp-json\/wp\/v2\/product_cat?post=11350"},{"taxonomy":"product_tag","embeddable":true,"href":"https:\/\/havamall.vn\/en\/wp-json\/wp\/v2\/product_tag?post=11350"}],"curies":[{"name":"wp","href":"https:\/\/api.w.org\/{rel}","templated":true}]}}