{"id":11341,"date":"2019-06-26T13:36:51","date_gmt":"2019-06-26T06:36:51","guid":{"rendered":"https:\/\/havamall.vn\/?post_type=product&#038;p=11341"},"modified":"2021-03-03T15:47:09","modified_gmt":"2021-03-03T08:47:09","slug":"hat-huong-duong-sunflower-seed","status":"publish","type":"product","link":"https:\/\/havamall.vn\/en\/shop\/hat-huong-duong-sunflower-seed\/","title":{"rendered":"H\u1ea1t H\u01b0\u1edbng D\u01b0\u01a1ng &#8211; Sunflower Seed"},"content":{"rendered":"<p>Chacha x\u00e2y d\u1ef1ng khu tr\u1ed3ng h\u01b0\u1edbng d\u01b0\u01a1ng ri\u00eang bi\u1ec7t nh\u01b0 N\u1ed9i M\u00f4ng, Cam T\u00fac, T\u00e2n C\u01b0\u01a1ng&#8230;v\u00e0 lu\u00f4n ch\u1ecdn l\u1ecdc gi\u1ed1ng tr\u1ed3ng r\u1ea5t k\u0129, ki\u1ec3m tra gi\u00e1m s\u00e1t ch\u1eb7t ch\u1ebd qu\u00e1 tr\u00ecnh ch\u0103m s\u00f3c, thu h\u00e1i n\u00ean ngu\u1ed3n nguy\u00ean li\u1ec7u \u0111\u1ea3m b\u1ea3o s\u1ea1ch v\u00e0 ch\u1ea5t l\u01b0\u1ee3ng cao.<\/p>\n<p><img fetchpriority=\"high\" decoding=\"async\" class=\"wp-image-12212 aligncenter\" src=\"https:\/\/havamall.vn\/wp-content\/uploads\/2019\/06\/2a8cd173b2029b2a62b8dae4129dd0b3-300x298.jpg\" alt=\"\" width=\"495\" height=\"492\" srcset=\"https:\/\/havamall.vn\/wp-content\/uploads\/2019\/06\/2a8cd173b2029b2a62b8dae4129dd0b3-300x298.jpg 300w, https:\/\/havamall.vn\/wp-content\/uploads\/2019\/06\/2a8cd173b2029b2a62b8dae4129dd0b3-430x427.jpg 430w, https:\/\/havamall.vn\/wp-content\/uploads\/2019\/06\/2a8cd173b2029b2a62b8dae4129dd0b3-150x150.jpg 150w, https:\/\/havamall.vn\/wp-content\/uploads\/2019\/06\/2a8cd173b2029b2a62b8dae4129dd0b3-600x596.jpg 600w, https:\/\/havamall.vn\/wp-content\/uploads\/2019\/06\/2a8cd173b2029b2a62b8dae4129dd0b3-100x100.jpg 100w, https:\/\/havamall.vn\/wp-content\/uploads\/2019\/06\/2a8cd173b2029b2a62b8dae4129dd0b3.jpg 672w\" sizes=\"(max-width: 495px) 100vw, 495px\" \/><\/p>\n<div>H\u01b0\u1edbng d\u01b0\u01a1ng mix 2 v\u1ecb: Caramel &amp; v\u1ecb qu\u1ea3 \u00f3c ch\u00f3, Nguy\u00ean li\u1ec7u s\u1ea1ch, \u0111\u1ea3m b\u1ea3o v\u1ec7 sinh: H\u1ea1t h\u01b0\u1edbng d\u01b0\u01a1ng \u0111\u01b0\u1ee3c ch\u1ecdn l\u1ecdc k\u1ef9 l\u01b0\u1ee1ng, h\u1ea1t to, b\u00e9o, ng\u1eady, kh\u00f4ng h\u1ea1t l\u00e9p, h\u1ea1t m\u1ed1c. H\u01b0\u01a1ng v\u1ecb \u0111\u1eadm \u0111\u00e0, th\u01a1m ngon. An to\u00e0n &#8211; Dinh d\u01b0\u1ee1ng &#8211; T\u1ed1t cho s\u1ee9c kho\u1ebb.<\/div>\n<div><\/div>\n<p><img decoding=\"async\" class=\"wp-image-12215 aligncenter\" src=\"https:\/\/havamall.vn\/wp-content\/uploads\/2019\/06\/e172ad84b4f850a609e9-300x300.png\" alt=\"\" width=\"479\" height=\"479\" srcset=\"https:\/\/havamall.vn\/wp-content\/uploads\/2019\/06\/e172ad84b4f850a609e9-300x300.png 300w, https:\/\/havamall.vn\/wp-content\/uploads\/2019\/06\/e172ad84b4f850a609e9-150x150.png 150w, https:\/\/havamall.vn\/wp-content\/uploads\/2019\/06\/e172ad84b4f850a609e9-100x100.png 100w\" sizes=\"(max-width: 479px) 100vw, 479px\" \/><\/p>\n<p>&nbsp;<\/p>","protected":false},"excerpt":{"rendered":"<p>H\u1ea1t h\u01b0\u01a1ng d\u01b0\u01a1ng Chacha lu\u00f4n \u0111\u1ea3m b\u1ea3o ti\u00eau ch\u00ed: Dinh d\u01b0\u1ee1ng, An To\u00e0n, T\u1ed1t cho s\u1ee9c kho\u1ebb. V\u1ecb caramen th\u01a1m, gi\u00f2n x\u1ed1p, th\u01a1m ngon kh\u00f3 c\u01b0\u1ee1ng. V\u1ecb h\u1ea1t \u00d3c ch\u00f3 mang h\u01b0\u01a1ng v\u1ecb h\u1ea1t \u00f3c ch\u00f3 r\u1ea5t th\u01a1m, ngon, ng\u1eady b\u00e9o<\/p>\n<p>&nbsp;<\/p>","protected":false},"featured_media":11346,"comment_status":"open","ping_status":"closed","template":"","meta":[],"product_brand":[],"product_cat":[36,134],"product_tag":[],"class_list":{"0":"post-11341","1":"product","2":"type-product","3":"status-publish","4":"has-post-thumbnail","6":"product_cat-thuc-pham-tieu-dung","7":"product_cat-thucpham-saykho","9":"first","10":"outofstock","11":"shipping-taxable","12":"product-type-simple"},"_links":{"self":[{"href":"https:\/\/havamall.vn\/en\/wp-json\/wp\/v2\/product\/11341"}],"collection":[{"href":"https:\/\/havamall.vn\/en\/wp-json\/wp\/v2\/product"}],"about":[{"href":"https:\/\/havamall.vn\/en\/wp-json\/wp\/v2\/types\/product"}],"replies":[{"embeddable":true,"href":"https:\/\/havamall.vn\/en\/wp-json\/wp\/v2\/comments?post=11341"}],"version-history":[{"count":0,"href":"https:\/\/havamall.vn\/en\/wp-json\/wp\/v2\/product\/11341\/revisions"}],"wp:featuredmedia":[{"embeddable":true,"href":"https:\/\/havamall.vn\/en\/wp-json\/wp\/v2\/media\/11346"}],"wp:attachment":[{"href":"https:\/\/havamall.vn\/en\/wp-json\/wp\/v2\/media?parent=11341"}],"wp:term":[{"taxonomy":"product_brand","embeddable":true,"href":"https:\/\/havamall.vn\/en\/wp-json\/wp\/v2\/product_brand?post=11341"},{"taxonomy":"product_cat","embeddable":true,"href":"https:\/\/havamall.vn\/en\/wp-json\/wp\/v2\/product_cat?post=11341"},{"taxonomy":"product_tag","embeddable":true,"href":"https:\/\/havamall.vn\/en\/wp-json\/wp\/v2\/product_tag?post=11341"}],"curies":[{"name":"wp","href":"https:\/\/api.w.org\/{rel}","templated":true}]}}