{"id":11340,"date":"2019-06-26T13:38:41","date_gmt":"2019-06-26T06:38:41","guid":{"rendered":"https:\/\/havamall.vn\/?post_type=product&#038;p=11340"},"modified":"2021-04-27T15:17:16","modified_gmt":"2021-04-27T08:17:16","slug":"nuoc-tuong-nhat-pham-tien-hai-thien-500ml-nhat-pham-tien-hai-thien-soy-sauce-500ml","status":"publish","type":"product","link":"https:\/\/havamall.vn\/en\/shop\/nuoc-tuong-nhat-pham-tien-hai-thien-500ml-nhat-pham-tien-hai-thien-soy-sauce-500ml\/","title":{"rendered":"N\u01b0\u1edbc T\u01b0\u01a1ng Nh\u1ea5t Ph\u1ea9m Ti\u00ean H\u1ea3i Thi\u00ean 500ml &#8211; Nhat Pham Tien Hai Thien Soy Sauce 500ml"},"content":{"rendered":"<div>S\u1ea3n xu\u1ea5t v\u00e0 ch\u1ebf bi\u1ebfn theo ph\u01b0\u01a1ng ph\u00e1p truy\u1ec1n th\u1ed1ng. \u00c1p d\u1ee5ng c\u00f4ng ngh\u1ec7 hi\u1ec7n \u0111\u1ea1i, \u0111\u1ea3m b\u1ea3o an to\u00e0n v\u1ec7 sinh th\u1ef1c ph\u1ea9m. D\u00f9ng tr\u1ef1c ti\u1ebfp l\u00e0m n\u01b0\u1edbc ch\u1ea5m, l\u00e0m\u00a0gia v\u1ecb t\u1ea9m \u01b0\u1edbp, kho, x\u00e0o, &#8230;Gia v\u1ecb kh\u00f4ng th\u1ec3 thi\u1ebfu c\u1ee7a c\u00e1c m\u00f3n h\u1ea3i s\u1ea3n.<\/div>\n<div><\/div>\n<div><img decoding=\"async\" class=\"aligncenter\" src=\"https:\/\/havamall.vn\/wp-content\/uploads\/2019\/06\/jjYvDU_simg_d0daf0_800x1200_max.jpg\" alt=\"jjYvDU_simg_d0daf0_800x1200_max.jpg\" \/><\/div>\n<div><\/div>\n<div><\/div>\n<p>C\u00e1ch d\u00f9ng:<\/p>\n<p>&#8211; D\u00f9ng tr\u1ef1c ti\u1ebfp l\u00e0m n\u01b0\u1edbc ch\u1ea5m:<\/p>\n<p>+ Ch\u1ea5m c\u00e1c m\u00f3n rau, c\u1ee7, qu\u1ea3<\/p>\n<p>+ Pha l\u1eabn v\u1edbi m\u00f9 t\u1ea1t ch\u1ea5m g\u1ecfi cu\u1ed1n, sushi, c\u00e1c m\u00f3n g\u1ecfi t\u01b0\u01a1i s\u1ed1ng,..<\/p>\n<p>+ Pha ch\u1ebf v\u1edbi t\u1ecfi, \u1edbt b\u0103m nh\u1ecf ch\u1ea5m c\u00e1c m\u00f3n n\u01b0\u1edbng, lu\u1ed9c, chi\u00ean,..<\/p>\n<p>&#8211; D\u00f9ng l\u00e0m gia v\u1ecb \u01b0\u1edbp kho, x\u00e0o, t\u1ea1o m\u00e0u s\u1eafc \u0111\u1eadm \u0111\u00e0 v\u00e0 th\u01a1m ngon h\u01a1n c\u00e1ch th\u1eafng \u0111\u01b0\u1eddng th\u00f4ng th\u01b0\u1eddng.<\/p>\n<p>&#8211; D\u00f9ng l\u00e0m gia v\u1ecb t\u1ea7m \u01b0\u1edbp v\u00e0 ch\u1ebf bi\u1ebfn c\u00e1c m\u00f3n h\u1ea3i s\u1ea3n, th\u1ecbt, c\u00e1,.. n\u01b0\u1edbng, l\u1ea9u v\u00e0 nhi\u1ec1u m\u00f3n \u0103n kh\u00e1c mang l\u1ea1i h\u01b0\u01a1ng v\u1ecb r\u1ea5t ngon v\u00e0 kh\u00e1c bi\u1ec7t.<\/p>\n<div><img decoding=\"async\" class=\"aligncenter\" src=\"https:\/\/havamall.vn\/wp-content\/uploads\/2019\/06\/cHUF6m_simg_d0daf0_800x1200_max.jpg\" alt=\"cHUF6m_simg_d0daf0_800x1200_max.jpg\" \/><\/div>","protected":false},"excerpt":{"rendered":"<p>S\u1ea3n xu\u1ea5t v\u00e0 ch\u1ebf bi\u1ebfn theo ph\u01b0\u01a1ng ph\u00e1p truy\u1ec1n th\u1ed1ng. \u00c1p d\u1ee5ng c\u00f4ng ngh\u1ec7 hi\u1ec7n \u0111\u1ea1i, \u0111\u1ea3m b\u1ea3o an to\u00e0n<\/p>","protected":false},"featured_media":11353,"comment_status":"open","ping_status":"closed","template":"","meta":[],"product_brand":[],"product_cat":[626],"product_tag":[],"class_list":{"0":"post-11340","1":"product","2":"type-product","3":"status-publish","4":"has-post-thumbnail","6":"product_cat-het-hang","7":"pa_brand-hai-thien","9":"first","10":"outofstock","11":"sale","12":"shipping-taxable","13":"purchasable","14":"product-type-simple"},"_links":{"self":[{"href":"https:\/\/havamall.vn\/en\/wp-json\/wp\/v2\/product\/11340"}],"collection":[{"href":"https:\/\/havamall.vn\/en\/wp-json\/wp\/v2\/product"}],"about":[{"href":"https:\/\/havamall.vn\/en\/wp-json\/wp\/v2\/types\/product"}],"replies":[{"embeddable":true,"href":"https:\/\/havamall.vn\/en\/wp-json\/wp\/v2\/comments?post=11340"}],"version-history":[{"count":0,"href":"https:\/\/havamall.vn\/en\/wp-json\/wp\/v2\/product\/11340\/revisions"}],"wp:featuredmedia":[{"embeddable":true,"href":"https:\/\/havamall.vn\/en\/wp-json\/wp\/v2\/media\/11353"}],"wp:attachment":[{"href":"https:\/\/havamall.vn\/en\/wp-json\/wp\/v2\/media?parent=11340"}],"wp:term":[{"taxonomy":"product_brand","embeddable":true,"href":"https:\/\/havamall.vn\/en\/wp-json\/wp\/v2\/product_brand?post=11340"},{"taxonomy":"product_cat","embeddable":true,"href":"https:\/\/havamall.vn\/en\/wp-json\/wp\/v2\/product_cat?post=11340"},{"taxonomy":"product_tag","embeddable":true,"href":"https:\/\/havamall.vn\/en\/wp-json\/wp\/v2\/product_tag?post=11340"}],"curies":[{"name":"wp","href":"https:\/\/api.w.org\/{rel}","templated":true}]}}