{"id":11329,"date":"2019-06-26T13:14:26","date_gmt":"2019-06-26T06:14:26","guid":{"rendered":"https:\/\/havamall.vn\/?post_type=product&#038;p=11329"},"modified":"2021-06-24T15:38:59","modified_gmt":"2021-06-24T08:38:59","slug":"thach-cao-quy-dau-sua-dua-200gr","status":"publish","type":"product","link":"https:\/\/havamall.vn\/en\/shop\/thach-cao-quy-dau-sua-dua-200gr\/","title":{"rendered":"Th\u1ea1ch Cao Quy \u0110\u1eadu S\u1eefa D\u1eeba 200gr"},"content":{"rendered":"<div>Cao quy linh c\u00f3 v\u1ecb h\u01a1i \u0111\u1eafng, m\u00e0u \u0111en, khi \u0103n c\u1ea3m gi\u00e1c gi\u1ed1ng v\u1edbi th\u1ea1ch s\u01b0\u01a1ng s\u00e1o nh\u01b0ng m\u1ec1m v\u00e0 dai, th\u01a1m h\u01a1n. Cao quy linh \u0111\u01b0\u1ee3c cho l\u00e0 c\u00f3 t\u00e1c d\u1ee5ng thanh nhi\u1ec7t, gi\u1ea3i \u0111\u1ed9c, tr\u1ecb m\u1ee5n, t\u1ed1t cho da; khi \u0103n th\u01b0\u1eddng \u0111\u01b0\u1ee3c d\u00f9ng v\u1edbi m\u1eadt ong ho\u1eb7c s\u1eefa.M\u1ed7i h\u1ed9p s\u1ebd \u0111\u01b0\u1ee3c \u0111i k\u00e8m 1 h\u0169 m\u1eadt ong \u0111\u1ec3 \u0103n c\u00f9ng. M\u1ed7i l\u1ea7n nhai l\u00e0 nh\u1eefng d\u01b0 v\u1ecb th\u01a1m ngon \u0111\u1eb7c bi\u1ec7t \u0111\u00fang ch\u1ea5t \u0110\u00e0i Loan. Ba\u0323n co\u0301 th\u00ea\u0309 \u0111\u00f4\u0309 n\u01b0\u01a1\u0301c c\u00f4\u0301t d\u01b0\u0300a \u0103n ke\u0300m r\u00e2\u0301t ngon.<\/div>\n<div>Cao quy linh kh\u00f4ng c\u00f2n xa l\u1ea1 v\u1edbi th\u1ef1c kh\u00e1ch b\u1edfi v\u1ecb ng\u1ecdt m\u00e1t, nhi\u1ec1u c\u00f4ng hi\u1ec7u t\u1ed1t cho s\u1ee9c kh\u1ecfe. Cao quy linh l\u00e0 m\u00f3n tr\u00e1ng mi\u1ec7ng \u0111\u1eb7c s\u1ea3n c\u1ee7a ng\u01b0\u1eddi Hoa. Theo truy\u1ec1n th\u1ed1ng, cao quy linh \u0111\u01b0\u1ee3c l\u00e0m t\u1eeb hai th\u00e0nh ph\u1ea7n ch\u1ee7 y\u1ebfu l\u00e0 th\u1ed5 ph\u1ee5c linh, b\u1ed9t mai r\u00f9a, cam th\u1ea3o c\u00f9ng m\u1ed9t s\u1ed1 th\u00e0nh ph\u1ea7n kh\u00e1c<\/div>\n<div><\/div>\n<div><img fetchpriority=\"high\" decoding=\"async\" class=\"wp-image-11331 aligncenter\" src=\"https:\/\/havamall.vn\/wp-content\/uploads\/2019\/06\/ZgtLzF_simg_d0daf0_800x1200_max.jpg\" alt=\"\" width=\"723\" height=\"479\" srcset=\"https:\/\/havamall.vn\/wp-content\/uploads\/2019\/06\/ZgtLzF_simg_d0daf0_800x1200_max.jpg 800w, https:\/\/havamall.vn\/wp-content\/uploads\/2019\/06\/ZgtLzF_simg_d0daf0_800x1200_max-430x285.jpg 430w, https:\/\/havamall.vn\/wp-content\/uploads\/2019\/06\/ZgtLzF_simg_d0daf0_800x1200_max-150x99.jpg 150w, https:\/\/havamall.vn\/wp-content\/uploads\/2019\/06\/ZgtLzF_simg_d0daf0_800x1200_max-700x464.jpg 700w\" sizes=\"(max-width: 723px) 100vw, 723px\" \/><\/div>\n<div><\/div>\n<div>\n<div>Cao quy linh c\u00f3 v\u1ecb h\u01a1i \u0111\u1eafng, m\u00e0u \u0111en, khi \u0103n c\u1ea3m gi\u00e1c gi\u1ed1ng v\u1edbi th\u1ea1ch s\u01b0\u01a1ng s\u00e1o nh\u01b0ng m\u1ec1m v\u00e0 dai, th\u01a1m h\u01a1n. Cao quy linh \u0111\u01b0\u1ee3c cho l\u00e0 c\u00f3 t\u00e1c d\u1ee5ng thanh nhi\u1ec7t, gi\u1ea3i \u0111\u1ed9c, tr\u1ecb m\u1ee5n, t\u1ed1t cho da; khi \u0103n th\u01b0\u1eddng \u0111\u01b0\u1ee3c d\u00f9ng v\u1edbi m\u1eadt ong ho\u1eb7c s\u1eefa.M\u1ed7i h\u1ed9p s\u1ebd \u0111\u01b0\u1ee3c \u0111i k\u00e8m 1 h\u0169 m\u1eadt ong \u0111\u1ec3 \u0103n c\u00f9ng. M\u1ed7i l\u1ea7n nhai l\u00e0 nh\u1eefng d\u01b0 v\u1ecb th\u01a1m ngon \u0111\u1eb7c bi\u1ec7t \u0111\u00fang ch\u1ea5t \u0110\u00e0i Loan. Ba\u0323n co\u0301 th\u00ea\u0309 \u0111\u00f4\u0309 n\u01b0\u01a1\u0301c c\u00f4\u0301t d\u01b0\u0300a \u0103n ke\u0300m r\u00e2\u0301t ngon.<\/div>\n<div><\/div>\n<\/div>\n<div>\n<div>\n<div><img decoding=\"async\" class=\"size-full wp-image-11330 aligncenter\" src=\"https:\/\/havamall.vn\/wp-content\/uploads\/2019\/06\/VVkVb3_simg_d0daf0_800x1200_max.jpg\" alt=\"\" width=\"720\" height=\"960\" srcset=\"https:\/\/havamall.vn\/wp-content\/uploads\/2019\/06\/VVkVb3_simg_d0daf0_800x1200_max.jpg 720w, https:\/\/havamall.vn\/wp-content\/uploads\/2019\/06\/VVkVb3_simg_d0daf0_800x1200_max-430x573.jpg 430w, https:\/\/havamall.vn\/wp-content\/uploads\/2019\/06\/VVkVb3_simg_d0daf0_800x1200_max-150x200.jpg 150w, https:\/\/havamall.vn\/wp-content\/uploads\/2019\/06\/VVkVb3_simg_d0daf0_800x1200_max-700x933.jpg 700w\" sizes=\"(max-width: 720px) 100vw, 720px\" \/><\/div>\n<div><\/div>\n<\/div>\n<\/div>\n<p>&nbsp;<\/p>","protected":false},"excerpt":{"rendered":"<p>Cao quy linh c\u00f3 v\u1ecb h\u01a1i \u0111\u1eafng, m\u00e0u \u0111en, khi \u0103n c\u1ea3m gi\u00e1c gi\u1ed1ng v\u1edbi th\u1ea1ch s\u01b0\u01a1ng s\u00e1o nh\u01b0ng m\u1ec1m<\/p>","protected":false},"featured_media":11334,"comment_status":"open","ping_status":"closed","template":"","meta":[],"product_brand":[],"product_cat":[626],"product_tag":[],"class_list":{"0":"post-11329","1":"product","2":"type-product","3":"status-publish","4":"has-post-thumbnail","6":"product_cat-het-hang","8":"first","9":"outofstock","10":"sale","11":"shipping-taxable","12":"purchasable","13":"product-type-variable"},"_links":{"self":[{"href":"https:\/\/havamall.vn\/en\/wp-json\/wp\/v2\/product\/11329"}],"collection":[{"href":"https:\/\/havamall.vn\/en\/wp-json\/wp\/v2\/product"}],"about":[{"href":"https:\/\/havamall.vn\/en\/wp-json\/wp\/v2\/types\/product"}],"replies":[{"embeddable":true,"href":"https:\/\/havamall.vn\/en\/wp-json\/wp\/v2\/comments?post=11329"}],"version-history":[{"count":0,"href":"https:\/\/havamall.vn\/en\/wp-json\/wp\/v2\/product\/11329\/revisions"}],"wp:featuredmedia":[{"embeddable":true,"href":"https:\/\/havamall.vn\/en\/wp-json\/wp\/v2\/media\/11334"}],"wp:attachment":[{"href":"https:\/\/havamall.vn\/en\/wp-json\/wp\/v2\/media?parent=11329"}],"wp:term":[{"taxonomy":"product_brand","embeddable":true,"href":"https:\/\/havamall.vn\/en\/wp-json\/wp\/v2\/product_brand?post=11329"},{"taxonomy":"product_cat","embeddable":true,"href":"https:\/\/havamall.vn\/en\/wp-json\/wp\/v2\/product_cat?post=11329"},{"taxonomy":"product_tag","embeddable":true,"href":"https:\/\/havamall.vn\/en\/wp-json\/wp\/v2\/product_tag?post=11329"}],"curies":[{"name":"wp","href":"https:\/\/api.w.org\/{rel}","templated":true}]}}