{"id":11318,"date":"2019-06-26T11:50:49","date_gmt":"2019-06-26T04:50:49","guid":{"rendered":"https:\/\/havamall.vn\/?post_type=product&#038;p=11318"},"modified":"2021-06-24T15:39:07","modified_gmt":"2021-06-24T08:39:07","slug":"thach-cao-quy-linh-200gr","status":"publish","type":"product","link":"https:\/\/havamall.vn\/en\/shop\/thach-cao-quy-linh-200gr\/","title":{"rendered":"Th\u1ea1ch Cao Quy Linh 200gr"},"content":{"rendered":"<p>Cao quy linh v\u1ecb ng\u1ecdt m\u00e1t, nhi\u1ec1u c\u00f4ng hi\u1ec7u t\u1ed1t cho s\u1ee9c kh\u1ecfe. Cao quy linh l\u00e0 m\u00f3n tr\u00e1ng mi\u1ec7ng \u0111\u1eb7c s\u1ea3n c\u1ee7a ng\u01b0\u1eddi Hoa. Theo truy\u1ec1n th\u1ed1ng, cao quy linh \u0111\u01b0\u1ee3c l\u00e0m t\u1eeb hai th\u00e0nh ph\u1ea7n ch\u1ee7 y\u1ebfu l\u00e0 th\u1ed5 ph\u1ee5c linh, b\u1ed9t mai r\u00f9a, cam th\u1ea3o c\u00f9ng m\u1ed9t s\u1ed1 th\u00e0nh ph\u1ea7n kh\u00e1c.<\/p>\n<p><img decoding=\"async\" class=\"aligncenter\" src=\"https:\/\/havamall.vn\/wp-content\/uploads\/2019\/06\/hSE9b9_simg_d0daf0_800x1200_max.jpg\" alt=\"hSE9b9_simg_d0daf0_800x1200_max.jpg\" \/><br \/>\nCao quy linh c\u00f3 m\u00e0u \u0111en, khi \u0103n c\u1ea3m gi\u00e1c gi\u1ed1ng v\u1edbi th\u1ea1ch s\u01b0\u01a1ng s\u00e1o nh\u01b0ng m\u1ec1m v\u00e0 dai, th\u01a1m h\u01a1n. Cao quy linh \u0111\u01b0\u1ee3c cho l\u00e0 c\u00f3 t\u00e1c d\u1ee5ng thanh nhi\u1ec7t, gi\u1ea3i \u0111\u1ed9c, tr\u1ecb m\u1ee5n, t\u1ed1t cho da; khi \u0103n th\u01b0\u1eddng \u0111\u01b0\u1ee3c d\u00f9ng v\u1edbi m\u1eadt ong ho\u1eb7c s\u1eefa.<\/p>\n<p><img decoding=\"async\" class=\"aligncenter\" src=\"https:\/\/havamall.vn\/wp-content\/uploads\/2019\/06\/6ORSWM_simg_d0daf0_800x1200_max.jpg\" alt=\"6ORSWM_simg_d0daf0_800x1200_max.jpg\" \/><br \/>\nKi\u1ec3u d\u00e1ng ti\u1ec7n l\u1ee3i, nh\u1ecf g\u1ecdn d\u1ec5 d\u00e0ng mang theo<br \/>\nV\u1ecf, n\u1eafp h\u1ed9p \u0111\u01b0\u1ee3c l\u00e0m t\u1eeb nh\u1ef1a PP ch\u1eafc ch\u1eafn<br \/>\nM\u00e0ng \u0111\u00f3ng g\u00f3i s\u1ea3n ph\u1ea9m: D\u00f9ng \u201cm\u00e0ng nh\u00f4m m\u1ecfng\u201d, d\u1ec5 d\u00e0ng x\u00e9 m\u1edf, c\u00f3 th\u1ec3 t\u1ef1 di\u1ec7t khu\u1ea9n trong m\u00f4i tr\u01b0\u1eddng nhi\u1ec7t \u0111\u1ed9 cao.<br \/>\nB\u1ea3o qu\u1ea3n \u1edf nhi\u1ec7t \u0111\u1ed9 th\u01b0\u1eddng, ngon h\u01a1n khi \u0111\u1ec3 l\u1ea1nh<br \/>\nBao b\u00ec kh\u00e1c nhau tu\u1ef3 \u0111\u1ee3t nh\u1eadp h\u00e0ng.<\/p>","protected":false},"excerpt":{"rendered":"<p>Cao quy linh v\u1ecb ng\u1ecdt m\u00e1t, nhi\u1ec1u c\u00f4ng hi\u1ec7u t\u1ed1t cho s\u1ee9c kh\u1ecfe. Cao quy linh l\u00e0 m\u00f3n tr\u00e1ng mi\u1ec7ng<\/p>","protected":false},"featured_media":11324,"comment_status":"open","ping_status":"closed","template":"","meta":[],"product_brand":[],"product_cat":[626],"product_tag":[],"class_list":{"0":"post-11318","1":"product","2":"type-product","3":"status-publish","4":"has-post-thumbnail","6":"product_cat-het-hang","8":"first","9":"outofstock","10":"sale","11":"shipping-taxable","12":"purchasable","13":"product-type-variable"},"_links":{"self":[{"href":"https:\/\/havamall.vn\/en\/wp-json\/wp\/v2\/product\/11318"}],"collection":[{"href":"https:\/\/havamall.vn\/en\/wp-json\/wp\/v2\/product"}],"about":[{"href":"https:\/\/havamall.vn\/en\/wp-json\/wp\/v2\/types\/product"}],"replies":[{"embeddable":true,"href":"https:\/\/havamall.vn\/en\/wp-json\/wp\/v2\/comments?post=11318"}],"version-history":[{"count":0,"href":"https:\/\/havamall.vn\/en\/wp-json\/wp\/v2\/product\/11318\/revisions"}],"wp:featuredmedia":[{"embeddable":true,"href":"https:\/\/havamall.vn\/en\/wp-json\/wp\/v2\/media\/11324"}],"wp:attachment":[{"href":"https:\/\/havamall.vn\/en\/wp-json\/wp\/v2\/media?parent=11318"}],"wp:term":[{"taxonomy":"product_brand","embeddable":true,"href":"https:\/\/havamall.vn\/en\/wp-json\/wp\/v2\/product_brand?post=11318"},{"taxonomy":"product_cat","embeddable":true,"href":"https:\/\/havamall.vn\/en\/wp-json\/wp\/v2\/product_cat?post=11318"},{"taxonomy":"product_tag","embeddable":true,"href":"https:\/\/havamall.vn\/en\/wp-json\/wp\/v2\/product_tag?post=11318"}],"curies":[{"name":"wp","href":"https:\/\/api.w.org\/{rel}","templated":true}]}}