{"id":11302,"date":"2019-06-25T11:32:34","date_gmt":"2019-06-25T04:32:34","guid":{"rendered":"https:\/\/havamall.vn\/?post_type=product&#038;p=11302"},"modified":"2023-03-14T17:06:16","modified_gmt":"2023-03-14T10:06:16","slug":"dau-oliu-extra-virgin-hieu-pons-500ml","status":"publish","type":"product","link":"https:\/\/havamall.vn\/en\/shop\/dau-oliu-extra-virgin-hieu-pons-500ml\/","title":{"rendered":"D\u1ea7u Oliu Extra Virgin Hi\u1ec7u PONS 500ml"},"content":{"rendered":"<div class=\"html-content pdp-product-highlights\">\n<p>D\u1ea7u oliu ho\u00e0n to\u00e0n c\u00f3 th\u1ec3 r\u01b0\u1edbi tr\u1ef1c ti\u1ebfp l\u00ean th\u1ee9c \u0103n nh\u01b0 b\u00e1nh m\u00ec, salad m\u00e0 kh\u00f4ng c\u1ea7n ph\u1ed1i tr\u1ed9n th\u00eam gi\u1ea5m \u0111\u01b0\u1eddng.<\/p>\n<\/div>\n<div class=\"html-content detail-content\">\n<div>Extra Virgin Olive Oil l\u00e0 d\u00f2ng s\u1ea3n ph\u1ea9m \u0111\u1eb7c tr\u01b0ng v\u00e0 c\u00f3 ch\u1ea5t l\u01b0\u1ee3ng cao c\u1ea5p c\u1ee7a th\u01b0\u01a1ng hi\u1ec7u n\u1ed5i ti\u1ebfng Pons (TBN). D\u1ea7u c\u00f3 h\u00e0m l\u01b0\u1ee3ng acid kh\u00f4ng qu\u00e1 0.5o, c\u00f3 lo\u1ea1i ch\u1ec9 0.25o (Extra Virgin Olive Oil for Babies); H\u01b0\u01a1ng v\u1ecb th\u01a1m ngon \u0111\u1eadm \u0111\u00e0 h\u01a1n nh\u1edd qu\u1ea3 \u00f4-liu \u0111\u01b0\u1ee3c \u00e9p t\u01b0\u01a1i ngay sau khi thu ho\u1ea1ch.<\/div>\n<div>V\u1edbi xu\u1ea5t x\u1ee9 t\u1eeb T\u00e2y Ban Nha<\/div>\n<div><\/div>\n<div>\n<div><\/div>\n<\/div>\n<div><img fetchpriority=\"high\" decoding=\"async\" class=\"wp-image-12702 aligncenter\" src=\"https:\/\/havamall.vn\/wp-content\/uploads\/2019\/06\/AN257-Pouring-Olive-Oil-732x549-thumb-300x225.jpg\" alt=\"\" width=\"532\" height=\"399\" srcset=\"https:\/\/havamall.vn\/wp-content\/uploads\/2019\/06\/AN257-Pouring-Olive-Oil-732x549-thumb-300x225.jpg 300w, https:\/\/havamall.vn\/wp-content\/uploads\/2019\/06\/AN257-Pouring-Olive-Oil-732x549-thumb-430x323.jpg 430w, https:\/\/havamall.vn\/wp-content\/uploads\/2019\/06\/AN257-Pouring-Olive-Oil-732x549-thumb-150x113.jpg 150w, https:\/\/havamall.vn\/wp-content\/uploads\/2019\/06\/AN257-Pouring-Olive-Oil-732x549-thumb-700x525.jpg 700w, https:\/\/havamall.vn\/wp-content\/uploads\/2019\/06\/AN257-Pouring-Olive-Oil-732x549-thumb-600x450.jpg 600w, https:\/\/havamall.vn\/wp-content\/uploads\/2019\/06\/AN257-Pouring-Olive-Oil-732x549-thumb.jpg 732w\" sizes=\"(max-width: 532px) 100vw, 532px\" \/><\/div>\n<div>H\u00e0m l\u01b0\u1ee3ng ch\u1ea5t b\u00e9o v\u00e0 omega cao trong d\u1ea7u olive r\u1ea5t quan tr\u1ecdng trong giai \u0111o\u1ea1n \u0103n d\u1eb7m, gi\u00fap c\u1ea3i thi\u1ec7n c\u00e2n n\u1eb7ng, chi\u1ec1u cao v\u00e0 s\u1ef1 ph\u00e1t tri\u1ec3n n\u00e3o b\u1ed9, ho\u00e0n thi\u1ec7n ch\u1ee9c n\u0103ng c\u1ee7a d\u1ea1 d\u00e0y, ng\u0103n ng\u1eeba t\u00e1o b\u00f3n v\u00e0 nh\u1eefng c\u01a1n \u0111au co th\u1eaft th\u01b0\u1eddng x\u1ea3y ra \u1edf tr\u1ebb nh\u1ecf.\u00a0D\u1ea7u c\u00f3 r\u1ea5t nhi\u1ec1u c\u00f4ng d\u1ee5ng nh\u01b0: H\u1ea1 huy\u1ebft \u00e1p, ng\u0103n ch\u1eb7n s\u1ef1 ph\u00e1t tri\u1ec3n c\u1ee7a m\u1ed9t s\u1ed1 lo\u1ea1i ung th\u01b0, xoa d\u1ecbu ch\u1ee9ng th\u1ea5p kh\u1edbp, ng\u0103n ch\u1eb7n ch\u1ee9ng x\u01a1 c\u1ee9ng \u0111\u1ed9ng m\u1ea1ch, t\u1ed1t cho ti\u00eau h\u00f3a v\u00e0 gi\u1ea3m c\u00e2n, tr\u1ecb b\u1ec7nh nhu\u1eadn tr\u00e0ng v\u00e0 t\u00e1o b\u00f3n. \u0110\u1eb7c bi\u1ec7t, d\u1ea7u \u00f4liu l\u00e0 th\u1ef1c ph\u1ea9m an to\u00e0n cho thai ph\u1ee5 v\u00e0 tr\u1ebb s\u01a1 sinh.<\/div>\n<div><\/div>\n<div>\n<div><\/div>\n<\/div>\n<\/div>\n<p>&nbsp;<\/p>","protected":false},"excerpt":{"rendered":"<p>D\u1ea7u oliu ho\u00e0n to\u00e0n c\u00f3 th\u1ec3 r\u01b0\u1edbi tr\u1ef1c ti\u1ebfp l\u00ean th\u1ee9c \u0103n nh\u01b0 b\u00e1nh m\u00ec, salad m\u00e0 kh\u00f4ng c\u1ea7n ph\u1ed1i<\/p>","protected":false},"featured_media":11303,"comment_status":"open","ping_status":"closed","template":"","meta":[],"product_brand":[],"product_cat":[626],"product_tag":[],"class_list":{"0":"post-11302","1":"product","2":"type-product","3":"status-publish","4":"has-post-thumbnail","6":"product_cat-het-hang","8":"first","9":"instock","10":"sale","11":"shipping-taxable","12":"purchasable","13":"product-type-simple"},"_links":{"self":[{"href":"https:\/\/havamall.vn\/en\/wp-json\/wp\/v2\/product\/11302"}],"collection":[{"href":"https:\/\/havamall.vn\/en\/wp-json\/wp\/v2\/product"}],"about":[{"href":"https:\/\/havamall.vn\/en\/wp-json\/wp\/v2\/types\/product"}],"replies":[{"embeddable":true,"href":"https:\/\/havamall.vn\/en\/wp-json\/wp\/v2\/comments?post=11302"}],"version-history":[{"count":0,"href":"https:\/\/havamall.vn\/en\/wp-json\/wp\/v2\/product\/11302\/revisions"}],"wp:featuredmedia":[{"embeddable":true,"href":"https:\/\/havamall.vn\/en\/wp-json\/wp\/v2\/media\/11303"}],"wp:attachment":[{"href":"https:\/\/havamall.vn\/en\/wp-json\/wp\/v2\/media?parent=11302"}],"wp:term":[{"taxonomy":"product_brand","embeddable":true,"href":"https:\/\/havamall.vn\/en\/wp-json\/wp\/v2\/product_brand?post=11302"},{"taxonomy":"product_cat","embeddable":true,"href":"https:\/\/havamall.vn\/en\/wp-json\/wp\/v2\/product_cat?post=11302"},{"taxonomy":"product_tag","embeddable":true,"href":"https:\/\/havamall.vn\/en\/wp-json\/wp\/v2\/product_tag?post=11302"}],"curies":[{"name":"wp","href":"https:\/\/api.w.org\/{rel}","templated":true}]}}