{"id":11225,"date":"2019-06-19T17:06:19","date_gmt":"2019-06-19T10:06:19","guid":{"rendered":"https:\/\/havamall.vn\/?post_type=product&#038;p=11225"},"modified":"2025-10-01T10:49:47","modified_gmt":"2025-10-01T03:49:47","slug":"bo-bretel-phap-butter-bretel-250gr","status":"publish","type":"product","link":"https:\/\/havamall.vn\/en\/shop\/bo-bretel-phap-butter-bretel-250gr\/","title":{"rendered":"B\u01a1 Bretel Ph\u00e1p &#8211; Butter Bretel 250gr"},"content":{"rendered":"<p><img fetchpriority=\"high\" decoding=\"async\" class=\"wp-image-21825 alignleft\" src=\"https:\/\/havamall.com\/wp-content\/uploads\/2025\/10\/Untitled-1-02-1-211x300.png\" alt=\"\" width=\"315\" height=\"448\" \/>Beurre Bretel \u0111\u01b0\u1ee3c s\u1ea3n xu\u1ea5t b\u1edfi h\u00e3ng Maison Bretel Fr\u00e8res n\u0103m 1871 s\u00e1ng l\u1eadp b\u1edfi hai anh em Eug\u00e8ne Bretel v\u00e0 Adolphe Bretel \u1edf Valognes (Ph\u00e1p). H\u00e3ng ph\u00e1t tri\u1ec3n mau ch\u00f3ng, s\u1ea3n xu\u1ea5t t\u1eeb 95 t\u1ea5n n\u0103m 1871 nh\u1ea3y v\u1ecdt l\u00ean 1840 t\u1ea5n n\u0103m 1879, l\u00e0 m\u1ed9t trong nh\u1eefng h\u00e3ng s\u1ea3n xu\u1ea5t b\u01a1 quan tr\u1ecdng nh\u1ee9t c\u1ee7a Ph\u00e1p th\u1eddi b\u1ea5y gi\u1edd. H\u00e3ng \u0111\u00e3 nh\u1eadn \u0111\u01b0\u1ee3c nhi\u1ec1u huy ch\u01b0\u01a1ng trong nhi\u1ec1u h\u1ed9i ch\u1ee3 qu\u1ed1c t\u1ebf n\u0103m 1878, 1889, 1900 \u1edf Paris, 1893 \u1edf Chicago \u2026 v\u00e0 s\u1ed1ng nh\u1edd xu\u1ea5t c\u1ea3ng ra ngo\u1ea1i qu\u1ed1c (80% beurre \u0111\u01b0\u1ee3c xu\u1ea5t c\u1ea3ng).<\/p>\n<p>Ch\u1eafc h\u1eb3n nh\u1eefng ai \u1edf th\u1ebf h\u1ec7 tr\u01b0\u1edbc ho\u1eb7c \u00f4ng b\u00e0 ch\u00fang ta kh\u00f4ng l\u1ea1 v\u1ec1 h\u1ed9p B\u01a1 Ph\u00e1p n\u00e0y .B\u01a1 Bretel h\u1ee3p gout ng\u01b0\u1eddi Vi\u1ec7t Nam ch\u00fang ta b\u1edfi n\u00f3 c\u00f3 v\u1ecb m\u1eb7n .<\/p>\n<div class=\"o9v6fnle cxmmr5t8 oygrvhab hcukyx3x c1et5uql ii04i59q\">\n<div dir=\"auto\">C\u00f3 qu\u00e1 \u00edt th\u00f4ng tin b\u1eb1ng ti\u1ebfng Anh v\u1ec1 lo\u1ea1i b\u01a1 n\u00e0y \u0111\u1ebfn n\u1ed7i th\u1eadt kh\u00f3 \u0111\u1ec3 tin r\u1eb1ng n\u00f3 t\u1eebng l\u00e0 th\u1ecb tr\u01b0\u1eddng c\u00f4ng nghi\u1ec7p b\u01a1 l\u1edbn nh\u1ea5t th\u1ebf gi\u1edbi. Ng\u01b0\u1eddi Vi\u1ec7t \u0111\u0103ng c\u00e1c y\u00eau c\u1ea7u tr\u00ean m\u1ea1ng nh\u1eb1m c\u00f3 \u0111\u01b0\u1ee3c s\u1ef1 tr\u1ee3 gi\u00fap ki\u1ebfm t\u00ecm b\u01a1 \u0111\u00f3ng h\u1ed9p Bretel nh\u01b0ng th\u01b0\u1eddng kh\u00f4ng nh\u1eadn \u0111\u01b0\u1ee3c b\u1ea5t c\u1ee9 manh m\u1ed1i n\u00e0o t\u1eeb ng\u01b0\u1eddi n\u01b0\u1edbc ngo\u00e0i ho\u1eb7c ti\u1ebfp t\u1ee5c b\u1eaft g\u1eb7p th\u00eam nh\u1eefng y\u00eau c\u1ea7u t\u01b0\u01a1ng t\u1ef1 nh\u01b0 v\u1eady t\u1eeb nh\u1eefng ng\u01b0\u1eddi Vi\u1ec7t kh\u00e1c. \u0110\u1ed1i v\u1edbi ng\u01b0\u1eddi Vi\u1ec7t l\u1edbn tu\u1ed5i, th\u00ec b\u01a1 \u0111\u00f3ng h\u1ed9p Bretel l\u00e0 m\u1ed9t vi\u00ean nang ch\u1ee9a \u0111\u1ef1ng th\u1eddi gian.<\/div>\n<div dir=\"auto\"><\/div>\n<div dir=\"auto\">Lo\u1ea1i B\u01a1 m\u00e0 nhi\u1ec1u ng\u01b0\u1eddi th\u1eafc m\u1eafc n\u00e0y c\u00f3 ngu\u1ed3n g\u1ed1c ban \u0111\u1ea7u \u0111\u1ebfn t\u1eeb Maison Bretel Freres, m\u1ed9t c\u00f4ng ty b\u01a1 \u0111\u01b0\u1ee3c th\u00e0nh l\u1eadp v\u00e0o n\u0103m 1871 b\u1edfi hai anh em: Eugene Bretel v\u00e0 Adolphe Bretel. B\u01a1 \u0111\u01b0\u1ee3c l\u00e0m \u1edf v\u00f9ng Manche c\u1ee7a Normandy, Ph\u00e1p. Lo\u1ea1i b\u01a1 h\u1ecd b\u00e1n l\u00e0 &#8220;beurre d\u00e8 Isigny&#8221;, m\u1ed9t lo\u1ea1i b\u01a1 \u0111\u00e3 \u0111\u01b0\u1ee3c \u0111\u0103ng k\u00fd ngu\u1ed3n g\u1ed1c \u0111\u01b0\u1ee3c l\u00e0m t\u1eeb s\u1eefa b\u00f2 \u1edf c\u00e1c khu v\u1ef1c xung quanh v\u00f9ng Isigny-du-Mer (mi\u1ec1n T\u00e2y n\u01b0\u1edbc Ph\u00e1p)<\/div>\n<\/div>\n<div class=\"o9v6fnle cxmmr5t8 oygrvhab hcukyx3x c1et5uql ii04i59q\">\n<div dir=\"auto\">Trong tu\u1ea7n b\u00e1o Bradstreet&#8217;s Weekly: A Business Digest, s\u1ed1 19, m\u1ed9t ng\u01b0\u1eddi \u0111\u1ebfn th\u0103m nh\u00e0 m\u00e1y Bretel \u0111\u00e3 k\u1ec3 l\u1ea1i nh\u1eefng g\u00ec h\u1ecd th\u1ea5y \u1edf \u0111\u00f3. B\u01a1 \u0111\u01b0\u1ee3c mua t\u1eeb nh\u1eefng ng\u01b0\u1eddi ch\u0103n nu\u00f4i b\u00f2 s\u1eefa trong khu v\u1ef1c tr\u01b0\u1edbc khi \u0111\u01b0\u1ee3c ph\u00e2n lo\u1ea1i v\u00e0 ch\u1ebf bi\u1ebfn. B\u01a1 \u0111\u01b0\u1ee3c \u0111\u1ecbnh h\u00ecnh trong m\u1ed9t kh\u1ed1i h\u00ecnh ch\u1eef nh\u1eadt, c\u00e1n ph\u1eb3ng v\u00e0 \u0111\u00f3ng g\u00f3i trong h\u1ed9p. N\u00f3 th\u01b0\u1eddng \u0111\u01b0\u1ee3c g\u1ecdi l\u00e0 b\u01a1 c\u00e1n ph\u1eb3ng Normandy, v\u00e0 t\u1ea3ng b\u01a1 Bretel n\u00e0y t\u1eebng l\u00e0 s\u1ea3n ph\u1ea9m \u0111\u00f3ng g\u00f3i r\u1ea5t \u0111\u01b0\u1ee3c y\u00eau th\u00edch \u1edf Anh qu\u1ed1c.<\/div>\n<\/div>\n<div dir=\"auto\"><\/div>\n<div dir=\"auto\">Maison Bretel Freres c\u0169ng l\u00e0 m\u1ed9t th\u01b0\u01a1ng hi\u1ec7u n\u1ed5i ti\u1ebfng \u0111\u00e3 gi\u00e0nh \u0111\u01b0\u1ee3c nhi\u1ec1u gi\u1ea3i th\u01b0\u1edfng t\u1ea1i c\u00e1c cu\u1ed9c tri\u1ec3n l\u00e3m th\u01b0\u01a1ng m\u1ea1i th\u1ebf gi\u1edbi v\u00e0o th\u1eddi \u0111i\u1ec3m \u0111\u00f3. V\u1ecf h\u1ed9p c\u1ee7a n\u00f3, t\u01b0\u01a1ng t\u1ef1 nh\u01b0 lon s\u1eefa \u0111\u1eb7c c\u00f3 \u0111\u01b0\u1eddng Nestle, theo m\u1ed9t ghi ch\u00fa c\u1ee7a b\u00e1o c\u00e1o kinh t\u1ebf Ph\u00e1p n\u0103m 1908 th\u00ec ch\u00fang \u0111\u1ec1u \u0111\u01b0\u1ee3c s\u1eed d\u1ee5ng nh\u01b0 m\u1ed9t \u0111\u01a1n v\u1ecb \u0111ong \u0111\u1ebfm d\u00f9ng trong ng\u00e0nh th\u01b0\u01a1ng m\u1ea1i g\u1ea1o.<\/div>\n<div dir=\"auto\"><\/div>\n<div dir=\"auto\"><img decoding=\"async\" class=\"aligncenter\" src=\"https:\/\/havamall.com\/wp-content\/uploads\/2025\/10\/6a00d8341ef22f53ef01bb07bca7fc970d.png\" alt=\"Bretel French Butter: A Viet Canned Cult Favorite - Viet World Kitchen\" width=\"615\" height=\"410\" \/><\/div>\n<div dir=\"auto\"><\/div>\n<div dir=\"auto\">\n<div dir=\"auto\">Theo V\u0169 H\u1ed3ng Li\u00ean, trong cu\u1ed1n s\u00e1ch &#8220;Rice and Baguettes&#8221; (G\u1ea1o v\u00e0 B\u00e1nh m\u00ec), nh\u1eadn x\u00e9t r\u1eb1ng Bretel \u0111\u00e3 t\u1eebng m\u1ea5t m\u1ed9t th\u1eddi gian \u0111\u1ec3 th\u00e2m nh\u1eadp th\u1ecb tr\u01b0\u1eddng \u1edf Vi\u1ec7t Nam, nh\u01b0ng m\u1ed9t khi \u0111\u00e3 \u0111\u1ebfn v\u1edbi \u0111\u1ea5t n\u01b0\u1edbc n\u00e0y, n\u00f3 kh\u00f4ng bao gi\u1edd r\u1eddi \u0111i. &#8220;Th\u1eadt v\u1eady, trong khi c\u00f4ng ty Maison Bretel Freres kh\u00f4ng c\u00f2n t\u1ed3n t\u1ea1i n\u1eefa v\u00e0 kh\u00e1i ni\u1ec7m b\u01a1 \u0111\u00f3ng h\u1ed9p \u0111\u00e3 b\u1ecb phai m\u1edd th\u00ec nh\u1eefng h\u1ed9p b\u01a1 Bretel v\u1eabn ti\u1ebfp t\u1ee5c \u0111\u01b0\u1ee3c ti\u00eau th\u1ee5 b\u1edfi th\u1ecb tr\u01b0\u1eddng ng\u01b0\u1eddi Vi\u1ec7t t\u1ea1i Vi\u1ec7t Nam l\u1eabn h\u1ea3i ngo\u1ea1i, \u0111\u00f3ng vai tr\u00f2 nh\u01b0 m\u1ed9t l\u1ec5 v\u1eadt ho\u00e0i c\u1ed5 c\u1ee7a c\u1ea3 m\u1ed9t th\u1ebf h\u1ec7.<\/div>\n<div dir=\"auto\"><\/div>\n<div dir=\"auto\">C\u00e1c lon b\u01a1 c\u00f3 m\u1eb7t tr\u00ean th\u1ecb tr\u01b0\u1eddng ng\u00e0y h\u00f4m nay c\u00f3 d\u00f2ng ch\u1eef c\u00e1i \u0111\u1ea7u l\u00e0 &#8220;NVT&#8221;, vi\u1ebft t\u1eaft c\u1ee7a Ng\u00f4 V\u0103n Th\u1ebf, l\u00e0 ng\u01b0\u1eddi c\u00f3 c\u00f4ng n\u1ed9p \u0111\u01a1n \u0111\u0103ng k\u00fd nh\u00e3n hi\u1ec7u qu\u1ed1c t\u1ebf c\u1ee7a Bretel v\u00e0o n\u0103m 1964. \u00d4ng sinh n\u0103m 1944, c\u0169ng \u0111\u01b0\u1ee3c li\u1ec7t k\u00ea l\u00e0 ch\u1ee7 t\u1ecbch c\u1ee7a Bretel, c\u00f4ng ty kinh doanh trong th\u01b0\u01a1ng m\u1ea1i b\u00e1n bu\u00f4n.<\/div>\n<div dir=\"auto\">(ng\u01b0\u1eddi d\u1ecbch: Ng\u00f4 V\u0103n Th\u1ebf \u0111\u00f3ng vai tr\u00f2 nh\u01b0 ng\u01b0\u1eddi \u0111\u1ea1i di\u1ec7n ph\u00e2n ph\u1ed1i s\u1ea3n ph\u1ea9m n\u00e0y, c\u00f4ng ty v\u1eabn l\u00e0 \u1edf Ph\u00e1p v\u00e0 h\u1ecd l\u00e0 ng\u01b0\u1eddi \u0111\u00e3 mua l\u1ea1i th\u01b0\u01a1ng hi\u1ec7u g\u1ed1c Maison Bretel Freres)<\/div>\n<\/div>\n<div dir=\"auto\"><\/div>\n<div dir=\"auto\"><img decoding=\"async\" class=\"aligncenter\" src=\"https:\/\/havamall.vn\/wp-content\/uploads\/2019\/06\/1*WxpJ2TQgTa0X-EYfy5_qFg.jpeg\" alt=\"The Best Butter In The World. Tracking down who makes beurre Bretel\u2026 | by Ruth Grace Wong | Jul, 2021 | Medium\" width=\"623\" height=\"467\" \/><\/div>\n<h3><strong>B\u01a1 Bretel v\u00e0 n\u1ed7i nh\u1edb:<\/strong><\/h3>\n<p>B\u01a1 Bretel hay c\u00f2n g\u1ecdi l\u00e0 B\u01a1 \u0110\u1ed3ng Ti\u1ec1n, \u0111\u1ed1i v\u1edbi nhi\u1ec1u kh\u00e1ch h\u00e0ng trung ni\u00ean th\u00ec \u0111\u00e2y kh\u00f4ng ch\u1ec9 l\u00e0 m\u00f3n b\u01a1 quen d\u00f9ng m\u00e0 n\u00f3 c\u00f2n g\u1eafn v\u1edbi nhi\u1ec1u k\u1ec9 ni\u1ec7m th\u1eddi tr\u1ebb c\u1ee7a h\u1ecd.<br \/>\nB\u01a1 \u0111\u01b0\u1ee3c d\u00f9ng \u0111\u1ec3 qu\u1ebft l\u00ean b\u00e1nh m\u00ec, d\u00f9ng l\u00e0m gia v\u1ecb, c\u0169ng nh\u01b0 d\u00f9ng trong n\u1ea5u n\u01b0\u1edbng ch\u1eb3ng h\u1ea1n nh\u01b0 l\u00e0m n\u01b0\u1edbc x\u1ed1t, r\u00e1n, n\u01b0\u1edbng.<\/p>\n<p><img loading=\"lazy\" decoding=\"async\" class=\"wp-image-11229 aligncenter\" src=\"https:\/\/havamall.com\/wp-content\/uploads\/2025\/10\/bo3.jpg\" alt=\"\" width=\"619\" height=\"772\" \/><\/p>\n<p>N\u00ean b\u1ea3o qu\u1ea3n b\u01a1 trong t\u1ee7 m\u00e1t \u0111\u1ec3 gi\u1eef \u0111\u01b0\u1ee3c ch\u1ea5t l\u01b0\u1ee3ng t\u1ed1t nh\u1ea5t.<br \/>\nB\u01a1 th\u01b0\u1eddng c\u00f3 m\u00e0u v\u00e0ng nh\u1ea1t nh\u01b0ng c\u0169ng th\u1ec3 c\u00f3 gam m\u00e0u t\u1eeb v\u00e0ng th\u1eabm \u0111\u1ebfn g\u1ea7n nh\u01b0 tr\u1eafng.<br \/>\nBeurre Bretel Butter \u0111\u01b0\u1ee3c l\u00e0m t\u1eeb ch\u1ea5t b\u00e9o s\u1eefa cao c\u1ea5p t\u1eeb nh\u1eefng gi\u1ed1ng b\u00f2 qu\u00ed tr\u00ean nh\u1eefng c\u00e1nh \u0111\u1ed3ng c\u1ecf c\u1ee7a v\u00f9ng Bretel n\u1ed5i ti\u1ebfng c\u1ee7a Ph\u00e1p<\/p>\n<p><img loading=\"lazy\" decoding=\"async\" class=\"wp-image-11232 aligncenter\" src=\"https:\/\/havamall.com\/wp-content\/uploads\/2025\/10\/bo4.jpg\" alt=\"\" width=\"625\" height=\"938\" \/><\/p>\n<p>&nbsp;<\/p>\n<p>Ngo\u00e0i chuy\u1ec7n \u0103n v\u1edbi b\u00e1nh m\u1ef3 th\u00ec b\u01a1 cho v\u00e0o khoai t\u00e2y r\u00e1n c\u0169ng r\u1ea5t ngon, v\u00ec n\u1ebfu x\u00f3c mu\u1ed1i th\u00ec r\u1ea5t d\u1ec5 ho\u1eb7c qu\u00e1 nh\u1ea1t ho\u1eb7c qu\u00e1 m\u1eb7n, c\u00f2n tr\u1ed9n b\u01a1 th\u00ec n\u1ebfu cho \u0111\u1ee7 b\u01a1 l\u00e0 t\u1ef1 kh\u1eafc v\u1ecb m\u1eb7n \u0111\u00e3 v\u1eeba.<\/p>\n<p>B\u01a1 Bretel \u0111\u01b0\u1ee3c s\u1ea3n xu\u1ea5t t\u1ea1i Ph\u00e1p.<\/p>\n<p><img loading=\"lazy\" decoding=\"async\" class=\"aligncenter\" src=\"https:\/\/havamall.com\/wp-content\/uploads\/2025\/10\/5e7d89bc26d3c_1585285564.jpg\" alt=\"B\u01a1 Bretel Ph\u00e1p M\u1edbi 100%, gi\u00e1: 220.000\u0111, g\u1ecdi: 0917 277 295, Qu\u1eadn 10 - H\u1ed3 Ch\u00ed Minh, id-d0751700\" width=\"625\" height=\"939\" \/><\/p>\n<p>Th\u00e0nh ph\u1ea7n: B\u01a1 (s\u1eefa) 97%, mu\u1ed1i 3%<\/p>","protected":false},"excerpt":{"rendered":"<p>Beurre Bretel Butter \u0111\u01b0\u1ee3c l\u00e0m t\u1eeb ch\u1ea5t b\u00e9o s\u1eefa cao c\u1ea5p t\u1eeb nh\u1eefng gi\u1ed1ng b\u00f2 qu\u00ed tr\u00ean nh\u1eefng c\u00e1nh \u0111\u1ed3ng c\u1ecf c\u1ee7a v\u00f9ng Bretel n\u1ed5i ti\u1ebfng c\u1ee7a Ph\u00e1p<\/p>\n<p>&nbsp;<\/p>","protected":false},"featured_media":24584,"comment_status":"open","ping_status":"closed","template":"","meta":[],"product_brand":[],"product_cat":[36,143],"product_tag":[],"class_list":{"0":"post-11225","1":"product","2":"type-product","3":"status-publish","4":"has-post-thumbnail","6":"product_cat-thuc-pham-tieu-dung","7":"product_cat-thuc-pham-dong-hop","9":"first","10":"outofstock","11":"sale","12":"shipping-taxable","13":"purchasable","14":"product-type-simple"},"_links":{"self":[{"href":"https:\/\/havamall.vn\/en\/wp-json\/wp\/v2\/product\/11225"}],"collection":[{"href":"https:\/\/havamall.vn\/en\/wp-json\/wp\/v2\/product"}],"about":[{"href":"https:\/\/havamall.vn\/en\/wp-json\/wp\/v2\/types\/product"}],"replies":[{"embeddable":true,"href":"https:\/\/havamall.vn\/en\/wp-json\/wp\/v2\/comments?post=11225"}],"version-history":[{"count":0,"href":"https:\/\/havamall.vn\/en\/wp-json\/wp\/v2\/product\/11225\/revisions"}],"wp:featuredmedia":[{"embeddable":true,"href":"https:\/\/havamall.vn\/en\/wp-json\/wp\/v2\/media\/24584"}],"wp:attachment":[{"href":"https:\/\/havamall.vn\/en\/wp-json\/wp\/v2\/media?parent=11225"}],"wp:term":[{"taxonomy":"product_brand","embeddable":true,"href":"https:\/\/havamall.vn\/en\/wp-json\/wp\/v2\/product_brand?post=11225"},{"taxonomy":"product_cat","embeddable":true,"href":"https:\/\/havamall.vn\/en\/wp-json\/wp\/v2\/product_cat?post=11225"},{"taxonomy":"product_tag","embeddable":true,"href":"https:\/\/havamall.vn\/en\/wp-json\/wp\/v2\/product_tag?post=11225"}],"curies":[{"name":"wp","href":"https:\/\/api.w.org\/{rel}","templated":true}]}}