{"id":11205,"date":"2019-06-19T10:12:50","date_gmt":"2019-06-19T03:12:50","guid":{"rendered":"https:\/\/havamall.vn\/?post_type=product&#038;p=11205"},"modified":"2021-06-24T09:43:33","modified_gmt":"2021-06-24T02:43:33","slug":"ca-phe-kem-phin-mr-viet","status":"publish","type":"product","link":"https:\/\/havamall.vn\/en\/shop\/ca-phe-kem-phin-mr-viet\/","title":{"rendered":"C\u00e0 Ph\u00ea k\u00e8m phin Mr.Vi\u1ec7t"},"content":{"rendered":"<div class=\"html-content pdp-product-highlights\">\n<p>V\u0103n h\u00f3a u\u1ed1ng c\u00e0 ph\u00ea s\u00e1ng \u1edf Vi\u1ec7t Nam \u0111\u01b0\u1ee3c m\u1ecdi ng\u01b0\u1eddi bi\u1ebft \u0111\u1ebfn v\u00ec \u0111\u00f3 l\u00e0 \u0111\u1eb7c tr\u01b0ng kh\u00f4ng th\u1ec3 kh\u00f4ng bi\u1ebft \u0111\u1ebfn \u1edf Vi\u1ec7t Nam. H\u1ecd c\u00f3 th\u1ec3 d\u00f9ng ly c\u00e0 ph\u00ea v\u00e0o l\u00fac s\u00e1ng tinh m\u01a1 c\u00f9ng v\u1edbi b\u00ean c\u1ea1nh l\u00e0 \u1ea5m tr\u00e0 n\u00f3ng, ho\u1eb7c nh\u1eefng chi\u1ebfc b\u00e1nh ng\u1ecdt nh\u1ecf \u0111\u1ebb m\u1edf \u0111\u1ea7u c\u00e2u chuy\u1ec7n c\u1ee7a m\u1ed9t ng\u00e0y m\u1edbi. Nh\u01b0ng \u0111\u1ec3 mang l\u1ea1i h\u01b0\u01a1ng v\u1ecb ly c\u00e0 ph\u00ea bu\u1ed5i s\u00e1ng r\u00f5 nh\u01b0 th\u1ebf n\u00e0o th\u00ec \u0111i\u1ec1u \u0111\u00f3 ch\u00fang ta h\u00e3y n\u00ean nh\u1eafc ngay d\u00f2ng c\u00e0 ph\u00ea n\u00e0y.<\/p>\n<p><img fetchpriority=\"high\" decoding=\"async\" class=\"wp-image-12507 aligncenter\" src=\"https:\/\/havamall.vn\/wp-content\/uploads\/2019\/06\/ca-phe-phin-1000x553-300x166.jpg\" alt=\"\" width=\"613\" height=\"339\" srcset=\"https:\/\/havamall.vn\/wp-content\/uploads\/2019\/06\/ca-phe-phin-1000x553-300x166.jpg 300w, https:\/\/havamall.vn\/wp-content\/uploads\/2019\/06\/ca-phe-phin-1000x553-430x238.jpg 430w, https:\/\/havamall.vn\/wp-content\/uploads\/2019\/06\/ca-phe-phin-1000x553-150x83.jpg 150w, https:\/\/havamall.vn\/wp-content\/uploads\/2019\/06\/ca-phe-phin-1000x553-700x387.jpg 700w, https:\/\/havamall.vn\/wp-content\/uploads\/2019\/06\/ca-phe-phin-1000x553-768x425.jpg 768w, https:\/\/havamall.vn\/wp-content\/uploads\/2019\/06\/ca-phe-phin-1000x553-600x332.jpg 600w, https:\/\/havamall.vn\/wp-content\/uploads\/2019\/06\/ca-phe-phin-1000x553.jpg 1000w\" sizes=\"(max-width: 613px) 100vw, 613px\" \/><\/p>\n<\/div>\n<div id=\"detail_decorate_root\">\n<div id=\"_root\" class=\"engine-app\">\n<div id=\"Root\" class=\"com-struct\">\n<div id=\"hd\" class=\"com-struct\">V\u1edbi th\u00e0nh ph\u1ea7n l\u00e0 nh\u1eefng h\u1ea1t c\u00e0 ph\u00ea \u0111\u01b0\u1ee3c l\u1ea5y t\u1ea1i Vi\u1ec7t Nam, l\u1ef1a ch\u1ecdn t\u1eeb tay c\u1ee7a nh\u1eefng ng\u01b0\u1eddi n\u00f4ng d\u00e2n tr\u1ed3ng c\u00e0 ph\u00ea v\u00e0 \u0111\u01b0\u1ee3c rang xay t\u1ea1i \u0110\u00e0 L\u1ea1t, L\u00e2m \u0110\u1ed3ng.<\/div>\n<div id=\"bd\" class=\"com-struct\">\n<div id=\"bd_0\" class=\"com-struct\">\n<div id=\"bd_0_container_0\" class=\"com-struct\">\n<div id=\"shell-com-51687246\" class=\"J_module\">\n<div class=\"module-detailImageText\">\n<p>&#8220;- 70% Arabica, 30% Robusta &#8211; H\u01b0\u01a1ng v\u1ecb s\u00f4-c\u00f4-la &amp; caramen &#8211; H\u1ed9p 250gr &#8211; Phin pha c\u00e0 ph\u00ea truy\u1ec1n th\u1ed1ng c\u1ee7a Vi\u1ec7t Nam&#8221;<\/p>\n<p><img decoding=\"async\" class=\"wp-image-12509 aligncenter\" src=\"https:\/\/havamall.vn\/wp-content\/uploads\/2019\/06\/photo-4-15535959932781686399643-300x186.jpg\" alt=\"\" width=\"570\" height=\"353\" srcset=\"https:\/\/havamall.vn\/wp-content\/uploads\/2019\/06\/photo-4-15535959932781686399643-300x186.jpg 300w, https:\/\/havamall.vn\/wp-content\/uploads\/2019\/06\/photo-4-15535959932781686399643-430x266.jpg 430w, https:\/\/havamall.vn\/wp-content\/uploads\/2019\/06\/photo-4-15535959932781686399643-150x93.jpg 150w, https:\/\/havamall.vn\/wp-content\/uploads\/2019\/06\/photo-4-15535959932781686399643-700x433.jpg 700w, https:\/\/havamall.vn\/wp-content\/uploads\/2019\/06\/photo-4-15535959932781686399643-768x475.jpg 768w, https:\/\/havamall.vn\/wp-content\/uploads\/2019\/06\/photo-4-15535959932781686399643-600x371.jpg 600w, https:\/\/havamall.vn\/wp-content\/uploads\/2019\/06\/photo-4-15535959932781686399643.jpg 800w\" sizes=\"(max-width: 570px) 100vw, 570px\" \/><\/p>\n<\/div>\n<\/div>\n<\/div>\n<\/div>\n<div id=\"bd_1\" class=\"com-struct\">\n<div id=\"bd_1_container_0\" class=\"com-struct\">\n<div id=\"shell-com-51687245\" class=\"J_module\">\n<div class=\"module-detailImageText\">\n<p>&nbsp;<\/p>\n<div>C\u00e0 ph\u00ea xay v\u00e0 phin v\u1edbi h\u00e0m l\u01b0\u1ee3ng 70 % h\u1ea1t Arabica c\u00f9ng v\u1edbi 30% Robusta.<\/div>\n<div>C\u00e1ch pha ch\u1ebf: Cho v\u00e0o phin 3 mu\u1ed7ng c\u00e0 ph\u00ea b\u1ed9t, l\u1eafc \u0111\u1ec1u v\u00e0 \u00e9p nh\u1eb9 n\u1eafp g\u00e0i b\u00ean trong. D\u00f9ng kho\u1ea3ng 20ml n\u01b0\u1edbc tinh khi\u1ebft 96-100 \u0111\u1ed9 C, ch\u00e2m v\u00e0o phin, ch\u1edd c\u00e0 ph\u00ea ng\u1ea5m \u0111\u1ec1u. Sau \u0111\u00f3 ch\u00e2m th\u00eam koarng 45 ml n\u01b0\u1edbc s\u1ed1i, th\u00eam \u0111\u01b0\u1eddng s\u1eefa v\u00e0 \u0111\u00e1 t\u00f9y theo kh\u1ea9u v\u1ecb y\u00eau th\u00edch c\u1ee7a b\u1ea1n.<\/div>\n<\/div>\n<\/div>\n<\/div>\n<\/div>\n<\/div>\n<\/div>\n<\/div>\n<\/div>\n<p>&nbsp;<\/p>","protected":false},"excerpt":{"rendered":"<p>Qu\u00e1 tr\u00ecnh rang v\u00e0 pha tr\u1ed9n gi\u1eefa Arabica v\u00e0 Robusta t\u1ea1o n\u00ean h\u01b0\u01a1ng v\u1ecb \u0111\u1eadm, m\u1ea1nh m\u1ebd, v\u00e0 chu\u1ea9n theo gu u\u1ed1ng c\u00e0 ph\u00ea c\u1ee7a ng\u01b0\u1eddi Vi\u1ec7t.Trong ng\u1ee5m c\u00e0 ph\u00ea c\u1ea3m nh\u1eadn v\u1ecb socola v\u00e0 v\u00e0 caramen r\u00f5 r\u1ec7t<\/p>\n<p>&nbsp;<\/p>","protected":false},"featured_media":11208,"comment_status":"open","ping_status":"closed","template":"","meta":[],"product_brand":[],"product_cat":[36,135],"product_tag":[],"class_list":{"0":"post-11205","1":"product","2":"type-product","3":"status-publish","4":"has-post-thumbnail","6":"product_cat-thuc-pham-tieu-dung","7":"product_cat-sua-do-uong","8":"pa_brand-mr-viet","10":"first","11":"outofstock","12":"sale","13":"shipping-taxable","14":"purchasable","15":"product-type-simple"},"_links":{"self":[{"href":"https:\/\/havamall.vn\/en\/wp-json\/wp\/v2\/product\/11205"}],"collection":[{"href":"https:\/\/havamall.vn\/en\/wp-json\/wp\/v2\/product"}],"about":[{"href":"https:\/\/havamall.vn\/en\/wp-json\/wp\/v2\/types\/product"}],"replies":[{"embeddable":true,"href":"https:\/\/havamall.vn\/en\/wp-json\/wp\/v2\/comments?post=11205"}],"version-history":[{"count":0,"href":"https:\/\/havamall.vn\/en\/wp-json\/wp\/v2\/product\/11205\/revisions"}],"wp:featuredmedia":[{"embeddable":true,"href":"https:\/\/havamall.vn\/en\/wp-json\/wp\/v2\/media\/11208"}],"wp:attachment":[{"href":"https:\/\/havamall.vn\/en\/wp-json\/wp\/v2\/media?parent=11205"}],"wp:term":[{"taxonomy":"product_brand","embeddable":true,"href":"https:\/\/havamall.vn\/en\/wp-json\/wp\/v2\/product_brand?post=11205"},{"taxonomy":"product_cat","embeddable":true,"href":"https:\/\/havamall.vn\/en\/wp-json\/wp\/v2\/product_cat?post=11205"},{"taxonomy":"product_tag","embeddable":true,"href":"https:\/\/havamall.vn\/en\/wp-json\/wp\/v2\/product_tag?post=11205"}],"curies":[{"name":"wp","href":"https:\/\/api.w.org\/{rel}","templated":true}]}}