{"id":11197,"date":"2019-06-19T10:04:24","date_gmt":"2019-06-19T03:04:24","guid":{"rendered":"https:\/\/havamall.vn\/?post_type=product&#038;p=11197"},"modified":"2021-09-10T10:41:31","modified_gmt":"2021-09-10T03:41:31","slug":"tra-lai-thai-nguyen-jasmine-tea","status":"publish","type":"product","link":"https:\/\/havamall.vn\/en\/shop\/tra-lai-thai-nguyen-jasmine-tea\/","title":{"rendered":"Tr\u00e0 L\u00e0i Th\u00e1i Nguy\u00ean &#8211; Jasmine Tea"},"content":{"rendered":"<p>\u1ede VN, th\u00fa vui u\u1ed1ng tr\u00e0 gi\u1edd \u0111\u00e2y kh\u00f4ng ch\u1ec9 d\u00e0nh cho ng\u01b0\u1eddi l\u1edbn tu\u1ed5i thong dong nh\u00e0n h\u1ea1, c\u0169ng kh\u00f4ng ch\u1ec9 g\u00f3i g\u1ecdn trong \u201c\u0111\u00f4i l\u00e1\u201d tr\u00e0 xanh, tr\u00e0 m\u1ea1n\u2026 nh\u01b0 x\u01b0a.<\/p>\n<div>\n<div><\/div>\n<\/div>\n<p>Th\u1ecb tr\u01b0\u1eddng n\u1ed9i \u0111\u1ecba ng\u00e0y c\u00e0ng c\u00f3 nhi\u1ec1u lo\u1ea1i tr\u00e0 v\u1edbi h\u01b0\u01a1ng v\u1ecb ngon, \u0111\u1ed9c \u0111\u00e1o, m\u1eabu m\u00e3 \u0111a d\u1ea1ng, ph\u00f9 h\u1ee3p v\u1edbi nhu c\u1ea7u c\u1ee7a nhi\u1ec1u ng\u01b0\u1eddi y\u00eau th\u00edch u\u1ed1ng tr\u00e0.<\/p>\n<p><img fetchpriority=\"high\" decoding=\"async\" class=\"wp-image-12692 aligncenter\" src=\"https:\/\/havamall.vn\/wp-content\/uploads\/2019\/06\/tr\u00e0_xanh_hoa_l\u00e0i_13_1-300x194.jpg\" alt=\"\" width=\"467\" height=\"302\" srcset=\"https:\/\/havamall.vn\/wp-content\/uploads\/2019\/06\/tr\u00e0_xanh_hoa_l\u00e0i_13_1-300x194.jpg 300w, https:\/\/havamall.vn\/wp-content\/uploads\/2019\/06\/tr\u00e0_xanh_hoa_l\u00e0i_13_1-430x277.jpg 430w, https:\/\/havamall.vn\/wp-content\/uploads\/2019\/06\/tr\u00e0_xanh_hoa_l\u00e0i_13_1-150x97.jpg 150w, https:\/\/havamall.vn\/wp-content\/uploads\/2019\/06\/tr\u00e0_xanh_hoa_l\u00e0i_13_1-700x452.jpg 700w, https:\/\/havamall.vn\/wp-content\/uploads\/2019\/06\/tr\u00e0_xanh_hoa_l\u00e0i_13_1-600x387.jpg 600w, https:\/\/havamall.vn\/wp-content\/uploads\/2019\/06\/tr\u00e0_xanh_hoa_l\u00e0i_13_1.jpg 730w\" sizes=\"(max-width: 467px) 100vw, 467px\" \/><\/p>\n<p>Hi\u1ec7n nay, c\u00f9ng v\u1edbi s\u1ef1 ph\u00e1t tri\u1ec3n c\u1ee7a c\u00f4ng ngh\u1ec7, t\u00ednh ti\u1ec7n \u00edch \u0111\u01b0\u1ee3c t\u1ed1i \u01b0u, c\u00e1c c\u00f4ng ty tr\u00e0 Vi\u1ec7 kh\u00f4ng ch\u1ec9 \u0111\u01b0a ra th\u1ecb tr\u01b0\u1eddng lo\u1ea1i tr\u00e0 truy\u1ec1n th\u1ed1ng, m\u00e0 c\u00f2n c\u00f3 nhi\u1ec1u s\u1ea3n ph\u1ea9m tr\u00e0 m\u1edbi ph\u00f9 h\u1ee3p kh\u1ea9u v\u1ecb c\u1ee7a gi\u1edbi tr\u1ebb, d\u00e2n v\u0103n ph\u00f2ng, nh\u1eefng ng\u01b0\u1eddi b\u1eadn r\u1ed9n nh\u01b0ng v\u1eabn th\u00edch \u0111\u01b0\u1ee3c t\u1eadn h\u01b0\u1edfng th\u00fa vui nh\u1ea5m nh\u00e1p t\u00e1ch tr\u00e0 th\u01a1<\/p>\n<div>\n<div><\/div>\n<\/div>\n<div>\n<p><img decoding=\"async\" class=\"wp-image-12693 aligncenter\" src=\"https:\/\/havamall.vn\/wp-content\/uploads\/2019\/06\/tra-hoa-lai-300x300.jpg\" alt=\"\" width=\"486\" height=\"486\" srcset=\"https:\/\/havamall.vn\/wp-content\/uploads\/2019\/06\/tra-hoa-lai-300x300.jpg 300w, https:\/\/havamall.vn\/wp-content\/uploads\/2019\/06\/tra-hoa-lai-430x430.jpg 430w, https:\/\/havamall.vn\/wp-content\/uploads\/2019\/06\/tra-hoa-lai-150x150.jpg 150w, https:\/\/havamall.vn\/wp-content\/uploads\/2019\/06\/tra-hoa-lai.jpg 600w, https:\/\/havamall.vn\/wp-content\/uploads\/2019\/06\/tra-hoa-lai-100x100.jpg 100w\" sizes=\"(max-width: 486px) 100vw, 486px\" \/><\/p>\n<\/div>\n<div>H\u01b0\u01a1ng th\u01a1m t\u01b0\u01a1i m\u1edbi c\u1ee7a tr\u00e0 xanh VN nh\u01b0 c\u1ee7a m\u1ed9t kh\u00f3m hoa quy\u1ebfn r\u0169 h\u01b0\u01a1ng th\u01a1m thanh nh\u00e3 c\u1ee7a nh\u1eefng \u0111\u00f3a hoa m\u1edbi n\u1edf.<\/div>\n<p><strong>T\u01b0\u0300ng go\u0301i tra\u0300 \u0111\u01b0\u01a1\u0323c chia theo ph\u00e2\u0300n du\u0300ng cho 1 l\u00e2\u0300n u\u00f4\u0301ng tra\u0300<\/strong><\/p>\n<ul>\n<li>Tra\u0300 \u0111\u01b0\u01a1\u0323c ph\u01a1i va\u0300 \u0111o\u0301ng go\u0301i ngay sau khi thu hoa\u0323ch<\/li>\n<li>Lu\u00f4n \u0111a\u0309m ba\u0309o \u0111\u00f4\u0323 tinh khi\u00ea\u0301t va\u0300 h\u01b0\u01a1ng th\u01a1m t\u01b0 nhi\u00ean cu\u0309a tra\u0300<\/li>\n<li>Ti\u00ea\u0323n l\u01a1\u0323i cho m\u00f4\u0303i l\u00e2\u0300n s\u01b0\u0309 du\u0323ng<\/li>\n<li>Th\u01b0\u01a1\u0309ng th\u01b0\u0301c tra\u0300 ngon kh\u00f4ng bao gi\u01a1\u0300 d\u00ea\u0303 da\u0300ng \u0111\u00ea\u0301n th\u00ea\u0301!<\/li>\n<\/ul>\n<p>&nbsp;<\/p>\n<p>&nbsp;<\/p>\n<p>&nbsp;<\/p>\n<p>&nbsp;<\/p>","protected":false},"excerpt":{"rendered":"<ul class=\"\">\n<li class=\"\">Ch\u00fang t\u00f4i \u0111\u00e3 ch\u1ecdn ra nh\u1eefng lo\u1ea1i tr\u00e0 \u0111\u01b0\u1ee3c y\u00eau chu\u1ed9ng t\u1eeb nh\u1eefng trang tr\u1ea1i tr\u1ed3ng tr\u00e0 c\u1ee7a Vi\u1ec7t Nam<\/li>\n<li class=\"\">M\u1ed7i lo\u1ea1i tr\u00e0 lu\u00f4n g\u1eafn k\u1ebft v\u1edbi nh\u1eefng c\u00e2u chuy\u1ec7n k\u1ec3 &amp; t\u00ecnh y\u00eau c\u1ee7a ng\u01b0\u1eddi n\u00f4ng d\u00e2n v\u1ec1 tr\u00e0.<\/li>\n<li class=\"\">Tr\u00e0 lu\u00f4n \u0111\u01b0\u1ee3c l\u1ef1a ch\u1ecdn k\u1ef9 l\u01b0\u1ee1ng b\u1eb1ng tay &amp; \u0111\u00f3ng g\u00f3i ngay sau khi thu ho\u1ea1ch<\/li>\n<\/ul>\n<p><em><span style=\"color: #ff0000\">Li\u00ean h\u1ec7 (028) 6650 0660 \u0111\u1ec3 \u0111\u1eb7t h\u00e0ng<\/span><\/em><\/p>","protected":false},"featured_media":11200,"comment_status":"open","ping_status":"closed","template":"","meta":[],"product_brand":[],"product_cat":[36,135],"product_tag":[],"class_list":{"0":"post-11197","1":"product","2":"type-product","3":"status-publish","4":"has-post-thumbnail","6":"product_cat-thuc-pham-tieu-dung","7":"product_cat-sua-do-uong","9":"first","10":"outofstock","11":"sale","12":"shipping-taxable","13":"purchasable","14":"product-type-simple"},"_links":{"self":[{"href":"https:\/\/havamall.vn\/en\/wp-json\/wp\/v2\/product\/11197"}],"collection":[{"href":"https:\/\/havamall.vn\/en\/wp-json\/wp\/v2\/product"}],"about":[{"href":"https:\/\/havamall.vn\/en\/wp-json\/wp\/v2\/types\/product"}],"replies":[{"embeddable":true,"href":"https:\/\/havamall.vn\/en\/wp-json\/wp\/v2\/comments?post=11197"}],"version-history":[{"count":0,"href":"https:\/\/havamall.vn\/en\/wp-json\/wp\/v2\/product\/11197\/revisions"}],"wp:featuredmedia":[{"embeddable":true,"href":"https:\/\/havamall.vn\/en\/wp-json\/wp\/v2\/media\/11200"}],"wp:attachment":[{"href":"https:\/\/havamall.vn\/en\/wp-json\/wp\/v2\/media?parent=11197"}],"wp:term":[{"taxonomy":"product_brand","embeddable":true,"href":"https:\/\/havamall.vn\/en\/wp-json\/wp\/v2\/product_brand?post=11197"},{"taxonomy":"product_cat","embeddable":true,"href":"https:\/\/havamall.vn\/en\/wp-json\/wp\/v2\/product_cat?post=11197"},{"taxonomy":"product_tag","embeddable":true,"href":"https:\/\/havamall.vn\/en\/wp-json\/wp\/v2\/product_tag?post=11197"}],"curies":[{"name":"wp","href":"https:\/\/api.w.org\/{rel}","templated":true}]}}