{"id":11188,"date":"2019-06-19T09:54:42","date_gmt":"2019-06-19T02:54:42","guid":{"rendered":"https:\/\/havamall.vn\/?post_type=product&#038;p=11188"},"modified":"2021-09-10T10:41:36","modified_gmt":"2021-09-10T03:41:36","slug":"tra-xanh-thuyen-thong-traditional-green","status":"publish","type":"product","link":"https:\/\/havamall.vn\/en\/shop\/tra-xanh-thuyen-thong-traditional-green\/","title":{"rendered":"Tr\u00e0 Xanh Thuy\u1ec1n Th\u1ed1ng &#8211; Traditional Green"},"content":{"rendered":"<p>\u1ede VN, th\u00fa vui u\u1ed1ng tr\u00e0 gi\u1edd \u0111\u00e2y kh\u00f4ng ch\u1ec9 d\u00e0nh cho ng\u01b0\u1eddi l\u1edbn tu\u1ed5i thong dong nh\u00e0n h\u1ea1, c\u0169ng kh\u00f4ng ch\u1ec9 g\u00f3i g\u1ecdn trong \u201c\u0111\u00f4i l\u00e1\u201d tr\u00e0 xanh, tr\u00e0 m\u1ea1n\u2026 nh\u01b0 x\u01b0a.<\/p>\n<div>\n<div><img decoding=\"async\" class=\"aligncenter\" src=\"https:\/\/havamall.vn\/wp-content\/uploads\/2019\/06\/f25cd33aaef6b41dd4baa5aaa7e4d56b.jpg\" \/><\/div>\n<\/div>\n<p>Th\u1ecb tr\u01b0\u1eddng n\u1ed9i \u0111\u1ecba ng\u00e0y c\u00e0ng c\u00f3 nhi\u1ec1u lo\u1ea1i tr\u00e0 v\u1edbi h\u01b0\u01a1ng v\u1ecb ngon, \u0111\u1ed9c \u0111\u00e1o, m\u1eabu m\u00e3 \u0111a d\u1ea1ng, ph\u00f9 h\u1ee3p v\u1edbi nhu c\u1ea7u c\u1ee7a nhi\u1ec1u ng\u01b0\u1eddi y\u00eau th\u00edch u\u1ed1ng tr\u00e0.<\/p>\n<p>Hi\u1ec7n nay, c\u00f9ng v\u1edbi s\u1ef1 ph\u00e1t tri\u1ec3n c\u1ee7a c\u00f4ng ngh\u1ec7, t\u00ednh ti\u1ec7n \u00edch \u0111\u01b0\u1ee3c t\u1ed1i \u01b0u, c\u00e1c c\u00f4ng ty tr\u00e0 Vi\u1ec7 kh\u00f4ng ch\u1ec9 \u0111\u01b0a ra th\u1ecb tr\u01b0\u1eddng lo\u1ea1i tr\u00e0 truy\u1ec1n th\u1ed1ng, m\u00e0 c\u00f2n c\u00f3 nhi\u1ec1u s\u1ea3n ph\u1ea9m tr\u00e0 m\u1edbi ph\u00f9 h\u1ee3p kh\u1ea9u v\u1ecb c\u1ee7a gi\u1edbi tr\u1ebb, d\u00e2n v\u0103n ph\u00f2ng, nh\u1eefng ng\u01b0\u1eddi b\u1eadn r\u1ed9n nh\u01b0ng v\u1eabn th\u00edch \u0111\u01b0\u1ee3c t\u1eadn h\u01b0\u1edfng th\u00fa vui nh\u1ea5m nh\u00e1p t\u00e1ch tr\u00e0 th\u01a1<\/p>\n<div>\n<div><img fetchpriority=\"high\" decoding=\"async\" class=\"aligncenter\" src=\"https:\/\/havamall.vn\/wp-content\/uploads\/2019\/06\/bd629126400126482e29d18c80c4df80.jpg\" width=\"708\" height=\"481\" \/><\/div>\n<\/div>\n<div><\/div>\n<p>H\u01b0\u01a1ng hoa thanh khi\u1ebft, h\u01b0\u01a1ng m\u1eadt ong &amp; tr\u00e1i c\u00e2y k\u1ebft h\u1ee3p v\u1edbi v\u1ecb \u0111\u1eafng nh\u1eb9 c\u1ee7a tr\u00e0. 100% th\u00e0nh ph\u1ea7n t\u1ef1 nhi\u00ean tr\u00e0 xanh. S\u1eed d\u1ee5ng n\u01b0\u1edbc tinh khi\u1ebft nh\u1ea5t, kh\u00f4ng d\u00f9ng n\u01b0\u1edbc s\u00f4i \u0111\u1ec3 pha tr\u00e0 v\u00ec m\u1ed9t s\u1ed1 h\u01b0\u01a1ng v\u1ecb tr\u00e0 ch\u1ea5t l\u01b0\u1ee3ng s\u1ebd m\u1ea5t, kh\u00f4ng \u0111\u01b0\u1ee3c \u0111un s\u00f4i l\u1ea1i.<\/p>\n<div>\n<div><img decoding=\"async\" class=\"aligncenter\" src=\"https:\/\/havamall.vn\/wp-content\/uploads\/2019\/06\/addb89eb376c85abd25ee830c1a5569b.jpg\" width=\"605\" height=\"1076\" \/><\/div>\n<\/div>\n<div><\/div>\n<div><\/div>\n<ul>\n<li>M\u1ed7i lo\u1ea1i tr\u00e0 lu\u00f4n g\u1eafn k\u1ebft v\u1edbi nh\u1eefng c\u00e2u chuy\u1ec7n k\u1ec3 &amp; t\u00ecnh y\u00eau c\u1ee7a ng\u01b0\u1eddi n\u00f4ng d\u00e2n v\u1ec1 tr\u00e0<\/li>\n<\/ul>\n<ul>\n<li>Tr\u00e0 lu\u00f4n \u0111\u01b0\u1ee3c l\u1ef1a ch\u1ecdn k\u1ef9 l\u01b0\u1ee1ng b\u1eb1ng tay &amp; \u0111\u00f3ng g\u00f3i ngay sau khi thu ho\u1ea1ch\n<div>\n<div><img decoding=\"async\" class=\"aligncenter\" src=\"https:\/\/havamall.vn\/wp-content\/uploads\/2019\/06\/e6178a7c5c89d72e760b2e2e972c0b41.jpg\" width=\"620\" height=\"868\" \/><\/div>\n<\/div>\n<div><\/div>\n<div><\/div>\n<p><strong>T\u01b0\u0300ng go\u0301i tra\u0300 \u0111\u01b0\u01a1\u0323c chia theo ph\u00e2\u0300n du\u0300ng cho 1 l\u00e2\u0300n u\u00f4\u0301ng tra\u0300<\/strong><\/p>\n<ul>\n<li>Tra\u0300 \u0111\u01b0\u01a1\u0323c ph\u01a1i va\u0300 \u0111o\u0301ng go\u0301i ngay sau khi thu hoa\u0323ch<\/li>\n<li>Lu\u00f4n \u0111a\u0309m ba\u0309o \u0111\u00f4\u0323 tinh khi\u00ea\u0301t va\u0300 h\u01b0\u01a1ng th\u01a1m t\u01b0 nhi\u00ean cu\u0309a tra\u0300<\/li>\n<li>Ti\u00ea\u0323n l\u01a1\u0323i cho m\u00f4\u0303i l\u00e2\u0300n s\u01b0\u0309 du\u0323ng<\/li>\n<li>Th\u01b0\u01a1\u0309ng th\u01b0\u0301c tra\u0300 ngon kh\u00f4ng bao gi\u01a1\u0300 d\u00ea\u0303 da\u0300ng \u0111\u00ea\u0301n th\u00ea\u0301!<\/li>\n<\/ul>\n<\/li>\n<\/ul>\n<p>&nbsp;<\/p>\n<p>&nbsp;<\/p>\n<p>&nbsp;<\/p>","protected":false},"excerpt":{"rendered":"<p>\u1ede VN, th\u00fa vui u\u1ed1ng tr\u00e0 gi\u1edd \u0111\u00e2y kh\u00f4ng ch\u1ec9 d\u00e0nh cho ng\u01b0\u1eddi l\u1edbn tu\u1ed5i thong dong nh\u00e0n h\u1ea1, c\u0169ng<\/p>","protected":false},"featured_media":11191,"comment_status":"open","ping_status":"closed","template":"","meta":[],"product_brand":[],"product_cat":[36,135],"product_tag":[],"class_list":{"0":"post-11188","1":"product","2":"type-product","3":"status-publish","4":"has-post-thumbnail","6":"product_cat-thuc-pham-tieu-dung","7":"product_cat-sua-do-uong","9":"first","10":"outofstock","11":"sale","12":"shipping-taxable","13":"purchasable","14":"product-type-simple"},"_links":{"self":[{"href":"https:\/\/havamall.vn\/en\/wp-json\/wp\/v2\/product\/11188"}],"collection":[{"href":"https:\/\/havamall.vn\/en\/wp-json\/wp\/v2\/product"}],"about":[{"href":"https:\/\/havamall.vn\/en\/wp-json\/wp\/v2\/types\/product"}],"replies":[{"embeddable":true,"href":"https:\/\/havamall.vn\/en\/wp-json\/wp\/v2\/comments?post=11188"}],"version-history":[{"count":0,"href":"https:\/\/havamall.vn\/en\/wp-json\/wp\/v2\/product\/11188\/revisions"}],"wp:featuredmedia":[{"embeddable":true,"href":"https:\/\/havamall.vn\/en\/wp-json\/wp\/v2\/media\/11191"}],"wp:attachment":[{"href":"https:\/\/havamall.vn\/en\/wp-json\/wp\/v2\/media?parent=11188"}],"wp:term":[{"taxonomy":"product_brand","embeddable":true,"href":"https:\/\/havamall.vn\/en\/wp-json\/wp\/v2\/product_brand?post=11188"},{"taxonomy":"product_cat","embeddable":true,"href":"https:\/\/havamall.vn\/en\/wp-json\/wp\/v2\/product_cat?post=11188"},{"taxonomy":"product_tag","embeddable":true,"href":"https:\/\/havamall.vn\/en\/wp-json\/wp\/v2\/product_tag?post=11188"}],"curies":[{"name":"wp","href":"https:\/\/api.w.org\/{rel}","templated":true}]}}