{"id":11181,"date":"2019-06-19T09:44:33","date_gmt":"2019-06-19T02:44:33","guid":{"rendered":"https:\/\/havamall.vn\/?post_type=product&#038;p=11181"},"modified":"2021-09-10T10:41:42","modified_gmt":"2021-09-10T03:41:42","slug":"tra-thao-duoc-sa-gung-ginger-lemongrass-tea","status":"publish","type":"product","link":"https:\/\/havamall.vn\/en\/shop\/tra-thao-duoc-sa-gung-ginger-lemongrass-tea\/","title":{"rendered":"Tr\u00e0 Th\u1ea3o D\u01b0\u1ee3c S\u1ea3 G\u1eebng &#8211; Ginger Lemongrass Tea"},"content":{"rendered":"<p>\u1ede VN, th\u00fa vui u\u1ed1ng tr\u00e0 gi\u1edd \u0111\u00e2y kh\u00f4ng ch\u1ec9 d\u00e0nh cho ng\u01b0\u1eddi l\u1edbn tu\u1ed5i thong dong nh\u00e0n h\u1ea1, c\u0169ng kh\u00f4ng ch\u1ec9 g\u00f3i g\u1ecdn trong \u201c\u0111\u00f4i l\u00e1\u201d tr\u00e0 xanh, tr\u00e0 m\u1ea1n\u2026 nh\u01b0 x\u01b0a.<\/p>\n<div>\n<div>\n<div><img fetchpriority=\"high\" decoding=\"async\" class=\"aligncenter\" src=\"https:\/\/havamall.vn\/wp-content\/uploads\/2019\/06\/f25cd33aaef6b41dd4baa5aaa7e4d56b.jpg\" width=\"775\" height=\"384\" \/><\/div>\n<\/div>\n<\/div>\n<p>Th\u1ecb tr\u01b0\u1eddng n\u1ed9i \u0111\u1ecba ng\u00e0y c\u00e0ng c\u00f3 nhi\u1ec1u lo\u1ea1i tr\u00e0 v\u1edbi h\u01b0\u01a1ng v\u1ecb ngon, \u0111\u1ed9c \u0111\u00e1o, m\u1eabu m\u00e3 \u0111a d\u1ea1ng, ph\u00f9 h\u1ee3p v\u1edbi nhu c\u1ea7u c\u1ee7a nhi\u1ec1u ng\u01b0\u1eddi y\u00eau th\u00edch u\u1ed1ng tr\u00e0.<\/p>\n<p>Hi\u1ec7n nay, c\u00f9ng v\u1edbi s\u1ef1 ph\u00e1t tri\u1ec3n c\u1ee7a c\u00f4ng ngh\u1ec7, t\u00ednh ti\u1ec7n \u00edch \u0111\u01b0\u1ee3c t\u1ed1i \u01b0u, c\u00e1c c\u00f4ng ty tr\u00e0 Vi\u1ec7 kh\u00f4ng ch\u1ec9 \u0111\u01b0a ra th\u1ecb tr\u01b0\u1eddng lo\u1ea1i tr\u00e0 truy\u1ec1n th\u1ed1ng, m\u00e0 c\u00f2n c\u00f3 nhi\u1ec1u s\u1ea3n ph\u1ea9m tr\u00e0 m\u1edbi ph\u00f9 h\u1ee3p kh\u1ea9u v\u1ecb c\u1ee7a gi\u1edbi tr\u1ebb, d\u00e2n v\u0103n ph\u00f2ng, nh\u1eefng ng\u01b0\u1eddi b\u1eadn r\u1ed9n nh\u01b0ng v\u1eabn th\u00edch \u0111\u01b0\u1ee3c t\u1eadn h\u01b0\u1edfng th\u00fa vui nh\u1ea5m nh\u00e1p t\u00e1ch tr\u00e0 th\u01a1<\/p>\n<div>\n<div>\n<div><img decoding=\"async\" class=\"aligncenter\" src=\"https:\/\/havamall.vn\/wp-content\/uploads\/2019\/06\/241aba9b8e7f5a0cf2af4d67d9e06c5d.jpg\" width=\"635\" height=\"423\" \/><\/div>\n<\/div>\n<\/div>\n<div><\/div>\n<p>M\u00f9i h\u01b0\u01a1ng th\u1ea3o m\u1ed9c h\u00f2a quy\u1ec7n v\u1edbi m\u00f9i th\u01a1m c\u1ee7a s\u1ea3 ta.\u00a0M\u1ed9t t\u00e1ch tr\u00e0 s\u1ebd gi\u00fap b\u1ea1n th\u01b0 gi\u00e3n, sau nh\u1eefng ng\u00e0y l\u00e0m vi\u1ec7c ch\u0103m ch\u1ec9 v\u00e0 ng\u1ee7 ngon<\/p>\n<div>\n<div>\n<div><img decoding=\"async\" class=\"aligncenter\" src=\"https:\/\/havamall.vn\/wp-content\/uploads\/2019\/06\/e6178a7c5c89d72e760b2e2e972c0b41.jpg\" width=\"608\" height=\"850\" \/><\/div>\n<\/div>\n<\/div>\n<div><\/div>\n<div><\/div>\n<ul>\n<li>M\u1ed7i lo\u1ea1i tr\u00e0 lu\u00f4n g\u1eafn k\u1ebft v\u1edbi nh\u1eefng c\u00e2u chuy\u1ec7n k\u1ec3 &amp; t\u00ecnh y\u00eau c\u1ee7a ng\u01b0\u1eddi n\u00f4ng d\u00e2n v\u1ec1 tr\u00e0. Tr\u00e0 lu\u00f4n \u0111\u01b0\u1ee3c l\u1ef1a ch\u1ecdn k\u1ef9 l\u01b0\u1ee1ng b\u1eb1ng tay &amp; \u0111\u00f3ng g\u00f3i ngay sau khi thu ho\u1ea1ch\n<div>\n<div>\n<div><img decoding=\"async\" class=\"aligncenter\" src=\"https:\/\/havamall.vn\/wp-content\/uploads\/2019\/06\/988a421b872e1cafce7dc671406df7bd.jpg\" \/><\/div>\n<\/div>\n<\/div>\n<p><strong>T\u01b0\u0300ng go\u0301i tra\u0300 \u0111\u01b0\u01a1\u0323c chia theo ph\u00e2\u0300n du\u0300ng cho 1 l\u00e2\u0300n u\u00f4\u0301ng tra\u0300<\/strong><\/p>\n<ul>\n<li>Tra\u0300 \u0111\u01b0\u01a1\u0323c ph\u01a1i va\u0300 \u0111o\u0301ng go\u0301i ngay sau khi thu hoa\u0323ch<\/li>\n<li>Lu\u00f4n \u0111a\u0309m ba\u0309o \u0111\u00f4\u0323 tinh khi\u00ea\u0301t va\u0300 h\u01b0\u01a1ng th\u01a1m t\u01b0 nhi\u00ean cu\u0309a tra\u0300<\/li>\n<li>Ti\u00ea\u0323n l\u01a1\u0323i cho m\u00f4\u0303i l\u00e2\u0300n s\u01b0\u0309 du\u0323ng<\/li>\n<li>Th\u01b0\u01a1\u0309ng th\u01b0\u0301c tra\u0300 ngon kh\u00f4ng bao gi\u01a1\u0300 d\u00ea\u0303 da\u0300ng \u0111\u00ea\u0301n th\u00ea\u0301!<\/li>\n<\/ul>\n<\/li>\n<\/ul>","protected":false},"excerpt":{"rendered":"<p>\u0110\u00e2y l\u00e0 m\u00f3n th\u00edch h\u1ee3p cho ng\u01b0\u1eddi y\u00eau tr\u00e0. S\u1ea3n ph\u1ea9m \u0111\u01b0\u1ee3c s\u1ea3n xu\u1ea5t ho\u00e0n to\u00e0n t\u1eeb nguy\u00ean li\u1ec7u t\u1ef1 nhi\u00ean kh\u00f4ng ch\u1ee9a kho\u00e1ng ch\u1ea5t Gluten. S\u1ea3n ph\u1ea9m l\u00e0 s\u1ef1 k\u1ebft h\u1ee3p ho\u00e0n h\u1ea3o gi\u1eefa v\u1ecb \u0111\u1eb7c tr\u01b0ng c\u1ee7a l\u00e1 tr\u00e0 c\u00f9ng v\u1ecb tr\u00e1i c\u00e2y nhi\u1ec7t \u0111\u1ee3i nh\u1eb9 nh\u00e0ng thanh m\u00e1t.<\/p>\n<p><em><span style=\"color: #ff0000\">Li\u00ean h\u1ec7 (028) 6650 0660 \u0111\u1ec3 \u0111\u1eb7t h\u00e0ng<\/span><\/em><\/p>","protected":false},"featured_media":11184,"comment_status":"open","ping_status":"closed","template":"","meta":[],"product_brand":[],"product_cat":[36,135],"product_tag":[],"class_list":{"0":"post-11181","1":"product","2":"type-product","3":"status-publish","4":"has-post-thumbnail","6":"product_cat-thuc-pham-tieu-dung","7":"product_cat-sua-do-uong","9":"first","10":"outofstock","11":"sale","12":"shipping-taxable","13":"purchasable","14":"product-type-simple"},"_links":{"self":[{"href":"https:\/\/havamall.vn\/en\/wp-json\/wp\/v2\/product\/11181"}],"collection":[{"href":"https:\/\/havamall.vn\/en\/wp-json\/wp\/v2\/product"}],"about":[{"href":"https:\/\/havamall.vn\/en\/wp-json\/wp\/v2\/types\/product"}],"replies":[{"embeddable":true,"href":"https:\/\/havamall.vn\/en\/wp-json\/wp\/v2\/comments?post=11181"}],"version-history":[{"count":0,"href":"https:\/\/havamall.vn\/en\/wp-json\/wp\/v2\/product\/11181\/revisions"}],"wp:featuredmedia":[{"embeddable":true,"href":"https:\/\/havamall.vn\/en\/wp-json\/wp\/v2\/media\/11184"}],"wp:attachment":[{"href":"https:\/\/havamall.vn\/en\/wp-json\/wp\/v2\/media?parent=11181"}],"wp:term":[{"taxonomy":"product_brand","embeddable":true,"href":"https:\/\/havamall.vn\/en\/wp-json\/wp\/v2\/product_brand?post=11181"},{"taxonomy":"product_cat","embeddable":true,"href":"https:\/\/havamall.vn\/en\/wp-json\/wp\/v2\/product_cat?post=11181"},{"taxonomy":"product_tag","embeddable":true,"href":"https:\/\/havamall.vn\/en\/wp-json\/wp\/v2\/product_tag?post=11181"}],"curies":[{"name":"wp","href":"https:\/\/api.w.org\/{rel}","templated":true}]}}