{"id":11122,"date":"2019-06-18T16:52:29","date_gmt":"2019-06-18T09:52:29","guid":{"rendered":"https:\/\/havamall.vn\/?post_type=product&#038;p=11122"},"modified":"2021-07-09T15:29:30","modified_gmt":"2021-07-09T08:29:30","slug":"tra-i-wish-you-gift-set-teapins","status":"publish","type":"product","link":"https:\/\/havamall.vn\/en\/shop\/tra-i-wish-you-gift-set-teapins\/","title":{"rendered":"Tr\u00e0 I Wish You Gift Set Teapins"},"content":{"rendered":"<p>\u1ede VN, th\u00fa vui u\u1ed1ng tr\u00e0 gi\u1edd \u0111\u00e2y kh\u00f4ng ch\u1ec9 d\u00e0nh cho ng\u01b0\u1eddi l\u1edbn tu\u1ed5i thong dong nh\u00e0n h\u1ea1, c\u0169ng kh\u00f4ng ch\u1ec9 g\u00f3i g\u1ecdn trong \u201c\u0111\u00f4i l\u00e1\u201d tr\u00e0 xanh, tr\u00e0 m\u1ea1n\u2026 nh\u01b0 x\u01b0a.<\/p>\n<div>\n<div>\n<div><img decoding=\"async\" class=\"\" src=\"https:\/\/havamall.vn\/wp-content\/uploads\/2019\/06\/f25cd33aaef6b41dd4baa5aaa7e4d56b.jpg\" \/><\/div>\n<\/div>\n<\/div>\n<p>Th\u1ecb tr\u01b0\u1eddng n\u1ed9i \u0111\u1ecba ng\u00e0y c\u00e0ng c\u00f3 nhi\u1ec1u lo\u1ea1i tr\u00e0 v\u1edbi h\u01b0\u01a1ng v\u1ecb ngon, \u0111\u1ed9c \u0111\u00e1o, m\u1eabu m\u00e3 \u0111a d\u1ea1ng, ph\u00f9 h\u1ee3p v\u1edbi nhu c\u1ea7u c\u1ee7a nhi\u1ec1u ng\u01b0\u1eddi y\u00eau th\u00edch u\u1ed1ng tr\u00e0.<\/p>\n<p>Hi\u1ec7n nay, c\u00f9ng v\u1edbi s\u1ef1 ph\u00e1t tri\u1ec3n c\u1ee7a c\u00f4ng ngh\u1ec7, t\u00ednh ti\u1ec7n \u00edch \u0111\u01b0\u1ee3c t\u1ed1i \u01b0u, c\u00e1c c\u00f4ng ty tr\u00e0 Vi\u1ec7 kh\u00f4ng ch\u1ec9 \u0111\u01b0a ra th\u1ecb tr\u01b0\u1eddng lo\u1ea1i tr\u00e0 truy\u1ec1n th\u1ed1ng, m\u00e0 c\u00f2n c\u00f3 nhi\u1ec1u s\u1ea3n ph\u1ea9m tr\u00e0 m\u1edbi ph\u00f9 h\u1ee3p kh\u1ea9u v\u1ecb c\u1ee7a gi\u1edbi tr\u1ebb, d\u00e2n v\u0103n ph\u00f2ng, nh\u1eefng ng\u01b0\u1eddi b\u1eadn r\u1ed9n nh\u01b0ng v\u1eabn th\u00edch \u0111\u01b0\u1ee3c t\u1eadn h\u01b0\u1edfng th\u00fa vui nh\u1ea5m nh\u00e1p t\u00e1ch tr\u00e0 th\u01a1<\/p>\n<div>\n<div>\n<div><img decoding=\"async\" class=\"\" src=\"https:\/\/havamall.vn\/wp-content\/uploads\/2019\/06\/a94459dfd4f96c7152208d1f8f154470.jpg\" \/><\/div>\n<div><\/div>\n<p>H\u1ed9p tr\u00e0 I Wish You g\u1ed3m 10 v\u1ecb tr\u00e0 l\u00e1 r\u1eddi \u0111\u01b0\u1ee3c thu h\u00e1i t\u1eeb nh\u1eefng n\u00f4ng tr\u1ea1i tr\u00e0 t\u1ed1t tr\u00ean th\u1ebf gi\u1edbi. I wish you l\u00e0 m\u00f3n qu\u00e0 tuy\u1ec7t v\u1eddi cho b\u1ea5t c\u1ee9 ai. M\u00f3n qu\u00e0 ph\u00f9 h\u1ee3p cho m\u1ecdi ho\u00e0n c\u1ea3nh: d\u1ecbp sinh nh\u1eadt hay nh\u1eefng s\u1ef1 ki\u1ec7n \u0111\u1eb7c bi\u1ec7t. Nh\u1eefng t\u1eeb ng\u1eef trong h\u1ed9p tr\u00e0 n\u00e0y s\u1ebd gi\u00fap b\u1ea1n t\u1ef1 t\u1ea1o ra \u0111i\u1ec1u \u01b0\u1edbc cho ng\u01b0\u1eddi th\u01b0\u01a1ng, b\u1ea1n b\u00e8 hay \u0111\u1ed3ng nghi\u1ec7p.<\/p>\n<\/div>\n<\/div>\n<div>\n<div><\/div>\n<div><img decoding=\"async\" class=\"\" src=\"https:\/\/havamall.vn\/wp-content\/uploads\/2019\/06\/174b1dd2f034c8689319c881799cec85.jpg\" \/><\/div>\n<div><\/div>\n<p>G\u00f3i tr\u00e0 g\u1ed3m 40 l\u1eddi ch\u00fac \u0111\u1eb7c bi\u1ec7t \u1ea9n gi\u1ea5u trong 10 g\u00f3i tr\u00e0. Tr\u00e0 \u0111\u01b0\u1ee3c thu h\u00e1i tr\u00ean nh\u1eefng cao nguy\u00ean trong l\u00e0nh. Nh\u1eefng l\u1eddi ch\u00fac mang \u0111\u1eadm d\u1ea5u \u1ea5n c\u00e1 nh\u00e2n ph\u00f9 h\u1ee3p cho m\u1ecdi s\u1ef1 ki\u1ec7n<\/p>\n<\/div>\n<div><\/div>\n<div><img decoding=\"async\" class=\"\" src=\"https:\/\/havamall.vn\/wp-content\/uploads\/2019\/06\/c34c311ab307da0aaf69cdfbd389480f.jpg\" \/><\/div>\n<div><\/div>\n<p>Ch\u1ecdn 1 lo\u1ea1i tr\u00e0 b\u1ea1n y\u00eau th\u00edch t\u1eeb b\u1ed9 qu\u00e0 t\u1eb7ng \u0111\u1ed9c \u0111\u00e1o. Ch\u1ecdn l\u1ea5y \u0111i\u1ec1u \u01b0\u1edbc b\u1ea1n mong mu\u1ed1n ho\u1eb7c t\u1ef1 t\u1ea1o ra n\u00f3 t\u1eeb b\u1ed9 s\u01b0u t\u1eadp tr\u00e0. V\u00e0 h\u00e3y ch\u1ecdn m\u1ed9t \u0111i\u1ec1u \u01b0\u1edbc ph\u00f9 h\u1ee3p cho m\u00ecnh.<\/p>\n<p><img decoding=\"async\" src=\"https:\/\/scontent.fsgn3-1.fna.fbcdn.net\/v\/t1.0-9\/28577217_1746520865391229_4249578678616326144_n.jpg?_nc_cat=106&amp;_nc_oc=AQnBd1BAMsXVgtNe9cTtN6_r-Yb6zmMbY8ipelVQ5UpzqxvcwY9BDYvTmMFr-qYEJiI&amp;_nc_ht=scontent.fsgn3-1.fna&amp;oh=46400091e10ace035edefadb587302c4&amp;oe=5D91EE42\" alt=\"Trong h\u00c3\u00acnh \u00e1\u00ba\u00a3nh c\u00c3\u00b3 th\u00e1\u00bb\u0083 c\u00c3\u00b3: m\u00c3\u00b3n \u00c4\u0083n\" \/><\/p>\n<p>H\u01b0\u1edbng d\u1eabn s\u1eed d\u1ee5ng: 10 t\u00fai tr\u00e0 r\u1eddi \u0111\u01b0\u1ee3c \u0111o l\u01b0\u1eddng cho 10 \u1ea5m tr\u00e0. M\u1ed7i t\u00fai tr\u00e0 \u0111\u1ee7 d\u00f9ng cho 1 l\u1ea7n u\u1ed1ng \u0111\u1ec3 gi\u1eef t\u01b0\u01a1i m\u1edbi v\u00e0 t\u0103ng h\u01b0\u01a1ng v\u1ecb t\u1ef1 nhi\u00ean. H\u00e3m tr\u00e0 5 ph\u00fat, s\u1eed d\u1ee5ng n\u01b0\u1edbc \u1edf nhi\u1ec7t \u0111\u1ed9 85-95 \u0111\u1ed9 C.<\/p>\n<p>&nbsp;<\/p>\n<p>&nbsp;<\/p>","protected":false},"excerpt":{"rendered":"<p>I wish you l\u00e0 m\u00f3n qu\u00e0 tuy\u1ec7t v\u1eddi nh\u1ea5t cho b\u1ea5t c\u1ee9 ai. M\u00f3n qu\u00e0 ph\u00f9 h\u1ee3p cho m\u1ecdi ho\u00e0n c\u1ea3nh: d\u1ecbp sinh nh\u1eadt hay nh\u1eefng s\u1ef1 ki\u1ec7n \u0111\u1eb7c bi\u1ec7t. Nh\u1eefng t\u1eeb ng\u1eef trong h\u1ed9p tr\u00e0 n\u00e0y s\u1ebd gi\u00fap b\u1ea1n t\u1ef1 t\u1ea1o ra \u0111i\u1ec1u \u01b0\u1edbc cho ng\u01b0\u1eddi th\u01b0\u01a1ng, b\u1ea1n b\u00e8 hay \u0111\u1ed3ng nghi\u1ec7p.\u00a0G\u00f3i tr\u00e0 g\u1ed3m 40 l\u1eddi ch\u00fac \u0111\u1eb7c bi\u1ec7t \u1ea9n gi\u1ea5u trong 10 g\u00f3i tr\u00e0.<\/p>\n<p>&nbsp;<\/p>","protected":false},"featured_media":11125,"comment_status":"open","ping_status":"closed","template":"","meta":[],"product_brand":[],"product_cat":[626],"product_tag":[],"class_list":{"0":"post-11122","1":"product","2":"type-product","3":"status-publish","4":"has-post-thumbnail","6":"product_cat-het-hang","8":"first","9":"outofstock","10":"sale","11":"shipping-taxable","12":"purchasable","13":"product-type-simple"},"_links":{"self":[{"href":"https:\/\/havamall.vn\/en\/wp-json\/wp\/v2\/product\/11122"}],"collection":[{"href":"https:\/\/havamall.vn\/en\/wp-json\/wp\/v2\/product"}],"about":[{"href":"https:\/\/havamall.vn\/en\/wp-json\/wp\/v2\/types\/product"}],"replies":[{"embeddable":true,"href":"https:\/\/havamall.vn\/en\/wp-json\/wp\/v2\/comments?post=11122"}],"version-history":[{"count":0,"href":"https:\/\/havamall.vn\/en\/wp-json\/wp\/v2\/product\/11122\/revisions"}],"wp:featuredmedia":[{"embeddable":true,"href":"https:\/\/havamall.vn\/en\/wp-json\/wp\/v2\/media\/11125"}],"wp:attachment":[{"href":"https:\/\/havamall.vn\/en\/wp-json\/wp\/v2\/media?parent=11122"}],"wp:term":[{"taxonomy":"product_brand","embeddable":true,"href":"https:\/\/havamall.vn\/en\/wp-json\/wp\/v2\/product_brand?post=11122"},{"taxonomy":"product_cat","embeddable":true,"href":"https:\/\/havamall.vn\/en\/wp-json\/wp\/v2\/product_cat?post=11122"},{"taxonomy":"product_tag","embeddable":true,"href":"https:\/\/havamall.vn\/en\/wp-json\/wp\/v2\/product_tag?post=11122"}],"curies":[{"name":"wp","href":"https:\/\/api.w.org\/{rel}","templated":true}]}}