{"id":11113,"date":"2019-06-17T15:40:05","date_gmt":"2019-06-17T08:40:05","guid":{"rendered":"https:\/\/havamall.vn\/?post_type=product&#038;p=11113"},"modified":"2019-11-06T16:18:11","modified_gmt":"2019-11-06T09:18:11","slug":"nuoc-uong-bo-gan-giai-ruou-hovenia-biok-500ml","status":"publish","type":"product","link":"https:\/\/havamall.vn\/en\/shop\/nuoc-uong-bo-gan-giai-ruou-hovenia-biok-500ml\/","title":{"rendered":"N\u01b0\u1edbc U\u1ed1ng B\u1ed5 Gan, Gi\u1ea3i R\u01b0\u1ee3u HOVENIA BIOK 500ml"},"content":{"rendered":"<p>N\u01b0\u1edbc u\u1ed1ng b\u1ed5 gan, gi\u1ea3i r\u01b0\u1ee3u Hovenia BIOK \u00a0c\u00f3 v\u1ecb ng\u1ecdt d\u1ec5 u\u1ed1ng t\u00ednh m\u00e1t; gi\u00fap b\u1ed5 gan thanh l\u1ecdc gi\u1ea3i \u0111\u1ed9c gan, ph\u1ee5c h\u1ed3i gan h\u01b0 t\u1ed5n. B\u1ed5 gan, t\u0103ng c\u01b0\u1eddng ch\u1ee9c n\u0103ng gan.\u00a0\u0111\u01b0\u1ee3c s\u1ea3n xu\u1ea5t v\u1edbi\u00a0 th\u00e0nh ph\u1ea7n ch\u1ee7 y\u1ebfu l\u00e0 h\u1ea1t c\u1ee7a c\u00e2y\u00a0kh\u00fang kh\u00e9ng hay c\u00f2n c\u00f3 nhi\u1ec1u t\u00ean g\u1ecdi kh\u00e1c nh\u01b0 ch\u1ec9 c\u1ee5, v\u1ea1n th\u1ecd, k\u00ea tr\u1ea3o \u2026\u2026 c\u00f3 t\u00ean khoa h\u1ecdc Hovenia Dilcis Thunb, thu\u1ed9c h\u1ecd T\u00e1o ta \u2013 Rhamnaceae.<\/p>\n<p><img fetchpriority=\"high\" decoding=\"async\" class=\"aligncenter\" src=\"https:\/\/havamall.vn\/wp-content\/uploads\/2019\/06\/c3962d156730876ede21.png\" width=\"543\" height=\"601\" \/><\/p>\n<p>\u0110\u1ed1i t\u01b0\u1ee3ng s\u1eed d\u1ee5ng n\u01b0\u1edbc u\u1ed1ng u\u1ed1ng b\u1ed5 gan, gi\u1ea3i r\u01b0\u1ee3u Hovenia BIOK:<\/p>\n<ul>\n<li>Ng\u01b0\u1eddi ch\u1ee9c n\u0103ng gan y\u1ebfu, m\u1eafc c\u00e1c b\u1ec7n gan m\u1ea1n t\u00ednh.<\/li>\n<li>Ng\u01b0\u1eddi u\u1ed1ng r\u01b0\u1ee3u bia.<\/li>\n<li>Ng\u01b0\u1eddi c\u00f3 m\u1ee5n nh\u1ecdt,tr\u1ee9ng c\u00e1 do ch\u1ee9c n\u0103ng gan k\u00e9m<\/li>\n<li>Ng\u01b0\u1eddi b\u1ecb n\u00f3ng trong do gan,ng\u01b0\u1eddi u\u1ed1ng nhi\u1ec1u thu\u1ed1c t\u00e2y.<img decoding=\"async\" class=\"aligncenter\" src=\"https:\/\/havamall.vn\/wp-content\/uploads\/2019\/06\/tra-atiso-giai-nhiet-696x385.jpg\" alt='K\u00e1\u00ba\u00bft qu\u00e1\u00ba\u00a3 h\u00c3\u00acnh \u00e1\u00ba\u00a3nh cho nuoc uong giai nhiet bo gan' width=\"604\" height=\"334\" \/>C\u00e1ch s\u1eed d\u1ee5ng\u00a0N\u01b0\u1edbc u\u1ed1ng b\u1ed5 gan, gi\u1ea3i r\u01b0\u1ee3u Hovenia:\n<ul>\n<li>N\u01b0\u1edbc u\u1ed1ng b\u1ed5 gan, gi\u1ea3i r\u01b0\u1ee3u Hovenia \u0111\u01b0\u1ee3c d\u00f9ng h\u00e0ng ng\u00e0y \u0111\u1ec3 b\u1ed3i b\u1ed5 gan, t\u0103ng c\u01b0\u1eddng ch\u1ee9c n\u0103ng gan, thanh nhi\u1ec7t gi\u1ea3i \u0111\u1ed9c, b\u1ed3i b\u1ed5 c\u01a1 th\u1ec3. U\u1ed1ng 1-2 g\u00f3i\/ ng\u00e0y, m\u1ed1i l\u1ea7n 1 g\u00f3i. N\u00ean s\u1eed d\u1ee5ng li\u00ean t\u1ee5c n\u01b0\u1edbc u\u1ed1ng b\u1ed5 gan, gi\u1ea3i r\u01b0\u1ee3u Hovenia t\u1eeb 3-6 th\u00e1ng \u0111\u1ec3 \u0111\u1ea1t hi\u1ec7u qu\u1ea3 cao nh\u1ea5t.<\/li>\n<li>T\u0103ng c\u01b0\u1eddng ch\u1ee9c n\u0103ng gan cho tr\u1ebb em b\u1ecb suy gi\u1ea3m ch\u1ee9c n\u0103ng gan d\u01b0\u1edbi 12 tu\u1ed5i u\u1ed1ng b\u1eb1ng \u00bd li\u1ec1u d\u00f9ng c\u1ee7a ng\u01b0\u1eddi l\u1edbn.<\/li>\n<li>N\u01b0\u1edbc u\u1ed1ng b\u1ed5 gan, gi\u1ea3i r\u01b0\u1ee3u Hovenia c\u00f3 t\u00e1c d\u1ee5ng kh\u1eed c\u1ed3n hi\u1ec7u qu\u1ea3, gi\u00fap ng\u01b0\u1eddi say r\u01b0\u1ee3u bia mau t\u1ec9nh, u\u1ed1ng 1-2 g\u00f3i\/l\u1ea7n tr\u01b0\u1edbc ho\u1eb7c ngay sau khi u\u1ed1ng r\u01b0\u1ee3u.<\/li>\n<\/ul>\n<p><em>(L\u1eafc \u0111\u1ec1u g\u00f3i tr\u01b0\u1edbc khi s\u1eed d\u1ee5ng)<\/em><\/li>\n<\/ul>\n<p>&nbsp;<\/p>\n<p>&nbsp;<\/p>","protected":false},"excerpt":{"rendered":"<p>N\u01b0\u1edbc u\u1ed1ng b\u1ed5 gan, gi\u1ea3i r\u01b0\u1ee3u Hovenia BIOK \u00a0c\u00f3 v\u1ecb ng\u1ecdt d\u1ec5 u\u1ed1ng t\u00ednh m\u00e1t; gi\u00fap b\u1ed5 gan thanh l\u1ecdc gi\u1ea3i \u0111\u1ed9c gan, ph\u1ee5c h\u1ed3i gan h\u01b0 t\u1ed5n. B\u1ed5 gan, t\u0103ng c\u01b0\u1eddng ch\u1ee9c n\u0103ng gan.\u00a0N\u01b0\u1edbc u\u1ed1ng b\u1ed5 gan,gi\u1ea3i r\u01b0\u1ee3u Hovenia\u00a0c\u00f3 t\u00e1c d\u1ee5ng chuy\u1ec3n h\u00f3a c\u1ed3n th\u00e0nh n\u01b0\u1edbc. Ch\u1ed1ng ng\u1ed9 \u0111\u1ed9c r\u01b0\u1ee3u, gi\u1ea3m c\u00e1c tri\u1ec7u ch\u1ee9ng sau u\u1ed1ng r\u01b0\u1ee3u nh\u01b0 bu\u1ed3n n\u00f4n, \u0111au \u0111\u1ea7u, \u1ee3 n\u00f3ng.<\/p>\n<p>&nbsp;<\/p>","protected":false},"featured_media":11116,"comment_status":"open","ping_status":"closed","template":"","meta":[],"product_brand":[],"product_cat":[36,135,143],"product_tag":[],"class_list":{"0":"post-11113","1":"product","2":"type-product","3":"status-publish","4":"has-post-thumbnail","6":"product_cat-thuc-pham-tieu-dung","7":"product_cat-sua-do-uong","8":"product_cat-thuc-pham-dong-hop","10":"first","11":"outofstock","12":"sale","13":"shipping-taxable","14":"purchasable","15":"product-type-simple"},"_links":{"self":[{"href":"https:\/\/havamall.vn\/en\/wp-json\/wp\/v2\/product\/11113"}],"collection":[{"href":"https:\/\/havamall.vn\/en\/wp-json\/wp\/v2\/product"}],"about":[{"href":"https:\/\/havamall.vn\/en\/wp-json\/wp\/v2\/types\/product"}],"replies":[{"embeddable":true,"href":"https:\/\/havamall.vn\/en\/wp-json\/wp\/v2\/comments?post=11113"}],"version-history":[{"count":0,"href":"https:\/\/havamall.vn\/en\/wp-json\/wp\/v2\/product\/11113\/revisions"}],"wp:featuredmedia":[{"embeddable":true,"href":"https:\/\/havamall.vn\/en\/wp-json\/wp\/v2\/media\/11116"}],"wp:attachment":[{"href":"https:\/\/havamall.vn\/en\/wp-json\/wp\/v2\/media?parent=11113"}],"wp:term":[{"taxonomy":"product_brand","embeddable":true,"href":"https:\/\/havamall.vn\/en\/wp-json\/wp\/v2\/product_brand?post=11113"},{"taxonomy":"product_cat","embeddable":true,"href":"https:\/\/havamall.vn\/en\/wp-json\/wp\/v2\/product_cat?post=11113"},{"taxonomy":"product_tag","embeddable":true,"href":"https:\/\/havamall.vn\/en\/wp-json\/wp\/v2\/product_tag?post=11113"}],"curies":[{"name":"wp","href":"https:\/\/api.w.org\/{rel}","templated":true}]}}