{"id":11101,"date":"2019-06-17T15:30:16","date_gmt":"2019-06-17T08:30:16","guid":{"rendered":"https:\/\/havamall.vn\/?post_type=product&#038;p=11101"},"modified":"2020-11-16T13:43:46","modified_gmt":"2020-11-16T06:43:46","slug":"snack-quay-toppobki-cay-ngot-110g","status":"publish","type":"product","link":"https:\/\/havamall.vn\/en\/shop\/snack-quay-toppobki-cay-ngot-110g\/","title":{"rendered":"Snack Qu\u1ea9y Tokbokki Cay Ng\u1ecdt 110g"},"content":{"rendered":"<div>Snack qu\u1ea9y Toppoki cay ng\u1ecdt Selco Food\u200b\u00a0l\u00e0 s\u1ea3n ph\u1ea9m \u0111\u01b0\u1ee3c nh\u1eadp kh\u1ea9u tr\u1ef1c ti\u1ebfp t\u1eeb H\u00e0n Qu\u1ed1c. S\u1ea3n ph\u1ea9m\u00a0\u0111\u01b0\u1ee3c ch\u1ecdn l\u1ecdc t\u1eeb nh\u1eefng nguy\u00ean li\u1ec7u nh\u01b0: b\u1ed9t m\u00ec, g\u1ea1o, d\u1ea7u c\u1ecd, siro\u2026 c\u00f9ng qu\u00e1 tr\u00ecnh s\u1ea3n xu\u1ea5t khoa h\u1ecdc, hi\u1ec7n \u0111\u1ea1i v\u00e0 kh\u00e9p k\u00edn, cho ra \u0111\u1eddi nh\u1eefng mi\u1ebfng snack th\u01a1m ngon, h\u1ea5p d\u1eabn.<\/div>\n<div><\/div>\n<div>Khi th\u01b0\u1edfng th\u1ee9c t\u1eebng mi\u1ebfng b\u00e1nh gi\u00f2n tan b\u1ea1n s\u1ebd c\u1ea3m nh\u1eadn \u0111\u01b0\u1ee3c h\u01b0\u01a1ng v\u1ecb c\u1ee7a t\u1eebng mi\u1ebfng b\u00e1nh toppokki cay ng\u1ecdt t\u1ea1i H\u00e0n Qu\u1ed1c, s\u1ea3n ph\u1ea9m \u0111\u01b0\u1ee3c \u0111\u00f3ng g\u00f3i ti\u1ec7n l\u1ee3i khi \u0111\u01b0\u1ee3c s\u1eed d\u1ee5ng v\u00e0 b\u1ea3o qu\u1ea3n, b\u1ea1n c\u00f3 th\u1ec3 mang theo s\u1ea3n ph\u1ea9m trong nh\u1eefng chuy\u1ebfn du l\u1ecbch, d\u00e3 ngo\u1ea1i&#8230; \u0111\u1ec3 c\u00f9ng chia s\u1ebb v\u1edbi ng\u01b0\u1eddi th\u00e2n v\u00e0 b\u1ea1n b\u00e8.<\/div>\n<div><\/div>\n<div>Hi\u1ec7n c\u00e1c d\u00f2ng Snack c\u1ee7a Selco Food c\u00f3 c\u00e1c lo\u1ea1i nh\u01b0 sau:<\/div>\n<div><\/div>\n<div><img fetchpriority=\"high\" decoding=\"async\" class=\"wp-image-11104 aligncenter\" src=\"https:\/\/havamall.vn\/wp-content\/uploads\/2019\/06\/58378285_2034205346873833_3027573368082661376_n.jpg\" alt=\"\" width=\"628\" height=\"628\" srcset=\"https:\/\/havamall.vn\/wp-content\/uploads\/2019\/06\/58378285_2034205346873833_3027573368082661376_n.jpg 960w, https:\/\/havamall.vn\/wp-content\/uploads\/2019\/06\/58378285_2034205346873833_3027573368082661376_n-430x430.jpg 430w, https:\/\/havamall.vn\/wp-content\/uploads\/2019\/06\/58378285_2034205346873833_3027573368082661376_n-150x150.jpg 150w, https:\/\/havamall.vn\/wp-content\/uploads\/2019\/06\/58378285_2034205346873833_3027573368082661376_n-700x700.jpg 700w\" sizes=\"(max-width: 628px) 100vw, 628px\" \/><\/div>\n<div><em>\u00a0 \u00a0 \u00a0 \u00a0 \u00a0 \u00a0 \u00a0 \u00a0 \u00a0 \u00a0 \u00a0 \u00a0 \u00a0 \u00a0 \u00a0 \u00a0 \u00a0 \u00a0 \u00a0 \u00a0 \u00a0 \u00a0 \u00a0 \u00a0 \u00a0 \u00a0\u00a0<\/em><\/div>\n<div><\/div>\n<div>Snack qu\u1ea9y Toppoki cay ng\u1ecdt l\u00e0 l\u1ef1a ch\u1ecdn h\u00e0ng \u0111\u1ea7u cho nh\u1eefng cu\u1ed9c vui ch\u01a1i, khi m\u1ecdi ng\u01b0\u1eddi qu\u00e2y qu\u1ea7n b\u00ean nhau, tr\u00f2 chuy\u1ec7n, vui ch\u01a1i v\u00e0 th\u01b0\u1edfng th\u1ee9c nh\u1eefng mi\u1ebfng b\u00e1nh gi\u00f2n tan r\u1ea5t th\u00fa v\u1ecb.<\/div>\n<p>&nbsp;<\/p>\n<p>&nbsp;<\/p>\n<p>&nbsp;<\/p>\n<p>&nbsp;<\/p>\n<p>&nbsp;<\/p>\n<p>&nbsp;<\/p>\n<p>&nbsp;<\/p>\n<p>&nbsp;<\/p>\n<p>&nbsp;<\/p>","protected":false},"excerpt":{"rendered":"<p>S\u1ea3n ph\u1ea9m \u0111\u01b0\u1ee3c ch\u1ecdn l\u1ecdc t\u1eeb nh\u1eefng nguy\u00ean li\u1ec7u nh\u01b0: b\u1ed9t m\u00ec, m\u1eadt ong, d\u1ea7u c\u1ecd, siro&#8230; c\u00f9ng qu\u00e1 tr\u00ecnh s\u1ea3n xu\u1ea5t\u00a0khoa h\u1ecdc, hi\u1ec7n \u0111\u1ea1i v\u00e0 kh\u00e9p k\u00edn, cho ra \u0111\u1eddi nh\u1eefng mi\u1ebfng snack th\u01a1m ngon, h\u1ea5p d\u1eabn. Khi th\u01b0\u1edfng th\u1ee9c t\u1eebng mi\u1ebfng snack gi\u00f2n tan b\u1ea1n s\u1ebd c\u1ea3m nh\u1eadn \u0111\u01b0\u1ee3c v\u1ecb m\u1eadt ong th\u01a1m ng\u1ecdt r\u1ea5t v\u1eeba mi\u1ec7ng.<\/p>\n<p>Snack qu\u1ea9y xo\u1eafn Selco Food c\u00f3 h\u01b0\u01a1ng v\u1ecb r\u1ea5t th\u01a1m ngon t\u1eeb m\u1eadt ong m\u00e0 kh\u00f4ng ng\u1eady, t\u1eebng qu\u1ea9y xo\u1eafn ngon l\u00e0nh\u00a0gi\u00f2n tan trong mi\u1ec7ng<\/p>\n<p>&nbsp;<\/p>","protected":false},"featured_media":11109,"comment_status":"open","ping_status":"closed","template":"","meta":[],"product_brand":[],"product_cat":[36,133],"product_tag":[],"class_list":{"0":"post-11101","1":"product","2":"type-product","3":"status-publish","4":"has-post-thumbnail","6":"product_cat-thuc-pham-tieu-dung","7":"product_cat-banh-keo-chocolate","9":"first","10":"outofstock","11":"sale","12":"shipping-taxable","13":"purchasable","14":"product-type-variable"},"_links":{"self":[{"href":"https:\/\/havamall.vn\/en\/wp-json\/wp\/v2\/product\/11101"}],"collection":[{"href":"https:\/\/havamall.vn\/en\/wp-json\/wp\/v2\/product"}],"about":[{"href":"https:\/\/havamall.vn\/en\/wp-json\/wp\/v2\/types\/product"}],"replies":[{"embeddable":true,"href":"https:\/\/havamall.vn\/en\/wp-json\/wp\/v2\/comments?post=11101"}],"version-history":[{"count":0,"href":"https:\/\/havamall.vn\/en\/wp-json\/wp\/v2\/product\/11101\/revisions"}],"wp:featuredmedia":[{"embeddable":true,"href":"https:\/\/havamall.vn\/en\/wp-json\/wp\/v2\/media\/11109"}],"wp:attachment":[{"href":"https:\/\/havamall.vn\/en\/wp-json\/wp\/v2\/media?parent=11101"}],"wp:term":[{"taxonomy":"product_brand","embeddable":true,"href":"https:\/\/havamall.vn\/en\/wp-json\/wp\/v2\/product_brand?post=11101"},{"taxonomy":"product_cat","embeddable":true,"href":"https:\/\/havamall.vn\/en\/wp-json\/wp\/v2\/product_cat?post=11101"},{"taxonomy":"product_tag","embeddable":true,"href":"https:\/\/havamall.vn\/en\/wp-json\/wp\/v2\/product_tag?post=11101"}],"curies":[{"name":"wp","href":"https:\/\/api.w.org\/{rel}","templated":true}]}}