{"id":11093,"date":"2019-06-14T16:27:50","date_gmt":"2019-06-14T09:27:50","guid":{"rendered":"https:\/\/havamall.vn\/?post_type=product&#038;p=11093"},"modified":"2019-11-06T16:18:20","modified_gmt":"2019-11-06T09:18:20","slug":"sua-socola-ghana-milk-190ml","status":"publish","type":"product","link":"https:\/\/havamall.vn\/en\/shop\/sua-socola-ghana-milk-190ml\/","title":{"rendered":"S\u1eefa Socola Ghana Milk 190ml"},"content":{"rendered":"<p>Sau th\u00e0nh c\u00f4ng vang d\u1ed9i c\u1ee7a d\u00f2ng Socola Ghana l\u1ea1i ti\u1ebfp t\u1ee5c khu\u1ea5y \u0111\u1ea3o th\u1ecb tr\u01b0\u1eddng b\u1eb1ng d\u00f2ng s\u1eefa ti\u1ec7t tr\u00f9ng mang h\u01b0\u01a1ng v\u1ecb S\u00f4 c\u00f4 la, kh\u00f4ng th\u1ec3 nh\u1ea7m l\u1eabn \u0111i \u0111\u00e2u \u0111\u01b0\u1ee3c h\u01b0\u01a1ng v\u1ecb th\u01a1m ngon \u0111\u00f3.<\/p>\n<div><img fetchpriority=\"high\" decoding=\"async\" class=\"aligncenter\" src=\"https:\/\/havamall.vn\/wp-content\/uploads\/2019\/06\/1f418481ff8833b3ac5f7743fa488955.jpg\" width=\"770\" height=\"514\" \/><\/div>\n<p>S\u1eefa Chocolate c\u1ee7a Ghana c\u00f3 th\u1ec3 u\u1ed1ng theo c\u00e1ch truy\u1ec1n th\u1ed1ng ho\u1eb7c ch\u00fang ta c\u00f3 th\u1ec3 d\u00f9ng \u0111\u1ec3 l\u00e0m Milk shake kh\u00e1 l\u00e0 ngon v\u00ec v\u1edbi \u0111\u1ed9 m\u1ecbn v\u00e0 \u0111\u1ed9 th\u01a1m c\u1ee7a lo\u1ea1i s\u1eefa n\u00e0y \u0111\u00e3 \u0111\u1ee7 y\u00eau c\u1ea7u \u0111\u00e1p \u1ee9ng c\u1ee7a c\u00e1c b\u1ea1n v\u1edbi h\u01b0\u01a1ng v\u1ecb s\u00f4 c\u00f4 la r\u1ea5t th\u01a1m. V\u1ecb ng\u1ecdt c\u1ee7a s\u1eefa v\u1ecb th\u01a1m c\u1ee7a s\u00f4 c\u00f4 la tr\u1ed9n l\u1eabn mang \u0111\u1ebfn cho ta h\u01b0\u01a1ng v\u1ecb c\u1ee7a cu\u1ed9c s\u1ed1ng r\u00f5 r\u00e0ng h\u01a1n. Gi\u00fap cho ch\u00fang ta t\u01b0\u01a1i t\u1ec9nh h\u01a1n v\u00e0o bu\u1ed5i s\u00e1ng.<\/p>\n<p><img decoding=\"async\" class=\"aligncenter\" src=\"https:\/\/c.pxhere.com\/photos\/99\/87\/hot_chocolate_drink_hot_chocolate_beverage_cocoa_mug_sweet-1292675.jpg!d\" alt=\"m\u00c3\u00b9a \u00c4\u0091\u00c3\u00b4ng Cafe c\u00c3\u00a0 ph\u00c3\u00aa tr\u00e1\u00ba\u00afng \u00e1\u00ba\u00a5m \u00c3\u00a1p ng\u00e1\u00bb\u008dt ly b\u00e1\u00bb\u008dt s\u00c3\u00b4 c\u00c3\u00b4 la n\u00c3\u00b3ng M\u00c3\u00b3n \u00c4\u0083n b\u00e1\u00bb\u00afa \u00c4\u0083n m\u00c3\u00b3n \u00c4\u0083n n\u00c3\u00a2u \u00c4\u0091\u00e1\u00bb\u0093 u\u00e1\u00bb\u0091ng u\u00e1\u00bb\u0091ng b\u00e1\u00bb\u00afa \u00c4\u0083n s\u00c3\u00a1ng s\u00c3\u00b4 c\u00c3\u00b4 la S\u00e1\u00bb\u00afa ch\u00c4\u0083m h\u00e1\u00bb\u008dc kem \u00c4\u0090\u00e1\u00bb\u0093 tr\u00c3\u00a1ng mi\u00e1\u00bb\u0087ng \u00e1\u00ba\u00a8m th\u00e1\u00bb\u00b1c kem th\u00c6\u00a1m ngon s\u00e1\u00ba\u00a3n ph\u00e1\u00ba\u00a9m t\u00e1\u00bb\u00ab s\u00e1\u00bb\u00afa M\u00c3\u00b9a ca cao kem \u00c4\u0091\u00c3\u00a1nh n\u00c3\u00b3ng b\u00e1\u00bb\u00a9c ngon H\u00c6\u00b0\u00c6\u00a1ng v\u00e1\u00bb\u008b tr\u00c3\u00a0 s\u00e1\u00bb\u00afa Parfait Sundae kem s\u00c3\u00b4 c\u00c3\u00b4 la k\u00e1\u00ba\u00b9o d\u00e1\u00ba\u00bbo Mocaccino Affogato C\u00c3\u00a0 ph\u00c3\u00aa frapp\" width=\"660\" height=\"986\" \/><\/p>\n<div>D\u00f2ng s\u1eefa c\u1ee7a Ghana s\u1ebd kh\u00e1c nh\u1eefng lo\u1ea1i kh\u00e1c \u1edf ch\u1ed7 kh\u00f4ng ng\u1ecdt g\u1eaft, v\u00e0 s\u1eefa l\u1ea1i m\u1ecbn ch\u1ea5t b\u00e9o kh\u00f4ng cao, gi\u00fap cho ch\u00fang ta tho\u1ea3i m\u00e1i khi u\u1ed1ng h\u1eb1ng ng\u00e0y, ho\u1eb7c c\u00f3 th\u1ec3 thay th\u1ebf nh\u1eefng bu\u1ed5i s\u00e1ng b\u1eadn r\u1ed9n ch\u1ec9 c\u1ea7n 1 h\u1ed9p s\u1eefa c\u1ee7a Ghana th\u00ec b\u1ea1n c\u0169ng s\u1ebd \u0111\u1ee7 n\u0103ng l\u01b0\u1ee3ng cho bu\u1ed5i s\u00e1ng c\u1ee7a m\u00ecnh.<\/div>","protected":false},"excerpt":{"rendered":"<p>\u0110\u1ec3 l\u00e0m ra h\u1ed9p s\u1eefa s\u00f4 c\u00f4 la ch\u1ea5t l\u01b0\u1ee3ng Ghana \u0111\u00e3 l\u1ef1a ch\u1ecdn nh\u1eefng nguy\u00ean li\u1ec7u t\u1ed1t nh\u1ea5t \u0111\u1ec3 c\u00f3 th\u1ec3 \u0111\u00e1p \u1ee9ng y\u00eau c\u1ea7u c\u1ee7a c\u00e1c kh\u00e1ch h\u00e0ng m\u1ed9t c\u00e1ch ch\u1ec9n chu v\u00e0 ho\u00e0n thi\u1ec7n h\u01a1n n\u1eefa l\u00e0 mang \u0111\u1ebfn\u00a0 m\u1ed9t s\u1ee9c kh\u1ecfe v\u00e0ng cho ng\u01b0\u1eddi tin d\u00f9ng.<\/p>","protected":false},"featured_media":11096,"comment_status":"open","ping_status":"closed","template":"","meta":[],"product_brand":[],"product_cat":[36,135],"product_tag":[],"class_list":{"0":"post-11093","1":"product","2":"type-product","3":"status-publish","4":"has-post-thumbnail","6":"product_cat-thuc-pham-tieu-dung","7":"product_cat-sua-do-uong","9":"first","10":"outofstock","11":"sale","12":"shipping-taxable","13":"purchasable","14":"product-type-simple"},"_links":{"self":[{"href":"https:\/\/havamall.vn\/en\/wp-json\/wp\/v2\/product\/11093"}],"collection":[{"href":"https:\/\/havamall.vn\/en\/wp-json\/wp\/v2\/product"}],"about":[{"href":"https:\/\/havamall.vn\/en\/wp-json\/wp\/v2\/types\/product"}],"replies":[{"embeddable":true,"href":"https:\/\/havamall.vn\/en\/wp-json\/wp\/v2\/comments?post=11093"}],"version-history":[{"count":0,"href":"https:\/\/havamall.vn\/en\/wp-json\/wp\/v2\/product\/11093\/revisions"}],"wp:featuredmedia":[{"embeddable":true,"href":"https:\/\/havamall.vn\/en\/wp-json\/wp\/v2\/media\/11096"}],"wp:attachment":[{"href":"https:\/\/havamall.vn\/en\/wp-json\/wp\/v2\/media?parent=11093"}],"wp:term":[{"taxonomy":"product_brand","embeddable":true,"href":"https:\/\/havamall.vn\/en\/wp-json\/wp\/v2\/product_brand?post=11093"},{"taxonomy":"product_cat","embeddable":true,"href":"https:\/\/havamall.vn\/en\/wp-json\/wp\/v2\/product_cat?post=11093"},{"taxonomy":"product_tag","embeddable":true,"href":"https:\/\/havamall.vn\/en\/wp-json\/wp\/v2\/product_tag?post=11093"}],"curies":[{"name":"wp","href":"https:\/\/api.w.org\/{rel}","templated":true}]}}