{"id":11069,"date":"2019-06-11T15:28:53","date_gmt":"2019-06-11T08:28:53","guid":{"rendered":"https:\/\/havamall.vn\/?post_type=product&#038;p=11069"},"modified":"2022-10-28T17:26:53","modified_gmt":"2022-10-28T10:26:53","slug":"vai-tuoi-dong-hop-dole-565gr","status":"publish","type":"product","link":"https:\/\/havamall.vn\/en\/shop\/vai-tuoi-dong-hop-dole-565gr\/","title":{"rendered":"V\u1ea3i T\u01b0\u01a1i \u0110\u00f3ng H\u1ed9p Dole 565gr"},"content":{"rendered":"<p>V\u1ea3i t\u01b0\u01a1i Dole\u00a0\u0111\u01b0\u1ee3c s\u1ea3n xu\u1ea5t theo c\u00f4ng ngh\u1ec7 hi\u1ec7n \u0111\u1ea1i, m\u1ecdi kh\u00e2u t\u1eeb tuy\u1ec3n ch\u1ecdn nguy\u00ean li\u1ec7u t\u1edbi ch\u1ebf bi\u1ebfn, \u0111\u00f3ng bao b\u00ec \u0111\u1ec1u di\u1ec5n ra kh\u00e9p k\u00edn d\u01b0\u1edbi s\u1ef1 gi\u00e1m s\u00e1t v\u00e0 ki\u1ec3m tra nghi\u00eam ng\u1eb7t. S\u1ea3n ph\u1ea9m kh\u00f4ng ch\u1ee9a h\u00f3a ch\u1ea5t, ch\u1ea5t b\u1ea3o qu\u1ea3n \u0111\u1ed9c h\u1ea1i, \u0111\u1ea3m b\u1ea3o an to\u00e0n cho s\u1ee9c kh\u1ecfe ng\u01b0\u1eddi ti\u00eau d\u00f9ng.<\/p>\n<p><img fetchpriority=\"high\" decoding=\"async\" class=\"wp-image-12210 aligncenter\" src=\"https:\/\/havamall.vn\/wp-content\/uploads\/2019\/06\/dole-3-300x300.jpg\" alt=\"\" width=\"385\" height=\"385\" srcset=\"https:\/\/havamall.vn\/wp-content\/uploads\/2019\/06\/dole-3-300x300.jpg 300w, https:\/\/havamall.vn\/wp-content\/uploads\/2019\/06\/dole-3-430x430.jpg 430w, https:\/\/havamall.vn\/wp-content\/uploads\/2019\/06\/dole-3-150x150.jpg 150w, https:\/\/havamall.vn\/wp-content\/uploads\/2019\/06\/dole-3.jpg 600w, https:\/\/havamall.vn\/wp-content\/uploads\/2019\/06\/dole-3-100x100.jpg 100w\" sizes=\"(max-width: 385px) 100vw, 385px\" \/><br \/>\nS\u1ea3n ph\u1ea9m c\u00f3 h\u01b0\u01a1ng v\u1ecb th\u01a1m ngon c\u1ee7a nh\u1eefng nguy\u00ean li\u1ec7u t\u1ef1 nhi\u00ean \u0111\u01b0\u1ee3c ch\u1ecdn l\u1ecdc k\u1ef9 c\u00e0ng, s\u1ebd mang l\u1ea1i cho b\u1ea1n nh\u1eefng ph\u00fat gi\u1ea3i tr\u00ed v\u00e0 th\u01b0\u1edfng th\u1ee9c th\u1eadt tuy\u1ec7t v\u1eddi b\u00ean c\u1ea1nh b\u1ea1n b\u00e8 ho\u1eb7c ng\u01b0\u1eddi th\u00e2n.<\/p>\n<p><img decoding=\"async\" class=\"aligncenter\" src=\"http:\/\/thucphamplaza.com\/wp-content\/uploads\/products_img\/hong-tra-vai-4.jpg\" alt=\"K\u00e1\u00ba\u00bft qu\u00e1\u00ba\u00a3 h\u00c3\u00acnh \u00e1\u00ba\u00a3nh cho V\u00e1\u00ba\u00a2I NG\u00c3\u0082M DOLE\" width=\"389\" height=\"389\" \/><\/p>\n<p>V\u1ea3i \u0110\u00f3ng H\u1ed9p Dole l\u00e0 lo\u1ea1i v\u1ea3i ng\u00e2m siro, th\u01b0\u1eddng \u0111\u01b0\u1ee3c s\u1eed d\u1ee5ng \u0111\u1ec3 pha ch\u1ebf c\u00e1c th\u1ee9c u\u1ed1ng ho\u1eb7c trong l\u00e0m b\u00e1nh ng\u1ecdt. S\u1ea3n ph\u1ea9m \u0111\u1ea3m b\u1ea3o ch\u1ea5t l\u01b0\u1ee3ng v\u00e0 an to\u00e0n th\u1ef1c ph\u1ea9m.<\/p>\n<p>H\u01b0\u01a1ng v\u1ecb tr\u00e1i c\u00e2y nguy\u00ean b\u1ea3n, ng\u1ecdt chua v\u1eeba v\u1eb7n, h\u1ea5p d\u1eabn. B\u1ea3o d\u01b0\u1ee1ng \u0111\u01b0\u1ee3c nhi\u1ec1u vitamin, kho\u00e1ng ch\u1ea5t trong n\u01b0\u1edbc tr\u00e1i c\u00e2y.<\/p>\n<p><img decoding=\"async\" class=\"wp-image-12208 aligncenter\" src=\"https:\/\/havamall.vn\/wp-content\/uploads\/2019\/06\/89de65e7025222153abe47c2aaaa15c9-300x187.jpg\" alt=\"\" width=\"386\" height=\"241\" srcset=\"https:\/\/havamall.vn\/wp-content\/uploads\/2019\/06\/89de65e7025222153abe47c2aaaa15c9-300x187.jpg 300w, https:\/\/havamall.vn\/wp-content\/uploads\/2019\/06\/89de65e7025222153abe47c2aaaa15c9-430x269.jpg 430w, https:\/\/havamall.vn\/wp-content\/uploads\/2019\/06\/89de65e7025222153abe47c2aaaa15c9-150x94.jpg 150w, https:\/\/havamall.vn\/wp-content\/uploads\/2019\/06\/89de65e7025222153abe47c2aaaa15c9.jpg 474w\" sizes=\"(max-width: 386px) 100vw, 386px\" \/><\/p>\n<p>&nbsp;<\/p>\n<p>&nbsp;<\/p>\n<p>&nbsp;<\/p>\n<p>&nbsp;<\/p>\n<p>&nbsp;<\/p>","protected":false},"excerpt":{"rendered":"<p>V\u1ea3i t\u01b0\u01a1i Dole\u00a0\u0111\u01b0\u1ee3c s\u1ea3n xu\u1ea5t theo c\u00f4ng ngh\u1ec7 hi\u1ec7n \u0111\u1ea1i, m\u1ecdi kh\u00e2u t\u1eeb tuy\u1ec3n ch\u1ecdn nguy\u00ean li\u1ec7u t\u1edbi ch\u1ebf bi\u1ebfn,<\/p>","protected":false},"featured_media":29207,"comment_status":"open","ping_status":"closed","template":"","meta":[],"product_brand":[],"product_cat":[36,143],"product_tag":[],"class_list":{"0":"post-11069","1":"product","2":"type-product","3":"status-publish","4":"has-post-thumbnail","6":"product_cat-thuc-pham-tieu-dung","7":"product_cat-thuc-pham-dong-hop","8":"pa_brand-dole","10":"first","11":"instock","12":"sale","13":"shipping-taxable","14":"purchasable","15":"product-type-simple"},"_links":{"self":[{"href":"https:\/\/havamall.vn\/en\/wp-json\/wp\/v2\/product\/11069"}],"collection":[{"href":"https:\/\/havamall.vn\/en\/wp-json\/wp\/v2\/product"}],"about":[{"href":"https:\/\/havamall.vn\/en\/wp-json\/wp\/v2\/types\/product"}],"replies":[{"embeddable":true,"href":"https:\/\/havamall.vn\/en\/wp-json\/wp\/v2\/comments?post=11069"}],"version-history":[{"count":0,"href":"https:\/\/havamall.vn\/en\/wp-json\/wp\/v2\/product\/11069\/revisions"}],"wp:featuredmedia":[{"embeddable":true,"href":"https:\/\/havamall.vn\/en\/wp-json\/wp\/v2\/media\/29207"}],"wp:attachment":[{"href":"https:\/\/havamall.vn\/en\/wp-json\/wp\/v2\/media?parent=11069"}],"wp:term":[{"taxonomy":"product_brand","embeddable":true,"href":"https:\/\/havamall.vn\/en\/wp-json\/wp\/v2\/product_brand?post=11069"},{"taxonomy":"product_cat","embeddable":true,"href":"https:\/\/havamall.vn\/en\/wp-json\/wp\/v2\/product_cat?post=11069"},{"taxonomy":"product_tag","embeddable":true,"href":"https:\/\/havamall.vn\/en\/wp-json\/wp\/v2\/product_tag?post=11069"}],"curies":[{"name":"wp","href":"https:\/\/api.w.org\/{rel}","templated":true}]}}