{"id":11027,"date":"2019-06-07T15:31:01","date_gmt":"2019-06-07T08:31:01","guid":{"rendered":"https:\/\/havamall.vn\/?post_type=product&#038;p=11027"},"modified":"2020-04-01T10:05:35","modified_gmt":"2020-04-01T03:05:35","slug":"combo-2-bo-lat-unsalted-ammerlander-8gr","status":"publish","type":"product","link":"https:\/\/havamall.vn\/en\/shop\/combo-2-bo-lat-unsalted-ammerlander-8gr\/","title":{"rendered":"Combo 2 B\u01a1 L\u1ea1t Unsalted Ammerlander 8gr"},"content":{"rendered":"<p>Unsalted butter l\u00e0 t\u00ean ti\u1ebfng Anh c\u1ee7a b\u01a1 Nh\u1ea1t. \u0110\u00e2y l\u00e0 lo\u1ea1i b\u01a1 kh\u00f4ng ch\u1ee9a mu\u1ed1i c\u00f3 h\u01b0\u01a1ng th\u01a1m nh\u1eb9 v\u00e0 v\u1ecb ng\u1ecdt. Unsalted butter c\u00f3 h\u00e0m l\u01b0\u1ee3ng dinh d\u01b0\u1ee1ng cao, ch\u1ee9a canxi, men vi sinh, gi\u00e0u vitamin A, D, protein, \u0111\u1ed9 b\u00e9o t\u01b0\u01a1ng \u0111\u1ed1i cao. Lo\u1ea1i b\u01a1 n\u00e0y \u0111\u01b0\u1ee3c xem l\u00e0 t\u1ed1t cho s\u1ef1 ph\u00e1t tri\u1ec3n c\u1ee7a x\u01b0\u01a1ng v\u00e0 h\u1ec7 ti\u00eau h\u00f3a \u0111\u1ec3 c\u01a1 th\u1ec3 kh\u1ecfe m\u1ea1nh h\u01a1n, trong th\u00e0nh ph\u1ea7n c\u00f3 chwua ch\u1ea5t b\u00e9o v\u00e0 gi\u00fap t\u0103ng h\u01b0\u01a1ng v\u1ecb v\u00e0 h\u1ea5p d\u1eabn cho nhi\u1ec1u lo\u1ea1i b\u00e1nh v\u00e0 m\u00f3n \u0103n.<\/p>\n<p>&nbsp;<\/p>\n<p><img fetchpriority=\"high\" decoding=\"async\" class=\"wp-image-11034 aligncenter\" src=\"https:\/\/havamall.vn\/wp-content\/uploads\/2019\/06\/Screen-Shot-2019-06-07-at-3.24.14-PM.png\" alt=\"\" width=\"610\" height=\"289\" srcset=\"https:\/\/havamall.vn\/wp-content\/uploads\/2019\/06\/Screen-Shot-2019-06-07-at-3.24.14-PM.png 900w, https:\/\/havamall.vn\/wp-content\/uploads\/2019\/06\/Screen-Shot-2019-06-07-at-3.24.14-PM-430x204.png 430w, https:\/\/havamall.vn\/wp-content\/uploads\/2019\/06\/Screen-Shot-2019-06-07-at-3.24.14-PM-150x71.png 150w, https:\/\/havamall.vn\/wp-content\/uploads\/2019\/06\/Screen-Shot-2019-06-07-at-3.24.14-PM-700x331.png 700w\" sizes=\"(max-width: 610px) 100vw, 610px\" \/><\/p>\n<p>B\u01a1 l\u1ea1t kh\u00f4ng ch\u1ee9a mu\u1ed1i trong th\u00e0nh ph\u1ea7n, th\u01b0\u1eddng c\u00f3 h\u01b0\u01a1ng th\u01a1m v\u00e0 v\u1ecb ng\u1ecdt nh\u1eb9.\u00a0B\u01a1 l\u1ea1t \u0111\u01b0\u1ee3c \u01b0a chu\u1ed9ng nh\u1ea5t \u1edf \u0110\u1ee9c v\u00e0 s\u1eed d\u1ee5ng ch\u1ee7 y\u1ebfu trong n\u1ea5u \u0103n v\u00e0 l\u00e0m b\u00e1nh v\u00ec c\u00f3 h\u00e0m l\u01b0\u1ee3ng dinh d\u01b0\u1ee1ng cao, lo\u1ea1i b\u01a1 n\u00e0y r\u1ea5t gi\u00e0u vitamin A, D, protin, men vi sinh, canxi, \u0111\u1ed9 b\u00e9o\u2026<\/p>\n<p><img decoding=\"async\" class=\"wp-image-11030 aligncenter\" src=\"https:\/\/havamall.vn\/wp-content\/uploads\/2019\/06\/47d8f0b38d1e6840310f.png\" alt=\"\" width=\"622\" height=\"419\" srcset=\"https:\/\/havamall.vn\/wp-content\/uploads\/2019\/06\/47d8f0b38d1e6840310f.png 886w, https:\/\/havamall.vn\/wp-content\/uploads\/2019\/06\/47d8f0b38d1e6840310f-430x290.png 430w, https:\/\/havamall.vn\/wp-content\/uploads\/2019\/06\/47d8f0b38d1e6840310f-150x101.png 150w, https:\/\/havamall.vn\/wp-content\/uploads\/2019\/06\/47d8f0b38d1e6840310f-700x472.png 700w\" sizes=\"(max-width: 622px) 100vw, 622px\" \/><\/p>\n<p>B\u01a1 l\u1ea1t \u0111\u01b0\u1ee3c bi\u1ebft \u0111\u1ebfn nh\u01b0 m\u1ed9t nguy\u00ean li\u1ec7u c\u1ef1c k\u00ec t\u1ed1t cho s\u1ef1 ph\u00e1t tri\u1ec3n c\u1ee7a x\u01b0\u01a1ng, gi\u00fap h\u1ec7 ti\u00eau h\u00f3a kh\u1ecfe m\u1ea1nh h\u01a1n v\u00e0 th\u00e0nh ph\u1ea7n ch\u1ea5t b\u00e9o cao mang l\u1ea1i h\u01b0\u01a1ng v\u1ecb th\u01a1m ngon, h\u1ea5p d\u1eabn cho nhi\u1ec1u m\u00f3n b\u00e1nh.<br \/>\nH\u01a1n n\u1eefa b\u01a1 l\u1ea1t c\u00f2n ph\u00f9 h\u1ee3p \u0111\u1ec3 ph\u1ebft l\u00ean b\u00e1nh m\u00ec \u0103n s\u00e1ng r\u1ea5t ti\u1ec7n l\u1ee3i v\u00e0 b\u1ea1n c\u00f3 th\u1ec3 mang \u0111i du l\u1ecbch ho\u1eb7c c\u00e1c b\u1eefa d\u00e3 ngo\u1ea1i.<\/p>\n<p><img decoding=\"async\" class=\"wp-image-11031 aligncenter\" src=\"https:\/\/havamall.vn\/wp-content\/uploads\/2019\/06\/b01d2cc7706a9534cc7b.png\" alt=\"\" width=\"611\" height=\"407\" srcset=\"https:\/\/havamall.vn\/wp-content\/uploads\/2019\/06\/b01d2cc7706a9534cc7b.png 1200w, https:\/\/havamall.vn\/wp-content\/uploads\/2019\/06\/b01d2cc7706a9534cc7b-430x286.png 430w, https:\/\/havamall.vn\/wp-content\/uploads\/2019\/06\/b01d2cc7706a9534cc7b-150x100.png 150w, https:\/\/havamall.vn\/wp-content\/uploads\/2019\/06\/b01d2cc7706a9534cc7b-700x466.png 700w\" sizes=\"(max-width: 611px) 100vw, 611px\" \/><\/p>\n<p>N\u01b0\u1edbc s\u1ea3n xu\u1ea5t: \u0110\u1ee9c<br \/>\nQui c\u00e1ch: V\u1ec9 8g<\/p>\n<p>B\u1ea3o qu\u1ea3n: ng\u0103n m\u00e1t t\u1ee7 l\u1ea1nh, khui ra s\u1eed d\u1ee5ng trong v\u00f2ng 7 ng\u00e0y.<\/p>\n<p><img loading=\"lazy\" decoding=\"async\" class=\"wp-image-11033 aligncenter\" src=\"https:\/\/havamall.vn\/wp-content\/uploads\/2019\/06\/Screen-Shot-2019-06-07-at-3.20.13-PM.png\" alt=\"\" width=\"634\" height=\"424\" srcset=\"https:\/\/havamall.vn\/wp-content\/uploads\/2019\/06\/Screen-Shot-2019-06-07-at-3.20.13-PM.png 800w, https:\/\/havamall.vn\/wp-content\/uploads\/2019\/06\/Screen-Shot-2019-06-07-at-3.20.13-PM-430x288.png 430w, https:\/\/havamall.vn\/wp-content\/uploads\/2019\/06\/Screen-Shot-2019-06-07-at-3.20.13-PM-150x100.png 150w, https:\/\/havamall.vn\/wp-content\/uploads\/2019\/06\/Screen-Shot-2019-06-07-at-3.20.13-PM-700x468.png 700w\" sizes=\"(max-width: 634px) 100vw, 634px\" \/><\/p>\n<p>C\u00e1ch s\u1eed d\u1ee5ng: \u0110\u1ed1i v\u1edbi c\u00e1c lo\u1ea1i b\u00e1nh th\u00f4ng th\u01b0\u1eddng, b\u01a1 l\u1ea1t ch\u00ednh l\u00e0 nguy\u00ean li\u1ec7u mang \u0111\u1ebfn h\u01b0\u01a1ng v\u1ecb th\u01a1m ngon, b\u00e9o ng\u1eady cho t\u1eebng mi\u1ebfng b\u00e1nh. Ngo\u00e0i ra, b\u01a1 l\u1ea1t c\u00f2n h\u1ed7 tr\u1ee3 b\u1ea1n r\u1ea5t nhi\u1ec1u trong qu\u00e1 tr\u00ecnh ph\u1ed1i tr\u1ed9n b\u1ed9t, gi\u00fap b\u1ed9t n\u1edf t\u1ed1t h\u01a1n trong qu\u00e1 tr\u00ecnh n\u01b0\u1edbng b\u00e1nh. Th\u00eam n\u1eefa v\u1ec9 b\u01a1 l\u1ea1t c\u00f2n ph\u00f9 h\u1ee3t \u0111\u1ec3 ph\u1ebft l\u00ean b\u00e1nh m\u00ec \u0103n s\u00e1ng r\u1ea5t ti\u1ec7n l\u1ee3i v\u00e0 b\u1ea1n c\u00f3 th\u1ec3 mang \u0111i du l\u1ecbch ho\u1eb7c c\u00e1c b\u1eefa d\u00e3 ngo\u1ea1i.<br \/>\nH\u1ea1n s\u1eed d\u1ee5ng: 12 th\u00e1ng k\u1ec3 t\u1eeb ng\u00e0y s\u1ea3n xu\u1ea5t.<\/p>\n<p>&nbsp;<\/p>\n<p>&nbsp;<\/p>\n<p>&nbsp;<\/p>\n<p>&nbsp;<\/p>\n<p>&nbsp;<\/p>\n<p>&nbsp;<\/p>\n<p>&nbsp;<\/p>\n<p>&nbsp;<\/p>\n<p>&nbsp;<\/p>\n<p>&nbsp;<\/p>\n<p>&nbsp;<\/p>\n<p>&nbsp;<\/p>\n<p>&nbsp;<\/p>","protected":false},"excerpt":{"rendered":"<p>Trong n\u1ea5u \u0103n hay trong l\u00e0m b\u00e1nh b\u01a1 nh\u1ea1t th\u01b0\u1eddng \u0111\u01b0\u1ee3c s\u1eed d\u1ee5ng nhi\u1ec1u h\u01a1n b\u1edfi ch\u00fang kh\u00f4ng g\u00e2y \u1ea3nh h\u01b0\u1edfng \u0111\u1ebfn h\u01b0\u01a1ng v\u1ecb c\u1ee7a b\u00e1nh hay m\u00f3n \u0103n nh\u01b0ng v\u1eabn t\u1ea1o n\u00ean \u0111\u1ed9 b\u00e9o, th\u01a1m v\u00e0 dinh d\u01b0\u1ee1ng cho nh\u1eefng chi\u1ebfc b\u00e1nh. Ngo\u00e0i ra b\u01a1 nh\u1ea1t c\u0169ng \u0111\u01b0\u1ee3c d\u00f9ng \u0111\u1ec3 ch\u1ed1ng d\u00ednh cho ch\u1ea3o hay cho khu\u00f4n l\u00e0m b\u00e1nh.<\/p>\n<p>&nbsp;<\/p>","protected":false},"featured_media":11035,"comment_status":"open","ping_status":"closed","template":"","meta":[],"product_brand":[],"product_cat":[275,36,143],"product_tag":[],"class_list":{"0":"post-11027","1":"product","2":"type-product","3":"status-publish","4":"has-post-thumbnail","6":"product_cat-thuc-pham-dong-lanh","7":"product_cat-thuc-pham-tieu-dung","8":"product_cat-thuc-pham-dong-hop","10":"first","11":"outofstock","12":"sale","13":"shipping-taxable","14":"purchasable","15":"product-type-simple"},"_links":{"self":[{"href":"https:\/\/havamall.vn\/en\/wp-json\/wp\/v2\/product\/11027"}],"collection":[{"href":"https:\/\/havamall.vn\/en\/wp-json\/wp\/v2\/product"}],"about":[{"href":"https:\/\/havamall.vn\/en\/wp-json\/wp\/v2\/types\/product"}],"replies":[{"embeddable":true,"href":"https:\/\/havamall.vn\/en\/wp-json\/wp\/v2\/comments?post=11027"}],"version-history":[{"count":0,"href":"https:\/\/havamall.vn\/en\/wp-json\/wp\/v2\/product\/11027\/revisions"}],"wp:featuredmedia":[{"embeddable":true,"href":"https:\/\/havamall.vn\/en\/wp-json\/wp\/v2\/media\/11035"}],"wp:attachment":[{"href":"https:\/\/havamall.vn\/en\/wp-json\/wp\/v2\/media?parent=11027"}],"wp:term":[{"taxonomy":"product_brand","embeddable":true,"href":"https:\/\/havamall.vn\/en\/wp-json\/wp\/v2\/product_brand?post=11027"},{"taxonomy":"product_cat","embeddable":true,"href":"https:\/\/havamall.vn\/en\/wp-json\/wp\/v2\/product_cat?post=11027"},{"taxonomy":"product_tag","embeddable":true,"href":"https:\/\/havamall.vn\/en\/wp-json\/wp\/v2\/product_tag?post=11027"}],"curies":[{"name":"wp","href":"https:\/\/api.w.org\/{rel}","templated":true}]}}