{"id":11024,"date":"2019-06-04T17:30:41","date_gmt":"2019-06-04T10:30:41","guid":{"rendered":"https:\/\/havamall.vn\/?post_type=product&#038;p=11024"},"modified":"2021-06-24T09:43:48","modified_gmt":"2021-06-24T02:43:48","slug":"ca-phe-mr-viet_4-in-1-cappuccino_mr-viet-instant-coffee","status":"publish","type":"product","link":"https:\/\/havamall.vn\/en\/shop\/ca-phe-mr-viet_4-in-1-cappuccino_mr-viet-instant-coffee\/","title":{"rendered":"C\u00e0 Ph\u00ea Mr.Vi\u1ec7t_4 In 1 Cappuccino_MR.VIET INSTANT COFFEE"},"content":{"rendered":"<p>C\u00e0 ph\u00ea\u00a0h\u00f2a tan\u00a0l\u00e0 m\u1ed9t lo\u1ea1i c\u00e0 ph\u00ea c\u00f3 th\u1ec3 d\u1ec5 d\u00e0ng tan trong n\u01b0\u1edbc v\u1edbi kho\u1ea3ng th\u1eddi gian ng\u1eafn v\u00e0 \u0111\u01b0\u1ee3c d\u00f9ng \u0111\u1ec3 u\u1ed1ng li\u1ec1n. S\u1edf d\u0129 c\u00e0 ph\u00ea h\u00f2a tan tan nhanh trong n\u01b0\u1edbc l\u00e0 do trong qu\u00e1 tr\u00ecnh ch\u1ebf bi\u1ebfn c\u00e0 ph\u00ea h\u00f2a tan, c\u00e1c nh\u00e0 s\u1ea3n xu\u1ea5t ch\u1ec9 tr\u00edch ly, chi\u1ebft xu\u1ea5t v\u00e0 gi\u1eef l\u1ea1i nh\u1eefng ch\u1ea5t tan trong h\u1ea1t c\u00e0 ph\u00ea. C\u00e1c th\u00e0nh ph\u1ea7n kh\u00f4ng tan v\u00e0 t\u1ea1p ch\u1ea5t \u0111\u1ec1u \u0111\u01b0\u1ee3c lo\u1ea1i b\u1ecf.<\/p>\n<p><img fetchpriority=\"high\" decoding=\"async\" class=\"alignnone size-full wp-image-11011\" src=\"https:\/\/havamall.vn\/wp-content\/uploads\/2019\/06\/d7672584021ae744be0b.png\" alt=\"\" width=\"1080\" height=\"614\" srcset=\"https:\/\/havamall.vn\/wp-content\/uploads\/2019\/06\/d7672584021ae744be0b.png 1080w, https:\/\/havamall.vn\/wp-content\/uploads\/2019\/06\/d7672584021ae744be0b-430x244.png 430w, https:\/\/havamall.vn\/wp-content\/uploads\/2019\/06\/d7672584021ae744be0b-150x85.png 150w, https:\/\/havamall.vn\/wp-content\/uploads\/2019\/06\/d7672584021ae744be0b-700x398.png 700w\" sizes=\"(max-width: 1080px) 100vw, 1080px\" \/><\/p>\n<ul>\n<li>Th\u00e0nh ph\u1ea7n: 100% c\u00e0 ph\u00ea h\u00f2a tan \u0111en<\/li>\n<li>Ti\u1ec7n d\u1ee5ng, d\u1ec5 d\u00f9ng<\/li>\n<li>Ti\u1ebft ki\u1ec7m th\u1eddi gian<\/li>\n<li>Chu\u1ea9n gu u\u1ed1ng c\u00e0 ph\u00ea c\u1ee7a ng\u01b0\u1eddi Vi\u1ec7t<\/li>\n<li>\u0110\u1ea3m b\u1ea3o ti\u00eau chu\u1ea9n v\u1ec7 sinh an to\u00e0n th\u1ef1c ph\u1ea9m<\/li>\n<\/ul>\n<p>H\u01b0\u01a1ng v\u1ecb thu\u1ea7n khi\u1ebft v\u00e0 tuy\u1ec7t v\u1eddi th\u01b0\u1edfng th\u1ee9c cafe Mr Vi\u1ec7t n\u00f3ng ho\u1eb7c l\u1ea1nh \u0111\u1ec1u ngon.<\/p>\n<p>H\u01b0\u1edbng d\u1eabn s\u1eed d\u1ee5ng: Cho 1 g\u00f3i cafe h\u00f2a tan v\u00e0o 75ml n\u01b0\u1edbc n\u00f3ng, khu\u1ea5y \u0111\u1ec1u v\u00e0 th\u01b0\u1edfng th\u1ee9c.<\/p>\n<p>U\u1ed1ng l\u1ea1nh c\u00f3 th\u1ec3 th\u00eam \u0111\u00e1 v\u00e0 d\u00f9ng 2 g\u00f3i khi u\u1ed1ng l\u1ea1nh. C\u00f3 th\u1ec3 s\u1eed d\u1ee5ng th\u00eam \u0111\u01b0\u1eddng v\u00e0 s\u1eefa t\u00f9y \u00fd<\/p>\n<p>&nbsp;<\/p>\n<p>&nbsp;<\/p>\n<p>&nbsp;<\/p>\n<p>&nbsp;<\/p>","protected":false},"excerpt":{"rendered":"<p>Th\u01b0\u1edfng th\u1ee9c chu\u1ea9n v\u1ecb c\u00e0 ph\u00ea nh\u1ea5t, s\u1ea3n ph\u1ea9m ph\u00f9 h\u1ee3p d\u00e0nh cho nh\u1eefng kh\u00e1ch h\u00e0ng th\u00edch v\u1ecb \u0111\u1eadm c\u1ee7a c\u00e0 ph\u00ea. B\u1eb1ng ph\u01b0\u01a1ng ph\u00e1p s\u1ea3n xu\u1ea5t tr\u00edch ly, c\u00e0 ph\u00ea h\u00f2a tan \u0111\u01b0\u1ee3c ch\u01b0ng c\u1ea5t v\u00e0 c\u00f4 \u0111\u1eb7c, s\u1ea5y kh\u00f4 v\u1edbi h\u00e0m l\u01b0\u1ee3ng cao nh\u1ea5t.<\/p>\n<p>&nbsp;<\/p>","protected":false},"featured_media":11025,"comment_status":"open","ping_status":"closed","template":"","meta":[],"product_brand":[],"product_cat":[36,135],"product_tag":[],"class_list":{"0":"post-11024","1":"product","2":"type-product","3":"status-publish","4":"has-post-thumbnail","6":"product_cat-thuc-pham-tieu-dung","7":"product_cat-sua-do-uong","8":"pa_brand-mr-viet","10":"first","11":"outofstock","12":"sale","13":"shipping-taxable","14":"purchasable","15":"product-type-simple"},"_links":{"self":[{"href":"https:\/\/havamall.vn\/en\/wp-json\/wp\/v2\/product\/11024"}],"collection":[{"href":"https:\/\/havamall.vn\/en\/wp-json\/wp\/v2\/product"}],"about":[{"href":"https:\/\/havamall.vn\/en\/wp-json\/wp\/v2\/types\/product"}],"replies":[{"embeddable":true,"href":"https:\/\/havamall.vn\/en\/wp-json\/wp\/v2\/comments?post=11024"}],"version-history":[{"count":0,"href":"https:\/\/havamall.vn\/en\/wp-json\/wp\/v2\/product\/11024\/revisions"}],"wp:featuredmedia":[{"embeddable":true,"href":"https:\/\/havamall.vn\/en\/wp-json\/wp\/v2\/media\/11025"}],"wp:attachment":[{"href":"https:\/\/havamall.vn\/en\/wp-json\/wp\/v2\/media?parent=11024"}],"wp:term":[{"taxonomy":"product_brand","embeddable":true,"href":"https:\/\/havamall.vn\/en\/wp-json\/wp\/v2\/product_brand?post=11024"},{"taxonomy":"product_cat","embeddable":true,"href":"https:\/\/havamall.vn\/en\/wp-json\/wp\/v2\/product_cat?post=11024"},{"taxonomy":"product_tag","embeddable":true,"href":"https:\/\/havamall.vn\/en\/wp-json\/wp\/v2\/product_tag?post=11024"}],"curies":[{"name":"wp","href":"https:\/\/api.w.org\/{rel}","templated":true}]}}