{"id":11007,"date":"2019-06-04T17:08:01","date_gmt":"2019-06-04T10:08:01","guid":{"rendered":"https:\/\/havamall.vn\/?post_type=product&#038;p=11007"},"modified":"2021-06-24T09:44:27","modified_gmt":"2021-06-24T02:44:27","slug":"ca-phe-mr-viet_hoa-tan-den_40g-_black-instant-coffee","status":"publish","type":"product","link":"https:\/\/havamall.vn\/en\/shop\/ca-phe-mr-viet_hoa-tan-den_40g-_black-instant-coffee\/","title":{"rendered":"C\u00e0 Ph\u00ea Mr.Vi\u1ec7t_H\u00f2a Tan \u0110en_40g _BLACK INSTANT COFFEE"},"content":{"rendered":"<p>C\u00e0 ph\u00ea\u00a0h\u00f2a tan\u00a0l\u00e0 m\u1ed9t lo\u1ea1i c\u00e0 ph\u00ea c\u00f3 th\u1ec3 d\u1ec5 d\u00e0ng tan trong n\u01b0\u1edbc v\u1edbi kho\u1ea3ng th\u1eddi gian ng\u1eafn v\u00e0 \u0111\u01b0\u1ee3c d\u00f9ng \u0111\u1ec3 u\u1ed1ng li\u1ec1n. S\u1edf d\u0129 c\u00e0 ph\u00ea h\u00f2a tan tan nhanh trong n\u01b0\u1edbc l\u00e0 do trong qu\u00e1 tr\u00ecnh ch\u1ebf bi\u1ebfn c\u00e0 ph\u00ea h\u00f2a tan, c\u00e1c nh\u00e0 s\u1ea3n xu\u1ea5t ch\u1ec9 tr\u00edch ly, chi\u1ebft xu\u1ea5t v\u00e0 gi\u1eef l\u1ea1i nh\u1eefng ch\u1ea5t tan trong h\u1ea1t c\u00e0 ph\u00ea. C\u00e1c th\u00e0nh ph\u1ea7n kh\u00f4ng tan v\u00e0 t\u1ea1p ch\u1ea5t \u0111\u1ec1u \u0111\u01b0\u1ee3c lo\u1ea1i b\u1ecf.<\/p>\n<p><img fetchpriority=\"high\" decoding=\"async\" class=\"wp-image-12513 aligncenter\" src=\"https:\/\/havamall.vn\/wp-content\/uploads\/2019\/06\/3b4ac36c3af7a1424b2f9d88c64047ad-300x172.jpeg\" alt=\"\" width=\"529\" height=\"303\" srcset=\"https:\/\/havamall.vn\/wp-content\/uploads\/2019\/06\/3b4ac36c3af7a1424b2f9d88c64047ad-300x172.jpeg 300w, https:\/\/havamall.vn\/wp-content\/uploads\/2019\/06\/3b4ac36c3af7a1424b2f9d88c64047ad-430x247.jpeg 430w, https:\/\/havamall.vn\/wp-content\/uploads\/2019\/06\/3b4ac36c3af7a1424b2f9d88c64047ad-150x86.jpeg 150w, https:\/\/havamall.vn\/wp-content\/uploads\/2019\/06\/3b4ac36c3af7a1424b2f9d88c64047ad.jpeg 563w\" sizes=\"(max-width: 529px) 100vw, 529px\" \/><\/p>\n<p>Th\u01b0\u1edfng th\u1ee9c chu\u1ea9n v\u1ecb c\u00e0 ph\u00ea nh\u1ea5t, s\u1ea3n ph\u1ea9m ph\u00f9 h\u1ee3p d\u00e0nh cho nh\u1eefng kh\u00e1ch h\u00e0ng th\u00edch v\u1ecb \u0111\u1eadm c\u1ee7a c\u00e0 ph\u00ea. C\u00f3 th\u1ec3 s\u1eed d\u1ee5ng th\u00eam \u0111\u01b0\u1eddng v\u00e0 s\u1eefa t\u00f9y \u00fd.\u00a0Th\u00e0nh ph\u1ea7n: 100% c\u00e0 ph\u00ea h\u00f2a tan \u0111en.<\/p>\n<p>V\u1edbi h\u01b0\u01a1ng v\u1ecb thu\u1ea7n khi\u1ebft v\u00e0 tuy\u1ec7t v\u1eddi, th\u01b0\u1edfng th\u1ee9c cafe Mr.Viet n\u00f3ng ho\u1eb7c l\u1ea1nh \u0111\u1ec1u ngon.<\/p>\n<p>H\u01b0\u1edbng d\u1eabn s\u1eed d\u1ee5ng:<\/p>\n<p>Cho 1 g\u00f3i c\u00e0 ph\u00ea h\u00f2a tan v\u00e0o 50ml n\u01b0\u1edbc n\u00f3ng, khu\u1ea5y \u0111\u1ec1u v\u00e0 th\u01b0\u1edfng th\u1ee9c. N\u1ebfu u\u1ed1ng l\u1ea1nh c\u00f3 th\u1ec3 th\u00eam \u0111\u00e1 n\u00ean d\u00f9ng 2 g\u00f3i khi u\u1ed1ng l\u1ea1nh.\u00a0C\u00f3 th\u1ec3 s\u1eed d\u1ee5ng th\u00eam \u0111\u01b0\u1eddng v\u00e0 s\u1eefa t\u00f9y \u00fd<\/p>\n<p>&nbsp;<\/p>\n<p>&nbsp;<\/p>\n<p>&nbsp;<\/p>\n<p>&nbsp;<\/p>\n<p>&nbsp;<\/p>","protected":false},"excerpt":{"rendered":"<p>S\u1ea3n ph\u1ea9m \u0111\u1ea1t \u0111\u1ee7 ti\u00eau chu\u1ea9n xu\u1ea5t kh\u1ea9u sang th\u1ecb tr\u01b0\u1eddng c\u00e1c n\u01b0\u1edbc kh\u00f3 t\u00ednh nh\u01b0 Nga, M\u1ef9 (l\u00e0 s\u1ea3n ph\u1ea9m b\u00e1n ch\u1ea1y tr\u00ean trang Amazon.com)<\/p>\n<p>&nbsp;<\/p>","protected":false},"featured_media":11008,"comment_status":"open","ping_status":"closed","template":"","meta":[],"product_brand":[],"product_cat":[36,135],"product_tag":[],"class_list":{"0":"post-11007","1":"product","2":"type-product","3":"status-publish","4":"has-post-thumbnail","6":"product_cat-thuc-pham-tieu-dung","7":"product_cat-sua-do-uong","8":"pa_brand-mr-viet","10":"first","11":"outofstock","12":"sale","13":"shipping-taxable","14":"purchasable","15":"product-type-simple"},"_links":{"self":[{"href":"https:\/\/havamall.vn\/en\/wp-json\/wp\/v2\/product\/11007"}],"collection":[{"href":"https:\/\/havamall.vn\/en\/wp-json\/wp\/v2\/product"}],"about":[{"href":"https:\/\/havamall.vn\/en\/wp-json\/wp\/v2\/types\/product"}],"replies":[{"embeddable":true,"href":"https:\/\/havamall.vn\/en\/wp-json\/wp\/v2\/comments?post=11007"}],"version-history":[{"count":0,"href":"https:\/\/havamall.vn\/en\/wp-json\/wp\/v2\/product\/11007\/revisions"}],"wp:featuredmedia":[{"embeddable":true,"href":"https:\/\/havamall.vn\/en\/wp-json\/wp\/v2\/media\/11008"}],"wp:attachment":[{"href":"https:\/\/havamall.vn\/en\/wp-json\/wp\/v2\/media?parent=11007"}],"wp:term":[{"taxonomy":"product_brand","embeddable":true,"href":"https:\/\/havamall.vn\/en\/wp-json\/wp\/v2\/product_brand?post=11007"},{"taxonomy":"product_cat","embeddable":true,"href":"https:\/\/havamall.vn\/en\/wp-json\/wp\/v2\/product_cat?post=11007"},{"taxonomy":"product_tag","embeddable":true,"href":"https:\/\/havamall.vn\/en\/wp-json\/wp\/v2\/product_tag?post=11007"}],"curies":[{"name":"wp","href":"https:\/\/api.w.org\/{rel}","templated":true}]}}