{"id":11001,"date":"2019-06-04T16:40:17","date_gmt":"2019-06-04T09:40:17","guid":{"rendered":"https:\/\/havamall.vn\/?post_type=product&#038;p=11001"},"modified":"2022-04-08T13:42:52","modified_gmt":"2022-04-08T06:42:52","slug":"ca-phe-mr-viet_good-morning-viet-nam_250gr_rang-xay-mr-viet-cafe-good-morning","status":"publish","type":"product","link":"https:\/\/havamall.vn\/en\/shop\/ca-phe-mr-viet_good-morning-viet-nam_250gr_rang-xay-mr-viet-cafe-good-morning\/","title":{"rendered":"C\u00e0 Ph\u00ea Mr.Vi\u1ec7t_Good Morning Vi\u1ec7t Nam_250gr_Rang Xay &#8211; MR.VIET CAFE GOOD MORNING"},"content":{"rendered":"<p>Bu\u1ed5i s\u00e1ng l\u00e0 th\u1eddi gian \u0111\u1eb9p nh\u1ea5t, v\u00e0 ng\u01b0\u1eddi Vi\u1ec7t Nam bi\u1ebft c\u00e1ch t\u1eadn h\u01b0\u1edfng n\u00f3. T\u1eeb khi tr\u1eddi c\u00f2n t\u1edd m\u1edd s\u00e1ng v\u00e0 s\u01b0\u01a1ng m\u00f9 v\u1eabn c\u00f2n bao ph\u1ee7\u2026 ng\u01b0\u1eddi Vi\u1ec7t Nam \u0111ang t\u1eeb t\u1eeb ph\u1ee5c v\u1ee5 c\u00e0 ph\u00ea s\u1edbm, th\u01b0 gi\u00e3n v\u00e0 b\u1eaft \u0111\u1ea7u n\u00f3i v\u1ec1 m\u1ed9t ng\u00e0y m\u1edbi. T\u1eadn h\u01b0\u1edfng bu\u1ed5i s\u00e1ng m\u1ed9t t\u00e1ch c\u00e0 ph\u00ea ngon th\u1ef1c s\u1ef1. V\u1edbi ng\u1ee5m \u0111\u1ea7u ti\u00ean, ch\u00fang ta c\u1ea3m th\u1ea5y r\u00f5 r\u00e0ng \u2013 MR VIET bi\u1ebft m\u1ed9t \u0111i\u1ec1u v\u1ec1 c\u00e0 ph\u00ea tuy\u1ec7t v\u1eddi.<\/p>\n<p><img decoding=\"async\" src=\"https:\/\/havamall.vn\/wp-content\/uploads\/2019\/06\/Screen-Shot-2019-06-04-at-4.09.46-PM.png\" \/><\/p>\n<p>V\u1edbi th\u00e0nh ph\u1ea7n t\u1eeb 100% c\u00e0 ph\u00ea Robusta t\u1ed1t nh\u1ea5t t\u1ea1i Vi\u1ec7t Nam cho h\u01b0\u01a1ng v\u1ecb \u0111\u1eadm gu Vi\u1ec7t. \u0110\u01b0\u1ee3c l\u1ef1a ch\u1ecdn c\u1ea9n th\u1eadn v\u00e0 rang xay t\u1ea1i \u0110\u00e0 L\u1ea1t, L\u00e2m \u0110\u1ed3ng.\u00a0S\u1ea3n ph\u1ea9m \u0111\u01b0\u1ee3c rang v\u00e0 \u0111\u00f3ng g\u00f3i nguy\u00ean h\u1ea1t, c\u00f3 th\u1ec3 s\u1eed d\u1ee5ng cho m\u00e1y pha c\u00e0 ph\u00ea ho\u1eb7c m\u00e1y xay c\u00e0 ph\u00ea cho k\u00edch th\u01b0\u1edbc ph\u00f9 h\u1ee3p v\u1edbi pha phin, pha m\u00e1y.<\/p>\n<p>&nbsp;<\/p>\n<p>H\u01b0\u01a1ng v\u1ecb:\u00a0C\u00f3 h\u01b0\u01a1ng th\u01a1m c\u1ee7a b\u00e1nh n\u01b0\u1edbng \u0111\u1eadm \u0111\u00e0 v\u00e0 m\u00f9i v\u1ecb \u0111\u1eb7c tr\u01b0ng c\u1ee7a cacao \u0111\u1eafng v\u00e0 c\u00e1c lo\u1ea1i ng\u0169 c\u1ed1c rang.<\/p>\n<p>H\u01b0\u1edbng d\u1eabn b\u1ea3o qu\u1ea3n: B\u1ea3o qu\u1ea3n n\u01a1i kh\u00f4 r\u00e1o tho\u00e1ng m\u00e1t, tr\u00e1nh \u00e1nh n\u1eafng m\u1eb7t tr\u1eddi tr\u1ef1c ti\u1ebfp.<\/p>\n<p>&nbsp;<\/p>\n<p>&nbsp;<\/p>\n<p>&nbsp;<\/p>","protected":false},"excerpt":{"rendered":"<p>\u1ede Vi\u1ec7t Nam, th\u00e1i \u0111\u1ed9 \u0111\u1ed1i v\u1edbi c\u00e0 ph\u00ea th\u1eadt \u0111\u1eb7c bi\u1ec7t.\u00a0Ng\u01b0\u1eddi Vi\u1ec7t th\u00edch u\u1ed1ng n\u00f3, h\u1ecd th\u00edch tr\u1ed3ng n\u00f3, h\u1ecd th\u00edch ch\u0103m s\u00f3c v\u00e0 n\u00f3i v\u1ec1 n\u00f3.<br \/>\nC\u00e1c lo\u1ea1i c\u00e0 ph\u00ea th\u01a1m ngon, \u0111\u01b0\u1ee3c thu th\u1eadp tr\u00ean c\u00e1c c\u00e1nh \u0111\u1ed3ng, v\u1edbi c\u00e1c m\u1ee9c \u0111\u1ed9 rang kh\u00e1c nhau v\u00e0 h\u1ea1t c\u00e0 ph\u00ea th\u01a1m ch\u1ea5t l\u01b0\u1ee3ng t\u1ed1t nh\u1ea5t \u2013 lo\u1ea1i t\u1ed1t nh\u1ea5t v\u00e0 ch\u00fang t\u00f4i giao cho b\u1ea1n.<\/p>\n<p>&nbsp;<\/p>","protected":false},"featured_media":11004,"comment_status":"open","ping_status":"closed","template":"","meta":[],"product_brand":[],"product_cat":[36,135],"product_tag":[],"class_list":{"0":"post-11001","1":"product","2":"type-product","3":"status-publish","4":"has-post-thumbnail","6":"product_cat-thuc-pham-tieu-dung","7":"product_cat-sua-do-uong","8":"pa_brand-mr-viet","10":"first","11":"outofstock","12":"sale","13":"shipping-taxable","14":"purchasable","15":"product-type-variable","16":"has-default-attributes"},"_links":{"self":[{"href":"https:\/\/havamall.vn\/en\/wp-json\/wp\/v2\/product\/11001"}],"collection":[{"href":"https:\/\/havamall.vn\/en\/wp-json\/wp\/v2\/product"}],"about":[{"href":"https:\/\/havamall.vn\/en\/wp-json\/wp\/v2\/types\/product"}],"replies":[{"embeddable":true,"href":"https:\/\/havamall.vn\/en\/wp-json\/wp\/v2\/comments?post=11001"}],"version-history":[{"count":0,"href":"https:\/\/havamall.vn\/en\/wp-json\/wp\/v2\/product\/11001\/revisions"}],"wp:featuredmedia":[{"embeddable":true,"href":"https:\/\/havamall.vn\/en\/wp-json\/wp\/v2\/media\/11004"}],"wp:attachment":[{"href":"https:\/\/havamall.vn\/en\/wp-json\/wp\/v2\/media?parent=11001"}],"wp:term":[{"taxonomy":"product_brand","embeddable":true,"href":"https:\/\/havamall.vn\/en\/wp-json\/wp\/v2\/product_brand?post=11001"},{"taxonomy":"product_cat","embeddable":true,"href":"https:\/\/havamall.vn\/en\/wp-json\/wp\/v2\/product_cat?post=11001"},{"taxonomy":"product_tag","embeddable":true,"href":"https:\/\/havamall.vn\/en\/wp-json\/wp\/v2\/product_tag?post=11001"}],"curies":[{"name":"wp","href":"https:\/\/api.w.org\/{rel}","templated":true}]}}