{"id":10991,"date":"2019-06-04T16:26:27","date_gmt":"2019-06-04T09:26:27","guid":{"rendered":"https:\/\/havamall.vn\/?post_type=product&#038;p=10991"},"modified":"2022-04-08T13:42:57","modified_gmt":"2022-04-08T06:42:57","slug":"ca-phe-huong-chon-rang-xay-tui-250gr-mr-viet-chon-ground-coffee","status":"publish","type":"product","link":"https:\/\/havamall.vn\/en\/shop\/ca-phe-huong-chon-rang-xay-tui-250gr-mr-viet-chon-ground-coffee\/","title":{"rendered":"C\u00e0 Ph\u00ea Mr.Vi\u1ec7t_Ch\u1ed3n_250GR_Rang Xay &#8211; MR.VIET Chon Ground Coffee"},"content":{"rendered":"<p>C\u00e0 ph\u00ea Mr. Vi\u1ec7t \u0110\u00e0 L\u1ea1t rang xay \u0111\u01b0\u1ee3c nh\u1eefng ng\u01b0\u1eddi n\u00f4ng d\u00e2n l\u1ef1a chon c\u1ea9n th\u1eadn v\u00e0 t\u1ef1 tay rang xay t\u1ea1i \u0110\u00e0 L\u1ea1t, L\u00e2m \u0110\u1ed3ng. V\u1edbi c\u00e1c kinh nghi\u1ec7m v\u00e0ng c\u1ee7a m\u00ecnh c\u00e1c ng\u01b0\u1eddi n\u00f4ng d\u00e2n \u0111\u00e3 tinh t\u1ebf khi ch\u1ecdn k\u00edch th\u01b0\u1edbc rang xay ph\u00f9 h\u1ee3p v\u1edbi pha phin truy\u1ec1n th\u1ed1ng c\u1ee7a Vi\u1ec7t Nam, pha b\u1eb1ng \u1ea5m, ho\u1eb7c b\u1eb1ng ph\u1ec5u l\u1ecdc.<\/p>\n<p><img fetchpriority=\"high\" decoding=\"async\" class=\"wp-image-10993 aligncenter\" src=\"https:\/\/havamall.vn\/wp-content\/uploads\/2019\/06\/40dbdde6eb780e265769.png\" alt=\"\" width=\"611\" height=\"611\" srcset=\"https:\/\/havamall.vn\/wp-content\/uploads\/2019\/06\/40dbdde6eb780e265769.png 960w, https:\/\/havamall.vn\/wp-content\/uploads\/2019\/06\/40dbdde6eb780e265769-430x430.png 430w, https:\/\/havamall.vn\/wp-content\/uploads\/2019\/06\/40dbdde6eb780e265769-150x150.png 150w, https:\/\/havamall.vn\/wp-content\/uploads\/2019\/06\/40dbdde6eb780e265769-700x700.png 700w\" sizes=\"(max-width: 611px) 100vw, 611px\" \/><\/p>\n<p>V\u1edbi h\u01b0\u01a1ng v\u1ecb chua nh\u1eb9 v\u00e0 c\u00f3 h\u1eadu v\u1ecb ng\u1ecdt \u0111\u1eb7c tr\u01b0ng c\u1ee7a Arabica, \u0110\u1eb6C BI\u1ec6T l\u00e0 h\u01b0\u01a1ng c\u00e0 ph\u00ea ch\u1ed3n t\u1ed5ng h\u1ee3p. \u0110\u01b0\u1ee3c ch\u1ebf bi\u1ebfn t\u1eeb 99,97% c\u00e0 ph\u00ea Arabica t\u1ed1t nh\u1ea5t t\u1ea1i Vi\u1ec7t Nam, v\u00e0 \u0111\u01b0\u1ee3c l\u1ef1a ch\u1ecdn rang xay c\u1ea9n th\u1eadn t\u1ea1i L\u00e2m \u0110\u1ed3ng, \u0110\u00e0 L\u1ea1t.<\/p>\n<p><img decoding=\"async\" class=\"wp-image-10981 aligncenter\" src=\"https:\/\/havamall.vn\/wp-content\/uploads\/2019\/06\/dcbc6b17a18844d61d99.png\" alt=\"\" width=\"624\" height=\"416\" srcset=\"https:\/\/havamall.vn\/wp-content\/uploads\/2019\/06\/dcbc6b17a18844d61d99.png 960w, https:\/\/havamall.vn\/wp-content\/uploads\/2019\/06\/dcbc6b17a18844d61d99-430x287.png 430w, https:\/\/havamall.vn\/wp-content\/uploads\/2019\/06\/dcbc6b17a18844d61d99-150x100.png 150w, https:\/\/havamall.vn\/wp-content\/uploads\/2019\/06\/dcbc6b17a18844d61d99-700x467.png 700w\" sizes=\"(max-width: 624px) 100vw, 624px\" \/><\/p>\n<p>K\u00edch th\u01b0\u1edbc rang xay ph\u00f9 h\u1ee3p v\u1edbi pha phin truy\u1ec1n th\u1ed1ng c\u1ee7a Vi\u1ec7t Nam, pha b\u1eb1ng \u1ea5m, ph\u1ec5u l\u1ecdc.<\/p>\n<p>H\u01b0\u01a1ng v\u1ecb nh\u1eb9 nh\u00e0ng, thanh nh\u00e3, h\u1eadu v\u1ecb ng\u1ecdt, ph\u1ea3ng ph\u1ea5t h\u01b0\u01a1ng th\u01a1m c\u1ee7a caramen v\u00e0 vani<\/p>\n<p>H\u01b0\u1edbng d\u1eabn b\u1ea3o qu\u1ea3n: B\u1ea3o qu\u1ea3n n\u01a1i kh\u00f4 r\u00e1o, tho\u00e1ng m\u00e1t tr\u00e1nh \u00e1nh s\u00e1ng m\u1eb7t tr\u1eddi tr\u1ef1c ti\u1ebfp.<\/p>\n<p>&nbsp;<\/p>\n<p>&nbsp;<\/p>\n<p>&nbsp;<\/p>","protected":false},"excerpt":{"rendered":"<p>\u1ede Vi\u1ec7t Nam, th\u00e1i \u0111\u1ed9 \u0111\u1ed1i v\u1edbi c\u00e0 ph\u00ea th\u1eadt \u0111\u1eb7c bi\u1ec7t.\u00a0Ng\u01b0\u1eddi Vi\u1ec7t th\u00edch u\u1ed1ng n\u00f3, h\u1ecd th\u00edch tr\u1ed3ng n\u00f3, h\u1ecd th\u00edch ch\u0103m s\u00f3c v\u00e0 n\u00f3i v\u1ec1 n\u00f3.<br \/>\nC\u00e1c lo\u1ea1i c\u00e0 ph\u00ea th\u01a1m ngon, \u0111\u01b0\u1ee3c thu th\u1eadp tr\u00ean c\u00e1c c\u00e1nh \u0111\u1ed3ng, v\u1edbi c\u00e1c m\u1ee9c \u0111\u1ed9 rang kh\u00e1c nhau v\u00e0 h\u1ea1t c\u00e0 ph\u00ea th\u01a1m ch\u1ea5t l\u01b0\u1ee3ng t\u1ed1t nh\u1ea5t \u2013 lo\u1ea1i t\u1ed1t nh\u1ea5t v\u00e0 ch\u00fang t\u00f4i giao cho b\u1ea1n.<\/p>\n<p>&nbsp;<\/p>","protected":false},"featured_media":10998,"comment_status":"open","ping_status":"closed","template":"","meta":[],"product_brand":[],"product_cat":[36,135],"product_tag":[],"class_list":{"0":"post-10991","1":"product","2":"type-product","3":"status-publish","4":"has-post-thumbnail","6":"product_cat-thuc-pham-tieu-dung","7":"product_cat-sua-do-uong","8":"pa_brand-mr-viet","10":"first","11":"outofstock","12":"sale","13":"shipping-taxable","14":"purchasable","15":"product-type-variable","16":"has-default-attributes"},"_links":{"self":[{"href":"https:\/\/havamall.vn\/en\/wp-json\/wp\/v2\/product\/10991"}],"collection":[{"href":"https:\/\/havamall.vn\/en\/wp-json\/wp\/v2\/product"}],"about":[{"href":"https:\/\/havamall.vn\/en\/wp-json\/wp\/v2\/types\/product"}],"replies":[{"embeddable":true,"href":"https:\/\/havamall.vn\/en\/wp-json\/wp\/v2\/comments?post=10991"}],"version-history":[{"count":0,"href":"https:\/\/havamall.vn\/en\/wp-json\/wp\/v2\/product\/10991\/revisions"}],"wp:featuredmedia":[{"embeddable":true,"href":"https:\/\/havamall.vn\/en\/wp-json\/wp\/v2\/media\/10998"}],"wp:attachment":[{"href":"https:\/\/havamall.vn\/en\/wp-json\/wp\/v2\/media?parent=10991"}],"wp:term":[{"taxonomy":"product_brand","embeddable":true,"href":"https:\/\/havamall.vn\/en\/wp-json\/wp\/v2\/product_brand?post=10991"},{"taxonomy":"product_cat","embeddable":true,"href":"https:\/\/havamall.vn\/en\/wp-json\/wp\/v2\/product_cat?post=10991"},{"taxonomy":"product_tag","embeddable":true,"href":"https:\/\/havamall.vn\/en\/wp-json\/wp\/v2\/product_tag?post=10991"}],"curies":[{"name":"wp","href":"https:\/\/api.w.org\/{rel}","templated":true}]}}