{"id":10983,"date":"2019-06-04T16:25:17","date_gmt":"2019-06-04T09:25:17","guid":{"rendered":"https:\/\/havamall.vn\/?post_type=product&#038;p=10983"},"modified":"2021-06-24T15:13:31","modified_gmt":"2021-06-24T08:13:31","slug":"ca-phe-mr-viet-arabica-250gr-rang-xay","status":"publish","type":"product","link":"https:\/\/havamall.vn\/en\/shop\/ca-phe-mr-viet-arabica-250gr-rang-xay\/","title":{"rendered":"C\u00e0 ph\u00ea Mr Vi\u1ec7t &#8211; Arabica 250gr &#8211; Rang Xay"},"content":{"rendered":"<p>Bu\u1ed5i s\u00e1ng l\u00e0 th\u1eddi gian \u0111\u1eb9p nh\u1ea5t, v\u00e0 ng\u01b0\u1eddi Vi\u1ec7t Nam bi\u1ebft c\u00e1ch t\u1eadn h\u01b0\u1edfng n\u00f3. T\u1eeb khi tr\u1eddi c\u00f2n t\u1edd m\u1edd s\u00e1ng v\u00e0 s\u01b0\u01a1ng m\u00f9 v\u1eabn c\u00f2n bao ph\u1ee7&#8230; ng\u01b0\u1eddi Vi\u1ec7t Nam \u0111ang t\u1eeb t\u1eeb ph\u1ee5c v\u1ee5 c\u00e0 ph\u00ea s\u1edbm, th\u01b0 gi\u00e3n v\u00e0 b\u1eaft \u0111\u1ea7u n\u00f3i v\u1ec1 m\u1ed9t ng\u00e0y m\u1edbi. T\u1eadn h\u01b0\u1edfng bu\u1ed5i s\u00e1ng m\u1ed9t t\u00e1ch c\u00e0 ph\u00ea ngon th\u1ef1c s\u1ef1. V\u1edbi ng\u1ee5m \u0111\u1ea7u ti\u00ean, ch\u00fang ta c\u1ea3m th\u1ea5y r\u00f5 r\u00e0ng &#8211; MR VIET bi\u1ebft m\u1ed9t \u0111i\u1ec1u v\u1ec1 c\u00e0 ph\u00ea tuy\u1ec7t v\u1eddi.<\/p>\n<p>\u1ede Vi\u1ec7t Nam, th\u00e1i \u0111\u1ed9 \u0111\u1ed1i v\u1edbi c\u00e0 ph\u00ea th\u1eadt \u0111\u1eb7c bi\u1ec7t. Ng\u01b0\u1eddi Vi\u1ec7t th\u00edch u\u1ed1ng n\u00f3, h\u1ecd th\u00edch tr\u1ed3ng n\u00f3, h\u1ecd th\u00edch ch\u0103m s\u00f3c v\u00e0 n\u00f3i v\u1ec1 n\u00f3. Ch\u00fang t\u00f4i mu\u1ed1n b\u1ea1n c\u1ea3m nh\u1eadn h\u1ebft s\u1ef1 t\u1ed1t \u0111\u1eb9p n\u00e0y m\u00e0 kh\u00f4ng c\u1ea7n ng\u01b0\u1eddi trung gian, v\u1edbi c\u00f9ng s\u1ef1 quan t\u00e2m v\u00e0 t\u00ecnh y\u00eau.<br \/>\nC\u00e1c lo\u1ea1i c\u00e0 ph\u00ea th\u01a1m ngon, \u0111\u01b0\u1ee3c thu th\u1eadp tr\u00ean c\u00e1c c\u00e1nh \u0111\u1ed3ng r\u00f5 r\u00e0ng, v\u1edbi c\u00e1c m\u1ee9c \u0111\u1ed9 rang kh\u00e1c nhau v\u00e0 h\u1ea1t c\u00e0 ph\u00ea th\u01a1m ch\u1ea5t l\u01b0\u1ee3ng t\u1ed1t nh\u1ea5t &#8211; lo\u1ea1i t\u1ed1t nh\u1ea5t trong s\u1ed1 ch\u00fang \u0111\u1ebfn v\u1edbi ch\u00fang t\u00f4i v\u00e0 ch\u00fang t\u00f4i giao ch\u00fang cho b\u1ea1n.<\/p>\n<p><img fetchpriority=\"high\" decoding=\"async\" class=\"wp-image-10992 aligncenter\" src=\"https:\/\/havamall.vn\/wp-content\/uploads\/2019\/06\/9612cafe-mr-viet.jpg\" alt=\"\" width=\"708\" height=\"436\" srcset=\"https:\/\/havamall.vn\/wp-content\/uploads\/2019\/06\/9612cafe-mr-viet.jpg 962w, https:\/\/havamall.vn\/wp-content\/uploads\/2019\/06\/9612cafe-mr-viet-430x265.jpg 430w, https:\/\/havamall.vn\/wp-content\/uploads\/2019\/06\/9612cafe-mr-viet-150x92.jpg 150w, https:\/\/havamall.vn\/wp-content\/uploads\/2019\/06\/9612cafe-mr-viet-700x431.jpg 700w\" sizes=\"(max-width: 708px) 100vw, 708px\" \/><\/p>\n<p><strong>M\u00d4I TR\u01af\u1edcNG S\u1ea0CH <\/strong><\/p>\n<p>C\u00e0 ph\u00ea Vi\u1ec7t Nam \u0111\u01b0\u1ee3c tr\u1ed3ng \u1edf v\u00f9ng cao c\u1ee7a t\u1ec9nh Lamdong, n\u01a1i kh\u00f4ng c\u00f3 nh\u00e0 m\u00e1y v\u00e0 \u0111\u01b0\u1eddng cao t\u1ed1c xung quanh. V\u00ec n\u00f3 c\u00e1ch bi\u1ec3n kh\u00f4ng xa, v\u00f9ng \u0111\u1ea5t n\u00e0y r\u1ea5t gi\u00e0u kho\u00e1ng s\u1ea3n, v\u00ec v\u1eady n\u00f4ng d\u00e2n kh\u00f4ng s\u1eed d\u1ee5ng b\u1ea5t k\u1ef3 lo\u1ea1i ph\u00e2n b\u00f3n h\u00f3a h\u1ecdc n\u00e0o.<\/p>\n<p><strong>QUY TR\u00ccNH KH\u00c9P K\u00cdN<\/strong><br \/>\nCh\u00fang t\u00f4i ho\u00e0n to\u00e0n l\u00e0 m\u1ed9t quy tr\u00ecnh kh\u00e9p k\u00edn. Ch\u00fang t\u00f4i v\u00e0 mua h\u1ea1t c\u00e0 ph\u00ea t\u01b0\u01a1i tr\u1ef1c ti\u1ebfp t\u1eeb n\u00f4ng d\u00e2n \u0111\u1ecba ph\u01b0\u01a1ng. Sau \u0111\u00f3 ch\u00fang t\u00f4i rang xay, \u0111\u00f3ng g\u00f3i v\u00e0 g\u1eedi ch\u00fang \u0111\u1ebfn kho c\u1ee7a ch\u00fang t\u00f4i<br \/>\nb\u1eb1ng \u0111\u01b0\u1eddng h\u00e0ng kh\u00f4ng. B\u1ea1n nh\u1eadn \u0111\u01b0\u1ee3c s\u1ea3n ph\u1ea9m m\u1edbi nh\u1ea5t v\u00e0 nhanh ch\u00f3ng nh\u1ea5t.<\/p>\n<p><strong>S\u1ea2N PH\u1ea8M T\u01af\u01a0I 100%<\/strong><br \/>\nD\u00f9 b\u1ea1n ch\u1ecdn lo\u1ea1i c\u00e0 ph\u00ea n\u00e0o, b\u1ea1n c\u00f3 th\u1ec3 ch\u1eafc ch\u1eafn r\u1eb1ng b\u1ea1n s\u1ebd c\u00f3 \u0111\u01b0\u1ee3c s\u1ea3n ph\u1ea9m t\u01b0\u01a1i. Ch\u1ec9 m\u1ea5t ch\u01b0a \u0111\u1ea7y 24 gi\u1edd k\u1ec3 t\u1eeb th\u1eddi \u0111i\u1ec3m rang c\u00e0 ph\u00ea \u0111\u1ec3 \u0111\u00f3ng g\u00f3i. Ch\u00fang t\u00f4i kh\u00f4ng bao gi\u1edd rang c\u00e0 ph\u00ea \u0111\u1ec3 s\u1eed d\u1ee5ng trong t\u01b0\u01a1ng lai, ch\u00fang t\u00f4i ch\u1ec9 th\u1ef1c hi\u1ec7n s\u1ed1 l\u01b0\u1ee3ng c\u1ea7n thi\u1ebft \u0111\u1ec3 v\u1eadn chuy\u1ec3n.<\/p>\n<p><img decoding=\"async\" class=\"size-full wp-image-10994 aligncenter\" src=\"https:\/\/havamall.vn\/wp-content\/uploads\/2019\/06\/Screen-Shot-2019-06-04-at-4.09.46-PM.png\" alt=\"\" width=\"1200\" height=\"595\" srcset=\"https:\/\/havamall.vn\/wp-content\/uploads\/2019\/06\/Screen-Shot-2019-06-04-at-4.09.46-PM.png 1200w, https:\/\/havamall.vn\/wp-content\/uploads\/2019\/06\/Screen-Shot-2019-06-04-at-4.09.46-PM-430x213.png 430w, https:\/\/havamall.vn\/wp-content\/uploads\/2019\/06\/Screen-Shot-2019-06-04-at-4.09.46-PM-150x74.png 150w, https:\/\/havamall.vn\/wp-content\/uploads\/2019\/06\/Screen-Shot-2019-06-04-at-4.09.46-PM-700x347.png 700w\" sizes=\"(max-width: 1200px) 100vw, 1200px\" \/><\/p>\n<p>&nbsp;<\/p>","protected":false},"excerpt":{"rendered":"<p>Bu\u1ed5i s\u00e1ng l\u00e0 th\u1eddi gian \u0111\u1eb9p nh\u1ea5t, v\u00e0 ng\u01b0\u1eddi Vi\u1ec7t Nam bi\u1ebft c\u00e1ch t\u1eadn h\u01b0\u1edfng n\u00f3. T\u1eeb khi tr\u1eddi c\u00f2n<\/p>","protected":false},"featured_media":10999,"comment_status":"open","ping_status":"closed","template":"","meta":[],"product_brand":[],"product_cat":[36,135],"product_tag":[],"class_list":{"0":"post-10983","1":"product","2":"type-product","3":"status-publish","4":"has-post-thumbnail","6":"product_cat-thuc-pham-tieu-dung","7":"product_cat-sua-do-uong","8":"pa_brand-mr-viet","10":"first","11":"outofstock","12":"sale","13":"shipping-taxable","14":"purchasable","15":"product-type-variable","16":"has-default-attributes"},"_links":{"self":[{"href":"https:\/\/havamall.vn\/en\/wp-json\/wp\/v2\/product\/10983"}],"collection":[{"href":"https:\/\/havamall.vn\/en\/wp-json\/wp\/v2\/product"}],"about":[{"href":"https:\/\/havamall.vn\/en\/wp-json\/wp\/v2\/types\/product"}],"replies":[{"embeddable":true,"href":"https:\/\/havamall.vn\/en\/wp-json\/wp\/v2\/comments?post=10983"}],"version-history":[{"count":0,"href":"https:\/\/havamall.vn\/en\/wp-json\/wp\/v2\/product\/10983\/revisions"}],"wp:featuredmedia":[{"embeddable":true,"href":"https:\/\/havamall.vn\/en\/wp-json\/wp\/v2\/media\/10999"}],"wp:attachment":[{"href":"https:\/\/havamall.vn\/en\/wp-json\/wp\/v2\/media?parent=10983"}],"wp:term":[{"taxonomy":"product_brand","embeddable":true,"href":"https:\/\/havamall.vn\/en\/wp-json\/wp\/v2\/product_brand?post=10983"},{"taxonomy":"product_cat","embeddable":true,"href":"https:\/\/havamall.vn\/en\/wp-json\/wp\/v2\/product_cat?post=10983"},{"taxonomy":"product_tag","embeddable":true,"href":"https:\/\/havamall.vn\/en\/wp-json\/wp\/v2\/product_tag?post=10983"}],"curies":[{"name":"wp","href":"https:\/\/api.w.org\/{rel}","templated":true}]}}