{"id":10979,"date":"2019-06-04T16:00:46","date_gmt":"2019-06-04T09:00:46","guid":{"rendered":"https:\/\/havamall.vn\/?post_type=product&#038;p=10979"},"modified":"2021-06-24T15:10:34","modified_gmt":"2021-06-24T08:10:34","slug":"ca-phe-da-lat-rang-xay-tui-250gr-mr-viet-cafe-dalat","status":"publish","type":"product","link":"https:\/\/havamall.vn\/en\/shop\/ca-phe-da-lat-rang-xay-tui-250gr-mr-viet-cafe-dalat\/","title":{"rendered":"C\u00e0 Ph\u00ea Mr.Vi\u1ec7t_ \u0110\u00e0 L\u1ea1t_250GR_Rang Xay &#8211; MR.VIET Cafe Dalat (7\/2021)"},"content":{"rendered":"<p>C\u00e0 ph\u00ea Mr. Vi\u1ec7t \u0110\u00e0 L\u1ea1t rang xay \u0111\u01b0\u1ee3c nh\u1eefng ng\u01b0\u1eddi n\u00f4ng d\u00e2n l\u1ef1a chon c\u1ea9n th\u1eadn v\u00e0 t\u1ef1 tay rang xay t\u1ea1i \u0110\u00e0 L\u1ea1t, L\u00e2m \u0110\u1ed3ng. V\u1edbi c\u00e1c kinh nghi\u1ec7m v\u00e0ng c\u1ee7a m\u00ecnh c\u00e1c ng\u01b0\u1eddi n\u00f4ng d\u00e2n \u0111\u00e3 tinh t\u1ebf khi ch\u1ecdn k\u00edch th\u01b0\u1edbc rang xay ph\u00f9 h\u1ee3p v\u1edbi pha phin truy\u1ec1n th\u1ed1ng c\u1ee7a Vi\u1ec7t Nam, pha b\u1eb1ng \u1ea5m, ho\u1eb7c b\u1eb1ng ph\u1ec5u l\u1ecdc.<\/p>\n<p><img fetchpriority=\"high\" decoding=\"async\" class=\"wp-image-10980 aligncenter\" src=\"https:\/\/havamall.vn\/wp-content\/uploads\/2019\/06\/cd22a4f89c6a7934207b.png\" alt=\"\" width=\"675\" height=\"416\" srcset=\"https:\/\/havamall.vn\/wp-content\/uploads\/2019\/06\/cd22a4f89c6a7934207b.png 1024w, https:\/\/havamall.vn\/wp-content\/uploads\/2019\/06\/cd22a4f89c6a7934207b-430x265.png 430w, https:\/\/havamall.vn\/wp-content\/uploads\/2019\/06\/cd22a4f89c6a7934207b-150x92.png 150w, https:\/\/havamall.vn\/wp-content\/uploads\/2019\/06\/cd22a4f89c6a7934207b-700x431.png 700w\" sizes=\"(max-width: 675px) 100vw, 675px\" \/><\/p>\n<p>V\u1edbi h\u01b0\u01a1ng v\u1ecb \u0111\u1eadm \u0111\u00e0 c\u1ee7a S\u00f4 c\u00f4 la k\u1ebft h\u1ee3p v\u1edbi Caramen cho b\u1ea1n h\u01b0\u01a1ng v\u1ecb kh\u00f4ng ph\u1ea3i \u1edf n\u01a1i n\u00e0o c\u0169ng c\u00f3 \u0111\u01b0\u1ee3c.<\/p>\n<p><img decoding=\"async\" class=\"wp-image-10982 aligncenter\" src=\"https:\/\/havamall.vn\/wp-content\/uploads\/2019\/06\/cec88fdfa8414d1f1450.png\" alt=\"\" width=\"669\" height=\"668\" srcset=\"https:\/\/havamall.vn\/wp-content\/uploads\/2019\/06\/cec88fdfa8414d1f1450.png 1080w, https:\/\/havamall.vn\/wp-content\/uploads\/2019\/06\/cec88fdfa8414d1f1450-430x429.png 430w, https:\/\/havamall.vn\/wp-content\/uploads\/2019\/06\/cec88fdfa8414d1f1450-150x150.png 150w, https:\/\/havamall.vn\/wp-content\/uploads\/2019\/06\/cec88fdfa8414d1f1450-700x699.png 700w\" sizes=\"(max-width: 669px) 100vw, 669px\" \/><\/p>\n<p>V\u1edbi th\u00e0nh ph\u1ea7n l\u00e0 100% c\u00e0 ph\u00ea t\u1ed1t nh\u1ea5t t\u1ea1i Vi\u1ec7t Nam: 70% h\u1ea1t Arabica coffee, 30% Robusta coffee.<\/p>\n<p>Mr Vi\u1ec7t t\u1ef1 h\u00e0o khi \u0111\u01b0\u1ee3c c\u00e1c nh\u00e0 ti\u00eau d\u00f9ng l\u1ef1a ch\u1ecdn \u0111\u00e1nh gi\u00e1 Gi\u1ea3i th\u01b0\u1edfng V\u00e0ng v\u1ec1 Bao B\u00ec v\u00e0 C\u00e0 Ph\u00ea. C\u00e0 ph\u00ea Vi\u1ec7t Nam \u0111\u00edch th\u1ef1c, v\u1edbi h\u1ea1t c\u00e0 ph\u00ea ngon nh\u1ea5t ch\u1ecdn l\u1ef1a c\u1ea9n th\u1eadn v\u00e0 rang chuy\u00ean nghi\u1ec7p s\u1ebd kh\u00f4ng khi\u1ebfn b\u1ea1n th\u1ea5t v\u1ecdng.<\/p>\n<p>&nbsp;<\/p>\n<p>&nbsp;<\/p>\n<p>&nbsp;<\/p>\n<p>&nbsp;<\/p>\n<p>&nbsp;<\/p>","protected":false},"excerpt":{"rendered":"<p>\u1ede Vi\u1ec7t Nam, th\u00e1i \u0111\u1ed9 \u0111\u1ed1i v\u1edbi c\u00e0 ph\u00ea th\u1eadt \u0111\u1eb7c bi\u1ec7t.\u00a0Ng\u01b0\u1eddi Vi\u1ec7t th\u00edch u\u1ed1ng n\u00f3, h\u1ecd th\u00edch tr\u1ed3ng n\u00f3, h\u1ecd th\u00edch ch\u0103m s\u00f3c v\u00e0 n\u00f3i v\u1ec1 n\u00f3.<br \/>\nC\u00e1c lo\u1ea1i c\u00e0 ph\u00ea th\u01a1m ngon, \u0111\u01b0\u1ee3c thu th\u1eadp tr\u00ean c\u00e1c c\u00e1nh \u0111\u1ed3ng, v\u1edbi c\u00e1c m\u1ee9c \u0111\u1ed9 rang kh\u00e1c nhau v\u00e0 h\u1ea1t c\u00e0 ph\u00ea th\u01a1m ch\u1ea5t l\u01b0\u1ee3ng t\u1ed1t nh\u1ea5t &#8211; lo\u1ea1i t\u1ed1t nh\u1ea5t v\u00e0 ch\u00fang t\u00f4i giao cho b\u1ea1n.<\/p>\n<p>&nbsp;<\/p>","protected":false},"featured_media":10986,"comment_status":"open","ping_status":"closed","template":"","meta":[],"product_brand":[],"product_cat":[36,135],"product_tag":[],"class_list":{"0":"post-10979","1":"product","2":"type-product","3":"status-publish","4":"has-post-thumbnail","6":"product_cat-thuc-pham-tieu-dung","7":"product_cat-sua-do-uong","8":"pa_brand-mr-viet","10":"first","11":"outofstock","12":"sale","13":"shipping-taxable","14":"purchasable","15":"product-type-variable","16":"has-default-attributes"},"_links":{"self":[{"href":"https:\/\/havamall.vn\/en\/wp-json\/wp\/v2\/product\/10979"}],"collection":[{"href":"https:\/\/havamall.vn\/en\/wp-json\/wp\/v2\/product"}],"about":[{"href":"https:\/\/havamall.vn\/en\/wp-json\/wp\/v2\/types\/product"}],"replies":[{"embeddable":true,"href":"https:\/\/havamall.vn\/en\/wp-json\/wp\/v2\/comments?post=10979"}],"version-history":[{"count":0,"href":"https:\/\/havamall.vn\/en\/wp-json\/wp\/v2\/product\/10979\/revisions"}],"wp:featuredmedia":[{"embeddable":true,"href":"https:\/\/havamall.vn\/en\/wp-json\/wp\/v2\/media\/10986"}],"wp:attachment":[{"href":"https:\/\/havamall.vn\/en\/wp-json\/wp\/v2\/media?parent=10979"}],"wp:term":[{"taxonomy":"product_brand","embeddable":true,"href":"https:\/\/havamall.vn\/en\/wp-json\/wp\/v2\/product_brand?post=10979"},{"taxonomy":"product_cat","embeddable":true,"href":"https:\/\/havamall.vn\/en\/wp-json\/wp\/v2\/product_cat?post=10979"},{"taxonomy":"product_tag","embeddable":true,"href":"https:\/\/havamall.vn\/en\/wp-json\/wp\/v2\/product_tag?post=10979"}],"curies":[{"name":"wp","href":"https:\/\/api.w.org\/{rel}","templated":true}]}}