{"id":10965,"date":"2019-05-28T16:32:13","date_gmt":"2019-05-28T09:32:13","guid":{"rendered":"https:\/\/havamall.vn\/?post_type=product&#038;p=10965"},"modified":"2025-03-18T14:30:48","modified_gmt":"2025-03-18T07:30:48","slug":"bot-tron-san-chuyen-lam-pizza-farina-1kg","status":"publish","type":"product","link":"https:\/\/havamall.vn\/en\/shop\/bot-tron-san-chuyen-lam-pizza-farina-1kg\/","title":{"rendered":"B\u1ed9t Tr\u1ed9n S\u1eb5n Chuy\u00ean L\u00e0m Pizza Farina 1kg"},"content":{"rendered":"<div class=\"product__description rte\">\n<p>B\u1ed9t tr\u1ed9n s\u1eb5n c\u1ee7a Divella Farina 1kg\u00a0lu\u00f4n h\u1ea5p d\u1eabn c\u00e1c t\u00edn \u0111\u1ed3 b\u00e1nh tr\u00e1i b\u1edfi c\u00e1c l\u1edbp v\u1ecf v\u00e0ng r\u1ee5m, gi\u00f2n tan khi c\u1eafn l\u00e0m b\u1eadt ph\u1ea7n ru\u1ed9t b\u00e1nh m\u1ec1m th\u01a1m n\u1ee9c m\u0169i b\u00ean trong. L\u00e0m b\u00e1nh pizza kh\u00f3 nh\u1ea5t \u1edf kh\u00e2u tr\u1ed9n, nh\u00e0o v\u00e0 \u1ee7 b\u1ed9t. B\u1edfi v\u1eady v\u1edbi s\u1ea3n ph\u1ea9m n\u00e0y, b\u1ea1n s\u1ebd kh\u00f4ng c\u00f2n ph\u1ea3i lo l\u1eafng v\u1ec1 \u0111i\u1ec1u n\u00e0y n\u1eefa.<\/p>\n<p>&#8211;\u00a0B\u1ed9t tr\u1ed9n s\u1eb5n\u00a0t\u00edch h\u1ee3p \u0111\u1ea7y \u0111\u1ee7 c\u00e1c lo\u1ea1i lo\u1ea1i tinh b\u1ed9t v\u00e0 nguy\u00ean li\u1ec7u \u0111\u00e3 \u0111\u01b0\u1ee3c pha ch\u1ebf theo \u0111\u1ecbnh l\u01b0\u1ee3ng nh\u1ea5t \u0111\u1ecbnh \u0111\u1ec3 b\u1ea1n c\u00f3 th\u1ec3 d\u1ec5 d\u00e0ng l\u00e0m ra nh\u1eefng chi\u1ebfc b\u00e1nh pizza th\u01a1m ngon, chu\u1ea9n v\u1ecb nh\u1ea5t.<\/p>\n<p><img fetchpriority=\"high\" decoding=\"async\" class=\"wp-image-22060 aligncenter\" src=\"https:\/\/havamall.vn\/wp-content\/uploads\/2025\/03\/d4e8debbeb18a765bdc0721ae04942c1-300x252.jpg\" alt=\"\" width=\"632\" height=\"531\" \/><\/p>\n<p>&#8211; S\u1eed d\u1ee5ng b\u1ed9t tr\u1ed9n s\u1eb5n s\u1ebd gi\u00fap b\u1ea1n ti\u1ebft ki\u1ec7m \u0111\u01b0\u1ee3c nhi\u1ec1u th\u1eddi gian c\u00f4ng s\u1ee9c trong nh\u00e0o v\u00e0 \u1ee7 b\u1ed9t \u0111\u1ec3 l\u00e0m c\u00e1c c\u00f4ng vi\u1ec7c kh\u00e1c. V\u1edbi c\u00e1c gia \u0111\u00ecnh hi\u1ec7n \u0111\u1ea1i kh\u00f4ng c\u00f3 nhi\u1ec1u th\u1eddi gian, b\u1ed9t tr\u1ed9n s\u1eb5n Divella s\u1ebd l\u00e0 s\u1ef1 l\u1ef1a ch\u1ecdn s\u1ed1 1<\/p>\n<p>&#8211; S\u1ea3n ph\u1ea9m \u0111\u01b0\u1ee3c s\u1ea3n xu\u1ea5t tr\u00ean d\u00e2y chuy\u1ec1n c\u00f4ng ngh\u1ec7 hi\u1ec7n \u0111\u1ea1i c\u1ee7a Divella, k\u1ebft h\u1ee3p v\u1edbi s\u1ef1 h\u1ed7 tr\u1ee3 c\u1ee7a c\u00e1c chuy\u00ean gia h\u00e0ng \u0111\u1ea7u th\u1ebf gi\u1edbi, \u0111\u1ea3m b\u1ea3o uy t\u00edn, ch\u1ea5t l\u01b0\u1ee3ng tuy\u1ec7t \u0111\u1ed1i.<\/p>\n<p><img decoding=\"async\" class=\"wp-image-25791 aligncenter\" src=\"https:\/\/havamall.vn\/wp-content\/uploads\/2025\/03\/z3249725980442_cfa2827c25270bfe8284659f6009eddf-291x300.jpg\" alt=\"\" width=\"633\" height=\"653\" \/><\/p>\n<\/div>\n<p><strong>Divella\u00a0<\/strong>l\u00e0 c\u00f4ng ty c\u00f3 l\u1ecbch s\u1eed h\u01a1n 130 n\u0103m trong ng\u00e0nh ch\u1ebf bi\u1ebfn m\u1ef3 pastase molina t\u1eeb b\u1ed9t m\u00ec durum. N\u0103m 1890, \u00f4ng Francesco Divella \u0111\u00e3 x\u00e2y d\u1ef1ng nh\u00e0 m\u00e1y b\u1ed9t m\u00ec \u0111\u1ea7u ti\u00ean t\u1ea1i Rutigliano \u1edf mi\u1ec1n \u0110\u00f4ng Nam n\u01b0\u1edbc \u00dd, tr\u00e1i tim c\u1ee7a v\u00f9ng \u0111\u1ed3ng b\u1eb1ng Apulian, n\u1ed5i ti\u1ebfng l\u00e0 n\u01a1i c\u00f3 ch\u1ea5t l\u01b0\u1ee3ng b\u1ed9t m\u00ec t\u1ed1t nh\u1ea5t n\u01b0\u1edbc.<\/p>\n<p>V\u1edbi truy\u1ec1n th\u1ed1ng, kinh nghi\u1ec7m v\u00e0 k\u1ef9 thu\u1eadt, Divella lu\u00f4n cho ra \u0111\u1eddi c\u00e1c s\u1ea3n ph\u1ea9m ch\u1ea5t l\u01b0\u1ee3ng \u0111\u01b0\u1ee3c kh\u1eb3ng \u0111\u1ecbnh t\u1eeb vi\u1ec7c l\u1ef1a ch\u1ecdn nguy\u00ean li\u1ec7u, ph\u01b0\u01a1ng th\u1ee9c s\u1ea3n xu\u1ea5t \u0111\u1ebfn vi\u1ec7c \u0111\u00f3ng g\u00f3i s\u1ea3n ph\u1ea9m. Nh\u1eefng y\u00eau c\u1ea7u kh\u1eaft khe nh\u1ea5t \u0111\u01b0\u1ee3c \u00e1p d\u1ee5ng \u0111\u1ec3 \u0111\u1ea3m b\u1ea3o 100% nh\u1eefng quy \u0111\u1ecbnh v\u1ec1 an to\u00e0n v\u1ec7 sinh th\u1ef1c ph\u1ea9m.<\/p>\n<p><img decoding=\"async\" class=\"aligncenter\" src=\"https:\/\/havamall.vn\/wp-content\/uploads\/2025\/03\/Divella-logo.jpg\" alt=\"\" width=\"500\" height=\"291\" \/><\/p>\n<p>100 g \u0111\u1eadu g\u00e0 n\u1ea5u ch\u00edn c\u00f3 ch\u1ee9a 269 calo, 45 gam carbohydrate, 15 gam protein, 13 gam ch\u1ea5t x\u01a1, 4 gam ch\u1ea5t b\u00e9o v\u00e0 0 gam cholesterol. M\u1ed9t ph\u1ea7n \u0103n 100 g \u0111\u1eadu g\u00e0 nguy\u00ean cung c\u1ea5p 50% nhu c\u1ea7u kali h\u00e0ng ng\u00e0y, 2% vitamin A, 21% canxi, 13% vitamin C, 69% s\u1eaft, 2% natri, 55% vitamin B6 v\u00e0 57% magi\u00ea. Ngo\u00e0i ra, \u0111\u1eadu g\u00e0 c\u00f3 ch\u1ee9a vitamin K, folate, ph\u1ed1t pho, k\u1ebdm, \u0111\u1ed3ng, mangan, choline v\u00e0 selen.<\/p>\n<p>B\u00ean c\u1ea1nh \u0111\u00f3 l\u00e0 m\u1ed9t thu\u1ea7n chay v\u00e0 kh\u00f4ng c\u00f3 gluten ngu\u1ed3n tuy\u1ec7t v\u1eddi c\u1ee7a protein v\u00e0 ch\u1ea5t x\u01a1, \u0111\u1eadu g\u00e0 c\u0169ng ch\u1ee9a h\u00e0m l\u01b0\u1ee3ng \u0111\u1eb7c bi\u1ec7t c\u1ee7a s\u1eaft, vitamin B6 v\u00e0 magi\u00ea.<\/p>\n<p><strong>B\u1ea3o qu\u1ea3n:<\/strong>\u00a0N\u01a1i kh\u00f4 r\u00e1o, tho\u00e1ng m\u00e1t.<\/p>","protected":false},"excerpt":{"rendered":"<p>B\u1ed9t tr\u1ed9n s\u1eb5n c\u1ee7a Divella Farina 1kg\u00a0lu\u00f4n h\u1ea5p d\u1eabn c\u00e1c t\u00edn \u0111\u1ed3 b\u00e1nh tr\u00e1i b\u1edfi c\u00e1c l\u1edbp v\u1ecf v\u00e0ng r\u1ee5m,<\/p>","protected":false},"featured_media":33755,"comment_status":"open","ping_status":"closed","template":"","meta":[],"product_brand":[],"product_cat":[255,672,36,134,143],"product_tag":[],"class_list":{"0":"post-10965","1":"product","2":"type-product","3":"status-publish","4":"has-post-thumbnail","6":"product_cat-nguyen-lieu-lam-banh","7":"product_cat-nhap-khau-y","8":"product_cat-thuc-pham-tieu-dung","9":"product_cat-thucpham-saykho","10":"product_cat-thuc-pham-dong-hop","11":"pa_brand-divella","13":"first","14":"instock","15":"sale","16":"shipping-taxable","17":"purchasable","18":"product-type-simple"},"_links":{"self":[{"href":"https:\/\/havamall.vn\/en\/wp-json\/wp\/v2\/product\/10965"}],"collection":[{"href":"https:\/\/havamall.vn\/en\/wp-json\/wp\/v2\/product"}],"about":[{"href":"https:\/\/havamall.vn\/en\/wp-json\/wp\/v2\/types\/product"}],"replies":[{"embeddable":true,"href":"https:\/\/havamall.vn\/en\/wp-json\/wp\/v2\/comments?post=10965"}],"version-history":[{"count":0,"href":"https:\/\/havamall.vn\/en\/wp-json\/wp\/v2\/product\/10965\/revisions"}],"wp:featuredmedia":[{"embeddable":true,"href":"https:\/\/havamall.vn\/en\/wp-json\/wp\/v2\/media\/33755"}],"wp:attachment":[{"href":"https:\/\/havamall.vn\/en\/wp-json\/wp\/v2\/media?parent=10965"}],"wp:term":[{"taxonomy":"product_brand","embeddable":true,"href":"https:\/\/havamall.vn\/en\/wp-json\/wp\/v2\/product_brand?post=10965"},{"taxonomy":"product_cat","embeddable":true,"href":"https:\/\/havamall.vn\/en\/wp-json\/wp\/v2\/product_cat?post=10965"},{"taxonomy":"product_tag","embeddable":true,"href":"https:\/\/havamall.vn\/en\/wp-json\/wp\/v2\/product_tag?post=10965"}],"curies":[{"name":"wp","href":"https:\/\/api.w.org\/{rel}","templated":true}]}}