{"id":10957,"date":"2019-05-28T15:54:10","date_gmt":"2019-05-28T08:54:10","guid":{"rendered":"https:\/\/havamall.vn\/?post_type=product&#038;p=10957"},"modified":"2024-04-03T10:38:17","modified_gmt":"2024-04-03T03:38:17","slug":"mi-ong-divella-cannelloni-250gr","status":"publish","type":"product","link":"https:\/\/havamall.vn\/en\/shop\/mi-ong-divella-cannelloni-250gr\/","title":{"rendered":"M\u00ec \u1ed1ng cu\u1ed9n Divella Cannelloni 250gr"},"content":{"rendered":"<p>Cannoli l\u00e0 m\u1ed9t trong s\u1ed1 nh\u1eefng lo\u1ea1i b\u00e1nh truy\u1ec1n th\u1ed1ng ph\u1ed5 bi\u1ebfn nh\u1ea5t c\u1ee7a \u00dd. M\u00f3n b\u00e1nh n\u00e0y h\u1ea7u nh\u01b0 s\u1ebd lu\u00f4n c\u00f3 m\u1eb7t sau trong b\u1eefa \u0103n c\u1ee7a ng\u01b0\u1eddi \u00dd, \u0111\u00f3ng vai tr\u00f2 l\u00e0 m\u1ed9t m\u00f3n \u0103n quen thu\u1ed9c v\u00e0 \u0111a d\u1ea1ng.<\/p>\n<p>B\u1eaft ngu\u1ed3n t\u1eeb v\u00f9ng Sicily (\u00dd), cannoli- b\u00e1nh d\u1ea1ng chi\u1ebfc \u1ed1ng nh\u1ecf- l\u00e0 m\u1ed9t trong nh\u1eefng lo\u1ea1i b\u00e1nh pastry n\u1ed5i ti\u1ebfng v\u00e0 \u0111\u01b0\u1ee3c y\u00eau th\u00edch nh\u1ea5t. B\u00e1nh cannoli g\u1ed3m m\u1ed9t l\u1edbp pastry \u0111\u01b0\u1ee3c u\u1ed1n cong th\u00e0nh h\u00ecnh chi\u1ebfc \u1ed1ng, n\u01b0\u1edbng gi\u00f2n tan v\u00e0 ph\u1ea7n nh\u00e2n \u0111a d\u1ea1ng b\u00ean trong th\u01b0\u1eddng l\u00e0 kem t\u01b0\u01a1i ho\u1eb7c ph\u00f4 mai ricotta v\u00e0 th\u00eam hoa qu\u1ea3, cacao, c\u00e1c lo\u1ea1i h\u1ea1t, socola. N\u1ebfu y\u00eau th\u00edch \u1ea9m th\u1ef1c \u00dd, b\u1ea1n n\u00ean th\u1eed lo\u1ea1i b\u00e1nh n\u00e0y nh\u00e9.<\/p>\n<p><img fetchpriority=\"high\" decoding=\"async\" class=\"size-full wp-image-10958 aligncenter\" src=\"https:\/\/havamall.vn\/wp-content\/uploads\/2019\/05\/image-asset.jpeg\" alt=\"\" width=\"640\" height=\"424\" srcset=\"https:\/\/havamall.vn\/wp-content\/uploads\/2019\/05\/image-asset.jpeg 640w, https:\/\/havamall.vn\/wp-content\/uploads\/2019\/05\/image-asset-430x285.jpeg 430w, https:\/\/havamall.vn\/wp-content\/uploads\/2019\/05\/image-asset-150x99.jpeg 150w\" sizes=\"(max-width: 640px) 100vw, 640px\" \/><\/p>\n<p><strong>H\u01b0\u1edbng d\u1eabn ch\u1ebf bi\u1ebfn:<\/strong><\/p>\n<ul>\n<li>Ng\u00e2m b\u00e1nh v\u00e0o\u00a0n\u01b0\u1edbc n\u00f3ng trong kho\u1ea3ng 15 &#8211; 20 ph\u00fat.<\/li>\n<li>T\u00f9y theo lo\u1ea1i khu\u00f4n m\u00e0 b\u1ea1n s\u1eed d\u1ee5ng m\u00e0 d\u00f9ng s\u1ed1 b\u00e1nh th\u00edch h\u1ee3p. D\u1ec5 \u01b0\u1edbc l\u01b0\u1ee3ng nh\u1ea5t l\u00e0 s\u1eed d\u1ee5ng khu\u00f4n vu\u00f4ng ho\u1eb7c h\u00ecnh ch\u1eef nh\u1eadt.<\/li>\n<li>Sau khi ng\u00e2m \u0111\u01b0\u1ee3c 20 ph\u00fat th\u00ec b\u1ea1n l\u1ea5y ra v\u00e0 \u0111\u1ec3 l\u00ean chi\u1ebfc kh\u0103n kh\u00f4, d\u00f9ng tay \u1ea5n nh\u1eb9 cho kh\u00f4, l\u00e0m t\u01b0\u01a1ng t\u1ef1 v\u1edbi m\u1eb7t c\u00f2n l\u1ea1i. Ch\u00fa \u00fd th\u1eadt nh\u1eb9 tay nh\u00e9.<\/li>\n<\/ul>\n<p><strong><img decoding=\"async\" class=\"wp-image-10963 aligncenter\" src=\"https:\/\/havamall.vn\/wp-content\/uploads\/2019\/05\/maxresdefault.jpg\" alt=\"\" width=\"641\" height=\"360\" srcset=\"https:\/\/havamall.vn\/wp-content\/uploads\/2019\/05\/maxresdefault.jpg 1280w, https:\/\/havamall.vn\/wp-content\/uploads\/2019\/05\/maxresdefault-430x242.jpg 430w, https:\/\/havamall.vn\/wp-content\/uploads\/2019\/05\/maxresdefault-150x84.jpg 150w, https:\/\/havamall.vn\/wp-content\/uploads\/2019\/05\/maxresdefault-700x394.jpg 700w\" sizes=\"(max-width: 641px) 100vw, 641px\" \/><\/strong><\/p>\n<ul>\n<li>Chu\u1ea9n b\u1ecb m\u1ed9t c\u00e1i khu\u00f4n, x\u1ebfp cho k\u00edn \u0111\u00e1y khu\u00f4n. Cho x\u1ed1t th\u1ecbt b\u00f2 v\u00e0o b\u00ean trong b\u00e1nh, d\u00f9ng th\u00eca d\u00e0n \u0111\u1ec1u. R\u1eafc ph\u00f4 mai b\u1ed9t l\u00ean Parmesan l\u00ean m\u1eb7t. Ti\u1ebfp t\u1ee5c x\u1ebfp m\u00ec, th\u1ecbt v\u00e0 x\u1ed1t cho t\u1edbi khi h\u1ebft.<\/li>\n<li>\u0110em n\u01b0\u1edbng 30 ph\u00fat \u1edf 200 \u0111\u1ed9 C. Sau kho\u1ea3ng 30 ph\u00fat n\u01b0\u1edbng \u1edf 200 \u0111\u1ed9 C, b\u1ea1n s\u1ebd c\u00f3 ngay m\u1ed9t d\u0129a b\u00e1nh c\u00f3 m\u00e0u v\u00e0ng \u0111\u1eb9p m\u1eaft c\u1ef1c k\u1ef3 h\u1ea5p d\u1eabn v\u00e0 b\u1ea1n s\u1ebd \u0111\u01b0\u1ee3c th\u01b0\u1edfng th\u1ee9c t\u1ea5t c\u1ea3 nh\u1eefng g\u00ec tinh t\u00fay nh\u1ea5t c\u1ee7a pasta.<\/li>\n<\/ul>\n<p><strong>B\u1ea3o qu\u1ea3n:<\/strong>\u00a0N\u01a1i kh\u00f4 r\u00e1o, tho\u00e1ng m\u00e1t.<\/p>\n<p>&nbsp;<\/p>\n<p>&nbsp;<\/p>","protected":false},"excerpt":{"rendered":"<p>Cannoli l\u00e0 m\u1ed9t trong s\u1ed1 nh\u1eefng lo\u1ea1i b\u00e1nh truy\u1ec1n th\u1ed1ng ph\u1ed5 bi\u1ebfn nh\u1ea5t c\u1ee7a \u00dd. M\u00f3n b\u00e1nh n\u00e0y h\u1ea7u nh\u01b0<\/p>","protected":false},"featured_media":10960,"comment_status":"open","ping_status":"closed","template":"","meta":[],"product_brand":[],"product_cat":[36,134,143],"product_tag":[],"class_list":{"0":"post-10957","1":"product","2":"type-product","3":"status-publish","4":"has-post-thumbnail","6":"product_cat-thuc-pham-tieu-dung","7":"product_cat-thucpham-saykho","8":"product_cat-thuc-pham-dong-hop","9":"pa_brand-divella","11":"first","12":"instock","13":"sale","14":"shipping-taxable","15":"purchasable","16":"product-type-simple"},"_links":{"self":[{"href":"https:\/\/havamall.vn\/en\/wp-json\/wp\/v2\/product\/10957"}],"collection":[{"href":"https:\/\/havamall.vn\/en\/wp-json\/wp\/v2\/product"}],"about":[{"href":"https:\/\/havamall.vn\/en\/wp-json\/wp\/v2\/types\/product"}],"replies":[{"embeddable":true,"href":"https:\/\/havamall.vn\/en\/wp-json\/wp\/v2\/comments?post=10957"}],"version-history":[{"count":0,"href":"https:\/\/havamall.vn\/en\/wp-json\/wp\/v2\/product\/10957\/revisions"}],"wp:featuredmedia":[{"embeddable":true,"href":"https:\/\/havamall.vn\/en\/wp-json\/wp\/v2\/media\/10960"}],"wp:attachment":[{"href":"https:\/\/havamall.vn\/en\/wp-json\/wp\/v2\/media?parent=10957"}],"wp:term":[{"taxonomy":"product_brand","embeddable":true,"href":"https:\/\/havamall.vn\/en\/wp-json\/wp\/v2\/product_brand?post=10957"},{"taxonomy":"product_cat","embeddable":true,"href":"https:\/\/havamall.vn\/en\/wp-json\/wp\/v2\/product_cat?post=10957"},{"taxonomy":"product_tag","embeddable":true,"href":"https:\/\/havamall.vn\/en\/wp-json\/wp\/v2\/product_tag?post=10957"}],"curies":[{"name":"wp","href":"https:\/\/api.w.org\/{rel}","templated":true}]}}