{"id":10952,"date":"2019-05-28T15:15:26","date_gmt":"2019-05-28T08:15:26","guid":{"rendered":"https:\/\/havamall.vn\/?post_type=product&#038;p=10952"},"modified":"2026-03-12T09:33:56","modified_gmt":"2026-03-12T02:33:56","slug":"banh-quy-lady-finger-savoiardi-divella-400gr","status":"publish","type":"product","link":"https:\/\/havamall.vn\/en\/shop\/banh-quy-lady-finger-savoiardi-divella-400gr\/","title":{"rendered":"B\u00e1nh Quy Lady Finger Savoiardi Divella 400gr"},"content":{"rendered":"<p>B\u00e1nh Savoiardi l\u00e0 m\u1ed9t lo\u1ea1i b\u00e1nh x\u1ed1p ng\u1ecdt v\u00e0 nh\u1eb9. B\u00e1nh Savoiardi c\u00f3 t\u00ean g\u1ecdi kh\u00e1c l\u00e0 b\u00e1nh Ladyfinger v\u00ec c\u00f3 h\u00ecnh d\u1ea1ng nh\u01b0 m\u1ed9t ng\u00f3n tay l\u1edbn. B\u00e1nh Savoiardi c\u00f3 c\u00e1ch l\u00e0m gi\u1ed1ng v\u1edbi c\u1ed1t b\u00e1nh gato ch\u1ec9 kh\u00e1c \u1edf \u0111i\u1ec3m l\u00e0 khi n\u01b0\u1edbng \u0111\u01b0\u1ee3c n\u01b0\u1edbng \u1edf nhi\u1ec7t \u0111\u1ed9 r\u1ea5t cao n\u00ean b\u00e1nh kh\u00f4, x\u1ed1p. N\u00f3 th\u01b0\u1eddng \u0111\u01b0\u1ee3c d\u00f9ng l\u00e0 th\u00e0nh ph\u1ea7n trong nhi\u1ec1u m\u00f3n tr\u00e1ng mi\u1ec7ng nh\u01b0 b\u00e1nh x\u1ed1p kem, b\u00e1nh charlotte v\u00e0 tiramisu. \u0110\u1ec3 l\u00e0m b\u00e1nh tiramisu, kh\u00f4ng th\u1ec3 thi\u1ebfu b\u00e1nh Savoiardi, ta th\u01b0\u1eddng nh\u00fang b\u00e1nh\u00a0Savoiardi ng\u00e2m v\u1edbi r\u01b0\u1ee3u rhum v\u1edbi cafe ho\u1eb7c kalua \u0111\u1ec3 l\u00e0m b\u00e1nh, v\u00ec Savoiardi x\u1ed1p, gi\u00f2n r\u1ea5t h\u1ee3p cho b\u00e1nh.<\/p>\n<p><img fetchpriority=\"high\" decoding=\"async\" class=\"wp-image-25158 aligncenter\" src=\"https:\/\/havamall.com\/wp-content\/uploads\/2025\/08\/FHxDsXU-300x300.png\" alt=\"\" width=\"658\" height=\"658\" \/><\/p>\n<p>N\u00f3 c\u0169ng th\u01b0\u1eddng \u0111\u01b0\u1ee3c nh\u00fang v\u00e0o xi r\u00f4 ho\u1eb7c r\u01b0\u1ee3u m\u00f9i. B\u00e1nh Savoiardi c\u0169ng l\u00e0 m\u1ed9t m\u00f3n d\u00e0nh cho tr\u1ebb nh\u1ecf v\u00ec n\u00f3 m\u1ec1m, ph\u00f9 h\u1ee3p cho r\u0103ng m\u1edbi m\u1ecdc, d\u1ec5 d\u00e0ng c\u1ea7m n\u1eafm v\u00e0 kh\u00f4ng b\u1ecb v\u1ee1 v\u1ee5n. B\u00e1nh x\u1ed1p, gi\u00f2n tan th\u01a1m m\u00f9i b\u01a1 v\u00e0 tr\u1ee9ng g\u00e0. B\u00e1nh Savoiardi \u0111\u01b0\u1ee3c l\u00e0m t\u1eeb c\u00e1c nguy\u00ean li\u1ec7u th\u01a1m ngon: b\u1ed9t m\u00ec, \u0111\u01b0\u1eddng, b\u01a1, d\u1ea7u \u0103n, vani, h\u01b0\u01a1ng li\u1ec7u, tr\u1ee9ng\u2026 t\u1ea1o cho chi\u1ebfc b\u00e1nh th\u01a1m m\u00f9i tr\u1ee9ng v\u00e0 b\u01a1, v\u00f4 c\u00f9ng ng\u1ecdt ng\u00e0o, th\u01a1m ngon. B\u00e1nhSavoiardi c\u00f3 th\u1ec3 d\u00f9ng \u0111\u1ec3 \u0103n tr\u1ef1c ti\u1ebfp kh\u00f4ng c\u1ea7n qua ch\u1ebf bi\u1ebfn ho\u1eb7c l\u00e0 nguy\u00ean li\u1ec7u kh\u00f4ng th\u1ec3 thi\u1ebfu trong b\u00e1nh tiramisu, b\u00e1nh Savoiardi c\u00f3 th\u1ec3 d\u00f9ng l\u00e0m n\u1ec1n b\u00e1nh cho b\u00e1nh cheesecake, trang tr\u00ed b\u00e1nh gato\u2026<\/p>\n<p><img decoding=\"async\" class=\"wp-image-25782 aligncenter\" src=\"https:\/\/havamall.com\/wp-content\/uploads\/2025\/08\/z3249726326956_def375aa43265dbb6968d93c5aef060f-283x300.jpg\" alt=\"\" width=\"653\" height=\"692\" \/><\/p>\n<p><strong>Divella\u00a0<\/strong>l\u00e0 c\u00f4ng ty c\u00f3 l\u1ecbch s\u1eed h\u01a1n 130 n\u0103m trong ng\u00e0nh ch\u1ebf bi\u1ebfn m\u1ef3 pastase molina t\u1eeb b\u1ed9t m\u00ec durum. N\u0103m 1890, \u00f4ng Francesco Divella \u0111\u00e3 x\u00e2y d\u1ef1ng nh\u00e0 m\u00e1y b\u1ed9t m\u00ec \u0111\u1ea7u ti\u00ean t\u1ea1i Rutigliano \u1edf mi\u1ec1n \u0110\u00f4ng Nam n\u01b0\u1edbc \u00dd, tr\u00e1i tim c\u1ee7a v\u00f9ng \u0111\u1ed3ng b\u1eb1ng Apulian, n\u1ed5i ti\u1ebfng l\u00e0 n\u01a1i c\u00f3 ch\u1ea5t l\u01b0\u1ee3ng b\u1ed9t m\u00ec t\u1ed1t nh\u1ea5t n\u01b0\u1edbc.<\/p>\n<p><img decoding=\"async\" class=\"wp-image-25783 aligncenter\" src=\"https:\/\/havamall.com\/wp-content\/uploads\/2025\/08\/z3249726267284_49fc7dbbbc9e7fdff3531ca0c8a06b4a-1-291x300.jpg\" alt=\"\" width=\"656\" height=\"676\" \/><\/p>\n<p>V\u1edbi truy\u1ec1n th\u1ed1ng, kinh nghi\u1ec7m v\u00e0 k\u1ef9 thu\u1eadt, Divella lu\u00f4n cho ra \u0111\u1eddi c\u00e1c s\u1ea3n ph\u1ea9m ch\u1ea5t l\u01b0\u1ee3ng \u0111\u01b0\u1ee3c kh\u1eb3ng \u0111\u1ecbnh t\u1eeb vi\u1ec7c l\u1ef1a ch\u1ecdn nguy\u00ean li\u1ec7u, ph\u01b0\u01a1ng th\u1ee9c s\u1ea3n xu\u1ea5t \u0111\u1ebfn vi\u1ec7c \u0111\u00f3ng g\u00f3i s\u1ea3n ph\u1ea9m. Nh\u1eefng y\u00eau c\u1ea7u kh\u1eaft khe nh\u1ea5t \u0111\u01b0\u1ee3c \u00e1p d\u1ee5ng \u0111\u1ec3 \u0111\u1ea3m b\u1ea3o 100% nh\u1eefng quy \u0111\u1ecbnh v\u1ec1 an to\u00e0n v\u1ec7 sinh th\u1ef1c ph\u1ea9m.<\/p>\n<p><strong>B\u1ea3o qu\u1ea3n:<\/strong>\u00a0N\u01a1i kh\u00f4 r\u00e1o, tho\u00e1ng m\u00e1t.<\/p>","protected":false},"excerpt":{"rendered":"<p>B\u00e1nh Savoiardi l\u00e0 m\u1ed9t lo\u1ea1i b\u00e1nh x\u1ed1p ng\u1ecdt v\u00e0 nh\u1eb9. B\u00e1nh Savoiardi c\u00f3 t\u00ean g\u1ecdi kh\u00e1c l\u00e0 b\u00e1nh Ladyfinger v\u00ec<\/p>","protected":false},"featured_media":10953,"comment_status":"open","ping_status":"closed","template":"","meta":[],"product_brand":[],"product_cat":[255,672,36,133,134],"product_tag":[],"class_list":{"0":"post-10952","1":"product","2":"type-product","3":"status-publish","4":"has-post-thumbnail","6":"product_cat-nguyen-lieu-lam-banh","7":"product_cat-nhap-khau-y","8":"product_cat-thuc-pham-tieu-dung","9":"product_cat-banh-keo-chocolate","10":"product_cat-thucpham-saykho","11":"pa_brand-divella","13":"first","14":"instock","15":"sale","16":"shipping-taxable","17":"purchasable","18":"product-type-simple"},"_links":{"self":[{"href":"https:\/\/havamall.vn\/en\/wp-json\/wp\/v2\/product\/10952"}],"collection":[{"href":"https:\/\/havamall.vn\/en\/wp-json\/wp\/v2\/product"}],"about":[{"href":"https:\/\/havamall.vn\/en\/wp-json\/wp\/v2\/types\/product"}],"replies":[{"embeddable":true,"href":"https:\/\/havamall.vn\/en\/wp-json\/wp\/v2\/comments?post=10952"}],"version-history":[{"count":0,"href":"https:\/\/havamall.vn\/en\/wp-json\/wp\/v2\/product\/10952\/revisions"}],"wp:featuredmedia":[{"embeddable":true,"href":"https:\/\/havamall.vn\/en\/wp-json\/wp\/v2\/media\/10953"}],"wp:attachment":[{"href":"https:\/\/havamall.vn\/en\/wp-json\/wp\/v2\/media?parent=10952"}],"wp:term":[{"taxonomy":"product_brand","embeddable":true,"href":"https:\/\/havamall.vn\/en\/wp-json\/wp\/v2\/product_brand?post=10952"},{"taxonomy":"product_cat","embeddable":true,"href":"https:\/\/havamall.vn\/en\/wp-json\/wp\/v2\/product_cat?post=10952"},{"taxonomy":"product_tag","embeddable":true,"href":"https:\/\/havamall.vn\/en\/wp-json\/wp\/v2\/product_tag?post=10952"}],"curies":[{"name":"wp","href":"https:\/\/api.w.org\/{rel}","templated":true}]}}