{"id":10940,"date":"2019-05-24T15:37:11","date_gmt":"2019-05-24T08:37:11","guid":{"rendered":"https:\/\/havamall.vn\/?post_type=product&#038;p=10940"},"modified":"2021-06-24T15:39:39","modified_gmt":"2021-06-24T08:39:39","slug":"sot-mi-y-vi-ca-chua-va-ot-chuong-500g","status":"publish","type":"product","link":"https:\/\/havamall.vn\/en\/shop\/sot-mi-y-vi-ca-chua-va-ot-chuong-500g\/","title":{"rendered":"S\u1ed1t M\u00ec \u00dd V\u1ecb C\u00e0 Chua V\u00e0 \u1edat Chu\u00f4ng 500g"},"content":{"rendered":"<p>S\u1ed1t M\u00ec \u00dd v\u1ecb c\u00e0 chua v\u00e0 \u1edbt chu\u00f4ng mang h\u01b0\u01a1ng v\u1ecb th\u01a1m ngon c\u1ee7a c\u00e1c th\u00e0nh ph\u1ea7n t\u1ef1 nhi\u00ean, \u0111\u01b0\u1ee3c ch\u1ebf bi\u1ebfn v\u00e0 ki\u1ec3m \u0111\u1ecbnh ch\u1ea5t l\u01b0\u1ee3ng k\u0129 c\u00e0ng, \u0111\u1ea3m b\u00e1o cung c\u1ea5p ngu\u1ed3n dinh d\u01b0\u1ee1ng v\u00e0 an to\u00e0n ng\u01b0\u1eddi s\u1eed d\u1ee5ng.<\/p>\n<p><img decoding=\"async\" class=\"aligncenter\" style=\"margin-left: auto;margin-right: auto\" src=\"https:\/\/havamall.vn\/wp-content\/uploads\/2019\/05\/MzE5WA_simg_d0daf0_800x1200_max.jpg\" \/><br \/>\n\u0110\u1eb7c \u0111i\u1ec3m s\u1ea3n ph\u1ea9m:<br \/>\nTh\u00e0nh ph\u1ea7n: C\u00e0 chua c\u1eaft nh\u1ecf, \u1edbt chu\u00f4ng c\u1eaft nh\u1ecf, b\u1ed9t c\u00e0 chua, h\u00e0nh, n\u01b0\u1edbc, d\u1ea7u oliu, d\u1ea7u th\u1ef1c v\u1eadt, t\u1ecfi nghi\u1ec1n, th\u1ea3o m\u1ed9c v\u00e0 c\u00e1c lo\u1ea1i gia v\u1ecb\u2026 h\u00f2a quy\u1ec7n v\u00e0o nhau, t\u1ea1o n\u00ean lo\u1ea1i s\u1ed1t th\u01a1m ngon.<br \/>\nS\u1ea3n xu\u1ea5t tr\u00ean quy tr\u00ecnh c\u00f4ng ngh\u1ec7 hi\u1ec7n \u0111\u1ea1i, \u0111\u1ea3m b\u1ea3o ch\u1ec9 ti\u00eau ch\u1ea5t l\u01b0\u1ee3ng s\u1ea3n ph\u1ea9m.<br \/>\nH\u01b0\u01a1ng v\u1ecb th\u01a1m ngon, m\u00e0u s\u1eafc b\u1eaft m\u1eafc, k\u00edch th\u00edch c\u1ea3m gi\u00e1c mu\u1ed1n \u0103n.<br \/>\n\u0110\u1ea3m b\u1ea3o an to\u00e0n cho ng\u01b0\u1eddi ti\u00eau d\u00f9ng<\/p>\n<p><img decoding=\"async\" class=\"aligncenter\" style=\"margin-left: auto;margin-right: auto\" src=\"https:\/\/havamall.vn\/wp-content\/uploads\/2019\/05\/htqjAy_simg_d0daf0_800x1200_max.jpg\" \/><\/p>\n<p>H\u01b0\u1edbng d\u1eabn s\u1eed d\u1ee5ng : \u0110\u1ed5 s\u1ed1t v\u00e0o ch\u1ea3o nh\u1ecf v\u00e0 \u0111un n\u00f3ng d\u1ea7n \u0111\u1ebfn nhi\u1ec7t \u0111\u1ed9 nh\u01b0 mong mu\u1ed1n, khu\u1ea5y \u0111\u1ec1u, ch\u1ebf s\u1ed1t l\u00ean m\u00ec. Ho\u1eb7c g\u1ee1 b\u1ecf n\u1eafp l\u1ecd v\u00e0 cho v\u00e0o l\u00f2 viba, \u0111\u1eb7c \u1edf nhi\u1ec7t \u0111\u1ed9 trung b\u00ecnh kho\u1ea3ng 4 ph\u00fat, l\u1ea5y ra, khu\u1ea5y \u0111\u1ec1u, ch\u1ebf s\u1ed1t l\u00ean m\u00ec.<\/p>","protected":false},"excerpt":{"rendered":"<p>S\u1ed1t M\u00ec \u00dd v\u1ecb c\u00e0 chua v\u00e0 \u1edbt chu\u00f4ng mang h\u01b0\u01a1ng v\u1ecb th\u01a1m ngon c\u1ee7a c\u00e1c th\u00e0nh ph\u1ea7n t\u1ef1 nhi\u00ean,<\/p>","protected":false},"featured_media":10941,"comment_status":"open","ping_status":"closed","template":"","meta":[],"product_brand":[],"product_cat":[36,143],"product_tag":[],"class_list":{"0":"post-10940","1":"product","2":"type-product","3":"status-publish","4":"has-post-thumbnail","6":"product_cat-thuc-pham-tieu-dung","7":"product_cat-thuc-pham-dong-hop","9":"first","10":"outofstock","11":"sale","12":"shipping-taxable","13":"purchasable","14":"product-type-simple"},"_links":{"self":[{"href":"https:\/\/havamall.vn\/en\/wp-json\/wp\/v2\/product\/10940"}],"collection":[{"href":"https:\/\/havamall.vn\/en\/wp-json\/wp\/v2\/product"}],"about":[{"href":"https:\/\/havamall.vn\/en\/wp-json\/wp\/v2\/types\/product"}],"replies":[{"embeddable":true,"href":"https:\/\/havamall.vn\/en\/wp-json\/wp\/v2\/comments?post=10940"}],"version-history":[{"count":0,"href":"https:\/\/havamall.vn\/en\/wp-json\/wp\/v2\/product\/10940\/revisions"}],"wp:featuredmedia":[{"embeddable":true,"href":"https:\/\/havamall.vn\/en\/wp-json\/wp\/v2\/media\/10941"}],"wp:attachment":[{"href":"https:\/\/havamall.vn\/en\/wp-json\/wp\/v2\/media?parent=10940"}],"wp:term":[{"taxonomy":"product_brand","embeddable":true,"href":"https:\/\/havamall.vn\/en\/wp-json\/wp\/v2\/product_brand?post=10940"},{"taxonomy":"product_cat","embeddable":true,"href":"https:\/\/havamall.vn\/en\/wp-json\/wp\/v2\/product_cat?post=10940"},{"taxonomy":"product_tag","embeddable":true,"href":"https:\/\/havamall.vn\/en\/wp-json\/wp\/v2\/product_tag?post=10940"}],"curies":[{"name":"wp","href":"https:\/\/api.w.org\/{rel}","templated":true}]}}