{"id":10933,"date":"2019-05-24T15:13:07","date_gmt":"2019-05-24T08:13:07","guid":{"rendered":"https:\/\/havamall.vn\/?post_type=product&#038;p=10933"},"modified":"2022-05-13T11:54:37","modified_gmt":"2022-05-13T04:54:37","slug":"siro-dao-peach-syrup-520ml","status":"publish","type":"product","link":"https:\/\/havamall.vn\/en\/shop\/siro-dao-peach-syrup-520ml\/","title":{"rendered":"Siro \u0110\u00e0o &#8211; Peach Syrup 520ml"},"content":{"rendered":"<p>Siro \u0110\u00e0o \u0111\u01b0\u1ee3c s\u1ea3n xu\u1ea5t t\u1eeb tr\u00e1i \u0111\u00e0o t\u1ef1 nhi\u00ean, mang \u0111\u1ebfn h\u01b0\u01a1ng v\u1ecb \u0111\u1eb7c tr\u01b0ng c\u00f9ng gi\u00e1 tr\u1ecb dinh d\u01b0\u1ee1ng tuy\u1ec7t h\u1ea3o c\u1ee7a lo\u1ea1i tr\u00e1i c\u00e2y n\u00e0y, l\u00e0 m\u1ed9t nguy\u00ean li\u1ec7u pha ch\u1ebf kh\u00f4ng th\u1ec3 thi\u1ebfu \u0111\u1ec3 t\u1ea1o ra ly \u0111\u1ed3 u\u1ed1ng th\u01a1m ngon, h\u1ea5p d\u1eabn.<\/p>\n<p><img fetchpriority=\"high\" decoding=\"async\" class=\"size-full wp-image-10934 aligncenter\" src=\"https:\/\/havamall.vn\/wp-content\/uploads\/2019\/05\/MVI_7064.00_00_00_00.Still001.jpg\" alt=\"\" width=\"1920\" height=\"1080\" srcset=\"https:\/\/havamall.vn\/wp-content\/uploads\/2019\/05\/MVI_7064.00_00_00_00.Still001.jpg 1920w, https:\/\/havamall.vn\/wp-content\/uploads\/2019\/05\/MVI_7064.00_00_00_00.Still001-430x242.jpg 430w, https:\/\/havamall.vn\/wp-content\/uploads\/2019\/05\/MVI_7064.00_00_00_00.Still001-150x84.jpg 150w, https:\/\/havamall.vn\/wp-content\/uploads\/2019\/05\/MVI_7064.00_00_00_00.Still001-700x394.jpg 700w\" sizes=\"(max-width: 1920px) 100vw, 1920px\" \/><br \/>\nSiro \u0110\u00e0o \u0111\u01b0\u1ee3c s\u1ea3n xu\u1ea5t tr\u00ean d\u00e2y chuy\u1ec1n c\u00f4ng ngh\u1ec7 hi\u1ec7n \u0111\u1ea1i c\u1ee7a c\u00f4ng ty Golden Farm, \u0111\u01b0\u1ee3c ch\u1ee9ng nh\u1eadn v\u1edbi ti\u00eau chu\u1ea9n VSATTP Qu\u1ed1c t\u1ebf ISO 2000:2005, \u0111\u1ea3m b\u1ea3o mang \u0111\u1ebfn cho ng\u01b0\u1eddi ti\u00eau d\u00f9ng m\u1ed9t s\u1ea3n ph\u1ea9m ch\u1ea5t l\u01b0\u1ee3ng nh\u1ea5t.<br \/>\nV\u1edbi ch\u1ea5t li\u1ec7u chai b\u1eb1ng th\u1ee7y tinh d\u00e0y gi\u00fap b\u1ea1n d\u1ec5 d\u00e0ng b\u1ea3o qu\u1ea3n s\u1ea3n ph\u1ea9m. \u01afu \u0111i\u1ec3m c\u1ee7a s\u1ea3n ph\u1ea9m l\u00e0 siro r\u1ea5t \u0111\u1eadm \u0111\u00e0, trong su\u1ed1t v\u00e0 kh\u00f4ng c\u00f3 c\u1eb7n, l\u00e0m cho \u0111\u1ed3 u\u1ed1ng c\u1ee7a b\u1ea1n th\u00eam ph\u1ea7n ch\u1ea5t l\u01b0\u1ee3ng v\u00e0 h\u1ea5p d\u1eabn h\u01a1n.<\/p>\n<p><img decoding=\"async\" class=\"size-full wp-image-10937 aligncenter\" src=\"https:\/\/havamall.vn\/wp-content\/uploads\/2019\/05\/cach-lam-tra-dao-tuoi-thom-ngon-la-mieng11466153686.jpg\" alt=\"\" width=\"500\" height=\"382\" srcset=\"https:\/\/havamall.vn\/wp-content\/uploads\/2019\/05\/cach-lam-tra-dao-tuoi-thom-ngon-la-mieng11466153686.jpg 500w, https:\/\/havamall.vn\/wp-content\/uploads\/2019\/05\/cach-lam-tra-dao-tuoi-thom-ngon-la-mieng11466153686-430x329.jpg 430w, https:\/\/havamall.vn\/wp-content\/uploads\/2019\/05\/cach-lam-tra-dao-tuoi-thom-ngon-la-mieng11466153686-150x115.jpg 150w\" sizes=\"(max-width: 500px) 100vw, 500px\" \/><br \/>\n\u0110\u01b0\u1ee3c chi\u1ebft xu\u1ea5t t\u1eeb nh\u1eefng tr\u00e1i \u0111\u00e0o t\u01b0\u01a1i ngon nh\u1ea5t, s\u1ea3n ph\u1ea9m \u0111em \u0111\u1ebfn tay ng\u01b0\u1eddi ti\u00eau d\u00f9ng m\u1ed9t h\u01b0\u01a1ng v\u1ecb t\u1ef1 nhi\u00ean v\u1edbi m\u1ed9t gi\u00e1 tr\u1ecb dinh d\u01b0\u1ee1ng ho\u00e0n h\u1ea3o, an to\u00e0n cho ng\u01b0\u1eddi s\u1eed d\u1ee5ng.<br \/>\nS\u1ea3n ph\u1ea9m \u0111\u01b0\u1ee3c s\u1eed d\u1ee5ng \u0111\u1ec3 pha ch\u1ebf c\u00e1c lo\u1ea1i \u0111\u1ed3 u\u1ed1ng gi\u1ea3i kh\u00e1t v\u00e0 m\u1ed9t s\u1ed1 \u0111\u1ed3 \u0103n nh\u01b0: sinh t\u1ed1, s\u1eefa t\u01b0\u01a1i, coktail, mojito, th\u1ea1ch rau c\u00e2u,&#8230;.<br \/>\n<img decoding=\"async\" class=\"size-full wp-image-10936 aligncenter\" src=\"https:\/\/havamall.vn\/wp-content\/uploads\/2019\/05\/6e0f03dd9a484b4cd82866b5f55e492e.jpg\" alt=\"\" width=\"564\" height=\"564\" srcset=\"https:\/\/havamall.vn\/wp-content\/uploads\/2019\/05\/6e0f03dd9a484b4cd82866b5f55e492e.jpg 564w, https:\/\/havamall.vn\/wp-content\/uploads\/2019\/05\/6e0f03dd9a484b4cd82866b5f55e492e-430x430.jpg 430w, https:\/\/havamall.vn\/wp-content\/uploads\/2019\/05\/6e0f03dd9a484b4cd82866b5f55e492e-150x150.jpg 150w\" sizes=\"(max-width: 564px) 100vw, 564px\" \/><br \/>\nC\u00e1ch s\u1eed d\u1ee5ng:<br \/>\nPha n\u01b0\u1edbc gi\u1ea3i kh\u00e1t: Pha 30ml siro v\u1edbi 120ml n\u01b0\u1edbc, cho \u0111\u00e1 v\u00e0o ly<br \/>\nPha cocktail: Pha 30ml siro v\u1edbi 30ml r\u01b0\u1ee3u vodka, 50ml n\u01b0\u1edbc, 2 mu\u1ed7ng nh\u1ecf s\u1eefa chua, cho \u0111\u00e1 v\u00e0o v\u00e0 l\u1eafc \u0111\u1ec1u<br \/>\nPha s\u1eefa t\u01b0\u01a1i tr\u00e1i c\u00e2y: Pha siro v\u1edbi s\u1eefa t\u01b0\u01a1i l\u00e0m s\u1eefa t\u01b0\u01a1i tr\u00e1i c\u00e2y<br \/>\nL\u00e0m rau c\u00e2u: Pha siro v\u00e0o h\u1ed7n h\u1ee3p l\u00e0m rau c\u00e2u \u0111\u1ec3 t\u1ea1o th\u00eam h\u01b0\u01a1ng v\u1ecb v\u00e0 m\u00e0u s\u1eafc h\u1ea5p d\u1eabn<\/p>","protected":false},"excerpt":{"rendered":"<p>Siro \u0110\u00e0o \u0111\u01b0\u1ee3c s\u1ea3n xu\u1ea5t t\u1eeb tr\u00e1i \u0111\u00e0o t\u1ef1 nhi\u00ean, mang \u0111\u1ebfn h\u01b0\u01a1ng v\u1ecb \u0111\u1eb7c tr\u01b0ng c\u00f9ng gi\u00e1 tr\u1ecb dinh<\/p>","protected":false},"featured_media":10938,"comment_status":"open","ping_status":"closed","template":"","meta":[],"product_brand":[],"product_cat":[36,135],"product_tag":[],"class_list":{"0":"post-10933","1":"product","2":"type-product","3":"status-publish","4":"has-post-thumbnail","6":"product_cat-thuc-pham-tieu-dung","7":"product_cat-sua-do-uong","8":"pa_brand-golden-farm","10":"first","11":"instock","12":"sale","13":"shipping-taxable","14":"purchasable","15":"product-type-simple"},"_links":{"self":[{"href":"https:\/\/havamall.vn\/en\/wp-json\/wp\/v2\/product\/10933"}],"collection":[{"href":"https:\/\/havamall.vn\/en\/wp-json\/wp\/v2\/product"}],"about":[{"href":"https:\/\/havamall.vn\/en\/wp-json\/wp\/v2\/types\/product"}],"replies":[{"embeddable":true,"href":"https:\/\/havamall.vn\/en\/wp-json\/wp\/v2\/comments?post=10933"}],"version-history":[{"count":0,"href":"https:\/\/havamall.vn\/en\/wp-json\/wp\/v2\/product\/10933\/revisions"}],"wp:featuredmedia":[{"embeddable":true,"href":"https:\/\/havamall.vn\/en\/wp-json\/wp\/v2\/media\/10938"}],"wp:attachment":[{"href":"https:\/\/havamall.vn\/en\/wp-json\/wp\/v2\/media?parent=10933"}],"wp:term":[{"taxonomy":"product_brand","embeddable":true,"href":"https:\/\/havamall.vn\/en\/wp-json\/wp\/v2\/product_brand?post=10933"},{"taxonomy":"product_cat","embeddable":true,"href":"https:\/\/havamall.vn\/en\/wp-json\/wp\/v2\/product_cat?post=10933"},{"taxonomy":"product_tag","embeddable":true,"href":"https:\/\/havamall.vn\/en\/wp-json\/wp\/v2\/product_tag?post=10933"}],"curies":[{"name":"wp","href":"https:\/\/api.w.org\/{rel}","templated":true}]}}