{"id":10918,"date":"2019-05-24T14:36:02","date_gmt":"2019-05-24T07:36:02","guid":{"rendered":"https:\/\/havamall.vn\/?post_type=product&#038;p=10918"},"modified":"2022-05-13T11:54:00","modified_gmt":"2022-05-13T04:54:00","slug":"siro-sam-dua-ginseng-apple-syrup-520ml","status":"publish","type":"product","link":"https:\/\/havamall.vn\/en\/shop\/siro-sam-dua-ginseng-apple-syrup-520ml\/","title":{"rendered":"Siro S\u00e2m D\u1ee9a &#8211; Ginseng Apple Syrup 520ml"},"content":{"rendered":"<p><span style=\"font-size: 14px\"><span style=\"font-size: 12pt\">Siro s\u00e2m d\u1ee9a \u0111\u01b0\u1ee3c s\u1ea3n xu\u1ea5t theo qui tr\u00ecnh hi\u1ec7n \u0111\u1ea1i, kh\u00e9p k\u00edn, mang \u0111\u1ebfn cho b\u1ea1n m\u1ed9t lo\u1ea1i th\u1ee9c u\u1ed1ng b\u1ed5 d\u01b0\u1ee1ng, mang h\u01b0\u01a1ng v\u1ecb tr\u00e1i c\u00e2y t\u1ef1 nhi\u00ean. S\u1ea3n ph\u1ea9m kh\u00f4ng ch\u1ee9a ch\u1ea5t b\u1ea3o qu\u1ea3n n\u00ean an to\u00e0n cho ng\u01b0\u1eddi s\u1eed d\u1ee5ng.<\/span>\u00a0<img fetchpriority=\"high\" decoding=\"async\" class=\"wp-image-10919 aligncenter\" src=\"https:\/\/havamall.vn\/wp-content\/uploads\/2019\/05\/cach-lam-thach-la-dua-pho-mai-dep-mat-thom-ngon.jpg\" alt=\"\" width=\"625\" height=\"352\" srcset=\"https:\/\/havamall.vn\/wp-content\/uploads\/2019\/05\/cach-lam-thach-la-dua-pho-mai-dep-mat-thom-ngon.jpg 730w, https:\/\/havamall.vn\/wp-content\/uploads\/2019\/05\/cach-lam-thach-la-dua-pho-mai-dep-mat-thom-ngon-430x242.jpg 430w, https:\/\/havamall.vn\/wp-content\/uploads\/2019\/05\/cach-lam-thach-la-dua-pho-mai-dep-mat-thom-ngon-150x84.jpg 150w, https:\/\/havamall.vn\/wp-content\/uploads\/2019\/05\/cach-lam-thach-la-dua-pho-mai-dep-mat-thom-ngon-700x394.jpg 700w\" sizes=\"(max-width: 625px) 100vw, 625px\" \/><\/span><\/p>\n<p><span style=\"font-size: 12pt\">Siro \u0111\u01b0\u1ee3c xem l\u00e0 lo\u1ea1i th\u1ee9c u\u1ed1ng b\u1ed5 d\u01b0\u1ee1ng c\u00f3 th\u1ec3 d\u00f9ng tr\u1ef1c ti\u1ebfp ho\u1eb7c ch\u1ebf bi\u1ebfn nhi\u1ec1u th\u1ef1c ph\u1ea9m kh\u00e1c nhau nh\u01b0 l\u00e0m rau c\u00e2u, b\u00e1nh kem, ho\u1eb7c pha v\u1edbi coctail&#8230; Mang \u0111\u1ebfn m\u1ed9t h\u01b0\u01a1ng v\u1ecb m\u1edbi l\u1ea1, k\u00edch th\u00edch v\u1ecb gi\u00e1c ng\u01b0\u1eddi d\u00f9ng. Siro h\u01b0\u01a1ng s\u00e2m d\u1ee9a chai 650ml l\u00e0 s\u1ea3n ph\u1ea9m uy t\u00edn, ch\u1ea5t l\u01b0\u1ee3ng, \u0111\u01b0\u1ee3c nhi\u1ec1u ng\u01b0\u1eddi tin d\u00f9ng v\u00e0 s\u1eed d\u1ee5ng.<br \/>\n<\/span><\/p>\n<p><img decoding=\"async\" class=\"wp-image-10921 aligncenter\" src=\"https:\/\/havamall.vn\/wp-content\/uploads\/2019\/05\/52c893d509a20688e0b41b9dc3e65ed1.jpg\" alt=\"\" width=\"624\" height=\"832\" srcset=\"https:\/\/havamall.vn\/wp-content\/uploads\/2019\/05\/52c893d509a20688e0b41b9dc3e65ed1.jpg 564w, https:\/\/havamall.vn\/wp-content\/uploads\/2019\/05\/52c893d509a20688e0b41b9dc3e65ed1-430x573.jpg 430w, https:\/\/havamall.vn\/wp-content\/uploads\/2019\/05\/52c893d509a20688e0b41b9dc3e65ed1-150x200.jpg 150w\" sizes=\"(max-width: 624px) 100vw, 624px\" \/><\/p>\n<p><span style=\"font-size: 12pt\">C\u00e1ch s\u1eed d\u1ee5ng:<\/span><br style=\"font-size: 13px\" \/><span style=\"font-size: 12pt\">&#8211; Pha n\u01b0\u1edbc gi\u1ea3i kh\u00e1t: Pha 30ml siro v\u1edbi 120ml n\u01b0\u1edbc v\u00e0 cho \u0111\u00e1 v\u00e0o v\u00e0 s\u1eed d\u1ee5ng<\/span><br style=\"font-size: 13px\" \/><span style=\"font-size: 12pt\">&#8211; Pha s\u1eefa t\u01b0\u01a1i tr\u00e1i c\u00e2y: Pha siro v\u1edbi s\u1eefa t\u01b0\u01a1i l\u00e0m s\u1eefa t\u01b0\u01a1i tr\u00e1i c\u00e2y.<\/span><br style=\"font-size: 13px\" \/><span style=\"font-size: 12pt\">&#8211; L\u00e0m rau c\u00e2u: Pha siro v\u1edbi h\u1ed7n h\u1ee3p l\u00e0m rau c\u00e2u \u0111\u1ec3 t\u1ea1o th\u00eam h\u01b0\u01a1ng v\u1ecb v\u00e0 m\u00e0u s\u1eafc h\u1ea5p d\u1eabn cho s\u1ea3n ph\u1ea9m.<\/span><\/p>\n<p>Ngo\u00e0i ra, Siro s\u00e2m d\u1ee9a c\u00f3 th\u1ec3 d\u00f9ng \u0111\u1ec3 t\u1ea1o m\u00e0u cho x\u00f4i c\u00f3 m\u1ed9t m\u00e0u xanh \u0111\u1eb9p m\u1eaft, t\u01b0\u01a1i m\u00e1t v\u00e0 h\u01b0\u01a1ng v\u1ecb th\u01a1m ngon.<\/p>\n<p><img decoding=\"async\" class=\"wp-image-10922 aligncenter\" src=\"https:\/\/havamall.vn\/wp-content\/uploads\/2019\/05\/1c7515f164bcc968c93e37f375c1de6b.jpg\" alt=\"\" width=\"627\" height=\"418\" srcset=\"https:\/\/havamall.vn\/wp-content\/uploads\/2019\/05\/1c7515f164bcc968c93e37f375c1de6b.jpg 564w, https:\/\/havamall.vn\/wp-content\/uploads\/2019\/05\/1c7515f164bcc968c93e37f375c1de6b-430x287.jpg 430w, https:\/\/havamall.vn\/wp-content\/uploads\/2019\/05\/1c7515f164bcc968c93e37f375c1de6b-150x100.jpg 150w\" sizes=\"(max-width: 627px) 100vw, 627px\" \/><\/p>\n<p><span style=\"font-size: 12pt\">\u00a0<\/span><\/p>","protected":false},"excerpt":{"rendered":"<p>Siro s\u00e2m d\u1ee9a \u0111\u01b0\u1ee3c s\u1ea3n xu\u1ea5t theo qui tr\u00ecnh hi\u1ec7n \u0111\u1ea1i, kh\u00e9p k\u00edn, mang \u0111\u1ebfn cho b\u1ea1n m\u1ed9t lo\u1ea1i th\u1ee9c<\/p>","protected":false},"featured_media":10923,"comment_status":"open","ping_status":"closed","template":"","meta":[],"product_brand":[],"product_cat":[36,135,143],"product_tag":[],"class_list":{"0":"post-10918","1":"product","2":"type-product","3":"status-publish","4":"has-post-thumbnail","6":"product_cat-thuc-pham-tieu-dung","7":"product_cat-sua-do-uong","8":"product_cat-thuc-pham-dong-hop","9":"pa_brand-golden-farm","11":"first","12":"instock","13":"sale","14":"shipping-taxable","15":"purchasable","16":"product-type-simple"},"_links":{"self":[{"href":"https:\/\/havamall.vn\/en\/wp-json\/wp\/v2\/product\/10918"}],"collection":[{"href":"https:\/\/havamall.vn\/en\/wp-json\/wp\/v2\/product"}],"about":[{"href":"https:\/\/havamall.vn\/en\/wp-json\/wp\/v2\/types\/product"}],"replies":[{"embeddable":true,"href":"https:\/\/havamall.vn\/en\/wp-json\/wp\/v2\/comments?post=10918"}],"version-history":[{"count":0,"href":"https:\/\/havamall.vn\/en\/wp-json\/wp\/v2\/product\/10918\/revisions"}],"wp:featuredmedia":[{"embeddable":true,"href":"https:\/\/havamall.vn\/en\/wp-json\/wp\/v2\/media\/10923"}],"wp:attachment":[{"href":"https:\/\/havamall.vn\/en\/wp-json\/wp\/v2\/media?parent=10918"}],"wp:term":[{"taxonomy":"product_brand","embeddable":true,"href":"https:\/\/havamall.vn\/en\/wp-json\/wp\/v2\/product_brand?post=10918"},{"taxonomy":"product_cat","embeddable":true,"href":"https:\/\/havamall.vn\/en\/wp-json\/wp\/v2\/product_cat?post=10918"},{"taxonomy":"product_tag","embeddable":true,"href":"https:\/\/havamall.vn\/en\/wp-json\/wp\/v2\/product_tag?post=10918"}],"curies":[{"name":"wp","href":"https:\/\/api.w.org\/{rel}","templated":true}]}}