{"id":10911,"date":"2019-05-24T14:13:59","date_gmt":"2019-05-24T07:13:59","guid":{"rendered":"https:\/\/havamall.vn\/?post_type=product&#038;p=10911"},"modified":"2022-11-02T11:11:08","modified_gmt":"2022-11-02T04:11:08","slug":"siro-kiwi-kiwi-syrup-520ml","status":"publish","type":"product","link":"https:\/\/havamall.vn\/en\/shop\/siro-kiwi-kiwi-syrup-520ml\/","title":{"rendered":"Siro Kiwi &#8211; Kiwi Syrup 520ml"},"content":{"rendered":"<p><span style=\"color: #3b3b3b;\">\u0110\u01b0\u1ee3c s\u1ea3n xu\u1ea5t t\u1eeb tr\u00e1i kiwi t\u1ef1 nhi\u00ean, mang \u0111\u1ebfn h\u01b0\u01a1ng v\u1ecb \u0111\u1eb7c tr\u01b0ng c\u00f9ng gi\u00e1 tr\u1ecb dinh d\u01b0\u1ee1ng tuy\u1ec7t h\u1ea3o c\u1ee7a lo\u1ea1i tr\u00e1i c\u00e2y n\u00e0y, l\u00e0 m\u1ed9t nguy\u00ean li\u1ec7u pha ch\u1ebf kh\u00f4ng th\u1ec3 thi\u1ebfu \u0111\u1ec3 t\u1ea1o ra ly \u0111\u1ed3 u\u1ed1ng th\u01a1m ngon, h\u1ea5p d\u1eabn.\u00a0<\/span><\/p>\n<p><img fetchpriority=\"high\" decoding=\"async\" class=\"wp-image-12445 aligncenter\" src=\"https:\/\/havamall.vn\/wp-content\/uploads\/2019\/05\/kiwi-mojitos-0312-300x300.jpg\" alt=\"\" width=\"566\" height=\"566\" srcset=\"https:\/\/havamall.vn\/wp-content\/uploads\/2019\/05\/kiwi-mojitos-0312-300x300.jpg 300w, https:\/\/havamall.vn\/wp-content\/uploads\/2019\/05\/kiwi-mojitos-0312-430x430.jpg 430w, https:\/\/havamall.vn\/wp-content\/uploads\/2019\/05\/kiwi-mojitos-0312-150x150.jpg 150w, https:\/\/havamall.vn\/wp-content\/uploads\/2019\/05\/kiwi-mojitos-0312-700x699.jpg 700w, https:\/\/havamall.vn\/wp-content\/uploads\/2019\/05\/kiwi-mojitos-0312-768x767.jpg 768w, https:\/\/havamall.vn\/wp-content\/uploads\/2019\/05\/kiwi-mojitos-0312-1024x1024.jpg 1024w, https:\/\/havamall.vn\/wp-content\/uploads\/2019\/05\/kiwi-mojitos-0312.jpg 1200w, https:\/\/havamall.vn\/wp-content\/uploads\/2019\/05\/kiwi-mojitos-0312-600x600.jpg 600w, https:\/\/havamall.vn\/wp-content\/uploads\/2019\/05\/kiwi-mojitos-0312-100x100.jpg 100w\" sizes=\"(max-width: 566px) 100vw, 566px\" \/><\/p>\n<h4><span style=\"color: #3b3b3b; font-size: 12pt;\">\u0110\u1eb7c \u0111i\u1ec3m n\u1ed5i b\u1eadt c\u1ee7a s\u1ea3n ph\u1ea9m:\u00a0<\/span><\/h4>\n<p><span style=\"font-size: 12pt;\"><span style=\"color: #3b3b3b;\">\u0110\u01b0\u1ee3c s\u1ea3n xu\u1ea5t\u00a0<\/span>tr\u00ean d\u00e2y chuy\u1ec1n c\u00f4ng ngh\u1ec7 hi\u1ec7n \u0111\u1ea1i c\u1ee7a c\u00f4ng ty Golden Farm, \u0111\u01b0\u1ee3c ch\u1ee9ng nh\u1eadn v\u1edbi ti\u00eau chu\u1ea9n VSATTP Qu\u1ed1c t\u1ebf ISO 2000:2005, \u0111\u1ea3m b\u1ea3o mang \u0111\u1ebfn<\/span><span style=\"font-size: 12pt;\">\u00a0cho ng\u01b0\u1eddi ti\u00eau d\u00f9ng m\u1ed9t s\u1ea3n ph\u1ea9m ch\u1ea5t l\u01b0\u1ee3ng nh\u1ea5t.<\/span><\/p>\n<p><img decoding=\"async\" class=\"wp-image-10912 aligncenter\" src=\"https:\/\/havamall.vn\/wp-content\/uploads\/2019\/05\/Torani-sir\u00f4-bac-ha-trang-peppermint-750ml-03.jpg\" alt=\"\" width=\"538\" height=\"538\" srcset=\"https:\/\/havamall.vn\/wp-content\/uploads\/2019\/05\/Torani-sir\u00f4-bac-ha-trang-peppermint-750ml-03.jpg 500w, https:\/\/havamall.vn\/wp-content\/uploads\/2019\/05\/Torani-sir\u00f4-bac-ha-trang-peppermint-750ml-03-430x430.jpg 430w, https:\/\/havamall.vn\/wp-content\/uploads\/2019\/05\/Torani-sir\u00f4-bac-ha-trang-peppermint-750ml-03-150x150.jpg 150w\" sizes=\"(max-width: 538px) 100vw, 538px\" \/><\/p>\n<p style=\"font-size: 14px;\"><span style=\"font-size: 12pt;\">V\u1edbi ch\u1ea5t li\u1ec7u chai b\u1eb1ng th\u1ee7y tinh d\u00e0y gi\u00fap b\u1ea1n d\u1ec5 d\u00e0ng b\u1ea3o qu\u1ea3n s\u1ea3n ph\u1ea9m. \u01afu \u0111i\u1ec3m c\u1ee7a s\u1ea3n ph\u1ea9m l\u00e0 siro r\u1ea5t \u0111\u1eadm \u0111\u00e0,\u00a0trong su\u1ed1t v\u00e0\u00a0kh\u00f4ng c\u00f3 c\u1eb7n, l\u00e0m cho\u00a0\u0111\u1ed3 u\u1ed1ng c\u1ee7a b\u1ea1n th\u00eam ph\u1ea7n ch\u1ea5t l\u01b0\u1ee3ng v\u00e0 h\u1ea5p d\u1eabn h\u01a1n.\u00a0<\/span><span style=\"color: #3b3b3b;\"><span style=\"font-size: 12pt;\">\u0110\u01b0\u1ee3c chi\u1ebft xu\u1ea5t t\u1eeb nh\u1eefng tr\u00e1i kiwi t\u01b0\u01a1i ngon nh\u1ea5t, s\u1ea3n ph\u1ea9m \u0111em \u0111\u1ebfn tay ng\u01b0\u1eddi ti\u00eau d\u00f9ng m\u1ed9t h\u01b0\u01a1ng v\u1ecb t\u1ef1 nhi\u00ean v\u1edbi\u00a0m\u1ed9t gi\u00e1 tr\u1ecb dinh d\u01b0\u1ee1ng ho\u00e0n h\u1ea3o, an to\u00e0n cho ng\u01b0\u1eddi s\u1eed d\u1ee5ng.<\/span><\/span><\/p>\n<p style=\"font-size: 14px;\"><span style=\"color: #3b3b3b;\">\u00a0<\/span><img decoding=\"async\" class=\"wp-image-12446 aligncenter\" style=\"font-size: 16px;\" src=\"https:\/\/havamall.vn\/wp-content\/uploads\/2019\/05\/thanh-mat-bo-duong-voi-cach-lam-tra-sua-kiwi-b00bb796791f3dc17dbb2b5d4e862d41-300x200.png\" alt=\"\" width=\"605\" height=\"403\" srcset=\"https:\/\/havamall.vn\/wp-content\/uploads\/2019\/05\/thanh-mat-bo-duong-voi-cach-lam-tra-sua-kiwi-b00bb796791f3dc17dbb2b5d4e862d41-300x200.png 300w, https:\/\/havamall.vn\/wp-content\/uploads\/2019\/05\/thanh-mat-bo-duong-voi-cach-lam-tra-sua-kiwi-b00bb796791f3dc17dbb2b5d4e862d41-430x287.png 430w, https:\/\/havamall.vn\/wp-content\/uploads\/2019\/05\/thanh-mat-bo-duong-voi-cach-lam-tra-sua-kiwi-b00bb796791f3dc17dbb2b5d4e862d41-150x100.png 150w, https:\/\/havamall.vn\/wp-content\/uploads\/2019\/05\/thanh-mat-bo-duong-voi-cach-lam-tra-sua-kiwi-b00bb796791f3dc17dbb2b5d4e862d41-600x400.png 600w, https:\/\/havamall.vn\/wp-content\/uploads\/2019\/05\/thanh-mat-bo-duong-voi-cach-lam-tra-sua-kiwi-b00bb796791f3dc17dbb2b5d4e862d41.png 693w\" sizes=\"(max-width: 605px) 100vw, 605px\" \/><\/p>\n<p><span style=\"font-size: 12pt;\">S\u1ea3n ph\u1ea9m \u0111\u01b0\u1ee3c s\u1eed d\u1ee5ng \u0111\u1ec3 pha ch\u1ebf c\u00e1c lo\u1ea1i \u0111\u1ed3 u\u1ed1ng gi\u1ea3i kh\u00e1t v\u00e0 m\u1ed9t s\u1ed1 \u0111\u1ed3 \u0103n\u00a0nh\u01b0: sinh t\u1ed1, s\u1eefa t\u01b0\u01a1i, coktail, mojito,\u00a0th\u1ea1ch rau c\u00e2u,&#8230;.<\/span><\/p>\n<p>&nbsp;<\/p>\n<p>&nbsp;<\/p>","protected":false},"excerpt":{"rendered":"<p>\u0110\u01b0\u1ee3c s\u1ea3n xu\u1ea5t t\u1eeb tr\u00e1i kiwi t\u1ef1 nhi\u00ean, mang \u0111\u1ebfn h\u01b0\u01a1ng v\u1ecb \u0111\u1eb7c tr\u01b0ng c\u00f9ng gi\u00e1 tr\u1ecb dinh d\u01b0\u1ee1ng tuy\u1ec7t<\/p>","protected":false},"featured_media":10913,"comment_status":"open","ping_status":"closed","template":"","meta":[],"product_brand":[],"product_cat":[36,135,143],"product_tag":[],"class_list":{"0":"post-10911","1":"product","2":"type-product","3":"status-publish","4":"has-post-thumbnail","6":"product_cat-thuc-pham-tieu-dung","7":"product_cat-sua-do-uong","8":"product_cat-thuc-pham-dong-hop","9":"pa_brand-golden-farm","11":"first","12":"instock","13":"sale","14":"shipping-taxable","15":"purchasable","16":"product-type-simple"},"_links":{"self":[{"href":"https:\/\/havamall.vn\/en\/wp-json\/wp\/v2\/product\/10911"}],"collection":[{"href":"https:\/\/havamall.vn\/en\/wp-json\/wp\/v2\/product"}],"about":[{"href":"https:\/\/havamall.vn\/en\/wp-json\/wp\/v2\/types\/product"}],"replies":[{"embeddable":true,"href":"https:\/\/havamall.vn\/en\/wp-json\/wp\/v2\/comments?post=10911"}],"version-history":[{"count":0,"href":"https:\/\/havamall.vn\/en\/wp-json\/wp\/v2\/product\/10911\/revisions"}],"wp:featuredmedia":[{"embeddable":true,"href":"https:\/\/havamall.vn\/en\/wp-json\/wp\/v2\/media\/10913"}],"wp:attachment":[{"href":"https:\/\/havamall.vn\/en\/wp-json\/wp\/v2\/media?parent=10911"}],"wp:term":[{"taxonomy":"product_brand","embeddable":true,"href":"https:\/\/havamall.vn\/en\/wp-json\/wp\/v2\/product_brand?post=10911"},{"taxonomy":"product_cat","embeddable":true,"href":"https:\/\/havamall.vn\/en\/wp-json\/wp\/v2\/product_cat?post=10911"},{"taxonomy":"product_tag","embeddable":true,"href":"https:\/\/havamall.vn\/en\/wp-json\/wp\/v2\/product_tag?post=10911"}],"curies":[{"name":"wp","href":"https:\/\/api.w.org\/{rel}","templated":true}]}}