{"id":10893,"date":"2019-05-23T16:45:28","date_gmt":"2019-05-23T09:45:28","guid":{"rendered":"https:\/\/havamall.vn\/?post_type=product&#038;p=10893"},"modified":"2022-05-13T11:54:28","modified_gmt":"2022-05-13T04:54:28","slug":"siro-dau-strawberry-syrup-520ml","status":"publish","type":"product","link":"https:\/\/havamall.vn\/en\/shop\/siro-dau-strawberry-syrup-520ml\/","title":{"rendered":"Siro D\u00e2u &#8211; Strawberry Syrup 520ml"},"content":{"rendered":"<p><span style=\"font-size: 12pt\">Sir\u00f4 D\u00e2u Golden Farm<strong style=\"color: #020202\">\u00a0<\/strong><\/span><span style=\"color: #020202;font-size: 13px\"><span style=\"font-size: 12pt\">l\u00e0 s\u1ea3n ph\u1ea9m \u0111\u01b0\u1ee3c \u01b0u ti\u00ean h\u00e0ng \u0111\u00e2u khi b\u1ea1n c\u00f3 c\u00e1c bu\u1ed5i ti\u1ec7c v\u1edbi gia \u0111\u00ecnh hay nh\u1eefng khi h\u1ecdp m\u1eb7t b\u1ea1n b\u00e8. S\u1ea3n ph\u1ea9m c\u00f3 th\u1ec3 d\u00f9ng \u0111\u1ec3 pha ch\u1ebf t\u1ea1o n\u00ean nh\u1eefng th\u1ee9c u\u1ed1ng th\u01a1m ngon nh\u01b0\u00a0cocktail, s\u1eefa t\u01b0\u01a1i tr\u00e1i c\u00e2y, tr\u00e0 s\u1eefa hay rau c\u00e2u&#8230;<\/span>.<\/span><\/p>\n<p><img fetchpriority=\"high\" decoding=\"async\" class=\"size-full wp-image-10900 aligncenter\" src=\"https:\/\/havamall.vn\/wp-content\/uploads\/2019\/05\/618bcc0b5eb1377b0ac9a851dd1fbdbd.jpg\" alt=\"\" width=\"800\" height=\"800\" srcset=\"https:\/\/havamall.vn\/wp-content\/uploads\/2019\/05\/618bcc0b5eb1377b0ac9a851dd1fbdbd.jpg 800w, https:\/\/havamall.vn\/wp-content\/uploads\/2019\/05\/618bcc0b5eb1377b0ac9a851dd1fbdbd-430x430.jpg 430w, https:\/\/havamall.vn\/wp-content\/uploads\/2019\/05\/618bcc0b5eb1377b0ac9a851dd1fbdbd-150x150.jpg 150w, https:\/\/havamall.vn\/wp-content\/uploads\/2019\/05\/618bcc0b5eb1377b0ac9a851dd1fbdbd-700x700.jpg 700w\" sizes=\"(max-width: 800px) 100vw, 800px\" \/><\/p>\n<p><span style=\"color: #020202;font-size: 12pt\">Sir\u00f4 D\u00e2u Golden Farm \u0111\u01b0\u1ee3c s\u1eed d\u1ee5ng nguy\u00ean li\u1ec7u t\u1ef1 nhi\u00ean ho\u00e0n to\u00e0n l\u00e0 nh\u1eefng tr\u00e1i d\u00e2u ch\u00edn m\u1ecdng.<br \/>\nS\u1eed d\u1ee5ng c\u00f4ng ngh\u1ec7 s\u1ea3n xu\u1ea5t kh\u00e9p k\u00edn, \u0111\u1ea3m b\u1ea3o v\u1ec7 sinh gi\u00fap gi\u1eef l\u1ea1i to\u00e0n b\u1ed9 c\u00e1c vitamin.\u00a0<\/span><span style=\"color: #020202;font-size: 12pt\"><span style=\"font-size: 12pt\">H\u01b0\u01a1ng v\u1ecb d\u00e2u ng\u1ecdt ng\u00e0o\u00a0<\/span><\/span><\/p>\n<p><span style=\"color: #020202;font-size: 12pt\"><img decoding=\"async\" class=\"size-full wp-image-10901 aligncenter\" src=\"https:\/\/havamall.vn\/wp-content\/uploads\/2019\/05\/Mojito-D\u00e2u.jpg\" alt=\"\" width=\"772\" height=\"432\" srcset=\"https:\/\/havamall.vn\/wp-content\/uploads\/2019\/05\/Mojito-D\u00e2u.jpg 772w, https:\/\/havamall.vn\/wp-content\/uploads\/2019\/05\/Mojito-D\u00e2u-430x241.jpg 430w, https:\/\/havamall.vn\/wp-content\/uploads\/2019\/05\/Mojito-D\u00e2u-150x84.jpg 150w, https:\/\/havamall.vn\/wp-content\/uploads\/2019\/05\/Mojito-D\u00e2u-700x392.jpg 700w\" sizes=\"(max-width: 772px) 100vw, 772px\" \/><br \/>\nC\u00e1ch pha ch\u1ebf: Cho 30ml siro v\u1edbi 120ml n\u01b0\u1edbc, cho \u0111\u00e1 v\u00e0o ly l\u00e0 b\u1ea1n \u0111\u00e3 c\u00f3 ngay ly n\u01b0\u1edbc i nhi\u1ec7t cho m\u00f9a h\u00e8 n\u00f3ng b\u1ee9c<\/span><\/p>","protected":false},"excerpt":{"rendered":"<p>Sir\u00f4 D\u00e2u Golden Farm\u00a0l\u00e0 s\u1ea3n ph\u1ea9m \u0111\u01b0\u1ee3c \u01b0u ti\u00ean h\u00e0ng \u0111\u00e2u khi b\u1ea1n c\u00f3 c\u00e1c bu\u1ed5i ti\u1ec7c v\u1edbi gia \u0111\u00ecnh<\/p>","protected":false},"featured_media":10902,"comment_status":"open","ping_status":"closed","template":"","meta":[],"product_brand":[],"product_cat":[36,135],"product_tag":[],"class_list":{"0":"post-10893","1":"product","2":"type-product","3":"status-publish","4":"has-post-thumbnail","6":"product_cat-thuc-pham-tieu-dung","7":"product_cat-sua-do-uong","8":"pa_brand-golden-farm","10":"first","11":"instock","12":"sale","13":"shipping-taxable","14":"purchasable","15":"product-type-simple"},"_links":{"self":[{"href":"https:\/\/havamall.vn\/en\/wp-json\/wp\/v2\/product\/10893"}],"collection":[{"href":"https:\/\/havamall.vn\/en\/wp-json\/wp\/v2\/product"}],"about":[{"href":"https:\/\/havamall.vn\/en\/wp-json\/wp\/v2\/types\/product"}],"replies":[{"embeddable":true,"href":"https:\/\/havamall.vn\/en\/wp-json\/wp\/v2\/comments?post=10893"}],"version-history":[{"count":0,"href":"https:\/\/havamall.vn\/en\/wp-json\/wp\/v2\/product\/10893\/revisions"}],"wp:featuredmedia":[{"embeddable":true,"href":"https:\/\/havamall.vn\/en\/wp-json\/wp\/v2\/media\/10902"}],"wp:attachment":[{"href":"https:\/\/havamall.vn\/en\/wp-json\/wp\/v2\/media?parent=10893"}],"wp:term":[{"taxonomy":"product_brand","embeddable":true,"href":"https:\/\/havamall.vn\/en\/wp-json\/wp\/v2\/product_brand?post=10893"},{"taxonomy":"product_cat","embeddable":true,"href":"https:\/\/havamall.vn\/en\/wp-json\/wp\/v2\/product_cat?post=10893"},{"taxonomy":"product_tag","embeddable":true,"href":"https:\/\/havamall.vn\/en\/wp-json\/wp\/v2\/product_tag?post=10893"}],"curies":[{"name":"wp","href":"https:\/\/api.w.org\/{rel}","templated":true}]}}