{"id":10873,"date":"2019-05-23T14:49:37","date_gmt":"2019-05-23T07:49:37","guid":{"rendered":"https:\/\/havamall.vn\/?post_type=product&#038;p=10873"},"modified":"2024-05-07T10:07:18","modified_gmt":"2024-05-07T03:07:18","slug":"sot-salad-me-rang-roasted-sesame-sauce-250ml","status":"publish","type":"product","link":"https:\/\/havamall.vn\/en\/shop\/sot-salad-me-rang-roasted-sesame-sauce-250ml\/","title":{"rendered":"S\u1ed1t Salad M\u00e8 Rang Golden Farm"},"content":{"rendered":"<p>V\u1edbi nh\u1eefng th\u00e0nh ph\u1ea7n b\u1ed5 d\u01b0\u1ee1ng v\u00e0 h\u01b0\u01a1ng v\u1ecb m\u00e8 rang th\u01a1m ngon, s\u1ed1t sald m\u00e8 rang s\u1ebd gi\u00fap cho b\u1eefa \u0103n c\u1ee7a b\u1ea1n th\u00eam h\u01b0\u01a1ng v\u1ecb thi\u00ean nhi\u00ean v\u00e0 t\u1ed1t cho \u0111\u01b0\u1eddng ti\u00eau h\u00f3a. S\u1ea3n ph\u1ea9m ph\u00f9 h\u1ee3p v\u1edbi c\u00e1c m\u00f3n \u0103n salad theo ch\u1ebf \u0111\u1ed9 \u0103n ki\u00eang.<br \/>\n<strong>\u0110\u1eb7c \u0111i\u1ec3m s\u1ea3n ph\u1ea9m:<\/strong><br \/>\nKh\u1ed1i l\u01b0\u1ee3ng 250G<br \/>\nTh\u00e0nh ph\u1ea7n: D\u1ea7u \u0111\u1eadu n\u00e0nh, N\u01b0\u1edbc \u0111\u01b0\u1eddng, N\u01b0\u1edbc t\u01b0\u01a1ng, Gi\u1ea5m, M\u00e8 (5%), D\u1ea7u m\u00e8 (2%), L\u00f2ng \u0111\u1ecf tr\u1ee9ng g\u00e0, Mu\u1ed1i, Ch\u1ea5t \u0111i\u1ec1u b\u1ecb (621), Chi\u1ebft xu\u1ea5t men, Chi\u1ebft xu\u1ea5t h\u1ea1t m\u00f9 t\u1ea1t,\u2026<br \/>\nNguy\u00ean li\u1ec7u \u0111\u01b0\u1ee3c l\u1ef1a ch\u1ecdn v\u00e0 ch\u1ebf bi\u1ebfn theo quy tr\u00ecnh kh\u00e9p k\u00edn v\u00e0 ti\u1ec7t tr\u00f9ng. Kh\u00f4ng c\u00f3 ch\u1ea5t h\u00f3a h\u1ecdc g\u00e2y h\u1ea1i cho ng\u01b0\u1eddi ti\u00eau d\u00f9ng.<br \/>\nPh\u00f9 h\u1ee3p v\u1edbi m\u1ecdi l\u1ee9a tu\u1ed5i.<br \/>\nBao b\u00ec \u0111\u00f3ng g\u00f3i ch\u1eafc ch\u1eafn. D\u1ec5 d\u00e0ng mang theo khi \u0111i picnic ho\u1eb7c du l\u1ecbch.<br \/>\nNgo\u00e0i ra, x\u1ed1t m\u00e8 rang k\u1ebft h\u1ee3p v\u1edbi c\u00e1c m\u00f3n n\u01b0\u1edbng, m\u00f3n chi\u00ean, ch\u1ea3 gi\u00f2&#8230; \u0111\u1ec1u r\u1ea5t tuy\u1ec7t! Th\u01b0\u1edfng th\u1ee9c v\u00e0 c\u1ea3m nh\u1eadn mi\u1ebfng ch\u1ea3 gi\u00f2 v\u00e0ng \u01b0\u01a1m, gi\u00f2n gi\u00f2n l\u1eabn ch\u00fat x\u1ed1t m\u00e8 rang th\u01a1m l\u1eebng, b\u00f9i b\u00f9i kh\u00f3 c\u01b0\u1ee1ng.<img fetchpriority=\"high\" decoding=\"async\" class=\"wp-image-20448 aligncenter\" src=\"https:\/\/havamall.vn\/wp-content\/uploads\/2019\/05\/4-15535108488622909508-300x200.jpg\" alt=\"\" width=\"661\" height=\"440\" srcset=\"https:\/\/havamall.vn\/wp-content\/uploads\/2019\/05\/4-15535108488622909508-300x200.jpg 300w, https:\/\/havamall.vn\/wp-content\/uploads\/2019\/05\/4-15535108488622909508-430x287.jpg 430w, https:\/\/havamall.vn\/wp-content\/uploads\/2019\/05\/4-15535108488622909508-150x100.jpg 150w, https:\/\/havamall.vn\/wp-content\/uploads\/2019\/05\/4-15535108488622909508-700x467.jpg 700w, https:\/\/havamall.vn\/wp-content\/uploads\/2019\/05\/4-15535108488622909508-768x512.jpg 768w, https:\/\/havamall.vn\/wp-content\/uploads\/2019\/05\/4-15535108488622909508-1024x683.jpg 1024w, https:\/\/havamall.vn\/wp-content\/uploads\/2019\/05\/4-15535108488622909508.jpg 1200w, https:\/\/havamall.vn\/wp-content\/uploads\/2019\/05\/4-15535108488622909508-600x400.jpg 600w\" sizes=\"(max-width: 661px) 100vw, 661px\" \/><\/p>\n<p>M\u00f3n g\u00e0 chi\u00ean b\u1ed9t tr\u1edf n\u00ean m\u1edbi l\u1ea1 v\u00e0 m\u1ec1m m\u1ecbn khi ph\u1ebft th\u00eam \u00edt x\u1ed1t \u0111\u1eadu ph\u1ed9ng, \u0111\u1ec3 c\u00e1c v\u1ecb quy\u1ec7n l\u1eabn v\u00e0o nhau, l\u01b0u luy\u1ebfn \u0111\u1ea7u v\u1ecb gi\u00e1c.<\/p>\n<p><img decoding=\"async\" class=\"wp-image-10875 aligncenter\" src=\"https:\/\/havamall.vn\/wp-content\/uploads\/2019\/05\/25659993_1981342038772828_4434742976494350112_n.jpg\" alt=\"\" width=\"668\" height=\"668\" srcset=\"https:\/\/havamall.vn\/wp-content\/uploads\/2019\/05\/25659993_1981342038772828_4434742976494350112_n.jpg 960w, https:\/\/havamall.vn\/wp-content\/uploads\/2019\/05\/25659993_1981342038772828_4434742976494350112_n-430x430.jpg 430w, https:\/\/havamall.vn\/wp-content\/uploads\/2019\/05\/25659993_1981342038772828_4434742976494350112_n-150x150.jpg 150w, https:\/\/havamall.vn\/wp-content\/uploads\/2019\/05\/25659993_1981342038772828_4434742976494350112_n-700x700.jpg 700w\" sizes=\"(max-width: 668px) 100vw, 668px\" \/><\/p>\n<p>B\u1ea1n \u0111\u00e3 bao gi\u1edd th\u1eed d\u00f9ng x\u1ed1t m\u00e8 rang \u0111\u1ec3 \u01b0\u1edbp c\u00e1c m\u00f3n n\u01b0\u1edbng ch\u01b0a? V\u1ecb gi\u00e1c s\u1ebd b\u1ecb k\u00edch th\u00edch ngay t\u1eeb khi m\u00f3n n\u01b0\u1edbng ch\u00edn t\u1edbi. M\u00f3n \u0103n v\u1eeba th\u1ea5m v\u1ecb, \u0111\u1eadm \u0111\u00e0 v\u1eeba gi\u1eef \u0111\u01b0\u1ee3c v\u1ecb ng\u1ecdt m\u1ec1m th\u01a1m ngon.<\/p>","protected":false},"excerpt":{"rendered":"<p>V\u1edbi nh\u1eefng th\u00e0nh ph\u1ea7n b\u1ed5 d\u01b0\u1ee1ng v\u00e0 h\u01b0\u01a1ng v\u1ecb m\u00e8 rang th\u01a1m ngon, s\u1ed1t sald m\u00e8 rang s\u1ebd gi\u00fap cho<\/p>","protected":false},"featured_media":29464,"comment_status":"open","ping_status":"closed","template":"","meta":[],"product_brand":[],"product_cat":[36,143],"product_tag":[],"class_list":{"0":"post-10873","1":"product","2":"type-product","3":"status-publish","4":"has-post-thumbnail","6":"product_cat-thuc-pham-tieu-dung","7":"product_cat-thuc-pham-dong-hop","8":"pa_brand-golden-farm","10":"first","11":"instock","12":"sale","13":"shipping-taxable","14":"purchasable","15":"product-type-variable"},"_links":{"self":[{"href":"https:\/\/havamall.vn\/en\/wp-json\/wp\/v2\/product\/10873"}],"collection":[{"href":"https:\/\/havamall.vn\/en\/wp-json\/wp\/v2\/product"}],"about":[{"href":"https:\/\/havamall.vn\/en\/wp-json\/wp\/v2\/types\/product"}],"replies":[{"embeddable":true,"href":"https:\/\/havamall.vn\/en\/wp-json\/wp\/v2\/comments?post=10873"}],"version-history":[{"count":0,"href":"https:\/\/havamall.vn\/en\/wp-json\/wp\/v2\/product\/10873\/revisions"}],"wp:featuredmedia":[{"embeddable":true,"href":"https:\/\/havamall.vn\/en\/wp-json\/wp\/v2\/media\/29464"}],"wp:attachment":[{"href":"https:\/\/havamall.vn\/en\/wp-json\/wp\/v2\/media?parent=10873"}],"wp:term":[{"taxonomy":"product_brand","embeddable":true,"href":"https:\/\/havamall.vn\/en\/wp-json\/wp\/v2\/product_brand?post=10873"},{"taxonomy":"product_cat","embeddable":true,"href":"https:\/\/havamall.vn\/en\/wp-json\/wp\/v2\/product_cat?post=10873"},{"taxonomy":"product_tag","embeddable":true,"href":"https:\/\/havamall.vn\/en\/wp-json\/wp\/v2\/product_tag?post=10873"}],"curies":[{"name":"wp","href":"https:\/\/api.w.org\/{rel}","templated":true}]}}