{"id":10836,"date":"2019-05-23T12:20:50","date_gmt":"2019-05-23T05:20:50","guid":{"rendered":"https:\/\/havamall.vn\/?post_type=product&#038;p=10836"},"modified":"2021-06-05T11:56:01","modified_gmt":"2021-06-05T04:56:01","slug":"sot-spaghetti-truyen-thong-traditional-spaghetti-sauce","status":"publish","type":"product","link":"https:\/\/havamall.vn\/en\/shop\/sot-spaghetti-truyen-thong-traditional-spaghetti-sauce\/","title":{"rendered":"S\u1ed1t Spaghetti Truy\u1ec1n Th\u1ed1ng &#8211; Traditional Spaghetti Sauce"},"content":{"rendered":"<p style=\"color: #333333;font-size: 13px\"><span style=\"font-size: 12pt\">S\u1ed1t m\u00ec\u00a0spaghetti truy\u1ec1n th\u1ed1ng Golden Farm\u00a0c\u00f3 th\u00e0nh ph\u1ea7n nguy\u00ean li\u1ec7u \u0111\u01b0\u1ee3c l\u1ef1a ch\u1ecdn k\u1ef9 l\u01b0\u1ee1ng, kh\u00f4ng ch\u1ee9a h\u00f3a ch\u1ea5t \u0111\u1ed9c h\u1ea1i, an to\u00e0n cho ng\u01b0\u1eddi d\u00f9ng. S\u1ea3n ph\u1ea9m \u0111\u01b0\u1ee3c s\u1ea3n xu\u1ea5t tr\u00ean quy tr\u00ecnh c\u00f4ng ngh\u1ec7 hi\u1ec7n \u0111\u1ea1i, \u0111\u01b0\u1ee3c ki\u1ec3m duy\u1ec7t ch\u1eb7t ch\u1ebd, \u0111\u1ea3m b\u1ea3o ch\u1ea5t l\u01b0\u1ee3ng.\u00a0<\/span>\u00a0<img fetchpriority=\"high\" decoding=\"async\" class=\"wp-image-12456 aligncenter\" src=\"https:\/\/havamall.vn\/wp-content\/uploads\/2019\/05\/hinh-mi-y-xot-bo-bam-300x200.jpg\" alt=\"\" width=\"703\" height=\"469\" srcset=\"https:\/\/havamall.vn\/wp-content\/uploads\/2019\/05\/hinh-mi-y-xot-bo-bam-300x200.jpg 300w, https:\/\/havamall.vn\/wp-content\/uploads\/2019\/05\/hinh-mi-y-xot-bo-bam-430x287.jpg 430w, https:\/\/havamall.vn\/wp-content\/uploads\/2019\/05\/hinh-mi-y-xot-bo-bam-150x100.jpg 150w, https:\/\/havamall.vn\/wp-content\/uploads\/2019\/05\/hinh-mi-y-xot-bo-bam.jpg 600w\" sizes=\"(max-width: 703px) 100vw, 703px\" \/><\/p>\n<p style=\"color: #333333;font-size: 13px\"><span style=\"font-size: 12pt\">S\u1ea3n ph\u1ea9m \u0111\u01b0\u1ee3c l\u00e0m t\u1eeb c\u00e0 chua t\u1ef1 nhi\u00ean k\u1ebft h\u1ee3p v\u1edbi c\u00e1c lo\u1ea1i gia v\u1ecb kh\u00e1c nh\u01b0 \u0111\u01b0\u1eddng m\u00eda, mu\u1ed1i, d\u1ea7u th\u1ef1c v\u1eadt, h\u00e0nh, t\u1ecfi, h\u1ed3i, qu\u1ebf. C\u00e0 chua h\u00f2a v\u1edbi gia v\u1ecb v\u1eeba ph\u1ea3i t\u1ea1o n\u00ean h\u01b0\u01a1ng v\u1ecb \u0111\u1eb7c bi\u1ec7t th\u01a1m ngon. S\u1ed1t m\u1ef3 spaghetti truy\u1ec1n th\u1ed1ng Golden Farm c\u00f3 th\u1ec3 d\u00f9ng v\u1edbi m\u1ef3 spaghetti hay c\u00f3 th\u1ec3 d\u00f9ng l\u00e0m lagu, b\u00e1nh pizza, c\u01a1m chi\u00ean\u2026 s\u1ebd th\u00eam ph\u1ea7n h\u1ea5p d\u1eabn.<\/span><\/p>\n<p style=\"color: #333333;font-size: 13px\"><span style=\"font-size: 12pt\">S\u1ed1t m\u00ec\u00a0spaghetti truy\u1ec1n th\u1ed1ng Golden Farm<strong>\u00a0<\/strong>thi\u1ebft k\u1ebf\u00a0d\u1ea1ng l\u1ecd, c\u00f3 n\u1eafp \u0111\u1eady ti\u1ec7n d\u1ee5ng, d\u1ec5 b\u1ea3o qu\u1ea3n v\u00e0 d\u00f9ng \u0111\u01b0\u1ee3c l\u00e2u. V\u1edbi\u00a0S\u1ed1t m\u00ec\u00a0spaghetti truy\u1ec1n th\u1ed1ng Golden Farm, gia \u0111\u00ecnh b\u1ea1n s\u1ebd d\u1ec5 d\u00e0ng ch\u1ebf bi\u1ebfn m\u00f3n \u0103n ngon nh\u01b0 \u1edf nh\u00e0 h\u00e0ng, gi\u00fap ti\u1ebft ki\u1ec7m th\u1eddi gian v\u00e0 chi ph\u00ed.<\/span><\/p>\n<p><img decoding=\"async\" class=\"wp-image-12457 aligncenter\" style=\"font-size: 13px\" src=\"https:\/\/havamall.vn\/wp-content\/uploads\/2019\/05\/mi-xao-sot-ca-chua-4-2-300x168.png\" alt=\"\" width=\"692\" height=\"387\" srcset=\"https:\/\/havamall.vn\/wp-content\/uploads\/2019\/05\/mi-xao-sot-ca-chua-4-2-300x168.png 300w, https:\/\/havamall.vn\/wp-content\/uploads\/2019\/05\/mi-xao-sot-ca-chua-4-2-430x241.png 430w, https:\/\/havamall.vn\/wp-content\/uploads\/2019\/05\/mi-xao-sot-ca-chua-4-2-150x84.png 150w, https:\/\/havamall.vn\/wp-content\/uploads\/2019\/05\/mi-xao-sot-ca-chua-4-2-700x392.png 700w, https:\/\/havamall.vn\/wp-content\/uploads\/2019\/05\/mi-xao-sot-ca-chua-4-2-768x430.png 768w, https:\/\/havamall.vn\/wp-content\/uploads\/2019\/05\/mi-xao-sot-ca-chua-4-2-600x336.png 600w, https:\/\/havamall.vn\/wp-content\/uploads\/2019\/05\/mi-xao-sot-ca-chua-4-2.png 772w\" sizes=\"(max-width: 692px) 100vw, 692px\" \/><\/p>\n<p><span style=\"font-size: 12pt\"><span style=\"font-size: 13px\">\u00a0<span style=\"font-size: 14px\">Cho s\u1ed1t v\u00e0o n\u1ed3i, \u0111un n\u00f3ng, th\u00eam \u0111\u01b0\u1eddng v\u00e0 mu\u1ed1i \u0103n n\u1ebfu c\u1ea7n, n\u1ebfu th\u00edch cho th\u00eam heo, b\u00f2 hay g\u00e0 xay \u0111\u00e3 phi th\u01a1m tr\u01b0\u1edbc. Lu\u1ed9c m\u00ec v\u1eeba ch\u00edn, v\u1edbt ra \u0111\u1ec3 r\u00e1o. B\u00e0y m\u00ec l\u00ean d\u0129a v\u00e0 cho s\u1ed1t l\u00ean. S\u1ed1t c\u00f3 th\u1ec3 d\u00f9ng l\u00e0m lagu, b\u00e1nh pizza, c\u01a1m chi\u00ean, \u2026<\/span><\/span><\/span><\/p>\n<p>&nbsp;<\/p>\n<p style=\"color: #333333;font-size: 13px\"><span style=\"font-size: 12pt\">\u00a0<\/span><\/p>\n<p>&nbsp;<\/p>\n<p>&nbsp;<\/p>","protected":false},"excerpt":{"rendered":"<p>S\u1ed1t m\u00ec\u00a0spaghetti truy\u1ec1n th\u1ed1ng Golden Farm\u00a0c\u00f3 th\u00e0nh ph\u1ea7n nguy\u00ean li\u1ec7u \u0111\u01b0\u1ee3c l\u1ef1a ch\u1ecdn k\u1ef9 l\u01b0\u1ee1ng, kh\u00f4ng ch\u1ee9a h\u00f3a ch\u1ea5t \u0111\u1ed9c<\/p>","protected":false},"featured_media":10840,"comment_status":"open","ping_status":"closed","template":"","meta":[],"product_brand":[],"product_cat":[626],"product_tag":[],"class_list":{"0":"post-10836","1":"product","2":"type-product","3":"status-publish","4":"has-post-thumbnail","6":"product_cat-het-hang","7":"pa_brand-golden-farm","9":"first","10":"outofstock","11":"sale","12":"shipping-taxable","13":"purchasable","14":"product-type-simple"},"_links":{"self":[{"href":"https:\/\/havamall.vn\/en\/wp-json\/wp\/v2\/product\/10836"}],"collection":[{"href":"https:\/\/havamall.vn\/en\/wp-json\/wp\/v2\/product"}],"about":[{"href":"https:\/\/havamall.vn\/en\/wp-json\/wp\/v2\/types\/product"}],"replies":[{"embeddable":true,"href":"https:\/\/havamall.vn\/en\/wp-json\/wp\/v2\/comments?post=10836"}],"version-history":[{"count":0,"href":"https:\/\/havamall.vn\/en\/wp-json\/wp\/v2\/product\/10836\/revisions"}],"wp:featuredmedia":[{"embeddable":true,"href":"https:\/\/havamall.vn\/en\/wp-json\/wp\/v2\/media\/10840"}],"wp:attachment":[{"href":"https:\/\/havamall.vn\/en\/wp-json\/wp\/v2\/media?parent=10836"}],"wp:term":[{"taxonomy":"product_brand","embeddable":true,"href":"https:\/\/havamall.vn\/en\/wp-json\/wp\/v2\/product_brand?post=10836"},{"taxonomy":"product_cat","embeddable":true,"href":"https:\/\/havamall.vn\/en\/wp-json\/wp\/v2\/product_cat?post=10836"},{"taxonomy":"product_tag","embeddable":true,"href":"https:\/\/havamall.vn\/en\/wp-json\/wp\/v2\/product_tag?post=10836"}],"curies":[{"name":"wp","href":"https:\/\/api.w.org\/{rel}","templated":true}]}}