{"id":10819,"date":"2019-05-22T16:54:26","date_gmt":"2019-05-22T09:54:26","guid":{"rendered":"https:\/\/havamall.vn\/?post_type=product&#038;p=10819"},"modified":"2021-12-23T16:42:04","modified_gmt":"2021-12-23T09:42:04","slug":"bo-hat-phi-cacao-hazelnut-cocoa-170g","status":"publish","type":"product","link":"https:\/\/havamall.vn\/en\/shop\/bo-hat-phi-cacao-hazelnut-cocoa-170g\/","title":{"rendered":"B\u01a1 H\u1ea1t Ph\u1ec9 Cacao &#8211; Hazelnut Cocoa 170g"},"content":{"rendered":"<p><span style=\"font-size: 12pt\">B\u01a1 h\u1ea1t ph\u1ec9 (Hazelnut) ca cao Golden farm 170gr<span style=\"color: #242424\">\u00a0l\u00e0 s\u1ef1 h\u00f2a quy\u1ec7n gi\u1eefa c\u00e1c h\u1ea1t ph\u1ec9 ch\u1ea5t l\u01b0\u1ee3ng \u0111\u01b0\u1ee3c ch\u1ecdn l\u1ef1a k\u1ef9 l\u01b0\u1ee1ng v\u1edbi c\u00e1c lo\u1ea1i gia v\u1ecb t\u1ef1 nhi\u00ean kh\u00e1c t\u1ea1o n\u00ean h\u01b0\u01a1ng v\u1ecb \u0111\u1eb7c bi\u1ec7t th\u01a1m ngon h\u1ea5p d\u1eabn ng\u01b0\u1eddi d\u00f9ng.<\/span><\/span><\/p>\n<p><img fetchpriority=\"high\" decoding=\"async\" class=\"wp-image-24600 aligncenter\" src=\"https:\/\/havamall.vn\/wp-content\/uploads\/2019\/05\/242291240_2-300x300.png\" alt=\"\" width=\"773\" height=\"773\" srcset=\"https:\/\/havamall.vn\/wp-content\/uploads\/2019\/05\/242291240_2-300x300.png 300w, https:\/\/havamall.vn\/wp-content\/uploads\/2019\/05\/242291240_2-430x430.png 430w, https:\/\/havamall.vn\/wp-content\/uploads\/2019\/05\/242291240_2-150x150.png 150w, https:\/\/havamall.vn\/wp-content\/uploads\/2019\/05\/242291240_2-700x700.png 700w, https:\/\/havamall.vn\/wp-content\/uploads\/2019\/05\/242291240_2-768x768.png 768w, https:\/\/havamall.vn\/wp-content\/uploads\/2019\/05\/242291240_2-1024x1024.png 1024w, https:\/\/havamall.vn\/wp-content\/uploads\/2019\/05\/242291240_2-1200x1199.png 1200w, https:\/\/havamall.vn\/wp-content\/uploads\/2019\/05\/242291240_2-600x600.png 600w, https:\/\/havamall.vn\/wp-content\/uploads\/2019\/05\/242291240_2-100x100.png 100w, https:\/\/havamall.vn\/wp-content\/uploads\/2019\/05\/242291240_2.png 2048w\" sizes=\"(max-width: 773px) 100vw, 773px\" \/><br style=\"color: #242424;font-size: 13px\" \/><span style=\"color: #242424;font-size: 12pt\">S\u1ea3n ph\u1ea9m \u0111\u01b0\u1ee3c s\u1ea3n xu\u1ea5t b\u1edfi th\u01b0\u01a1ng hi\u1ec7u Golden Farm &#8211; l\u00e0 m\u1ed9t trong nh\u1eefng th\u01b0\u01a1ng hi\u1ec7u c\u1ee7a Vi\u1ec7t Nam \u0111i ti\u00ean phong trong s\u1ea3n xu\u1ea5t c\u00e1c m\u1eb7t h\u00e0ng siro, m\u1ee9t, c\u00e1c lo\u1ea1i x\u1ed1t, t\u01b0\u01a1ng gi\u00e0u dinh d\u01b0\u1ee1ng, \u0111\u1ea3m b\u1ea3o v\u1ec7 sinh an to\u00e0n th\u1ef1c ph\u1ea9m, kh\u00f4ng ch\u1ee9a ch\u1ea5t \u0111\u1ed9c g\u00e2y h\u1ea1i cho s\u1ee9c kh\u1ecfe con ng\u01b0\u1eddi.\u00a0<\/span><span style=\"color: #242424;font-size: 12pt\">S\u1ea3n ph\u1ea9m \u0111\u01b0\u1ee3c s\u1ea3n xu\u1ea5t theo quy tr\u00ecnh c\u00f4ng ngh\u1ec7 hi\u1ec7n \u0111\u1ea1i, \u0111\u01b0\u1ee3c ki\u1ec3m duy\u1ec7t ch\u1eb7t ch\u1ebd, \u0111\u1ea3m b\u1ea3o ch\u1ea5t l\u01b0\u1ee3ng.<\/span><br style=\"color: #242424;font-size: 13px\" \/><span style=\"color: #242424;font-size: 12pt\">B\u01a1 h\u1ea1t ph\u1ec9 (Hazelnut) ca cao Golden farm 170gr d\u1ea1ng h\u0169, c\u00f3 n\u1eafp \u0111\u1eady ti\u1ec7n d\u1ee5ng, d\u1ec5 b\u1ea3o qu\u1ea3n v\u00e0 d\u00f9ng \u0111\u01b0\u1ee3c l\u00e2u. <\/span><\/p>\n<p><img decoding=\"async\" class=\"wp-image-24602 aligncenter\" src=\"https:\/\/havamall.vn\/wp-content\/uploads\/2019\/05\/242126390_-300x300.png\" alt=\"\" width=\"784\" height=\"784\" srcset=\"https:\/\/havamall.vn\/wp-content\/uploads\/2019\/05\/242126390_-300x300.png 300w, https:\/\/havamall.vn\/wp-content\/uploads\/2019\/05\/242126390_-430x430.png 430w, https:\/\/havamall.vn\/wp-content\/uploads\/2019\/05\/242126390_-150x150.png 150w, https:\/\/havamall.vn\/wp-content\/uploads\/2019\/05\/242126390_-700x700.png 700w, https:\/\/havamall.vn\/wp-content\/uploads\/2019\/05\/242126390_-768x768.png 768w, https:\/\/havamall.vn\/wp-content\/uploads\/2019\/05\/242126390_-1024x1024.png 1024w, https:\/\/havamall.vn\/wp-content\/uploads\/2019\/05\/242126390_-1200x1200.png 1200w, https:\/\/havamall.vn\/wp-content\/uploads\/2019\/05\/242126390_-600x600.png 600w, https:\/\/havamall.vn\/wp-content\/uploads\/2019\/05\/242126390_-100x100.png 100w, https:\/\/havamall.vn\/wp-content\/uploads\/2019\/05\/242126390_.png 2048w\" sizes=\"(max-width: 784px) 100vw, 784px\" \/><\/p>\n<p><span style=\"color: #242424;font-size: 12pt\">B\u1ea1n c\u0169ng c\u00f3 th\u1ec3 mang theo d\u1ec5 d\u00e0ng trong nh\u1eefng chuy\u1ebfn \u0111i ch\u01a1i, picnic \u0111\u1ec3 c\u00f9ng chia s\u1ebb v\u1edbi m\u1ecdi ng\u01b0\u1eddi hay d\u00e0nh l\u00e0m qu\u00e0 t\u1eb7ng cho b\u1ea1n b\u00e8, ng\u01b0\u1eddi th\u00e2n.<\/span><br style=\"color: #242424;font-size: 13px\" \/><span style=\"color: #242424;font-size: 12pt\">Ch\u1eafc ch\u1eafn s\u1ea3n ph\u1ea9m s\u1ebd mang \u0111\u1ebfn cho b\u1ea1n v\u00e0 ng\u01b0\u1eddi th\u00e2n h\u01b0\u01a1ng v\u1ecb m\u1edbi c\u1ee7a b\u1eefa \u0103n gia \u0111\u00ecnh v\u00e0 gi\u00fap ti\u1ebft ki\u1ec7m th\u1eddi gian n\u1ea5u n\u01b0\u1edbng cho ng\u01b0\u1eddi n\u1ed9i tr\u1ee3.\u200b<\/span><\/p>\n<p><img decoding=\"async\" class=\"wp-image-24603 aligncenter\" src=\"https:\/\/havamall.vn\/wp-content\/uploads\/2019\/05\/242352037_29-300x201.png\" alt=\"\" width=\"792\" height=\"531\" srcset=\"https:\/\/havamall.vn\/wp-content\/uploads\/2019\/05\/242352037_29-300x201.png 300w, https:\/\/havamall.vn\/wp-content\/uploads\/2019\/05\/242352037_29-430x288.png 430w, https:\/\/havamall.vn\/wp-content\/uploads\/2019\/05\/242352037_29-150x100.png 150w, https:\/\/havamall.vn\/wp-content\/uploads\/2019\/05\/242352037_29-700x469.png 700w, https:\/\/havamall.vn\/wp-content\/uploads\/2019\/05\/242352037_29-768x515.png 768w, https:\/\/havamall.vn\/wp-content\/uploads\/2019\/05\/242352037_29-1024x686.png 1024w, https:\/\/havamall.vn\/wp-content\/uploads\/2019\/05\/242352037_29-1200x804.png 1200w, https:\/\/havamall.vn\/wp-content\/uploads\/2019\/05\/242352037_29-600x402.png 600w, https:\/\/havamall.vn\/wp-content\/uploads\/2019\/05\/242352037_29.png 2048w\" sizes=\"(max-width: 792px) 100vw, 792px\" \/><\/p>","protected":false},"excerpt":{"rendered":"<p>B\u01a1 h\u1ea1t ph\u1ec9 (Hazelnut) ca cao Golden farm 170gr\u00a0l\u00e0 s\u1ef1 h\u00f2a quy\u1ec7n gi\u1eefa c\u00e1c h\u1ea1t ph\u1ec9 ch\u1ea5t l\u01b0\u1ee3ng \u0111\u01b0\u1ee3c ch\u1ecdn<\/p>","protected":false},"featured_media":24604,"comment_status":"open","ping_status":"closed","template":"","meta":[],"product_brand":[],"product_cat":[36,143],"product_tag":[],"class_list":{"0":"post-10819","1":"product","2":"type-product","3":"status-publish","4":"has-post-thumbnail","6":"product_cat-thuc-pham-tieu-dung","7":"product_cat-thuc-pham-dong-hop","8":"pa_brand-golden-farm","10":"first","11":"instock","12":"sale","13":"shipping-taxable","14":"purchasable","15":"product-type-simple"},"_links":{"self":[{"href":"https:\/\/havamall.vn\/en\/wp-json\/wp\/v2\/product\/10819"}],"collection":[{"href":"https:\/\/havamall.vn\/en\/wp-json\/wp\/v2\/product"}],"about":[{"href":"https:\/\/havamall.vn\/en\/wp-json\/wp\/v2\/types\/product"}],"replies":[{"embeddable":true,"href":"https:\/\/havamall.vn\/en\/wp-json\/wp\/v2\/comments?post=10819"}],"version-history":[{"count":0,"href":"https:\/\/havamall.vn\/en\/wp-json\/wp\/v2\/product\/10819\/revisions"}],"wp:featuredmedia":[{"embeddable":true,"href":"https:\/\/havamall.vn\/en\/wp-json\/wp\/v2\/media\/24604"}],"wp:attachment":[{"href":"https:\/\/havamall.vn\/en\/wp-json\/wp\/v2\/media?parent=10819"}],"wp:term":[{"taxonomy":"product_brand","embeddable":true,"href":"https:\/\/havamall.vn\/en\/wp-json\/wp\/v2\/product_brand?post=10819"},{"taxonomy":"product_cat","embeddable":true,"href":"https:\/\/havamall.vn\/en\/wp-json\/wp\/v2\/product_cat?post=10819"},{"taxonomy":"product_tag","embeddable":true,"href":"https:\/\/havamall.vn\/en\/wp-json\/wp\/v2\/product_tag?post=10819"}],"curies":[{"name":"wp","href":"https:\/\/api.w.org\/{rel}","templated":true}]}}