{"id":10809,"date":"2019-05-22T16:39:39","date_gmt":"2019-05-22T09:39:39","guid":{"rendered":"https:\/\/havamall.vn\/?post_type=product&#038;p=10809"},"modified":"2023-06-13T16:17:26","modified_gmt":"2023-06-13T09:17:26","slug":"bo-dau-phong-min-peanut-butter-creamy","status":"publish","type":"product","link":"https:\/\/havamall.vn\/en\/shop\/bo-dau-phong-min-peanut-butter-creamy\/","title":{"rendered":"B\u01a1 \u0110\u1eadu Ph\u1ed9ng M\u1ecbn 170g &#8211; Peanut Butter Creamy"},"content":{"rendered":"<p><span style=\"color: #333333;font-size: 12pt\">\u0110\u01b0\u1ee3c l\u00e0m t\u1eeb \u0111\u1eadu ph\u1ed9ng t\u1ef1 nhi\u00ean, \u0111\u01b0\u1eddng, mu\u1ed1i v\u00e0 d\u1ea7u th\u1ef1c v\u1eadt. S\u1ea3n ph\u1ea9m c\u00f3 v\u1ecb b\u00e9o ng\u1eady h\u00f2a v\u1edbi c\u00e1c lo\u1ea1i gia v\u1ecb t\u1ef1 nhi\u00ean kh\u00e1c t\u1ea1o n\u00ean h\u01b0\u01a1ng v\u1ecb \u0111\u1eb7c bi\u1ec7t th\u01a1m ngon.\u00a0<\/span>B\u01a1 \u0111\u1eadu ph\u1ed9ng khi d\u00f9ng qu\u00e9t l\u00ean b\u00e1nh m\u00ec, xay sinh t\u1ed1 s\u1ebd th\u00eam ph\u1ea7n h\u1ea5p d\u1eabn.<\/p>\n<p><img fetchpriority=\"high\" decoding=\"async\" class=\"wp-image-24606 aligncenter\" src=\"https:\/\/havamall.vn\/wp-content\/uploads\/2019\/05\/238655649-300x201.png\" alt=\"\" width=\"829\" height=\"555\" srcset=\"https:\/\/havamall.vn\/wp-content\/uploads\/2019\/05\/238655649-300x201.png 300w, https:\/\/havamall.vn\/wp-content\/uploads\/2019\/05\/238655649-430x288.png 430w, https:\/\/havamall.vn\/wp-content\/uploads\/2019\/05\/238655649-150x100.png 150w, https:\/\/havamall.vn\/wp-content\/uploads\/2019\/05\/238655649-700x469.png 700w, https:\/\/havamall.vn\/wp-content\/uploads\/2019\/05\/238655649-768x515.png 768w, https:\/\/havamall.vn\/wp-content\/uploads\/2019\/05\/238655649-1024x686.png 1024w, https:\/\/havamall.vn\/wp-content\/uploads\/2019\/05\/238655649-1200x804.png 1200w, https:\/\/havamall.vn\/wp-content\/uploads\/2019\/05\/238655649-600x402.png 600w, https:\/\/havamall.vn\/wp-content\/uploads\/2019\/05\/238655649.png 2048w\" sizes=\"(max-width: 829px) 100vw, 829px\" \/><\/p>\n<p>Th\u00e0nh ph\u1ea7n nguy\u00ean li\u1ec7u \u0111\u01b0\u1ee3c l\u1ef1a ch\u1ecdn k\u1ef9 l\u01b0\u1ee1ng, kh\u00f4ng ch\u1ee9a h\u00f3a ch\u1ea5t \u0111\u1ed9c h\u1ea1i, an to\u00e0n cho ng\u01b0\u1eddi d\u00f9ng. B\u01a1 \u0111\u1eadu ph\u1ed9ng m\u1ecbn Golden Farm \u0111\u01b0\u1ee3c s\u1ea3n xu\u1ea5t tr\u00ean quy tr\u00ecnh c\u00f4ng ngh\u1ec7 hi\u1ec7n \u0111\u1ea1i, \u0111\u01b0\u1ee3c ki\u1ec3m duy\u1ec7t ch\u1eb7t ch\u1ebd, \u0111\u1ea3m b\u1ea3o ch\u1ea5t l\u01b0\u1ee3ng.<\/p>\n<p><img decoding=\"async\" class=\"wp-image-10802 aligncenter\" src=\"https:\/\/havamall.vn\/wp-content\/uploads\/2019\/05\/7023000aecc948fe176e8390016b7b84.jpg\" alt=\"\" width=\"834\" height=\"556\" srcset=\"https:\/\/havamall.vn\/wp-content\/uploads\/2019\/05\/7023000aecc948fe176e8390016b7b84.jpg 846w, https:\/\/havamall.vn\/wp-content\/uploads\/2019\/05\/7023000aecc948fe176e8390016b7b84-430x287.jpg 430w, https:\/\/havamall.vn\/wp-content\/uploads\/2019\/05\/7023000aecc948fe176e8390016b7b84-150x100.jpg 150w, https:\/\/havamall.vn\/wp-content\/uploads\/2019\/05\/7023000aecc948fe176e8390016b7b84-700x467.jpg 700w\" sizes=\"(max-width: 834px) 100vw, 834px\" \/><\/p>\n<p>S\u1ea3n ph\u1ea9m d\u1ea1ng h\u0169, c\u00f3 n\u1eafp \u0111\u1eady ti\u1ec7n d\u1ee5ng, d\u1ec5 b\u1ea3o qu\u1ea3n v\u00e0 d\u00f9ng \u0111\u01b0\u1ee3c l\u00e2u. B\u1ea1n c\u0169ng c\u00f3 th\u1ec3 mang theo d\u1ec5 d\u00e0ng trong nh\u1eefng chuy\u1ebfn \u0111i ch\u01a1i, picnic \u0111\u1ec3 c\u00f9ng chia s\u1ebb v\u1edbi m\u1ecdi ng\u01b0\u1eddi hay d\u00e0nh l\u00e0m qu\u00e0 t\u1eb7ng cho b\u1ea1n b\u00e8, ng\u01b0\u1eddi th\u00e2n. Ch\u1eafc ch\u1eafn B\u01a1 \u0111\u1eadu ph\u1ed9ng m\u1ecbn Golden Farm s\u1ebd mang \u0111\u1ebfn cho b\u1ea1n v\u00e0 ng\u01b0\u1eddi th\u00e2n h\u01b0\u01a1ng v\u1ecb m\u1edbi c\u1ee7a b\u1eefa \u0103n gia \u0111\u00ecnh v\u00e0 gi\u00fap ti\u1ebft ki\u1ec7m th\u1eddi gian n\u1ea5u n\u01b0\u1edbng cho ng\u01b0\u1eddi n\u1ed9i tr\u1ee3.<\/p>\n<p>H\u01b0\u1edbng d\u1eabn s\u1eed d\u1ee5ng: D\u00f9ng v\u1edbi b\u00e1nh m\u00ec, l\u00e0m nh\u00e2n b\u00e1nh, xay sinh t\u1ed1 v\u00e0 c\u00e1c lo\u1ea1i n\u01b0\u1edbc ch\u1ea5m. S\u1ea3n ph\u1ea9m th\u00e0nh ph\u1ea7n ch\u1ee7 y\u1ebfu l\u00e0 \u0111\u1eadu ph\u1ed9ng nguy\u00ean ch\u1ea5t.<\/p>","protected":false},"excerpt":{"rendered":"<p>\u0110\u01b0\u1ee3c l\u00e0m t\u1eeb \u0111\u1eadu ph\u1ed9ng t\u1ef1 nhi\u00ean, \u0111\u01b0\u1eddng, mu\u1ed1i v\u00e0 d\u1ea7u th\u1ef1c v\u1eadt. S\u1ea3n ph\u1ea9m c\u00f3 v\u1ecb b\u00e9o ng\u1eady h\u00f2a<\/p>","protected":false},"featured_media":26632,"comment_status":"open","ping_status":"closed","template":"","meta":[],"product_brand":[],"product_cat":[36,143],"product_tag":[],"class_list":{"0":"post-10809","1":"product","2":"type-product","3":"status-publish","4":"has-post-thumbnail","6":"product_cat-thuc-pham-tieu-dung","7":"product_cat-thuc-pham-dong-hop","8":"pa_brand-golden-farm","10":"first","11":"instock","12":"sale","13":"shipping-taxable","14":"purchasable","15":"product-type-simple"},"_links":{"self":[{"href":"https:\/\/havamall.vn\/en\/wp-json\/wp\/v2\/product\/10809"}],"collection":[{"href":"https:\/\/havamall.vn\/en\/wp-json\/wp\/v2\/product"}],"about":[{"href":"https:\/\/havamall.vn\/en\/wp-json\/wp\/v2\/types\/product"}],"replies":[{"embeddable":true,"href":"https:\/\/havamall.vn\/en\/wp-json\/wp\/v2\/comments?post=10809"}],"version-history":[{"count":0,"href":"https:\/\/havamall.vn\/en\/wp-json\/wp\/v2\/product\/10809\/revisions"}],"wp:featuredmedia":[{"embeddable":true,"href":"https:\/\/havamall.vn\/en\/wp-json\/wp\/v2\/media\/26632"}],"wp:attachment":[{"href":"https:\/\/havamall.vn\/en\/wp-json\/wp\/v2\/media?parent=10809"}],"wp:term":[{"taxonomy":"product_brand","embeddable":true,"href":"https:\/\/havamall.vn\/en\/wp-json\/wp\/v2\/product_brand?post=10809"},{"taxonomy":"product_cat","embeddable":true,"href":"https:\/\/havamall.vn\/en\/wp-json\/wp\/v2\/product_cat?post=10809"},{"taxonomy":"product_tag","embeddable":true,"href":"https:\/\/havamall.vn\/en\/wp-json\/wp\/v2\/product_tag?post=10809"}],"curies":[{"name":"wp","href":"https:\/\/api.w.org\/{rel}","templated":true}]}}