{"id":10806,"date":"2019-05-22T16:41:59","date_gmt":"2019-05-22T09:41:59","guid":{"rendered":"https:\/\/havamall.vn\/?post_type=product&#038;p=10806"},"modified":"2021-03-03T15:41:03","modified_gmt":"2021-03-03T08:41:03","slug":"siro-duong-den-golden-fram-brown-sugar-syrup-700ml","status":"publish","type":"product","link":"https:\/\/havamall.vn\/en\/shop\/siro-duong-den-golden-fram-brown-sugar-syrup-700ml\/","title":{"rendered":"Siro \u0110\u01b0\u1eddng \u0110en Golden Fram &#8211; Brown Sugar Syrup 700ml"},"content":{"rendered":"<p>Siro \u0111\u01b0\u1eddng \u0111en \u0111\u01b0\u1ee3c nghi\u00ean c\u1ee9u v\u00e0 s\u1ea3n xu\u1ea5t b\u1edfi Golden Fram. V\u1edbi h\u01b0\u01a1ng th\u01a1m \u0111\u1eb7c tr\u01b0ng c\u1ee7a m\u00f3n \u0111\u01b0\u1eddng \u0111en m\u00e0 c\u00e1c lo\u1ea1i \u0111\u01b0\u1eddng b\u00ecnh th\u01b0\u1eddng kh\u00f4ng c\u00f3 ch\u1eafc ch\u1eafn s\u1ebd khi\u1ebfn kh\u00e1ch h\u00e0ng y\u00eau th\u00edch.<\/p>\n<p><img fetchpriority=\"high\" decoding=\"async\" class=\"wp-image-12440 aligncenter\" src=\"https:\/\/havamall.vn\/wp-content\/uploads\/2019\/05\/sua-tuoi-tran-chau-duong-den-451x400-1-300x266.jpg\" alt=\"\" width=\"606\" height=\"537\" srcset=\"https:\/\/havamall.vn\/wp-content\/uploads\/2019\/05\/sua-tuoi-tran-chau-duong-den-451x400-1-300x266.jpg 300w, https:\/\/havamall.vn\/wp-content\/uploads\/2019\/05\/sua-tuoi-tran-chau-duong-den-451x400-1-430x381.jpg 430w, https:\/\/havamall.vn\/wp-content\/uploads\/2019\/05\/sua-tuoi-tran-chau-duong-den-451x400-1-150x133.jpg 150w, https:\/\/havamall.vn\/wp-content\/uploads\/2019\/05\/sua-tuoi-tran-chau-duong-den-451x400-1.jpg 451w\" sizes=\"(max-width: 606px) 100vw, 606px\" \/><\/p>\n<p style=\"text-align: center\">( S\u1eefa T\u01b0\u01a1i Tr\u00e2n Ch\u00e2u \u0110\u01b0\u1eddng \u0110en \u0111\u01b0\u1ee3c ch\u1ebf bi\u1ebfn t\u1eeb Siro \u0110\u01b0\u1eddng \u0110en )<\/p>\n<p>\u0110\u01b0\u1ee3c s\u1ea3n xu\u1ea5t t\u1eeb c\u00e1c nguy\u00ean li\u1ec7u an to\u00e0n, tr\u00ean d\u00e2y truy\u1ec1n c\u00f4ng ngh\u1ec7 hi\u1ec7n \u0111\u1ea1i.\u00a0Siro \u0111\u01b0\u1eddng \u0111en l\u00e0 nguy\u00ean li\u1ec7u kh\u00f4ng th\u1ec3 thi\u1ebfu \u0111\u1ec3 pha ch\u1ebf c\u00e1c m\u00f3n \u0111\u1ed3 u\u1ed1ng, \u0111\u1eb7c bi\u1ec7t l\u00e0 S\u1eefa t\u01b0\u01a1i tr\u00e2n ch\u00e2u \u0111\u01b0\u1eddng \u0111en m\u00f3n \u0111ang HOT tr\u00ean th\u1ecb tr\u01b0\u1eddng hi\u1ec7n nay.<\/p>\n<p>&nbsp;<\/p>\n<p>\u0110\u01b0\u1eddng \u0111en \u0111\u01b0\u1ee3c l\u00e0m t\u1eeb m\u00eda n\u00ean r\u1ea5t gi\u00e0u vitamin B, b\u1ed5 sung n\u0103ng l\u01b0\u1ee3ng cho m\u1ed9t ng\u00e0y ho\u1ea1t \u0111\u1ed9ng.<\/p>\n<p><img decoding=\"async\" class=\"wp-image-12438 aligncenter\" src=\"https:\/\/havamall.vn\/wp-content\/uploads\/2019\/05\/tra-sua-3_18072019103515-300x188.jpg\" alt=\"\" width=\"605\" height=\"379\" srcset=\"https:\/\/havamall.vn\/wp-content\/uploads\/2019\/05\/tra-sua-3_18072019103515-300x188.jpg 300w, https:\/\/havamall.vn\/wp-content\/uploads\/2019\/05\/tra-sua-3_18072019103515-430x269.jpg 430w, https:\/\/havamall.vn\/wp-content\/uploads\/2019\/05\/tra-sua-3_18072019103515-150x94.jpg 150w, https:\/\/havamall.vn\/wp-content\/uploads\/2019\/05\/tra-sua-3_18072019103515-700x438.jpg 700w, https:\/\/havamall.vn\/wp-content\/uploads\/2019\/05\/tra-sua-3_18072019103515-768x480.jpg 768w, https:\/\/havamall.vn\/wp-content\/uploads\/2019\/05\/tra-sua-3_18072019103515-600x375.jpg 600w, https:\/\/havamall.vn\/wp-content\/uploads\/2019\/05\/tra-sua-3_18072019103515.jpg 800w\" sizes=\"(max-width: 605px) 100vw, 605px\" \/><\/p>\n<p><strong>Th\u00e0nh ph\u1ea7n<\/strong>: \u0110\u01b0\u1eddng c\u00e1t, \u0111\u01b0\u1eddng fructose, n\u01b0\u1edbc, h\u01b0\u01a1ng caramel t\u1ed5ng h\u1ee3p, ch\u1ea5t \u0111i\u1ec1u ch\u1ec9nh \u0111\u1ed9 acid (331(i)) v\u00e0 (452(i)), ch\u1ea5t l\u00e0m d\u1ea7y(466) ch\u1ea5t t\u1ea1o ng\u1ecdt t\u1ed5ng h\u01a1p( 951)<\/p>\n<p><strong>H\u01b0\u1edbng d\u1eabn s\u1eed d\u1ee5ng<\/strong>: D\u00f9ng \u0111\u1ec3 pha ch\u1ebf tr\u00e0 s\u1eefa v\u00e0 c\u00e1c lo\u1ea1i th\u1ee9c u\u1ed1ng gi\u1ea3i kh\u00e1t.<\/p>\n<p>&nbsp;<\/p>\n<p>&nbsp;<\/p>\n<p>&nbsp;<\/p>\n<p>&nbsp;<\/p>","protected":false},"excerpt":{"rendered":"<ul id=\"tb_1\" class=\"tab\">V\u1edbi t\u00ecnh tr\u1ea1ng \u0111\u01b0\u1eddng n\u00e2u H\u00e0n Qu\u1ed1c th\u01b0\u1eddng xuy\u00ean \u0111\u1ee9t h\u00e0ng th\u00ec Siro \u0111\u01b0\u1eddng \u0111en ch\u1eafc ch\u0103n s\u1ebd l\u00e0 s\u1ef1 thay th\u1ebf kh\u00f4ng th\u1ec3 tuy\u1ec7t v\u1eddi h\u01a1n.<\/ul>\n<p>&nbsp;<\/p>","protected":false},"featured_media":10816,"comment_status":"open","ping_status":"closed","template":"","meta":[],"product_brand":[],"product_cat":[36,135],"product_tag":[],"class_list":{"0":"post-10806","1":"product","2":"type-product","3":"status-publish","4":"has-post-thumbnail","6":"product_cat-thuc-pham-tieu-dung","7":"product_cat-sua-do-uong","8":"pa_brand-golden-farm","10":"first","11":"outofstock","12":"sale","13":"shipping-taxable","14":"purchasable","15":"product-type-simple"},"_links":{"self":[{"href":"https:\/\/havamall.vn\/en\/wp-json\/wp\/v2\/product\/10806"}],"collection":[{"href":"https:\/\/havamall.vn\/en\/wp-json\/wp\/v2\/product"}],"about":[{"href":"https:\/\/havamall.vn\/en\/wp-json\/wp\/v2\/types\/product"}],"replies":[{"embeddable":true,"href":"https:\/\/havamall.vn\/en\/wp-json\/wp\/v2\/comments?post=10806"}],"version-history":[{"count":0,"href":"https:\/\/havamall.vn\/en\/wp-json\/wp\/v2\/product\/10806\/revisions"}],"wp:featuredmedia":[{"embeddable":true,"href":"https:\/\/havamall.vn\/en\/wp-json\/wp\/v2\/media\/10816"}],"wp:attachment":[{"href":"https:\/\/havamall.vn\/en\/wp-json\/wp\/v2\/media?parent=10806"}],"wp:term":[{"taxonomy":"product_brand","embeddable":true,"href":"https:\/\/havamall.vn\/en\/wp-json\/wp\/v2\/product_brand?post=10806"},{"taxonomy":"product_cat","embeddable":true,"href":"https:\/\/havamall.vn\/en\/wp-json\/wp\/v2\/product_cat?post=10806"},{"taxonomy":"product_tag","embeddable":true,"href":"https:\/\/havamall.vn\/en\/wp-json\/wp\/v2\/product_tag?post=10806"}],"curies":[{"name":"wp","href":"https:\/\/api.w.org\/{rel}","templated":true}]}}