{"id":10791,"date":"2019-05-22T16:15:04","date_gmt":"2019-05-22T09:15:04","guid":{"rendered":"https:\/\/havamall.vn\/?post_type=product&#038;p=10791"},"modified":"2023-09-25T14:59:16","modified_gmt":"2023-09-25T07:59:16","slug":"mut-viet-quoc-blueberry-jam-30g","status":"publish","type":"product","link":"https:\/\/havamall.vn\/en\/shop\/mut-viet-quoc-blueberry-jam-30g\/","title":{"rendered":"M\u1ee9t Vi\u1ec7t Qu\u1ea5t Golden Farm &#8211; Blueberry Jam"},"content":{"rendered":"<p>L\u00e0 s\u1ea3n ph\u1ea9m\u00a0\u0111\u01b0\u1ee3c chi\u1ebft xu\u1ea5t t\u1eeb qu\u1ea3 vi\u1ec7t qu\u1ea5t t\u01b0\u01a1i m\u1ecdng, th\u01a1m ngon. S\u1ea3n ph\u1ea9m mang h\u01b0\u01a1ng v\u1ecb t\u1ef1 nhi\u00ean, kh\u00f4ng ch\u1ee9a ch\u1ea5t b\u1ea3o qu\u1ea3n, cung c\u1ea5p vitamin t\u1ed1t cho s\u1ee9c kh\u1ecfe. C\u00e1c ch\u1ea5t dinh d\u01b0\u1ee1ng c\u00f3 trong vi\u1ec7t qu\u1ea5t c\u00f3 t\u00e1c d\u1ee5ng \u1ee9c ch\u1ebf c\u00e1c t\u1ebf b\u00e0o ung th\u01b0, t\u0103ng c\u01b0\u1eddng tr\u00ed nh\u1edb, th\u1ecb l\u1ef1c, t\u1ed1t cho h\u1ec7 tim m\u1ea1ch, ti\u00eau h\u00f3a v\u00e0 r\u1ea5t nhi\u1ec1u l\u1ee3i \u00edch kh\u00e1c n\u1eefa.<\/p>\n<p><img fetchpriority=\"high\" decoding=\"async\" class=\"wp-image-10797 aligncenter\" src=\"https:\/\/havamall.vn\/wp-content\/uploads\/2019\/05\/4163fddc305012ec754c7e8fe7d6d359-1.jpg\" alt=\"\" width=\"748\" height=\"535\" srcset=\"https:\/\/havamall.vn\/wp-content\/uploads\/2019\/05\/4163fddc305012ec754c7e8fe7d6d359-1.jpg 789w, https:\/\/havamall.vn\/wp-content\/uploads\/2019\/05\/4163fddc305012ec754c7e8fe7d6d359-1-430x307.jpg 430w, https:\/\/havamall.vn\/wp-content\/uploads\/2019\/05\/4163fddc305012ec754c7e8fe7d6d359-1-150x107.jpg 150w, https:\/\/havamall.vn\/wp-content\/uploads\/2019\/05\/4163fddc305012ec754c7e8fe7d6d359-1-700x500.jpg 700w\" sizes=\"(max-width: 748px) 100vw, 748px\" \/><\/p>\n<p>M\u1ee9t th\u00edch h\u1ee3p l\u00e0\u00a0nguy\u00ean li\u1ec7u khi b\u1ea1n l\u00e0m b\u00e1nh kem, pha ch\u1ebf \u0111\u1ed3 u\u1ed1ng, n\u01b0\u1edbc gi\u1ea3i kh\u00e1t h\u00e0ng ng\u00e0y.\u00a0M\u1ee9t \u0111\u01b0\u1ee3c b\u1ea3o qu\u1ea3n\u00a0trong l\u1ecd th\u1ee7y tinh\u00a0c\u00f3 n\u1eafp k\u00edn, r\u1ea5t ti\u1ec7n l\u1ee3i cho vi\u1ec7c s\u1eed d\u1ee5ng v\u00e0 b\u1ea3o qu\u1ea3n.<\/p>\n<p><img decoding=\"async\" class=\"wp-image-10798 aligncenter\" src=\"https:\/\/havamall.vn\/wp-content\/uploads\/2019\/05\/Canned-Blueberry-Jam_exps133043_CW1996976D04_05_5bC_RMS-1.jpg\" alt=\"\" width=\"749\" height=\"749\" srcset=\"https:\/\/havamall.vn\/wp-content\/uploads\/2019\/05\/Canned-Blueberry-Jam_exps133043_CW1996976D04_05_5bC_RMS-1.jpg 1200w, https:\/\/havamall.vn\/wp-content\/uploads\/2019\/05\/Canned-Blueberry-Jam_exps133043_CW1996976D04_05_5bC_RMS-1-430x430.jpg 430w, https:\/\/havamall.vn\/wp-content\/uploads\/2019\/05\/Canned-Blueberry-Jam_exps133043_CW1996976D04_05_5bC_RMS-1-150x150.jpg 150w, https:\/\/havamall.vn\/wp-content\/uploads\/2019\/05\/Canned-Blueberry-Jam_exps133043_CW1996976D04_05_5bC_RMS-1-700x700.jpg 700w\" sizes=\"(max-width: 749px) 100vw, 749px\" \/><\/p>\n<p>S\u1ea3n ph\u1ea9m \u0111\u01b0\u1ee3c s\u1ea3n xu\u1ea5t tr\u00ean d\u00e2y chuy\u1ec1n c\u00f4ng ngh\u1ec7 hi\u1ec7n \u0111\u1ea1i, \u0111\u1ea3m b\u1ea3o \u0111\u1ea1t c\u00e1c ti\u00eau chu\u1ea9n an to\u00e0n v\u1ec7 sinh th\u1ef1c ph\u1ea9m v\u00e0 an to\u00e0n cho s\u1ee9c kh\u1ecfe c\u1ee7a ng\u01b0\u1eddi s\u1eed d\u1ee5ng<\/p>\n<p>&nbsp;<\/p>","protected":false},"excerpt":{"rendered":"<p>L\u00e0 s\u1ea3n ph\u1ea9m\u00a0\u0111\u01b0\u1ee3c chi\u1ebft xu\u1ea5t t\u1eeb qu\u1ea3 vi\u1ec7t qu\u1ea5t t\u01b0\u01a1i m\u1ecdng, th\u01a1m ngon. S\u1ea3n ph\u1ea9m mang h\u01b0\u01a1ng v\u1ecb t\u1ef1 nhi\u00ean,<\/p>","protected":false},"featured_media":20507,"comment_status":"open","ping_status":"closed","template":"","meta":[],"product_brand":[],"product_cat":[36,133],"product_tag":[],"class_list":{"0":"post-10791","1":"product","2":"type-product","3":"status-publish","4":"has-post-thumbnail","6":"product_cat-thuc-pham-tieu-dung","7":"product_cat-banh-keo-chocolate","8":"pa_brand-golden-farm","10":"first","11":"instock","12":"sale","13":"shipping-taxable","14":"purchasable","15":"product-type-variable","16":"has-default-attributes"},"_links":{"self":[{"href":"https:\/\/havamall.vn\/en\/wp-json\/wp\/v2\/product\/10791"}],"collection":[{"href":"https:\/\/havamall.vn\/en\/wp-json\/wp\/v2\/product"}],"about":[{"href":"https:\/\/havamall.vn\/en\/wp-json\/wp\/v2\/types\/product"}],"replies":[{"embeddable":true,"href":"https:\/\/havamall.vn\/en\/wp-json\/wp\/v2\/comments?post=10791"}],"version-history":[{"count":0,"href":"https:\/\/havamall.vn\/en\/wp-json\/wp\/v2\/product\/10791\/revisions"}],"wp:featuredmedia":[{"embeddable":true,"href":"https:\/\/havamall.vn\/en\/wp-json\/wp\/v2\/media\/20507"}],"wp:attachment":[{"href":"https:\/\/havamall.vn\/en\/wp-json\/wp\/v2\/media?parent=10791"}],"wp:term":[{"taxonomy":"product_brand","embeddable":true,"href":"https:\/\/havamall.vn\/en\/wp-json\/wp\/v2\/product_brand?post=10791"},{"taxonomy":"product_cat","embeddable":true,"href":"https:\/\/havamall.vn\/en\/wp-json\/wp\/v2\/product_cat?post=10791"},{"taxonomy":"product_tag","embeddable":true,"href":"https:\/\/havamall.vn\/en\/wp-json\/wp\/v2\/product_tag?post=10791"}],"curies":[{"name":"wp","href":"https:\/\/api.w.org\/{rel}","templated":true}]}}