{"id":10785,"date":"2019-05-27T15:43:57","date_gmt":"2019-05-27T08:43:57","guid":{"rendered":"https:\/\/havamall.vn\/?post_type=product&#038;p=10785"},"modified":"2023-09-25T14:56:29","modified_gmt":"2023-09-25T07:56:29","slug":"mut-phuc-bon-tu-rasberry-jam-30g","status":"publish","type":"product","link":"https:\/\/havamall.vn\/en\/shop\/mut-phuc-bon-tu-rasberry-jam-30g\/","title":{"rendered":"M\u1ee9t Ph\u00fac B\u1ed3n T\u1eed Golden Farm &#8211; Rasberry Jam"},"content":{"rendered":"<p>S\u1ea3n ph\u1ea9m\u00a0\u0111\u01b0\u1ee3c l\u00e0m t\u1eeb qu\u1ea3 ph\u00fac b\u1ed3n t\u1eed, \u0111\u01b0\u1eddng tr\u1eafng, \u0111\u01b0\u1eddng m\u00eda, pectin hoa qu\u1ea3\u2026\u00a0cho m\u00f3n b\u00e1nh m\u00ec bu\u1ed5i s\u00e1ng c\u1ee7a b\u1ea1n th\u00eam ngon mi\u1ec7ng, ly tr\u00e0 n\u00f3ng th\u00eam ph\u1ea7n l\u00f4i cu\u1ed1n. \u0110\u00e2y c\u00f2n l\u00e0 nguy\u00ean li\u1ec7u kh\u00f4ng th\u1ec3 thi\u1ebfu khi b\u1ea1n l\u00e0m b\u00e1nh kem, t\u1ea1o l\u1edbp m\u1ee9t gi\u1eefa c\u00e1c l\u1edbp c\u1ed1t b\u00e1nh \u0111\u1ec3 t\u1ea1o th\u00eam \u0111\u1ed9 ng\u1ecdt nh\u01b0ng l\u1ea1i gi\u00fap gi\u1ea3m v\u1ecb ng\u1ea5y c\u1ee7a l\u1edbp kem t\u01b0\u01a1i.<\/p>\n<p><img fetchpriority=\"high\" decoding=\"async\" class=\"wp-image-12191 aligncenter\" src=\"https:\/\/havamall.vn\/wp-content\/uploads\/2019\/05\/182030-182031-300x201.jpg\" alt=\"\" width=\"622\" height=\"417\" srcset=\"https:\/\/havamall.vn\/wp-content\/uploads\/2019\/05\/182030-182031-300x201.jpg 300w, https:\/\/havamall.vn\/wp-content\/uploads\/2019\/05\/182030-182031-430x288.jpg 430w, https:\/\/havamall.vn\/wp-content\/uploads\/2019\/05\/182030-182031-150x100.jpg 150w, https:\/\/havamall.vn\/wp-content\/uploads\/2019\/05\/182030-182031-600x401.jpg 600w, https:\/\/havamall.vn\/wp-content\/uploads\/2019\/05\/182030-182031.jpg 640w\" sizes=\"(max-width: 622px) 100vw, 622px\" \/><\/p>\n<p>B\u00ean c\u1ea1nh h\u01b0\u01a1ng v\u1ecb th\u01a1m ngon, s\u1ea3n ph\u1ea9m c\u00f2n gi\u00fap cung c\u1ea5p n\u0103ng l\u01b0\u1ee3ng, ch\u1ea5t b\u00e9o v\u00e0 m\u1ed9t s\u1ed1 vitamin c\u00f3 l\u1ee3i cho c\u01a1 th\u1ec3.<\/p>\n<p><img decoding=\"async\" class=\"size-full wp-image-10786 aligncenter\" src=\"https:\/\/havamall.vn\/wp-content\/uploads\/2019\/05\/91b92b7f58e1b387a29fbc4415f2935c.jpg\" alt=\"\" width=\"752\" height=\"564\" srcset=\"https:\/\/havamall.vn\/wp-content\/uploads\/2019\/05\/91b92b7f58e1b387a29fbc4415f2935c.jpg 752w, https:\/\/havamall.vn\/wp-content\/uploads\/2019\/05\/91b92b7f58e1b387a29fbc4415f2935c-430x323.jpg 430w, https:\/\/havamall.vn\/wp-content\/uploads\/2019\/05\/91b92b7f58e1b387a29fbc4415f2935c-150x113.jpg 150w, https:\/\/havamall.vn\/wp-content\/uploads\/2019\/05\/91b92b7f58e1b387a29fbc4415f2935c-700x525.jpg 700w\" sizes=\"(max-width: 752px) 100vw, 752px\" \/><\/p>\n<p>Thi\u1ebft k\u1ebf d\u1ea1ng l\u1ecd th\u1ee7y tinh c\u00f3 n\u1eafp \u0111\u1eady ti\u1ec7n d\u1ee5ng, b\u1ea1n s\u1ebd d\u1ec5 d\u00e0ng b\u1ea3o qu\u1ea3n m\u1ee9t ph\u00fac b\u1ed3n t\u1eed\u00a0v\u00e0 d\u00f9ng \u0111\u01b0\u1ee3c l\u00e2u hay mang theo trong nh\u1eefng chuy\u1ebfn \u0111i ch\u01a1i, picnic \u0111\u1ec3 c\u00f3 \u0111\u01b0\u1ee3c b\u1eefa \u0103n nhanh ngon mi\u1ec7ng m\u1ed9t c\u00e1ch nhanh ch\u00f3ng v\u00e0 ti\u1ec7n l\u1ee3i.<\/p>\n<p><img decoding=\"async\" class=\"size-full wp-image-10787 aligncenter\" src=\"https:\/\/havamall.vn\/wp-content\/uploads\/2019\/05\/8514ee6698b212f7b7eb4ce8d8c0c81d.jpg\" alt=\"\" width=\"500\" height=\"500\" srcset=\"https:\/\/havamall.vn\/wp-content\/uploads\/2019\/05\/8514ee6698b212f7b7eb4ce8d8c0c81d.jpg 500w, https:\/\/havamall.vn\/wp-content\/uploads\/2019\/05\/8514ee6698b212f7b7eb4ce8d8c0c81d-430x430.jpg 430w, https:\/\/havamall.vn\/wp-content\/uploads\/2019\/05\/8514ee6698b212f7b7eb4ce8d8c0c81d-150x150.jpg 150w\" sizes=\"(max-width: 500px) 100vw, 500px\" \/><\/p>\n<p>S\u1ea3n ph\u1ea9m \u0111\u01b0\u1ee3c \u0111\u1ef1ng trong l\u1ecd th\u1ee7y tinh n\u00ean r\u1ea5t d\u1ec5 d\u00e0ng s\u1eed d\u1ee5ng v\u00e0 b\u1ea3o qu\u1ea3n.<br \/>\nS\u1ea3n ph\u1ea9m \u0111\u01b0\u1ee3c s\u1ea3n xu\u1ea5t tr\u00ean d\u00e2y chuy\u1ec1n c\u00f4ng ngh\u1ec7 hi\u1ec7n \u0111\u1ea1i c\u1ee7a Golden Farm n\u00ean \u0111\u1ea3m b\u1ea3o v\u1ec7 sinh an to\u00e0n th\u1ef1c ph\u1ea9m.<\/p>","protected":false},"excerpt":{"rendered":"<p>S\u1ea3n ph\u1ea9m\u00a0\u0111\u01b0\u1ee3c l\u00e0m t\u1eeb qu\u1ea3 ph\u00fac b\u1ed3n t\u1eed, \u0111\u01b0\u1eddng tr\u1eafng, \u0111\u01b0\u1eddng m\u00eda, pectin hoa qu\u1ea3\u2026\u00a0cho m\u00f3n b\u00e1nh m\u00ec bu\u1ed5i s\u00e1ng<\/p>","protected":false},"featured_media":20505,"comment_status":"open","ping_status":"closed","template":"","meta":[],"product_brand":[],"product_cat":[36,133],"product_tag":[],"class_list":{"0":"post-10785","1":"product","2":"type-product","3":"status-publish","4":"has-post-thumbnail","6":"product_cat-thuc-pham-tieu-dung","7":"product_cat-banh-keo-chocolate","8":"pa_brand-golden-farm","10":"first","11":"instock","12":"sale","13":"shipping-taxable","14":"purchasable","15":"product-type-variable","16":"has-default-attributes"},"_links":{"self":[{"href":"https:\/\/havamall.vn\/en\/wp-json\/wp\/v2\/product\/10785"}],"collection":[{"href":"https:\/\/havamall.vn\/en\/wp-json\/wp\/v2\/product"}],"about":[{"href":"https:\/\/havamall.vn\/en\/wp-json\/wp\/v2\/types\/product"}],"replies":[{"embeddable":true,"href":"https:\/\/havamall.vn\/en\/wp-json\/wp\/v2\/comments?post=10785"}],"version-history":[{"count":0,"href":"https:\/\/havamall.vn\/en\/wp-json\/wp\/v2\/product\/10785\/revisions"}],"wp:featuredmedia":[{"embeddable":true,"href":"https:\/\/havamall.vn\/en\/wp-json\/wp\/v2\/media\/20505"}],"wp:attachment":[{"href":"https:\/\/havamall.vn\/en\/wp-json\/wp\/v2\/media?parent=10785"}],"wp:term":[{"taxonomy":"product_brand","embeddable":true,"href":"https:\/\/havamall.vn\/en\/wp-json\/wp\/v2\/product_brand?post=10785"},{"taxonomy":"product_cat","embeddable":true,"href":"https:\/\/havamall.vn\/en\/wp-json\/wp\/v2\/product_cat?post=10785"},{"taxonomy":"product_tag","embeddable":true,"href":"https:\/\/havamall.vn\/en\/wp-json\/wp\/v2\/product_tag?post=10785"}],"curies":[{"name":"wp","href":"https:\/\/api.w.org\/{rel}","templated":true}]}}